{"id":7372,"date":"2021-03-11T14:11:51","date_gmt":"2021-03-11T12:11:51","guid":{"rendered":"https:\/\/tintenwolf.mrkeks.net\/?page_id=7372"},"modified":"2021-04-14T21:57:40","modified_gmt":"2021-04-14T19:57:40","slug":"2021-03-18-soli-kundgebung-fuer-pablo-hasel-am-tag-der-politischen-gefangenen","status":"publish","type":"page","link":"https:\/\/tintenwolf.mrkeks.net\/es\/live-in-farbe\/2021-2\/2021-03-18-soli-kundgebung-fuer-pablo-hasel-am-tag-der-politischen-gefangenen\/","title":{"rendered":"2021-03-18: Soli-Kundgebung f\u00fcr Pablo Has\u00e9l am Tag der politischen Gefangenen"},"content":{"rendered":"<p><img loading=\"lazy\" decoding=\"async\" class=\"aligncenter size-full wp-image-7107\" src=\"https:\/\/tintenwolf.mrkeks.net\/wp-content\/uploads\/2021\/03\/kundgebung_pablo_hasel_plakat_web.jpg\" alt=\"\" width=\"567\" height=\"800\"><\/p>\n\n\n<ul class=\"wp-block-list\"><li><strong>wer?<\/strong><em> Tintenwolf &#038; <a rel=\"noreferrer noopener\" href=\"https:\/\/de-de.facebook.com\/ptkptk\/\" target=\"_blank\">PTK<\/a><\/em><\/li><li><strong>wann?<\/strong> <em>am 18. M\u00e4rz 2021, 18:00 Uhr<\/em><\/li><li><strong>wo?<\/strong> <em>vor dem Instituto Cervantes (Rosenstra\u00dfe 18, 10178 Berlin-Mitte)<\/em><\/li><\/ul>\n<ul><li><a rel=\"noreferrer noopener\" href=\"https:\/\/antifa-nordost.org\/11339\/18-maerz-kundgebung-freiheit-fuer-pablo-hasel\/\" target=\"_blank\">Ank\u00fcndigung<\/a> &#038; <a rel=\"noreferrer noopener\" href=\"https:\/\/antifa-nordost.org\/11389\/freiheit-fuer-pablo-hasel-bericht-fotos-redebeitraege-von-der-kundgebung-in-berlin\/\" target=\"_blank\">Auswertungstext<\/a> der NEA<\/li><\/ul>\n\n\n\n<figure class=\"wp-block-gallery columns-3 is-cropped wp-block-gallery-1 is-layout-flex wp-block-gallery-is-layout-flex\"><ul class=\"blocks-gallery-grid\"><li class=\"blocks-gallery-item\"><figure><a href=\"https:\/\/tintenwolf.mrkeks.net\/wp-content\/uploads\/2021\/04\/supersmall-0514-scaled.jpg\"  data-fancybox=\"gallery\" rel=\"group-7372\"><img loading=\"lazy\" decoding=\"async\" width=\"1024\" height=\"683\" src=\"https:\/\/tintenwolf.mrkeks.net\/wp-content\/uploads\/2021\/04\/supersmall-0514-1024x683.jpg\" alt=\"\" data-id=\"7388\" data-full-url=\"https:\/\/tintenwolf.mrkeks.net\/wp-content\/uploads\/2021\/04\/supersmall-0514-scaled.jpg\" data-link=\"https:\/\/tintenwolf.mrkeks.net\/supersmall-0514\/\" class=\"wp-image-7388\" srcset=\"https:\/\/tintenwolf.mrkeks.net\/wp-content\/uploads\/2021\/04\/supersmall-0514-1024x683.jpg 1024w, https:\/\/tintenwolf.mrkeks.net\/wp-content\/uploads\/2021\/04\/supersmall-0514-300x200.jpg 300w, https:\/\/tintenwolf.mrkeks.net\/wp-content\/uploads\/2021\/04\/supersmall-0514-768x512.jpg 768w, https:\/\/tintenwolf.mrkeks.net\/wp-content\/uploads\/2021\/04\/supersmall-0514-1536x1024.jpg 1536w, https:\/\/tintenwolf.mrkeks.net\/wp-content\/uploads\/2021\/04\/supersmall-0514-2048x1365.jpg 2048w\" sizes=\"auto, (max-width: 1024px) 100vw, 1024px\" \/><\/a><figcaption class=\"blocks-gallery-item__caption\">Foto von <a rel=\"noreferrer noopener\" href=\"https:\/\/e.pcloud.link\/publink\/show?code=EtjotalK\" target=\"_blank\">P.P.<\/a><\/figcaption><\/figure><\/li><li class=\"blocks-gallery-item\"><figure><a href=\"https:\/\/tintenwolf.mrkeks.net\/wp-content\/uploads\/2021\/04\/supersmall-0488-scaled.jpg\"  data-fancybox=\"gallery\" rel=\"group-7372\"><img loading=\"lazy\" decoding=\"async\" width=\"683\" height=\"1024\" src=\"https:\/\/tintenwolf.mrkeks.net\/wp-content\/uploads\/2021\/04\/supersmall-0488-683x1024.jpg\" alt=\"\" data-id=\"7387\" data-full-url=\"https:\/\/tintenwolf.mrkeks.net\/wp-content\/uploads\/2021\/04\/supersmall-0488-scaled.jpg\" data-link=\"https:\/\/tintenwolf.mrkeks.net\/supersmall-0488\/\" class=\"wp-image-7387\" srcset=\"https:\/\/tintenwolf.mrkeks.net\/wp-content\/uploads\/2021\/04\/supersmall-0488-683x1024.jpg 683w, https:\/\/tintenwolf.mrkeks.net\/wp-content\/uploads\/2021\/04\/supersmall-0488-200x300.jpg 200w, https:\/\/tintenwolf.mrkeks.net\/wp-content\/uploads\/2021\/04\/supersmall-0488-768x1152.jpg 768w, https:\/\/tintenwolf.mrkeks.net\/wp-content\/uploads\/2021\/04\/supersmall-0488-1024x1536.jpg 1024w, https:\/\/tintenwolf.mrkeks.net\/wp-content\/uploads\/2021\/04\/supersmall-0488-1365x2048.jpg 1365w, https:\/\/tintenwolf.mrkeks.net\/wp-content\/uploads\/2021\/04\/supersmall-0488-scaled.jpg 1706w\" sizes=\"auto, (max-width: 683px) 100vw, 683px\" \/><\/a><figcaption class=\"blocks-gallery-item__caption\">Foto von <a rel=\"noreferrer noopener\" href=\"https:\/\/e.pcloud.link\/publink\/show?code=EtjotalK\" target=\"_blank\">P.P.<\/a><\/figcaption><\/figure><\/li><li class=\"blocks-gallery-item\"><figure><a href=\"https:\/\/tintenwolf.mrkeks.net\/wp-content\/uploads\/2021\/04\/P1020236-scaled.jpg\"  data-fancybox=\"gallery\" rel=\"group-7372\"><img loading=\"lazy\" decoding=\"async\" width=\"1024\" height=\"768\" src=\"https:\/\/tintenwolf.mrkeks.net\/wp-content\/uploads\/2021\/04\/P1020236-1024x768.jpg\" alt=\"\" data-id=\"7386\" data-full-url=\"https:\/\/tintenwolf.mrkeks.net\/wp-content\/uploads\/2021\/04\/P1020236-scaled.jpg\" data-link=\"https:\/\/tintenwolf.mrkeks.net\/p1020236\/\" class=\"wp-image-7386\" srcset=\"https:\/\/tintenwolf.mrkeks.net\/wp-content\/uploads\/2021\/04\/P1020236-1024x768.jpg 1024w, https:\/\/tintenwolf.mrkeks.net\/wp-content\/uploads\/2021\/04\/P1020236-300x225.jpg 300w, https:\/\/tintenwolf.mrkeks.net\/wp-content\/uploads\/2021\/04\/P1020236-768x576.jpg 768w, https:\/\/tintenwolf.mrkeks.net\/wp-content\/uploads\/2021\/04\/P1020236-1536x1152.jpg 1536w, https:\/\/tintenwolf.mrkeks.net\/wp-content\/uploads\/2021\/04\/P1020236-2048x1536.jpg 2048w\" sizes=\"auto, (max-width: 1024px) 100vw, 1024px\" \/><\/a><\/figure><\/li><\/ul><\/figure>\n\n\n\n<p><a href=\"https:\/\/tintenwolf.mrkeks.net\/es\/live-in-farbe\/2021-2\/\">vuelta<\/a><\/p>\n<div class=\"twoclick_social_bookmarks_post_7372 social_share_privacy clearfix 1.6.4 locale-es_ES sprite-de_DE\"><\/div><div class=\"twoclick-js\"><script type=\"text\/javascript\">\/* <![CDATA[ *\/\njQuery(document).ready(function($){if($('.twoclick_social_bookmarks_post_7372')){$('.twoclick_social_bookmarks_post_7372').socialSharePrivacy({\"services\":{\"facebook\":{\"status\":\"on\",\"txt_info\":\"2 Klicks f\\u00fcr mehr Datenschutz: Erst wenn Sie hier klicken, wird der Button aktiv und Sie k\\u00f6nnen Ihre Empfehlung an Facebook senden. Schon beim Aktivieren werden Daten an Dritte \\u00fcbertragen - siehe <em>i<\\\/em>.\",\"perma_option\":\"off\",\"action\":\"recommend\",\"language\":\"de_DE\"},\"twitter\":{\"reply_to\":\"\",\"tweet_text\":\"%202021-03-18%3A%20Soli-Kundgebung%20f%C3%BCr%20Pablo%20Has%C3%A9l%20am%20Tag%20der%20politischen%20Gefangenen%20...\",\"status\":\"on\",\"txt_info\":\"2 Klicks f\\u00fcr mehr Datenschutz: Erst wenn Sie hier klicken, wird der Button aktiv und Sie k\\u00f6nnen Ihre Empfehlung an Twitter senden. Schon beim Aktivieren werden Daten an Dritte \\u00fcbertragen - siehe <em>i<\\\/em>.\",\"perma_option\":\"off\",\"language\":\"de\",\"referrer_track\":\"\"},\"gplus\":{\"status\":\"on\",\"txt_info\":\"2 Klicks f\\u00fcr mehr Datenschutz: Erst wenn Sie hier klicken, wird der Button aktiv und Sie k\\u00f6nnen Ihre Empfehlung an Google+ senden. Schon beim Aktivieren werden Daten an Dritte \\u00fcbertragen - siehe <em>i<\\\/em>.\",\"perma_option\":\"off\",\"referrer_track\":\"\"}},\"txt_help\":\"Wenn Sie diese Felder durch einen Klick aktivieren, werden Informationen an Facebook, Twitter, Flattr, Xing, t3n, LinkedIn, Pinterest oder Google eventuell ins Ausland \\u00fcbertragen und unter Umst\\u00e4nden auch dort gespeichert. N\\u00e4heres erfahren Sie durch einen Klick auf das <em>i<\\\/em>.\",\"settings_perma\":\"Dauerhaft aktivieren und Daten\\u00fcber-tragung zustimmen:\",\"info_link\":\"http:\\\/\\\/www.heise.de\\\/ct\\\/artikel\\\/2-Klicks-fuer-mehr-Datenschutz-1333879.html\",\"uri\":\"https:\\\/\\\/tintenwolf.mrkeks.net\\\/es\\\/live-in-farbe\\\/2021-2\\\/2021-03-18-soli-kundgebung-fuer-pablo-hasel-am-tag-der-politischen-gefangenen\\\/\",\"post_id\":7372,\"post_title_referrer_track\":\"2021-03-18%3A+Soli-Kundgebung+f%C3%BCr+Pablo+Has%C3%A9l+am+Tag+der+politischen+Gefangenen\",\"display_infobox\":\"off\"});}});\n\/* ]]> *\/<\/script><\/div>","protected":false},"excerpt":{"rendered":"<p>wer? Tintenwolf &#038; PTK wann? am 18. M\u00e4rz 2021, 18:00 Uhr wo? vor dem Instituto Cervantes (Rosenstra\u00dfe 18, 10178 Berlin-Mitte) Ank\u00fcndigung &#038; Auswertungstext der NEA<\/p>\n","protected":false},"author":3,"featured_media":0,"parent":7248,"menu_order":0,"comment_status":"closed","ping_status":"closed","template":"","meta":{"footnotes":""},"class_list":["post-7372","page","type-page","status-publish","hentry"],"_links":{"self":[{"href":"https:\/\/tintenwolf.mrkeks.net\/es\/wp-json\/wp\/v2\/pages\/7372","targetHints":{"allow":["GET"]}}],"collection":[{"href":"https:\/\/tintenwolf.mrkeks.net\/es\/wp-json\/wp\/v2\/pages"}],"about":[{"href":"https:\/\/tintenwolf.mrkeks.net\/es\/wp-json\/wp\/v2\/types\/page"}],"author":[{"embeddable":true,"href":"https:\/\/tintenwolf.mrkeks.net\/es\/wp-json\/wp\/v2\/users\/3"}],"replies":[{"embeddable":true,"href":"https:\/\/tintenwolf.mrkeks.net\/es\/wp-json\/wp\/v2\/comments?post=7372"}],"version-history":[{"count":10,"href":"https:\/\/tintenwolf.mrkeks.net\/es\/wp-json\/wp\/v2\/pages\/7372\/revisions"}],"predecessor-version":[{"id":7402,"href":"https:\/\/tintenwolf.mrkeks.net\/es\/wp-json\/wp\/v2\/pages\/7372\/revisions\/7402"}],"up":[{"embeddable":true,"href":"https:\/\/tintenwolf.mrkeks.net\/es\/wp-json\/wp\/v2\/pages\/7248"}],"wp:attachment":[{"href":"https:\/\/tintenwolf.mrkeks.net\/es\/wp-json\/wp\/v2\/media?parent=7372"}],"curies":[{"name":"wp","href":"https:\/\/api.w.org\/{rel}","templated":true}]}}