{"id":6576,"date":"2019-11-04T20:16:46","date_gmt":"2019-11-04T18:16:46","guid":{"rendered":"https:\/\/tintenwolf.mrkeks.net\/?page_id=6576"},"modified":"2024-10-21T20:34:19","modified_gmt":"2024-10-21T18:34:19","slug":"2019-eine-scheinwelt-namens-realitat","status":"publish","type":"page","link":"https:\/\/tintenwolf.mrkeks.net\/es\/konsumierbares\/2019-eine-scheinwelt-namens-realitat\/","title":{"rendered":"(2019) Eine Scheinwelt namens Realit\u00e4t"},"content":{"rendered":"<p>Meine zweite CD <a title=\"Record Release Party \u00bbEine Scheinwelt namens Realit\u00e4t\u00ab\" href=\"https:\/\/tintenwolf.mrkeks.net\/live-in-farbe\/2019-2\/2019-12-08-record-release-party\/\">erschien am 08.12.2019<\/a>. Der Kostenpunkt liegt bei zehn Euro. Hinzu kommen drei Euro f\u00fcr Verpackung und Versand. Die CD ist \u00fcber <a title=\"ab daf\u00fcr! records\" href=\"http:\/\/www.ab-dafuer-records.de\/\" target=\"_blank\" rel=\"noopener noreferrer\">ab daf\u00fcr! records<\/a> und <a title=\"Tintenwolf Records\" href=\"https:\/\/www.redheadmusic.de\/\" target=\"_blank\" rel=\"noopener noreferrer\">RedHeadMusic<\/a> erschienen.<\/p>\n<p><strong>Bei Interesse <a title=\"Kontakt\" href=\"https:\/\/tintenwolf.mrkeks.net\/kontakt\/\">schreibt mich einfach an<\/a>.<\/strong><\/p>\n<p><strong><a href=\"https:\/\/tintenwolf.mrkeks.net\/tag\/eine-scheinwelt-namens-realitaet\/\">Beitr\u00e4ge<\/a> zu diesem Album.<\/strong><\/p>\n<p>&nbsp;<br><a href=\"https:\/\/tintenwolf.mrkeks.net\/wp-content\/uploads\/2019\/11\/2019_scheinwelt_-_cd_cover_front.png\"  data-fancybox=\"gallery\" rel=\"group-6576\"><img loading=\"lazy\" decoding=\"async\" class=\"aligncenter size-medium wp-image-2200\" src=\"https:\/\/tintenwolf.mrkeks.net\/wp-content\/uploads\/2019\/11\/2019_scheinwelt_-_cd_cover_front-300x277.png\" alt=\"2019_scheinwelt_-_cd_cover_front\" width=\"300\" height=\"278\"><\/a><\/p>\n<p><strong>Tracks:<\/strong><\/p>\n<p>01. Scheinwelt <a href=\"https:\/\/tintenwolf.mrkeks.net\/scheinwelt\/\" title=\"Scheinwelt\">\u279a<\/a><br>\n02. Yo sue\u00f1o <em>(<a href=\"https:\/\/tintenwolf.mrkeks.net\/downloads\/vertonte-gedichte\/#Tobias_Thiele\" data-wplink-url-error=\"true\">mit Tobias Thiele<\/a>)<\/em> <a href=\"https:\/\/tintenwolf.mrkeks.net\/yo-sueno\/\" title=\"Yo sue\u00f1o\">\u279a<\/a><br>\n03. Der Kampf geht weiter! <em>(<a href=\"https:\/\/tintenwolf.mrkeks.net\/downloads\/vertonte-gedichte\/#Albino\" data-wplink-url-error=\"true\">mit Albino<\/a>)<\/em> <a href=\"https:\/\/tintenwolf.mrkeks.net\/an-ulrikes-grab\/\" title=\"An Ulrikes Grab\">\u279a<\/a><br>\n04. Ihr blickt euch an <em>(<a href=\"https:\/\/tintenwolf.mrkeks.net\/downloads\/vertonte-gedichte\/#Zargenbruch\" data-wplink-url-error=\"true\">mit Zargenbruch<\/a>)<\/em> <a href=\"https:\/\/tintenwolf.mrkeks.net\/ihr-blickt-euch-an\/\" title=\"Ihr blickt euch an\">\u279a<\/a><br>\n05. Carah Mondtanz <em>(<a href=\"https:\/\/tintenwolf.mrkeks.net\/downloads\/vertonte-gedichte\/#Fio\" data-wplink-url-error=\"true\">mit Fio<\/a>)<\/em> <a href=\"https:\/\/tintenwolf.mrkeks.net\/carah-mondtanz-gedicht\/\" title=\"Carah Mondtanz\">\u279a<\/a><br>\n06. Wilder Vogel <em>(<a href=\"https:\/\/tintenwolf.mrkeks.net\/downloads\/vertonte-gedichte\/#Harlekin_Fitch\" data-wplink-url-error=\"true\">mit Harlekin &amp; Wildvogel-Laienchor<\/a>)<\/em> <a href=\"https:\/\/tintenwolf.mrkeks.net\/wilder-vogel-gedicht\/\" title=\"Wilder Vogel\">\u279a<\/a><br>\n07. Un poder enemigo <em>(<a href=\"https:\/\/tintenwolf.mrkeks.net\/downloads\/vertonte-gedichte\/#Andi\" data-wplink-url-error=\"true\">mit Andi Luis Ferrer Pedroso<\/a>)<\/em> <a href=\"https:\/\/tintenwolf.mrkeks.net\/un-poder-enemigo\/\" title=\"Un poder enemigo\">\u279a<\/a><br>\n08. A red block in a cold time <em>(<a href=\"https:\/\/tintenwolf.mrkeks.net\/downloads\/vertonte-gedichte\/#Wayne_Lost_Soul\" data-wplink-url-error=\"true\">mit Wayne Lost Soul<\/a>)<\/em> <a href=\"https:\/\/tintenwolf.mrkeks.net\/a-red-block-in-a-cold-time\/\" title=\"A red block in a cold time\">\u279a<\/a><br>\n09. Die Wagenburg <em>(<a href=\"https:\/\/tintenwolf.mrkeks.net\/downloads\/vertonte-gedichte\/#Klaus_der_Geiger\" data-wplink-url-error=\"true\">mit Klaus der Geiger<\/a>)<\/em> <a href=\"https:\/\/tintenwolf.mrkeks.net\/die-wagenburg\/\" title=\"Die Wagenburg\">\u279a<\/a><br>\n10. Rabenflug <em>(<a href=\"https:\/\/tintenwolf.mrkeks.net\/downloads\/vertonte-gedichte\/#DerEinsameWallborn\" data-wplink-url-error=\"true\">mit Der Einsame Wallborn<\/a>)<\/em> <a href=\"https:\/\/tintenwolf.mrkeks.net\/rabenflug\/\" title=\"Rabenflug\">\u279a<\/a><br>\n11. F\u00fcr die Mondg\u00f6ttin (Version 2) <em>(<a href=\"https:\/\/tintenwolf.mrkeks.net\/downloads\/vertonte-gedichte\/#Shei\" data-wplink-url-error=\"true\">mit Shei &amp; Tobias Thiele<\/a>)<\/em> <a href=\"https:\/\/tintenwolf.mrkeks.net\/fur-die-mondgottin-version-2\/\" title=\"F\u00fcr die Mondg\u00f6ttin (Version 2)\">\u279a<\/a><br>\n12. \u00d6dland <em>(<a href=\"https:\/\/tintenwolf.mrkeks.net\/downloads\/vertonte-gedichte\/#Genez\" data-wplink-url-error=\"true\">mit Genez<\/a>)<\/em> <a href=\"https:\/\/tintenwolf.mrkeks.net\/oedland\/\" title=\"\u00d6dland\">\u279a<\/a><br>\n13. Der Hoffnung Keim <em>(<a href=\"https:\/\/tintenwolf.mrkeks.net\/downloads\/vertonte-gedichte\/#Disaster\" data-wplink-url-error=\"true\">mit der Noisy Nuke Combo<\/a>)<\/em> <a href=\"https:\/\/tintenwolf.mrkeks.net\/der-hoffnung-keim\/\" title=\"Der Hoffnung Keim\">\u279a<\/a><br>\n14. F\u00fcr den Krieg niemals! (<em><a href=\"https:\/\/tintenwolf.mrkeks.net\/downloads\/vertonte-gedichte\/#Hisztory\" data-wplink-url-error=\"true\">mit Hisztory, Weekend Chicken Supervisor, Max Liebers &amp; Fio<\/a><\/em>) <a href=\"https:\/\/tintenwolf.mrkeks.net\/fuer-den-krieg-niemals\/\" title=\"F\u00fcr den Krieg niemals!\">\u279a<\/a><br>\n15. Deutsche Tradition <em>(<a href=\"https:\/\/tintenwolf.mrkeks.net\/downloads\/vertonte-gedichte\/#Franzi_Graube\" data-wplink-url-error=\"true\">mit Franzi Graube-K\u00fchne<\/a>)<\/em> <a href=\"https:\/\/tintenwolf.mrkeks.net\/deutsche-tradition\/\" title=\"Deutsche Tradition\">\u279a<\/a><br>\n16. Wir st\u00f6ren gern! <em>(<a href=\"https:\/\/tintenwolf.mrkeks.net\/downloads\/vertonte-gedichte\/#Klaus_der_Geiger\" data-wplink-url-error=\"true\">mit Klaus der Geiger<\/a>)<\/em> <a href=\"https:\/\/tintenwolf.mrkeks.net\/wir-stoeren-gern-gedicht\/\" title=\"Wir st\u00f6ren gern!\">\u279a<\/a><br>\n17. Port Kunterbunt <em>(<a href=\"https:\/\/tintenwolf.mrkeks.net\/downloads\/vertonte-gedichte\/#Yok_Quetschenpaua\" data-wplink-url-error=\"true\">mit Yok Quetschenpaua &amp; Degordarak dal Randjasiz<\/a>)<\/em> <a href=\"https:\/\/tintenwolf.mrkeks.net\/port-kunterbunt\/\" title=\"Port Kunterbunt\">\u279a<\/a><br>\n18. Abya Yala <em>(<a href=\"https:\/\/tintenwolf.mrkeks.net\/downloads\/vertonte-gedichte\/#Patsy_Stone\" data-wplink-url-error=\"true\">mit Patsy Stone<\/a>)<\/em> <a href=\"https:\/\/tintenwolf.mrkeks.net\/abya-yala\/\" title=\"Abya Yala\">\u279a<\/a><br>\n19. Alternativas <em>(<a href=\"https:\/\/tintenwolf.mrkeks.net\/downloads\/vertonte-gedichte\/#Andi\" data-wplink-url-error=\"true\">mit Andi Luis Ferrer Pedroso<\/a>)<\/em> <a href=\"https:\/\/tintenwolf.mrkeks.net\/alternativas\/\" title=\"Alternativas\">\u279a<\/a><br>\n20. Euskadi <em>(<a href=\"https:\/\/tintenwolf.mrkeks.net\/downloads\/vertonte-gedichte\/#Tobias_Thiele\" data-wplink-url-error=\"true\">mit Tobias Thiele<\/a>)<\/em> <a href=\"https:\/\/tintenwolf.mrkeks.net\/euskadi\/\" title=\"Euskadi\">\u279a<\/a><br>\n21. Der Kahn <em>(<a href=\"https:\/\/tintenwolf.mrkeks.net\/downloads\/vertonte-gedichte\/#Fari\" data-wplink-url-error=\"true\">mit Fari<\/a>)<\/em> <a href=\"https:\/\/tintenwolf.mrkeks.net\/der-kahn\/\" title=\"Der Kahn\">\u279a<\/a><br>\n22. F\u00fcr die Mondg\u00f6ttin (Version 1) <em>(<a href=\"https:\/\/tintenwolf.mrkeks.net\/downloads\/vertonte-gedichte\/#anderersaits\" data-wplink-url-error=\"true\">mit anderersaits<\/a>)<\/em> <a href=\"https:\/\/tintenwolf.mrkeks.net\/fur-die-mondgottin-version-1\/\" title=\"F\u00fcr die Mondg\u00f6ttin (Version 1)\">\u279a<\/a><br>\n23. Hoffnung <em>(<a href=\"https:\/\/tintenwolf.mrkeks.net\/downloads\/vertonte-gedichte\/#Albino\" data-wplink-url-error=\"true\">mit Albino<\/a>)<\/em> <a href=\"https:\/\/tintenwolf.mrkeks.net\/schliess-deine-augen\/\" title=\"Hoffnung\">\u279a<\/a><\/p>\n<p><strong>Anmerkung:<\/strong> Die vertonten Gedichte unter <a title=\"CC BY-NC-ND 3.0 DE\" href=\"http:\/\/creativecommons.org\/licenses\/by-nc-nd\/3.0\/de\/\" target=\"_blank\" rel=\"noopener noreferrer\">Creative Commons CC BY-NC-ND Lizenz<\/a> k\u00f6nnen <a title=\"Vertonte Gedichte\" href=\"https:\/\/tintenwolf.mrkeks.net\/vertonte-gedichte\/\"><strong>hier<\/strong> <img loading=\"lazy\" decoding=\"async\" class=\"alignnone size-thumbnail wp-image-2200\" src=\"https:\/\/tintenwolf.mrkeks.net\/wp-content\/uploads\/2019\/11\/2019_scheinwelt_-_cd_cover_front-150x150.png\" alt=\"2019_scheinwelt_-_cd_cover_front\" width=\"15\" height=\"15\"><\/a> heruntergeladen werden.<\/p>\n<p><\/p>\n<p><a href=\"https:\/\/www.redheadmusic.de\/\" target=\"_blank\" rel=\"noopener noreferrer\"><img loading=\"lazy\" decoding=\"async\" class=\"aligncenter size-full wp-image-3453\" src=\"https:\/\/tintenwolf.mrkeks.net\/wp-content\/uploads\/2019\/11\/rhm.jpeg\" width=\"170\" height=\"42\"><\/a>&nbsp;&nbsp;&nbsp;<a href=\"http:\/\/www.ab-dafuer-records.de\/\" target=\"_blank\" rel=\"noopener noreferrer\"><img loading=\"lazy\" decoding=\"async\" class=\"aligncenter size-full wp-image-3453\" src=\"https:\/\/tintenwolf.mrkeks.net\/wp-content\/uploads\/2014\/07\/abdafuerrb.png\" width=\"116\" height=\"42\"><\/a><\/p>\n<p><a title=\"zur\u00fcck\" href=\"https:\/\/tintenwolf.mrkeks.net\/konsumierbares\/\">zur\u00fcck<\/a><\/p>\n\n\n<p><\/p>\n<div class=\"twoclick_social_bookmarks_post_6576 social_share_privacy clearfix 1.6.4 locale-es_ES sprite-de_DE\"><\/div><div class=\"twoclick-js\"><script type=\"text\/javascript\">\/* <![CDATA[ *\/\njQuery(document).ready(function($){if($('.twoclick_social_bookmarks_post_6576')){$('.twoclick_social_bookmarks_post_6576').socialSharePrivacy({\"services\":{\"facebook\":{\"status\":\"on\",\"txt_info\":\"2 Klicks f\\u00fcr mehr Datenschutz: Erst wenn Sie hier klicken, wird der Button aktiv und Sie k\\u00f6nnen Ihre Empfehlung an Facebook senden. Schon beim Aktivieren werden Daten an Dritte \\u00fcbertragen - siehe <em>i<\\\/em>.\",\"perma_option\":\"off\",\"action\":\"recommend\",\"language\":\"de_DE\"},\"twitter\":{\"reply_to\":\"\",\"tweet_text\":\"%282019%29%20Eine%20Scheinwelt%20namens%20Realit%C3%A4t%20%C2%BB%20Tintenwolf\",\"status\":\"on\",\"txt_info\":\"2 Klicks f\\u00fcr mehr Datenschutz: Erst wenn Sie hier klicken, wird der Button aktiv und Sie k\\u00f6nnen Ihre Empfehlung an Twitter senden. Schon beim Aktivieren werden Daten an Dritte \\u00fcbertragen - siehe <em>i<\\\/em>.\",\"perma_option\":\"off\",\"language\":\"de\",\"referrer_track\":\"\"},\"gplus\":{\"status\":\"on\",\"txt_info\":\"2 Klicks f\\u00fcr mehr Datenschutz: Erst wenn Sie hier klicken, wird der Button aktiv und Sie k\\u00f6nnen Ihre Empfehlung an Google+ senden. Schon beim Aktivieren werden Daten an Dritte \\u00fcbertragen - siehe <em>i<\\\/em>.\",\"perma_option\":\"off\",\"referrer_track\":\"\"}},\"txt_help\":\"Wenn Sie diese Felder durch einen Klick aktivieren, werden Informationen an Facebook, Twitter, Flattr, Xing, t3n, LinkedIn, Pinterest oder Google eventuell ins Ausland \\u00fcbertragen und unter Umst\\u00e4nden auch dort gespeichert. N\\u00e4heres erfahren Sie durch einen Klick auf das <em>i<\\\/em>.\",\"settings_perma\":\"Dauerhaft aktivieren und Daten\\u00fcber-tragung zustimmen:\",\"info_link\":\"http:\\\/\\\/www.heise.de\\\/ct\\\/artikel\\\/2-Klicks-fuer-mehr-Datenschutz-1333879.html\",\"uri\":\"https:\\\/\\\/tintenwolf.mrkeks.net\\\/es\\\/konsumierbares\\\/2019-eine-scheinwelt-namens-realitat\\\/\",\"post_id\":6576,\"post_title_referrer_track\":\"%282019%29+Eine+Scheinwelt+namens+Realit%C3%A4t\",\"display_infobox\":\"off\"});}});\n\/* ]]> *\/<\/script><\/div>","protected":false},"excerpt":{"rendered":"<p>Meine zweite CD erschien am 08.12.2019. Der Kostenpunkt liegt bei zehn Euro. Hinzu kommen drei Euro f\u00fcr Verpackung und Versand. Die CD ist \u00fcber ab daf\u00fcr! records und RedHeadMusic erschienen.<\/p>\n","protected":false},"author":3,"featured_media":0,"parent":1425,"menu_order":0,"comment_status":"closed","ping_status":"closed","template":"","meta":{"footnotes":""},"class_list":["post-6576","page","type-page","status-publish","hentry"],"_links":{"self":[{"href":"https:\/\/tintenwolf.mrkeks.net\/es\/wp-json\/wp\/v2\/pages\/6576","targetHints":{"allow":["GET"]}}],"collection":[{"href":"https:\/\/tintenwolf.mrkeks.net\/es\/wp-json\/wp\/v2\/pages"}],"about":[{"href":"https:\/\/tintenwolf.mrkeks.net\/es\/wp-json\/wp\/v2\/types\/page"}],"author":[{"embeddable":true,"href":"https:\/\/tintenwolf.mrkeks.net\/es\/wp-json\/wp\/v2\/users\/3"}],"replies":[{"embeddable":true,"href":"https:\/\/tintenwolf.mrkeks.net\/es\/wp-json\/wp\/v2\/comments?post=6576"}],"version-history":[{"count":12,"href":"https:\/\/tintenwolf.mrkeks.net\/es\/wp-json\/wp\/v2\/pages\/6576\/revisions"}],"predecessor-version":[{"id":8124,"href":"https:\/\/tintenwolf.mrkeks.net\/es\/wp-json\/wp\/v2\/pages\/6576\/revisions\/8124"}],"up":[{"embeddable":true,"href":"https:\/\/tintenwolf.mrkeks.net\/es\/wp-json\/wp\/v2\/pages\/1425"}],"wp:attachment":[{"href":"https:\/\/tintenwolf.mrkeks.net\/es\/wp-json\/wp\/v2\/media?parent=6576"}],"curies":[{"name":"wp","href":"https:\/\/api.w.org\/{rel}","templated":true}]}}