{"id":6367,"date":"2019-07-08T16:20:11","date_gmt":"2019-07-08T14:20:11","guid":{"rendered":"https:\/\/tintenwolf.mrkeks.net\/?page_id=6367"},"modified":"2019-07-08T16:24:05","modified_gmt":"2019-07-08T14:24:05","slug":"der-libertare-kommunalismus-marxismus-oder-utopischer-sozialismus","status":"publish","type":"page","link":"https:\/\/tintenwolf.mrkeks.net\/satex\/der-libertare-kommunalismus-marxismus-oder-utopischer-sozialismus\/","title":{"rendered":"Der libert\u00e4re Kommunalismus. Marxismus oder utopischer Sozialismus?"},"content":{"rendered":"<p align=\"justify\"><span style=\"font-family: Times New Roman,serif;\"><span style=\"font-size: medium;\">Seit der Zeit der Ersten Internationale gibt es innerhalb der verschiedenen sozialistischen Str\u00f6mungen Differenzen \u00fcber deren Konzeptionen. Je nach Denkrichtung wird von anarchistischer Seite in libert\u00e4re und autorit\u00e4re Sozialist*innen und von marxistischer Seite in wissenschaftliche, marxistische sowie unwissenschaftliche, utopische Sozialist*innen unterschieden. Mit verschiedenen historischen Ereignissen spaltete sich das Spektrum marxistischer und anarchistischer Bewegungen weiter. Aus anfangs machtvollen Bewegungen wurden in diesem Prozess viele kleine, oft unbedeutende Gruppen. Nur an wenigen Orten gelang es sozialistischen Organisationen ihre bedeutende Position so zu halten wie auf Kuba, was sicher auch an der durch die Kommunistische Partei Kubas viel beschworenen Einheit liegt.<\/span><\/span><\/p>\n<p>Doch nicht jedes neu aufkommende Konzept zu einer Revolutionstheorie hat automatisch einen sektiererischen Charakter. Der Libert\u00e4re Kommunalismus von Murray Bookchin und Janet Biehl scheint vers\u00f6hnlicheren Charakter zu haben. So hat Bookchin einen marxistischen Hintergrund, n\u00e4herte sich aber auch immer wieder anarchistischen Konzepten an. Seit dem Beginn der 2000er Jahre gibt es von Seiten der kurdischen Freiheitsbewegung um Abdullah \u00d6calan mit dem Demokratischen Konf\u00f6deralismus zudem einen praktischen Bezug auf den Libert\u00e4ren Kommunalismus. Es scheint somit interessant, sich genauer mit diesem zu befassen. Da eine N\u00e4he zum Anarchosyndikalismus trotz einiger Differenzen offensichtlich ist, ist es spannender, ihn aus marxistischer Sicht zu untersuchen. Wenn die Frage gestellt wird, ob es sich beim Libert\u00e4ren Kommunalismus um Marxismus oder utopischen Sozialismus handelt, scheint dies durch einen ersten Blick auf Signalw\u00f6rter wie libert\u00e4r und den Blick auf eben jene N\u00e4he zum Anarchosyndikalismus schnell beantwortet. Doch soll dies mit einem Blick auf die zwei Grundprinzipien des Marxismus \u2013 die dialektische Methode und das materialistische System \u2013 genauer untersucht werden. So sind es doch diese beiden Prinzipien, die laut Karl Marx und Friedrich Engels den wissenschaftlichen vom utopischen Sozialismus unterscheiden.<\/p>\n<p>Zuerst einmal soll jedoch die Konzeption des Libert\u00e4ren Kommunalismus erkl\u00e4rt werden. Anschlie\u00dfend gilt es mit Murray Bookchin, Janet Biehl und Abdullah \u00d6calan die drei bedeutendsten Philosoph*innen hinter dieser Konzeption zu portr\u00e4tieren. Zum Schluss soll dann unter einer kurzen Erl\u00e4uterung der Prinzipien der Dialektik und des Materialismus gekl\u00e4rt werden, wie der Libert\u00e4re Kommunalismus aus marxistischer Sicht eingeordnet werden kann.<\/p>\n<p><span style=\"font-family: Liberation Sans,sans-serif;\"><span style=\"font-size: medium;\"><b>weiterlesen:<\/b><br \/>\n<a href=\"https:\/\/tintenwolf.mrkeks.net\/wp-content\/uploads\/2019\/03\/Der_libertaere_Kommunalismus.pdf\">Wolfstatze, Meas: Der libert\u00e4re Kommunalismus. Marxismus oder utopischer Sozialismus?; Havanna 2019.<\/a><\/span><\/span><\/p>\n<p><a href=\"https:\/\/tintenwolf.mrkeks.net\/es\/satex\/\">vuelta<\/a><\/p>\n<p><span style=\"font-size: 8pt;\"><a href=\"http:\/\/creativecommons.org\/licenses\/by-nc-nd\/3.0\/de\/\" target=\"_blank\" rel=\"noopener noreferrer\">Creative Commons CC BY-NC-ND<\/a> by Meas Wolfstatze<\/span><\/p>\n<div class=\"twoclick_social_bookmarks_post_6367 social_share_privacy clearfix 1.6.4 locale-es_ES sprite-de_DE\"><\/div><div class=\"twoclick-js\"><script type=\"text\/javascript\">\/* <![CDATA[ *\/\njQuery(document).ready(function($){if($('.twoclick_social_bookmarks_post_6367')){$('.twoclick_social_bookmarks_post_6367').socialSharePrivacy({\"services\":{\"facebook\":{\"status\":\"on\",\"txt_info\":\"2 Klicks f\\u00fcr mehr Datenschutz: Erst wenn Sie hier klicken, wird der Button aktiv und Sie k\\u00f6nnen Ihre Empfehlung an Facebook senden. Schon beim Aktivieren werden Daten an Dritte \\u00fcbertragen - siehe <em>i<\\\/em>.\",\"perma_option\":\"off\",\"action\":\"recommend\",\"language\":\"de_DE\"},\"twitter\":{\"reply_to\":\"\",\"tweet_text\":\"Der%20libert%C3%A4re%20Kommunalismus.%20Marxismus%20oder%20utopischer%20Sozialismus%3F%20%C2%BB%20Tintenwolf\",\"status\":\"on\",\"txt_info\":\"2 Klicks f\\u00fcr mehr Datenschutz: Erst wenn Sie hier klicken, wird der Button aktiv und Sie k\\u00f6nnen Ihre Empfehlung an Twitter senden. Schon beim Aktivieren werden Daten an Dritte \\u00fcbertragen - siehe <em>i<\\\/em>.\",\"perma_option\":\"off\",\"language\":\"de\",\"referrer_track\":\"\"},\"gplus\":{\"status\":\"on\",\"txt_info\":\"2 Klicks f\\u00fcr mehr Datenschutz: Erst wenn Sie hier klicken, wird der Button aktiv und Sie k\\u00f6nnen Ihre Empfehlung an Google+ senden. Schon beim Aktivieren werden Daten an Dritte \\u00fcbertragen - siehe <em>i<\\\/em>.\",\"perma_option\":\"off\",\"referrer_track\":\"\"}},\"txt_help\":\"Wenn Sie diese Felder durch einen Klick aktivieren, werden Informationen an Facebook, Twitter, Flattr, Xing, t3n, LinkedIn, Pinterest oder Google eventuell ins Ausland \\u00fcbertragen und unter Umst\\u00e4nden auch dort gespeichert. N\\u00e4heres erfahren Sie durch einen Klick auf das <em>i<\\\/em>.\",\"settings_perma\":\"Dauerhaft aktivieren und Daten\\u00fcber-tragung zustimmen:\",\"info_link\":\"http:\\\/\\\/www.heise.de\\\/ct\\\/artikel\\\/2-Klicks-fuer-mehr-Datenschutz-1333879.html\",\"uri\":\"https:\\\/\\\/tintenwolf.mrkeks.net\\\/satex\\\/der-libertare-kommunalismus-marxismus-oder-utopischer-sozialismus\\\/\",\"post_id\":6367,\"post_title_referrer_track\":\"Der+libert%C3%A4re+Kommunalismus.+Marxismus+oder+utopischer+Sozialismus%3F\",\"display_infobox\":\"off\"});}});\n\/* ]]> *\/<\/script><\/div>","protected":false},"excerpt":{"rendered":"<p>Seit der Zeit der Ersten Internationale gibt es innerhalb der verschiedenen sozialistischen Str\u00f6mungen Differenzen \u00fcber deren Konzeptionen. Je nach Denkrichtung wird von anarchistischer Seite in libert\u00e4re und autorit\u00e4re Sozialist*innen und<\/p>\n","protected":false},"author":3,"featured_media":0,"parent":1385,"menu_order":0,"comment_status":"closed","ping_status":"closed","template":"","meta":{"footnotes":""},"class_list":["post-6367","page","type-page","status-publish","hentry"],"_links":{"self":[{"href":"https:\/\/tintenwolf.mrkeks.net\/es\/wp-json\/wp\/v2\/pages\/6367","targetHints":{"allow":["GET"]}}],"collection":[{"href":"https:\/\/tintenwolf.mrkeks.net\/es\/wp-json\/wp\/v2\/pages"}],"about":[{"href":"https:\/\/tintenwolf.mrkeks.net\/es\/wp-json\/wp\/v2\/types\/page"}],"author":[{"embeddable":true,"href":"https:\/\/tintenwolf.mrkeks.net\/es\/wp-json\/wp\/v2\/users\/3"}],"replies":[{"embeddable":true,"href":"https:\/\/tintenwolf.mrkeks.net\/es\/wp-json\/wp\/v2\/comments?post=6367"}],"version-history":[{"count":1,"href":"https:\/\/tintenwolf.mrkeks.net\/es\/wp-json\/wp\/v2\/pages\/6367\/revisions"}],"predecessor-version":[{"id":6369,"href":"https:\/\/tintenwolf.mrkeks.net\/es\/wp-json\/wp\/v2\/pages\/6367\/revisions\/6369"}],"up":[{"embeddable":true,"href":"https:\/\/tintenwolf.mrkeks.net\/es\/wp-json\/wp\/v2\/pages\/1385"}],"wp:attachment":[{"href":"https:\/\/tintenwolf.mrkeks.net\/es\/wp-json\/wp\/v2\/media?parent=6367"}],"curies":[{"name":"wp","href":"https:\/\/api.w.org\/{rel}","templated":true}]}}