{"id":6249,"date":"2018-11-02T00:21:03","date_gmt":"2018-11-01T22:21:03","guid":{"rendered":"https:\/\/tintenwolf.mrkeks.net\/?page_id=6249"},"modified":"2018-11-02T00:21:38","modified_gmt":"2018-11-01T22:21:38","slug":"2018-10-31-no-mas-bloqueo","status":"publish","type":"page","link":"https:\/\/tintenwolf.mrkeks.net\/es\/live-in-farbe\/2018-2\/2018-10-31-no-mas-bloqueo\/","title":{"rendered":"2018-10-12: presentaci\u00f3n de una poema en el dia de acci\u00f3n en contra el bloqueo"},"content":{"rendered":"<ul>\n<li><strong>\u00bfqui\u00e9n?<\/strong><em> Tintenwolf y muchxs artistas diferentes<\/em><\/li>\n<\/ul>\n<ul>\n<li><strong>\u00bfcu\u00e1ndo?<\/strong> <em>en el 31 de octubre de 2018 a 10 en la ma\u00f1ana<\/em><\/li>\n<\/ul>\n<ul>\n<li><strong>\u00bfdonde?<\/strong> <em>en la <a href=\"http:\/\/www.cujae.edu.cu\/\" rel=\"noopener\" target=\"_blank\">Universidad Tecnol\u00f3gica de La Habana Jos\u00e9 Antonio Echeverr\u00eda \u2013 CUJAE<\/a> (Kuba)<\/em><\/li>\n<\/ul>\n<p><a href=\"https:\/\/tintenwolf.mrkeks.net\/es\/live-in-farbe\/2018-2\/\">vuelta<\/a><\/p>\n<div class=\"twoclick_social_bookmarks_post_6249 social_share_privacy clearfix 1.6.4 locale-es_ES sprite-de_DE\"><\/div><div class=\"twoclick-js\"><script type=\"text\/javascript\">\/* <![CDATA[ *\/\njQuery(document).ready(function($){if($('.twoclick_social_bookmarks_post_6249')){$('.twoclick_social_bookmarks_post_6249').socialSharePrivacy({\"services\":{\"facebook\":{\"status\":\"on\",\"txt_info\":\"2 Klicks f\\u00fcr mehr Datenschutz: Erst wenn Sie hier klicken, wird der Button aktiv und Sie k\\u00f6nnen Ihre Empfehlung an Facebook senden. Schon beim Aktivieren werden Daten an Dritte \\u00fcbertragen - siehe <em>i<\\\/em>.\",\"perma_option\":\"off\",\"action\":\"recommend\",\"language\":\"de_DE\"},\"twitter\":{\"reply_to\":\"\",\"tweet_text\":\"%202018-10-12%3A%20presentaci%C3%B3n%20de%20una%20poema%20en%20el%20dia%20de%20acci%C3%B3n%20en%20contra%20el%20...\",\"status\":\"on\",\"txt_info\":\"2 Klicks f\\u00fcr mehr Datenschutz: Erst wenn Sie hier klicken, wird der Button aktiv und Sie k\\u00f6nnen Ihre Empfehlung an Twitter senden. Schon beim Aktivieren werden Daten an Dritte \\u00fcbertragen - siehe <em>i<\\\/em>.\",\"perma_option\":\"off\",\"language\":\"de\",\"referrer_track\":\"\"},\"gplus\":{\"status\":\"on\",\"txt_info\":\"2 Klicks f\\u00fcr mehr Datenschutz: Erst wenn Sie hier klicken, wird der Button aktiv und Sie k\\u00f6nnen Ihre Empfehlung an Google+ senden. Schon beim Aktivieren werden Daten an Dritte \\u00fcbertragen - siehe <em>i<\\\/em>.\",\"perma_option\":\"off\",\"referrer_track\":\"\"}},\"txt_help\":\"Wenn Sie diese Felder durch einen Klick aktivieren, werden Informationen an Facebook, Twitter, Flattr, Xing, t3n, LinkedIn, Pinterest oder Google eventuell ins Ausland \\u00fcbertragen und unter Umst\\u00e4nden auch dort gespeichert. N\\u00e4heres erfahren Sie durch einen Klick auf das <em>i<\\\/em>.\",\"settings_perma\":\"Dauerhaft aktivieren und Daten\\u00fcber-tragung zustimmen:\",\"info_link\":\"http:\\\/\\\/www.heise.de\\\/ct\\\/artikel\\\/2-Klicks-fuer-mehr-Datenschutz-1333879.html\",\"uri\":\"https:\\\/\\\/tintenwolf.mrkeks.net\\\/es\\\/live-in-farbe\\\/2018-2\\\/2018-10-31-no-mas-bloqueo\\\/\",\"post_id\":6249,\"post_title_referrer_track\":\"2018-10-12%3A+presentaci%C3%B3n+de+una+poema+en+el+dia+de+acci%C3%B3n+en+contra+el+bloqueo\",\"display_infobox\":\"off\"});}});\n\/* ]]> *\/<\/script><\/div>","protected":false},"excerpt":{"rendered":"<p>\u00bfqui\u00e9n? Tintenwolf y muchxs artistas diferentes \u00bfcu\u00e1ndo? en el 31 de octubre de 2018 a 10 en la ma\u00f1ana \u00bfdonde? en la Universidad Tecnol\u00f3gica de La Habana Jos\u00e9 Antonio Echeverr\u00eda<\/p>\n","protected":false},"author":3,"featured_media":0,"parent":6020,"menu_order":0,"comment_status":"closed","ping_status":"closed","template":"","meta":{"footnotes":""},"class_list":["post-6249","page","type-page","status-publish","hentry"],"_links":{"self":[{"href":"https:\/\/tintenwolf.mrkeks.net\/es\/wp-json\/wp\/v2\/pages\/6249","targetHints":{"allow":["GET"]}}],"collection":[{"href":"https:\/\/tintenwolf.mrkeks.net\/es\/wp-json\/wp\/v2\/pages"}],"about":[{"href":"https:\/\/tintenwolf.mrkeks.net\/es\/wp-json\/wp\/v2\/types\/page"}],"author":[{"embeddable":true,"href":"https:\/\/tintenwolf.mrkeks.net\/es\/wp-json\/wp\/v2\/users\/3"}],"replies":[{"embeddable":true,"href":"https:\/\/tintenwolf.mrkeks.net\/es\/wp-json\/wp\/v2\/comments?post=6249"}],"version-history":[{"count":1,"href":"https:\/\/tintenwolf.mrkeks.net\/es\/wp-json\/wp\/v2\/pages\/6249\/revisions"}],"predecessor-version":[{"id":6252,"href":"https:\/\/tintenwolf.mrkeks.net\/es\/wp-json\/wp\/v2\/pages\/6249\/revisions\/6252"}],"up":[{"embeddable":true,"href":"https:\/\/tintenwolf.mrkeks.net\/es\/wp-json\/wp\/v2\/pages\/6020"}],"wp:attachment":[{"href":"https:\/\/tintenwolf.mrkeks.net\/es\/wp-json\/wp\/v2\/media?parent=6249"}],"curies":[{"name":"wp","href":"https:\/\/api.w.org\/{rel}","templated":true}]}}