{"id":6020,"date":"2018-01-07T16:50:37","date_gmt":"2018-01-07T14:50:37","guid":{"rendered":"http:\/\/tintenwolf.mrkeks.net\/?page_id=6020"},"modified":"2019-07-08T16:04:26","modified_gmt":"2019-07-08T14:04:26","slug":"2018-2","status":"publish","type":"page","link":"https:\/\/tintenwolf.mrkeks.net\/es\/live-in-farbe\/2018-2\/","title":{"rendered":"2018"},"content":{"rendered":"<p><a title=\"Noche del Arte\" href=\"https:\/\/tintenwolf.mrkeks.net\/es\/live-in-farbe\/2018-2\/2018-11-16-noche-del-arte\/\"><strong>16.11.2018:<\/strong><br \/>\nNoche del Arte<\/a><\/p>\n<p><a title=\"presentaci\u00f3n de una poema en el dia de acci\u00f3n en contra el bloqueo\" href=\"https:\/\/tintenwolf.mrkeks.net\/es\/live-in-farbe\/2018-2\/2018-10-31-no-mas-bloqueo\/\"><strong>31.10.2018:<\/strong><br \/>\npresentaci\u00f3n de una poema en el dia de acci\u00f3n en contra el bloqueo<\/a><\/p>\n<p><a title=\"presentaci\u00f3n de una poema en una ceramonia de la despedida universitaria\" href=\"https:\/\/tintenwolf.mrkeks.net\/es\/live-in-farbe\/2018-2\/2018-10-12-casa-de-cultura-la-fe\/\"><strong>12.10.2018:<\/strong><br \/>\npresentaci\u00f3n de una poema en una ceramonia de la despedida universitaria<\/a><\/p>\n<p><a title=\"Gastauftritt bei Lari (LudP) in der Lunte\" href=\"https:\/\/tintenwolf.mrkeks.net\/es\/live-in-farbe\/2018-2\/2018-08-05-gastauftritt-bei-lari\/\"><strong>05.08.2018:<\/strong><br \/>\nGastauftritt bei Lari (LudP) in der Lunte<\/a><\/p>\n<p><a title=\"La U-Gala \u2013 Underground-Gala in der KvU\" href=\"https:\/\/tintenwolf.mrkeks.net\/es\/live-in-farbe\/2018-2\/2018-07-21-la-u-gala\/\"><strong>21.07.2018:<\/strong><br \/>\nLa U-Gala \u2013 Underground-Gala in der KvU<\/a><\/p>\n<p><a title=\"Open Stage in der Linie 1 im Tommyhaus\" href=\"https:\/\/tintenwolf.mrkeks.net\/es\/live-in-farbe\/2018-07-01-linie-1-open-stage\/\"><strong>01.07.2018:<\/strong><br \/>\nOpen Stage in der Linie 1 im Tommyhaus<\/a><\/p>\n<p><a title=\"Private Feierlichkeit\" href=\"https:\/\/tintenwolf.mrkeks.net\/es\/live-in-farbe\/2018-2\/2018-06-09-private-feierlichkeit\/\"><strong>09.06.2018:<\/strong><br \/>\nPrivate Feierlichkeit<\/a><\/p>\n<p><a title=\"Mit Lari und die Pausenmusik gegen den Ausverkauf der Stadt\" href=\"https:\/\/tintenwolf.mrkeks.net\/es\/live-in-farbe\/2018-2\/2018-05-23-gegen-den-ausverkauf-der-stadt\/\"><strong>23.05.2018:<\/strong><br \/>\nMit Lari und die Pausenmusik gegen den Ausverkauf der Stadt<\/a><\/p>\n<p><a title=\"Soli Konzert \u2013 Ansage ans Kapital: Verpisst euch aus dem Klassensaal!\" href=\"https:\/\/tintenwolf.mrkeks.net\/es\/live-in-farbe\/2018-2\/2018-03-14-soli-konzert\/\"><strong>14.03.2018:<\/strong><br \/>\nSoli Konzert \u2013 Ansage ans Kapital: Verpisst euch aus dem Klassensaal!<\/a><\/p>\n<p><a title=\"LARP-Taverne: Barden- &amp; Poetenwettstreit im Gutshaus zum reisenden Pilger\" href=\"https:\/\/tintenwolf.mrkeks.net\/es\/live-in-farbe\/2018-2\/2018-02-24-poetenwettstreit-larp\/\"><strong>24.02.2018:<\/strong><br \/>\nLARP-Taverne: Barden- &amp; Poetenwettstreit im Gutshaus zum reisenden Pilger<\/a><br \/>\n<em>(<a href=\"https:\/\/tintenwolf.mrkeks.net\/satjira-project\/index.php\/Degordarak_dal_Randjasiz\" target=\"_blank\" rel=\"noopener noreferrer\">InTime-Auftritt als Degordarak dal Randjasiz<\/a>)<\/em><\/p>\n<p><a title=\"Poetry Session in der KvU\" href=\"https:\/\/tintenwolf.mrkeks.net\/es\/live-in-farbe\/2018-2\/2018-02-03-poetry-session-in-der-kvu\/\"><strong>03.02.2018:<\/strong><br \/>\nPoetry Session in der KvU<\/a><\/p>\n<p><a title=\"Gastauftritt bei Lari und der Neujahrsmusik im Kiki Sol\" href=\"https:\/\/tintenwolf.mrkeks.net\/es\/live-in-farbe\/2017-2\/2017-12-31-lari-im-kiki-sol\/\"><strong>31.12.2017\/01.01.2018:<\/strong><br \/>\nGastauftritt bei Lari und der Neujahrsmusik im Kiki Sol<\/a><\/p>\n<p><a href=\"https:\/\/tintenwolf.mrkeks.net\/es\/conciertos\/vergangenes\/\">vuelta<\/a><\/p>\n<div class=\"twoclick_social_bookmarks_post_6020 social_share_privacy clearfix 1.6.4 locale-es_ES sprite-de_DE\"><\/div><div class=\"twoclick-js\"><script type=\"text\/javascript\">\/* <![CDATA[ *\/\njQuery(document).ready(function($){if($('.twoclick_social_bookmarks_post_6020')){$('.twoclick_social_bookmarks_post_6020').socialSharePrivacy({\"services\":{\"facebook\":{\"status\":\"on\",\"txt_info\":\"2 Klicks f\\u00fcr mehr Datenschutz: Erst wenn Sie hier klicken, wird der Button aktiv und Sie k\\u00f6nnen Ihre Empfehlung an Facebook senden. Schon beim Aktivieren werden Daten an Dritte \\u00fcbertragen - siehe <em>i<\\\/em>.\",\"perma_option\":\"off\",\"action\":\"recommend\",\"language\":\"de_DE\"},\"twitter\":{\"reply_to\":\"\",\"tweet_text\":\"2018%20%C2%BB%20Tintenwolf\",\"status\":\"on\",\"txt_info\":\"2 Klicks f\\u00fcr mehr Datenschutz: Erst wenn Sie hier klicken, wird der Button aktiv und Sie k\\u00f6nnen Ihre Empfehlung an Twitter senden. Schon beim Aktivieren werden Daten an Dritte \\u00fcbertragen - siehe <em>i<\\\/em>.\",\"perma_option\":\"off\",\"language\":\"de\",\"referrer_track\":\"\"},\"gplus\":{\"status\":\"on\",\"txt_info\":\"2 Klicks f\\u00fcr mehr Datenschutz: Erst wenn Sie hier klicken, wird der Button aktiv und Sie k\\u00f6nnen Ihre Empfehlung an Google+ senden. Schon beim Aktivieren werden Daten an Dritte \\u00fcbertragen - siehe <em>i<\\\/em>.\",\"perma_option\":\"off\",\"referrer_track\":\"\"}},\"txt_help\":\"Wenn Sie diese Felder durch einen Klick aktivieren, werden Informationen an Facebook, Twitter, Flattr, Xing, t3n, LinkedIn, Pinterest oder Google eventuell ins Ausland \\u00fcbertragen und unter Umst\\u00e4nden auch dort gespeichert. N\\u00e4heres erfahren Sie durch einen Klick auf das <em>i<\\\/em>.\",\"settings_perma\":\"Dauerhaft aktivieren und Daten\\u00fcber-tragung zustimmen:\",\"info_link\":\"http:\\\/\\\/www.heise.de\\\/ct\\\/artikel\\\/2-Klicks-fuer-mehr-Datenschutz-1333879.html\",\"uri\":\"https:\\\/\\\/tintenwolf.mrkeks.net\\\/es\\\/live-in-farbe\\\/2018-2\\\/\",\"post_id\":6020,\"post_title_referrer_track\":\"2018\",\"display_infobox\":\"off\"});}});\n\/* ]]> *\/<\/script><\/div>","protected":false},"excerpt":{"rendered":"<p>16.11.2018: Noche del Arte 31.10.2018: presentaci\u00f3n de una poema en el dia de acci\u00f3n en contra el bloqueo 12.10.2018: presentaci\u00f3n de una poema en una ceramonia de la despedida universitaria<\/p>\n","protected":false},"author":3,"featured_media":0,"parent":236,"menu_order":-5,"comment_status":"closed","ping_status":"closed","template":"","meta":{"footnotes":""},"class_list":["post-6020","page","type-page","status-publish","hentry"],"_links":{"self":[{"href":"https:\/\/tintenwolf.mrkeks.net\/es\/wp-json\/wp\/v2\/pages\/6020","targetHints":{"allow":["GET"]}}],"collection":[{"href":"https:\/\/tintenwolf.mrkeks.net\/es\/wp-json\/wp\/v2\/pages"}],"about":[{"href":"https:\/\/tintenwolf.mrkeks.net\/es\/wp-json\/wp\/v2\/types\/page"}],"author":[{"embeddable":true,"href":"https:\/\/tintenwolf.mrkeks.net\/es\/wp-json\/wp\/v2\/users\/3"}],"replies":[{"embeddable":true,"href":"https:\/\/tintenwolf.mrkeks.net\/es\/wp-json\/wp\/v2\/comments?post=6020"}],"version-history":[{"count":8,"href":"https:\/\/tintenwolf.mrkeks.net\/es\/wp-json\/wp\/v2\/pages\/6020\/revisions"}],"predecessor-version":[{"id":6361,"href":"https:\/\/tintenwolf.mrkeks.net\/es\/wp-json\/wp\/v2\/pages\/6020\/revisions\/6361"}],"up":[{"embeddable":true,"href":"https:\/\/tintenwolf.mrkeks.net\/es\/wp-json\/wp\/v2\/pages\/236"}],"wp:attachment":[{"href":"https:\/\/tintenwolf.mrkeks.net\/es\/wp-json\/wp\/v2\/media?parent=6020"}],"curies":[{"name":"wp","href":"https:\/\/api.w.org\/{rel}","templated":true}]}}