{"id":5628,"date":"2016-11-29T20:21:27","date_gmt":"2016-11-29T18:21:27","guid":{"rendered":"http:\/\/tintenwolf.mrkeks.net\/?page_id=5628"},"modified":"2017-01-09T18:57:16","modified_gmt":"2017-01-09T16:57:16","slug":"2017-01-04-zeit-der-kirschen","status":"publish","type":"page","link":"https:\/\/tintenwolf.mrkeks.net\/es\/live-in-farbe\/2017-2\/2017-01-04-zeit-der-kirschen\/","title":{"rendered":"2017-01-04: Zeit der Kirschen \u00bbKlassenkampf\u00ab"},"content":{"rendered":"<p><em>Im Anti-D\u00fcring stellte Friedrich Engels fest, \u00bbda\u00df alle bisherige Geschichte die Geschichte von Klassenk\u00e4mpfen war\u00ab und \u00bbda\u00df diese einander bek\u00e4mpfenden Klassen der Gesellschaft jedesmal Erzeugnisse [&#8230;] der Produktions- und Verkehrsverh\u00e4ltnisse\u00ab sind. Auf diese \u00f6konomischen Verh\u00e4ltnissen f\u00fchrt er die \u00bbrechtlichen und politischen Einrichtungen sowie [die] religi\u00f6sen, philosophischen und sonstigen Vorstellungsweise[n]\u00ab einer jeden Gesellschaft zur\u00fcck. Im Kapitalismus werden die Verh\u00e4ltnisse zwischen den Klassen dadurch bestimmt, wer welches Privateigentum an Produktionsmitteln (Geld, Immobilien, Maschinen, Ressourcen etc. \u2013 also alle Dinge, die zur Produktion von Konsumg\u00fctern ben\u00f6tigt werden) besitzt und damit die rechtlichen und politischen Einrichtungen eines Staates pr\u00e4gen kann. H\u00e4ufig wird versucht, diese Verh\u00e4ltnisse zu verschleiern und so f\u00fchren die Menschen Kriege im Namen von Religionen oder anderer Ideologien und versuchen sich vor einer herbeiimaginierten \u00bb\u00dcberfremdung\u00ab zu sch\u00fctzen, anstatt sich f\u00fcr ihre Klasseninteressen zu organisieren. Klassenkampf ist ein Thema, das heute genauso aktuell ist wie vor hundert Jahren. Grund genug, dass sich die Zeit der Kirschen damit auseinandersetzt.<\/em><\/p>\n<p>&nbsp;<\/p>\n<ul>\n<li><strong>wer?<\/strong><em> Tintenwolf* (linksautonome Hippie-Punk-Lyrik) und <a href=\"http:\/\/sahara.mrkeks.net\/\" target=\"_blank\">Sahara B.<\/a> (l\u00e4ngere u. k\u00fcrzere (Kurz-)geschichten)<\/em><\/li>\n<\/ul>\n<ul>\n<li><strong>welche G\u00e4ste?<\/strong><em> <a href=\"https:\/\/www.facebook.com\/mcholgerburner\" target=\"_blank\">Holger Burner<\/a> (Klassenkampfrap) und <a href=\"http:\/\/www.lennard-koerber.de\/\" target=\"_blank\">Lennard K\u00f6rber<\/a> (Arbeiter*innenlieder mit Quetsche)<\/em><\/li>\n<\/ul>\n<ul>\n<li><strong>wann?<\/strong> <em>am 04. Januar 2017 ab 19:00 Uhr<\/em><\/li>\n<\/ul>\n<ul>\n<li><strong>wo?<\/strong> <em>in der <a href=\"http:\/\/www.buntekuhverein.de\/\" target=\"_blank\">Bunten Kuh<\/a> (Bernkasteler Str. 78, 13088 Berlin-Wei\u00dfensee)<\/em><\/li>\n<\/ul>\n<ul>\n<li><a href=\"https:\/\/tintenwolf.mrkeks.net\/es\/live-in-farbe\/2016-4\/2016-06-01-zeit-der-kirschen\/\">vorherige Kulturb\u00fchne der Zeit der Kirschen<\/a><\/li>\n<\/ul>\n<ul>\n<li>im <a href=\"http:\/\/stressfaktor.squat.net\/termine.php?date_id=166937\" target=\"_blank\">Stressi<\/a>, bei <a href=\"https:\/\/www.facebook.com\/events\/1763523710639527\/\" target=\"_blank\">fb<\/a>, <a href=\"https:\/\/linksunten.indymedia.org\/de\/node\/199697\" target=\"_blank\">linksunten.indymedia.org<\/a> &#038; auf der <a href=\"http:\/\/antifa-nordost.org\/5451\/zeit-der-kirschen\/\" target=\"_blank\">Seite der NEA<\/a><\/li>\n<\/ul>\n<p><a href=\"https:\/\/tintenwolf.mrkeks.net\/es\/live-in-farbe\/2017-2\/\">vuelta<\/a><\/p>\n<div class=\"twoclick_social_bookmarks_post_5628 social_share_privacy clearfix 1.6.4 locale-es_ES sprite-de_DE\"><\/div><div class=\"twoclick-js\"><script type=\"text\/javascript\">\/* <![CDATA[ *\/\njQuery(document).ready(function($){if($('.twoclick_social_bookmarks_post_5628')){$('.twoclick_social_bookmarks_post_5628').socialSharePrivacy({\"services\":{\"facebook\":{\"status\":\"on\",\"txt_info\":\"2 Klicks f\\u00fcr mehr Datenschutz: Erst wenn Sie hier klicken, wird der Button aktiv und Sie k\\u00f6nnen Ihre Empfehlung an Facebook senden. Schon beim Aktivieren werden Daten an Dritte \\u00fcbertragen - siehe <em>i<\\\/em>.\",\"perma_option\":\"off\",\"action\":\"recommend\",\"language\":\"de_DE\"},\"twitter\":{\"reply_to\":\"\",\"tweet_text\":\"2017-01-04%3A%20Zeit%20der%20Kirschen%20%C2%BBKlassenkampf%C2%AB%20%C2%BB%20Tintenwolf\",\"status\":\"on\",\"txt_info\":\"2 Klicks f\\u00fcr mehr Datenschutz: Erst wenn Sie hier klicken, wird der Button aktiv und Sie k\\u00f6nnen Ihre Empfehlung an Twitter senden. Schon beim Aktivieren werden Daten an Dritte \\u00fcbertragen - siehe <em>i<\\\/em>.\",\"perma_option\":\"off\",\"language\":\"de\",\"referrer_track\":\"\"},\"gplus\":{\"status\":\"on\",\"txt_info\":\"2 Klicks f\\u00fcr mehr Datenschutz: Erst wenn Sie hier klicken, wird der Button aktiv und Sie k\\u00f6nnen Ihre Empfehlung an Google+ senden. Schon beim Aktivieren werden Daten an Dritte \\u00fcbertragen - siehe <em>i<\\\/em>.\",\"perma_option\":\"off\",\"referrer_track\":\"\"}},\"txt_help\":\"Wenn Sie diese Felder durch einen Klick aktivieren, werden Informationen an Facebook, Twitter, Flattr, Xing, t3n, LinkedIn, Pinterest oder Google eventuell ins Ausland \\u00fcbertragen und unter Umst\\u00e4nden auch dort gespeichert. N\\u00e4heres erfahren Sie durch einen Klick auf das <em>i<\\\/em>.\",\"settings_perma\":\"Dauerhaft aktivieren und Daten\\u00fcber-tragung zustimmen:\",\"info_link\":\"http:\\\/\\\/www.heise.de\\\/ct\\\/artikel\\\/2-Klicks-fuer-mehr-Datenschutz-1333879.html\",\"uri\":\"https:\\\/\\\/tintenwolf.mrkeks.net\\\/es\\\/live-in-farbe\\\/2017-2\\\/2017-01-04-zeit-der-kirschen\\\/\",\"post_id\":5628,\"post_title_referrer_track\":\"2017-01-04%3A+Zeit+der+Kirschen+%C2%BBKlassenkampf%C2%AB\",\"display_infobox\":\"off\"});}});\n\/* ]]> *\/<\/script><\/div>","protected":false},"excerpt":{"rendered":"<p>Im Anti-D\u00fcring stellte Friedrich Engels fest, \u00bbda\u00df alle bisherige Geschichte die Geschichte von Klassenk\u00e4mpfen war\u00ab und \u00bbda\u00df diese einander bek\u00e4mpfenden Klassen der Gesellschaft jedesmal Erzeugnisse [&#8230;] der Produktions- und Verkehrsverh\u00e4ltnisse\u00ab<\/p>\n","protected":false},"author":3,"featured_media":0,"parent":5605,"menu_order":0,"comment_status":"closed","ping_status":"closed","template":"","meta":{"footnotes":""},"class_list":["post-5628","page","type-page","status-publish","hentry"],"_links":{"self":[{"href":"https:\/\/tintenwolf.mrkeks.net\/es\/wp-json\/wp\/v2\/pages\/5628","targetHints":{"allow":["GET"]}}],"collection":[{"href":"https:\/\/tintenwolf.mrkeks.net\/es\/wp-json\/wp\/v2\/pages"}],"about":[{"href":"https:\/\/tintenwolf.mrkeks.net\/es\/wp-json\/wp\/v2\/types\/page"}],"author":[{"embeddable":true,"href":"https:\/\/tintenwolf.mrkeks.net\/es\/wp-json\/wp\/v2\/users\/3"}],"replies":[{"embeddable":true,"href":"https:\/\/tintenwolf.mrkeks.net\/es\/wp-json\/wp\/v2\/comments?post=5628"}],"version-history":[{"count":9,"href":"https:\/\/tintenwolf.mrkeks.net\/es\/wp-json\/wp\/v2\/pages\/5628\/revisions"}],"predecessor-version":[{"id":5656,"href":"https:\/\/tintenwolf.mrkeks.net\/es\/wp-json\/wp\/v2\/pages\/5628\/revisions\/5656"}],"up":[{"embeddable":true,"href":"https:\/\/tintenwolf.mrkeks.net\/es\/wp-json\/wp\/v2\/pages\/5605"}],"wp:attachment":[{"href":"https:\/\/tintenwolf.mrkeks.net\/es\/wp-json\/wp\/v2\/media?parent=5628"}],"curies":[{"name":"wp","href":"https:\/\/api.w.org\/{rel}","templated":true}]}}