{"id":5588,"date":"2016-11-15T17:32:49","date_gmt":"2016-11-15T15:32:49","guid":{"rendered":"http:\/\/tintenwolf.mrkeks.net\/?page_id=5588"},"modified":"2016-11-29T16:32:30","modified_gmt":"2016-11-29T14:32:30","slug":"2016-11-26-no-baergida-jubilaeum","status":"publish","type":"page","link":"https:\/\/tintenwolf.mrkeks.net\/es\/live-in-farbe\/2016-4\/2016-11-26-no-baergida-jubilaeum\/","title":{"rendered":"2016-11-26: Stand Up, Speak Up, NoB\u00e4rgida! Gegen das 100. B\u00e4rgida Jubil\u00e4um!"},"content":{"rendered":"<ul>\n<li><strong>wer?<\/strong><em> Tintenwolf &#038; <a href=\"http:\/\/wundabunt.de\/\" target=\"_blank\">Wunstra<\/a><\/em><\/li>\n<\/ul>\n<ul>\n<li><strong>wann &#038; wo?<\/strong> <em>am 26.11.2016 auf dem Lauti der \u00bb<a href=\"http:\/\/nobaergida.blogspot.de\/2016\/11\/stand-up-speak-up-nobargida.html\" target=\"_blank\">Stand Up, Speak Up, NoB\u00e4rgida! Gegen das 100. B\u00e4rgida Jubil\u00e4um!<\/a>\u00ab-Demo<\/em><\/li>\n<\/ul>\n<ul>\n<li><strong>Demostart<\/strong> <em>um 12:00 Uhr, Kruppstra\u00dfe 16 (10557 Berlin)<\/em><\/li>\n<\/ul>\n<ul>\n<li>bei <a href=\"https:\/\/www.facebook.com\/events\/1585669568125858\/\" target=\"_blank\">fb<\/a><\/li>\n<\/ul>\n<p><a href=\"https:\/\/tintenwolf.mrkeks.net\/es\/live-in-farbe\/2016-4\/\">vuelta<\/a><\/p>\n<div class=\"twoclick_social_bookmarks_post_5588 social_share_privacy clearfix 1.6.4 locale-es_ES sprite-de_DE\"><\/div><div class=\"twoclick-js\"><script type=\"text\/javascript\">\/* <![CDATA[ *\/\njQuery(document).ready(function($){if($('.twoclick_social_bookmarks_post_5588')){$('.twoclick_social_bookmarks_post_5588').socialSharePrivacy({\"services\":{\"facebook\":{\"status\":\"on\",\"txt_info\":\"2 Klicks f\\u00fcr mehr Datenschutz: Erst wenn Sie hier klicken, wird der Button aktiv und Sie k\\u00f6nnen Ihre Empfehlung an Facebook senden. Schon beim Aktivieren werden Daten an Dritte \\u00fcbertragen - siehe <em>i<\\\/em>.\",\"perma_option\":\"off\",\"action\":\"recommend\",\"language\":\"de_DE\"},\"twitter\":{\"reply_to\":\"\",\"tweet_text\":\"%202016-11-26%3A%20Stand%20Up%2C%20Speak%20Up%2C%20NoB%C3%A4rgida%21%20Gegen%20das%20100.%20B%C3%A4rgida%20...\",\"status\":\"on\",\"txt_info\":\"2 Klicks f\\u00fcr mehr Datenschutz: Erst wenn Sie hier klicken, wird der Button aktiv und Sie k\\u00f6nnen Ihre Empfehlung an Twitter senden. Schon beim Aktivieren werden Daten an Dritte \\u00fcbertragen - siehe <em>i<\\\/em>.\",\"perma_option\":\"off\",\"language\":\"de\",\"referrer_track\":\"\"},\"gplus\":{\"status\":\"on\",\"txt_info\":\"2 Klicks f\\u00fcr mehr Datenschutz: Erst wenn Sie hier klicken, wird der Button aktiv und Sie k\\u00f6nnen Ihre Empfehlung an Google+ senden. Schon beim Aktivieren werden Daten an Dritte \\u00fcbertragen - siehe <em>i<\\\/em>.\",\"perma_option\":\"off\",\"referrer_track\":\"\"}},\"txt_help\":\"Wenn Sie diese Felder durch einen Klick aktivieren, werden Informationen an Facebook, Twitter, Flattr, Xing, t3n, LinkedIn, Pinterest oder Google eventuell ins Ausland \\u00fcbertragen und unter Umst\\u00e4nden auch dort gespeichert. N\\u00e4heres erfahren Sie durch einen Klick auf das <em>i<\\\/em>.\",\"settings_perma\":\"Dauerhaft aktivieren und Daten\\u00fcber-tragung zustimmen:\",\"info_link\":\"http:\\\/\\\/www.heise.de\\\/ct\\\/artikel\\\/2-Klicks-fuer-mehr-Datenschutz-1333879.html\",\"uri\":\"https:\\\/\\\/tintenwolf.mrkeks.net\\\/es\\\/live-in-farbe\\\/2016-4\\\/2016-11-26-no-baergida-jubilaeum\\\/\",\"post_id\":5588,\"post_title_referrer_track\":\"2016-11-26%3A+Stand+Up%2C+Speak+Up%2C+NoB%C3%A4rgida%21+Gegen+das+100.+B%C3%A4rgida+Jubil%C3%A4um%21\",\"display_infobox\":\"off\"});}});\n\/* ]]> *\/<\/script><\/div>","protected":false},"excerpt":{"rendered":"<p>wer? Tintenwolf &#038; Wunstra wann &#038; wo? am 26.11.2016 auf dem Lauti der \u00bbStand Up, Speak Up, NoB\u00e4rgida! Gegen das 100. B\u00e4rgida Jubil\u00e4um!\u00ab-Demo Demostart um 12:00 Uhr, Kruppstra\u00dfe 16 (10557<\/p>\n","protected":false},"author":3,"featured_media":0,"parent":4715,"menu_order":0,"comment_status":"closed","ping_status":"closed","template":"","meta":{"footnotes":""},"class_list":["post-5588","page","type-page","status-publish","hentry"],"_links":{"self":[{"href":"https:\/\/tintenwolf.mrkeks.net\/es\/wp-json\/wp\/v2\/pages\/5588","targetHints":{"allow":["GET"]}}],"collection":[{"href":"https:\/\/tintenwolf.mrkeks.net\/es\/wp-json\/wp\/v2\/pages"}],"about":[{"href":"https:\/\/tintenwolf.mrkeks.net\/es\/wp-json\/wp\/v2\/types\/page"}],"author":[{"embeddable":true,"href":"https:\/\/tintenwolf.mrkeks.net\/es\/wp-json\/wp\/v2\/users\/3"}],"replies":[{"embeddable":true,"href":"https:\/\/tintenwolf.mrkeks.net\/es\/wp-json\/wp\/v2\/comments?post=5588"}],"version-history":[{"count":3,"href":"https:\/\/tintenwolf.mrkeks.net\/es\/wp-json\/wp\/v2\/pages\/5588\/revisions"}],"predecessor-version":[{"id":5625,"href":"https:\/\/tintenwolf.mrkeks.net\/es\/wp-json\/wp\/v2\/pages\/5588\/revisions\/5625"}],"up":[{"embeddable":true,"href":"https:\/\/tintenwolf.mrkeks.net\/es\/wp-json\/wp\/v2\/pages\/4715"}],"wp:attachment":[{"href":"https:\/\/tintenwolf.mrkeks.net\/es\/wp-json\/wp\/v2\/media?parent=5588"}],"curies":[{"name":"wp","href":"https:\/\/api.w.org\/{rel}","templated":true}]}}