{"id":5409,"date":"2016-08-23T19:12:44","date_gmt":"2016-08-23T17:12:44","guid":{"rendered":"http:\/\/tintenwolf.mrkeks.net\/?page_id=5409"},"modified":"2016-10-31T09:31:18","modified_gmt":"2016-10-31T07:31:18","slug":"2016-10-28-tintenwolf-anti-repressions-soli","status":"publish","type":"page","link":"https:\/\/tintenwolf.mrkeks.net\/es\/live-in-farbe\/2016-4\/2016-10-28-tintenwolf-anti-repressions-soli\/","title":{"rendered":"2016-10-28: Tintenwolf-Anti-Repressions-Soli \u00bbPigs are not fascists!\u00ab"},"content":{"rendered":"<p><a href=\"https:\/\/tintenwolf.mrkeks.net\/wp-content\/uploads\/2016\/10\/2016-10-28_-_Tintenwolf-Anti-Repressions-Soli-Plakat.png\"  data-fancybox=\"gallery\" rel=\"group-5409\"><img loading=\"lazy\" decoding=\"async\" src=\"https:\/\/tintenwolf.mrkeks.net\/wp-content\/uploads\/2016\/10\/2016-10-28_-_Tintenwolf-Anti-Repressions-Soli-Plakat-212x300.png\" alt=\"2016-10-28_-_Tintenwolf-Anti-Repressions-Soli-Plakat\" width=\"212\" height=\"300\" class=\"aligncenter size-medium wp-image-5525\" srcset=\"https:\/\/tintenwolf.mrkeks.net\/wp-content\/uploads\/2016\/10\/2016-10-28_-_Tintenwolf-Anti-Repressions-Soli-Plakat-212x300.png 212w, https:\/\/tintenwolf.mrkeks.net\/wp-content\/uploads\/2016\/10\/2016-10-28_-_Tintenwolf-Anti-Repressions-Soli-Plakat-768x1086.png 768w, https:\/\/tintenwolf.mrkeks.net\/wp-content\/uploads\/2016\/10\/2016-10-28_-_Tintenwolf-Anti-Repressions-Soli-Plakat-724x1024.png 724w, https:\/\/tintenwolf.mrkeks.net\/wp-content\/uploads\/2016\/10\/2016-10-28_-_Tintenwolf-Anti-Repressions-Soli-Plakat.png 1169w\" sizes=\"auto, (max-width: 212px) 100vw, 212px\" \/><\/a><\/p>\n<ul>\n<li><strong>G\u00e4ste:<\/strong><em> <a href=\"http:\/\/pocketpunk.so36.net\/\" target=\"_blank\">Yok<\/a> (Kleinkunstpunk), <a href=\"http:\/\/torkelt.blogsport.de\/\" target=\"_blank\">Torkel T.<\/a> (Zeckenrap) &#038; <a href=\"http:\/\/sahara.mrkeks.net\/\" target=\"_blank\">Sahara B.<\/a> (Texte \u00fcber die Absurdit\u00e4t des Allt\u00e4glichen)<\/em><\/li>\n<\/ul>\n<ul>\n<li><strong>wann?<\/strong> <em>am 28. Oktober 2016 ab 20:00 Uhr<\/em><\/li>\n<\/ul>\n<ul>\n<li><strong>wo?<\/strong> <em>im Zielona G\u00f3ra (Gr\u00fcnbergerstr. 73, 10245 Berlin) im Rahmen des <a href=\"https:\/\/international.nostate.net\/post\/soliabend-pigs-are-not-fascists\" target=\"_blank\">Internationalistischen Abends<\/a><\/em><\/li>\n<\/ul>\n<ul>\n<li>Es wird VoK\u00fc\/K\u00fcfa geben :)<\/li>\n<\/ul>\n<ul>\n<li><strong><a href=\"https:\/\/tintenwolf.mrkeks.net\/es\/der-strafbefehl\/\">Erkl\u00e4rung zu dem Akt der Repression<\/a><\/strong><\/li>\n<\/ul>\n<ul>\n<li>im <a href=\"http:\/\/stressfaktor.squat.net\/termine.php?date_id=165787\" target=\"_blank\">Stressi<\/a>, bei <a href=\"https:\/\/www.facebook.com\/events\/1836611969908918\/\" target=\"_blank\">fb<\/a>, <a href=\"http:\/\/www.jungewelt.de\/termine\/index.php?id=19946\" target=\"_blank\">junge Welt<\/a> &#038; <a href=\"https:\/\/linksunten.indymedia.org\/de\/node\/192762\" target=\"_blank\">linksunten.indymedia.org<\/a><\/li>\n<\/ul>\n<p><a href=\"https:\/\/tintenwolf.mrkeks.net\/es\/live-in-farbe\/2016-4\/\">vuelta<\/a><\/p>\n<div class=\"twoclick_social_bookmarks_post_5409 social_share_privacy clearfix 1.6.4 locale-es_ES sprite-de_DE\"><\/div><div class=\"twoclick-js\"><script type=\"text\/javascript\">\/* <![CDATA[ *\/\njQuery(document).ready(function($){if($('.twoclick_social_bookmarks_post_5409')){$('.twoclick_social_bookmarks_post_5409').socialSharePrivacy({\"services\":{\"facebook\":{\"status\":\"on\",\"txt_info\":\"2 Klicks f\\u00fcr mehr Datenschutz: Erst wenn Sie hier klicken, wird der Button aktiv und Sie k\\u00f6nnen Ihre Empfehlung an Facebook senden. Schon beim Aktivieren werden Daten an Dritte \\u00fcbertragen - siehe <em>i<\\\/em>.\",\"perma_option\":\"off\",\"action\":\"recommend\",\"language\":\"de_DE\"},\"twitter\":{\"reply_to\":\"\",\"tweet_text\":\"%202016-10-28%3A%20Tintenwolf-Anti-Repressions-Soli%20%C2%BBPigs%20are%20not%20fascists%21%C2%AB%20%C2%BB%20...\",\"status\":\"on\",\"txt_info\":\"2 Klicks f\\u00fcr mehr Datenschutz: Erst wenn Sie hier klicken, wird der Button aktiv und Sie k\\u00f6nnen Ihre Empfehlung an Twitter senden. Schon beim Aktivieren werden Daten an Dritte \\u00fcbertragen - siehe <em>i<\\\/em>.\",\"perma_option\":\"off\",\"language\":\"de\",\"referrer_track\":\"\"},\"gplus\":{\"status\":\"on\",\"txt_info\":\"2 Klicks f\\u00fcr mehr Datenschutz: Erst wenn Sie hier klicken, wird der Button aktiv und Sie k\\u00f6nnen Ihre Empfehlung an Google+ senden. Schon beim Aktivieren werden Daten an Dritte \\u00fcbertragen - siehe <em>i<\\\/em>.\",\"perma_option\":\"off\",\"referrer_track\":\"\"}},\"txt_help\":\"Wenn Sie diese Felder durch einen Klick aktivieren, werden Informationen an Facebook, Twitter, Flattr, Xing, t3n, LinkedIn, Pinterest oder Google eventuell ins Ausland \\u00fcbertragen und unter Umst\\u00e4nden auch dort gespeichert. N\\u00e4heres erfahren Sie durch einen Klick auf das <em>i<\\\/em>.\",\"settings_perma\":\"Dauerhaft aktivieren und Daten\\u00fcber-tragung zustimmen:\",\"info_link\":\"http:\\\/\\\/www.heise.de\\\/ct\\\/artikel\\\/2-Klicks-fuer-mehr-Datenschutz-1333879.html\",\"uri\":\"https:\\\/\\\/tintenwolf.mrkeks.net\\\/es\\\/live-in-farbe\\\/2016-4\\\/2016-10-28-tintenwolf-anti-repressions-soli\\\/\",\"post_id\":5409,\"post_title_referrer_track\":\"2016-10-28%3A+Tintenwolf-Anti-Repressions-Soli+%C2%BBPigs+are+not+fascists%21%C2%AB\",\"display_infobox\":\"off\"});}});\n\/* ]]> *\/<\/script><\/div>","protected":false},"excerpt":{"rendered":"<p>G\u00e4ste: Yok (Kleinkunstpunk), Torkel T. (Zeckenrap) &#038; Sahara B. (Texte \u00fcber die Absurdit\u00e4t des Allt\u00e4glichen) wann? am 28. Oktober 2016 ab 20:00 Uhr wo? im Zielona G\u00f3ra (Gr\u00fcnbergerstr. 73, 10245<\/p>\n","protected":false},"author":3,"featured_media":0,"parent":4715,"menu_order":0,"comment_status":"closed","ping_status":"closed","template":"","meta":{"footnotes":""},"class_list":["post-5409","page","type-page","status-publish","hentry"],"_links":{"self":[{"href":"https:\/\/tintenwolf.mrkeks.net\/es\/wp-json\/wp\/v2\/pages\/5409","targetHints":{"allow":["GET"]}}],"collection":[{"href":"https:\/\/tintenwolf.mrkeks.net\/es\/wp-json\/wp\/v2\/pages"}],"about":[{"href":"https:\/\/tintenwolf.mrkeks.net\/es\/wp-json\/wp\/v2\/types\/page"}],"author":[{"embeddable":true,"href":"https:\/\/tintenwolf.mrkeks.net\/es\/wp-json\/wp\/v2\/users\/3"}],"replies":[{"embeddable":true,"href":"https:\/\/tintenwolf.mrkeks.net\/es\/wp-json\/wp\/v2\/comments?post=5409"}],"version-history":[{"count":12,"href":"https:\/\/tintenwolf.mrkeks.net\/es\/wp-json\/wp\/v2\/pages\/5409\/revisions"}],"predecessor-version":[{"id":5562,"href":"https:\/\/tintenwolf.mrkeks.net\/es\/wp-json\/wp\/v2\/pages\/5409\/revisions\/5562"}],"up":[{"embeddable":true,"href":"https:\/\/tintenwolf.mrkeks.net\/es\/wp-json\/wp\/v2\/pages\/4715"}],"wp:attachment":[{"href":"https:\/\/tintenwolf.mrkeks.net\/es\/wp-json\/wp\/v2\/media?parent=5409"}],"curies":[{"name":"wp","href":"https:\/\/api.w.org\/{rel}","templated":true}]}}