{"id":5295,"date":"2016-06-29T09:27:13","date_gmt":"2016-06-29T07:27:13","guid":{"rendered":"http:\/\/tintenwolf.mrkeks.net\/?page_id=5295"},"modified":"2017-01-23T01:17:24","modified_gmt":"2017-01-22T23:17:24","slug":"2016-07-05-soligala-vor-der-rigaer94","status":"publish","type":"page","link":"https:\/\/tintenwolf.mrkeks.net\/es\/live-in-farbe\/2016-4\/2016-07-05-soligala-vor-der-rigaer94\/","title":{"rendered":"2016-07-05: Soligala vor der Rigaer94"},"content":{"rendered":"<p><a href=\"https:\/\/linksunten.indymedia.org\/system\/files\/images\/3385775995.png\"  data-fancybox=\"gallery\" rel=\"group-5295\"><img loading=\"lazy\" decoding=\"async\" src=\"https:\/\/linksunten.indymedia.org\/system\/files\/images\/3385775995.png\" alt=\"die h\u00e4user denen, die drin wohnen!\" width=\"214\" height=\"300\" class=\"alignleft size-medium wp-image-5212\" \/><\/a><em>\u00bbVor \u00fcber einer Woche wurde die Rigaer 94 teilger\u00e4umt. Seitdem ist eine Menge passiert: Spontane und angemeldete Demos, Sachsch\u00e4den, solidarisches Topfschlagen, Pressekonferenzen, <a href=\"https:\/\/pbs.twimg.com\/media\/Cl93Q-uWMAEps2E.jpg\"  data-fancybox=\"gallery\" rel=\"group-5295\" target=\"_blank\">Hausverbote f\u00fcr die Staatsgewalt beim B\u00e4cker an der Ecke<\/a>, ein <a href=\"https:\/\/linksunten.indymedia.org\/de\/node\/183428\" target=\"_blank\">solidarisches HipHop-Konzert<\/a> und vieles mehr.<\/em><\/p>\n<p><em>Am <strong>5.7. wird der Fall erstmals vor Gericht<\/strong> behandelt. Vertrauen in die Justiz ist allerdings nicht angebracht. Die Justiz ist schlie\u00dflich dazu da, den reibungslosen Ablauf des Kapitalismus im Sinne des Kapitals zu l\u00f6sen. Wir haben das schon bei der <a href=\"http:\/\/liebig14.blogsport.de\/die-prozesse\/\" target=\"_blank\">Liebig 14 gesehen<\/a>. Was auch immer bei der Kadterschmiede herauskommt &#8211; wir m\u00fcssen weiter auf der Stra\u00dfe bleiben und Zwangsr\u00e4umungen, Gefahrengebieten und dem gesellschaftlichen Rechtruck unseren Widerstand entgegensetzen. Daf\u00fcr werden wir einen langen Atem brauchen.<\/em><\/p>\n<p><em>Ein kleiner Baustein auf diesem Weg soll <strong>ein Konzert am 5. 7. an der Ecke Rigaer\/Liebigstr. (Dorfplatz) zwischen 14:00 und 22:00<\/strong> sein. Mittlerweile haben schon einige interessante Musiker_innen und Texter_innen ihr Kommen angek\u00fcndigt.\u00ab<\/em><\/p>\n<p style=\"text-align: right;\"><em>(<a href=\"https:\/\/tintenwolf.mrkeks.net\/satjira-project\/index.php\/J%C3%BCrgen_Kadeweit\" target=\"_blank\">J\u00fcrgen Kadeweit<\/a>)<\/em><\/p>\n<p>&nbsp;<\/p>\n<ul>\n<li><strong>wer?<\/strong><em> <strong><a href=\"http:\/\/anderersaits.wordpress.com\/\" target=\"_blank\">anderersaits<\/a><\/strong> (anarcho-akkustischer stilbruch), <strong><a href=\"http:\/\/sahara.mrkeks.net\/\" target=\"_blank\">Sahara B.<\/a><\/strong> (Texte aus der Absurdit\u00e4t des Allt\u00e4glichen), <strong><a href=\"http:\/\/pocketpunk.so36.net\/\" target=\"_blank\">Yok<\/a><\/strong> (Kleinkunstpunk), <strong><a href=\"http:\/\/www.turgutz.de\/\" target=\"_blank\">Konny<\/a><\/strong> (Kleinkunstpunk), <strong>Tintenwolf*<\/strong> (autonome Hippie-Punk-Lyrik &#038; Weltrevolution), <strong><a href=\"http:\/\/geigerzaehler.blogsport.de\/\" target=\"_blank\">Geigerz\u00e4hler<\/a><\/strong> (Geige und Gesang aus dem Gefahrengebiet), <strong><a href=\"http:\/\/diebin.net\/\" target=\"_blank\">Die Diebin<\/a><\/strong> (Geige und Gesang), <strong><a href=\"https:\/\/www.facebook.com\/beatboxfriedel\" target=\"_blank\">Das Friedel<\/a><\/strong> (Beatbox), <strong><a href=\"http:\/\/www.missjasminepearl.com\/\" target=\"_blank\">Miss Jasmine Pearl<\/a><\/strong> (Chansons), <strong><a href=\"http:\/\/herrengedeck.org\/\" target=\"_blank\">The Incredible Herrengedeck<\/a><\/strong> (Chansons aus Berlin), <strong>Hampitz<\/strong> (Wiederst\u00e4ndige und Wiederspenstige Akkordgeschrammelei), <strong><a href=\"http:\/\/www.robert-klages.de\/\" target=\"_blank\">Robert Klages<\/a><\/strong> (Leseb\u00fchnentexte), <strong>Mary<\/strong> (political poetry), <strong><a href=\"http:\/\/www.berlinskadroha.com\/\" target=\"_blank\">Berlinska Dr\u00f3ha<\/a><\/strong> (Chansons, Folk, Punk aus Berlin\/\u0141u\u017eica), <strong><a href=\"https:\/\/dampfinallengassen.wordpress.com\/\" target=\"_blank\">Dampf in allen Gassen<\/a><\/strong> (anarchoakustischer Patchworkpunk), <strong><a href=\"https:\/\/szadensersatz.tumblr.com\/\" target=\"_blank\">Szadensersatz in Form von Ger\u00fcmpel<\/a><\/strong> (Fahrstuhlmusik aus dem Gefahrengebiet) und <strong><a href=\"https:\/\/nunofyrbeeswax.bandcamp.com\/\" target=\"_blank\">Nunofyrbeeswax<\/a><\/strong> (Garage\/Berlin)<\/em><\/li>\n<\/ul>\n<ul>\n<li><strong>wann?<\/strong> <em>am 05. Juli 2016 ab 14:00 Uhr<\/em><\/li>\n<\/ul>\n<ul>\n<li><strong>wo?<\/strong> <em>auf&#8217;m Dorfplatz (Rigaer Str. Ecke Liebigstr. nahe der <a href=\"http:\/\/rigaer94.squat.net\/\" target=\"_blank\">Rigaer94<\/a>, 10247 Berlin)<\/em><\/li>\n<\/ul>\n<ul>\n<li>im <a href=\"http:\/\/stressfaktor.squat.net\/termine.php?date_id=165037\" target=\"_blank\">Stressi<\/a> &amp; auf <a href=\"https:\/\/linksunten.indymedia.org\/de\/node\/183747\" target=\"_blank\">linksunten.indymedia.org<\/a><\/li>\n<\/ul>\n<p><a href=\"https:\/\/tintenwolf.mrkeks.net\/es\/live-in-farbe\/2016-4\/\">vuelta<\/a><\/p>\n<div class=\"twoclick_social_bookmarks_post_5295 social_share_privacy clearfix 1.6.4 locale-es_ES sprite-de_DE\"><\/div><div class=\"twoclick-js\"><script type=\"text\/javascript\">\/* <![CDATA[ *\/\njQuery(document).ready(function($){if($('.twoclick_social_bookmarks_post_5295')){$('.twoclick_social_bookmarks_post_5295').socialSharePrivacy({\"services\":{\"facebook\":{\"status\":\"on\",\"txt_info\":\"2 Klicks f\\u00fcr mehr Datenschutz: Erst wenn Sie hier klicken, wird der Button aktiv und Sie k\\u00f6nnen Ihre Empfehlung an Facebook senden. Schon beim Aktivieren werden Daten an Dritte \\u00fcbertragen - siehe <em>i<\\\/em>.\",\"perma_option\":\"off\",\"action\":\"recommend\",\"language\":\"de_DE\"},\"twitter\":{\"reply_to\":\"\",\"tweet_text\":\"2016-07-05%3A%20Soligala%20vor%20der%20Rigaer94%20%C2%BB%20Tintenwolf\",\"status\":\"on\",\"txt_info\":\"2 Klicks f\\u00fcr mehr Datenschutz: Erst wenn Sie hier klicken, wird der Button aktiv und Sie k\\u00f6nnen Ihre Empfehlung an Twitter senden. Schon beim Aktivieren werden Daten an Dritte \\u00fcbertragen - siehe <em>i<\\\/em>.\",\"perma_option\":\"off\",\"language\":\"de\",\"referrer_track\":\"\"},\"gplus\":{\"status\":\"on\",\"txt_info\":\"2 Klicks f\\u00fcr mehr Datenschutz: Erst wenn Sie hier klicken, wird der Button aktiv und Sie k\\u00f6nnen Ihre Empfehlung an Google+ senden. Schon beim Aktivieren werden Daten an Dritte \\u00fcbertragen - siehe <em>i<\\\/em>.\",\"perma_option\":\"off\",\"referrer_track\":\"\"}},\"txt_help\":\"Wenn Sie diese Felder durch einen Klick aktivieren, werden Informationen an Facebook, Twitter, Flattr, Xing, t3n, LinkedIn, Pinterest oder Google eventuell ins Ausland \\u00fcbertragen und unter Umst\\u00e4nden auch dort gespeichert. N\\u00e4heres erfahren Sie durch einen Klick auf das <em>i<\\\/em>.\",\"settings_perma\":\"Dauerhaft aktivieren und Daten\\u00fcber-tragung zustimmen:\",\"info_link\":\"http:\\\/\\\/www.heise.de\\\/ct\\\/artikel\\\/2-Klicks-fuer-mehr-Datenschutz-1333879.html\",\"uri\":\"https:\\\/\\\/tintenwolf.mrkeks.net\\\/es\\\/live-in-farbe\\\/2016-4\\\/2016-07-05-soligala-vor-der-rigaer94\\\/\",\"post_id\":5295,\"post_title_referrer_track\":\"2016-07-05%3A+Soligala+vor+der+Rigaer94\",\"display_infobox\":\"off\"});}});\n\/* ]]> *\/<\/script><\/div>","protected":false},"excerpt":{"rendered":"<p>\u00bbVor \u00fcber einer Woche wurde die Rigaer 94 teilger\u00e4umt. Seitdem ist eine Menge passiert: Spontane und angemeldete Demos, Sachsch\u00e4den, solidarisches Topfschlagen, Pressekonferenzen, Hausverbote f\u00fcr die Staatsgewalt beim B\u00e4cker an der<\/p>\n","protected":false},"author":3,"featured_media":0,"parent":4715,"menu_order":0,"comment_status":"closed","ping_status":"closed","template":"","meta":{"footnotes":""},"class_list":["post-5295","page","type-page","status-publish","hentry"],"_links":{"self":[{"href":"https:\/\/tintenwolf.mrkeks.net\/es\/wp-json\/wp\/v2\/pages\/5295","targetHints":{"allow":["GET"]}}],"collection":[{"href":"https:\/\/tintenwolf.mrkeks.net\/es\/wp-json\/wp\/v2\/pages"}],"about":[{"href":"https:\/\/tintenwolf.mrkeks.net\/es\/wp-json\/wp\/v2\/types\/page"}],"author":[{"embeddable":true,"href":"https:\/\/tintenwolf.mrkeks.net\/es\/wp-json\/wp\/v2\/users\/3"}],"replies":[{"embeddable":true,"href":"https:\/\/tintenwolf.mrkeks.net\/es\/wp-json\/wp\/v2\/comments?post=5295"}],"version-history":[{"count":7,"href":"https:\/\/tintenwolf.mrkeks.net\/es\/wp-json\/wp\/v2\/pages\/5295\/revisions"}],"predecessor-version":[{"id":5703,"href":"https:\/\/tintenwolf.mrkeks.net\/es\/wp-json\/wp\/v2\/pages\/5295\/revisions\/5703"}],"up":[{"embeddable":true,"href":"https:\/\/tintenwolf.mrkeks.net\/es\/wp-json\/wp\/v2\/pages\/4715"}],"wp:attachment":[{"href":"https:\/\/tintenwolf.mrkeks.net\/es\/wp-json\/wp\/v2\/media?parent=5295"}],"curies":[{"name":"wp","href":"https:\/\/api.w.org\/{rel}","templated":true}]}}