{"id":5141,"date":"2016-04-23T17:32:52","date_gmt":"2016-04-23T15:32:52","guid":{"rendered":"http:\/\/tintenwolf.mrkeks.net\/?page_id=5141"},"modified":"2016-04-25T19:55:34","modified_gmt":"2016-04-25T17:55:34","slug":"2016-04-23-record-release-party-geigerzaehler","status":"publish","type":"page","link":"https:\/\/tintenwolf.mrkeks.net\/es\/live-in-farbe\/2016-4\/2016-04-23-record-release-party-geigerzaehler\/","title":{"rendered":"2016-04-23: Gastauftritt bei der Record Release Party von Geigerz\u00e4hler"},"content":{"rendered":"<p><a href=\"http:\/\/geigerzaehler.blogsport.de\/images\/A6flyerfront.jpg\"  data-fancybox=\"gallery\" rel=\"group-5141\"><img loading=\"lazy\" decoding=\"async\" src=\"http:\/\/geigerzaehler.blogsport.de\/images\/A6flyerfront.jpg\" alt=\"Geigerz\u00e4hler Record Release \u00bbSollbruchstellen\u00ab\" width=\"213\" height=\"300\" class=\"aligncenter size-full wp-image-5094\" \/><\/a><\/p>\n<ul>\n<li><strong>wer?<\/strong><em> <a href=\"http:\/\/geigerzaehler.blogsport.de\/\" target=\"_blank\">Geigerz\u00e4hler<\/a>, <a href=\"http:\/\/sahara.mrkeks.net\/\" target=\"_blank\">Sahara B.<\/a>, <a href=\"http:\/\/papst.blogsport.eu\/\" target=\"_blank\">Der Papst, seine Frau und sein Porsche<\/a>, Jakub (Der S\u00e4nger und Gitarrist von <a href=\"https:\/\/cornakruswa.bandcamp.com\/releases\" target=\"_blank\">\u010cORNA KRU\u0160WA<\/a>, der in diesem Fall alleine auf der B\u00fchne steht), <a href=\"http:\/\/www.missjasminepearl.com\/\" target=\"_blank\">Miss Jasmine Pearl<\/a>, <a href=\"https:\/\/www.facebook.com\/beatboxfriedel\" target=\"_blank\">Friedel<\/a>, Potter, Tintenwolf* uvm.<\/em><\/li>\n<\/ul>\n<ul>\n<li><strong>wann?<\/strong> <em>am 23. April 2016 ab 20:00 Uhr<\/em><\/li>\n<\/ul>\n<ul>\n<li><strong>wo?<\/strong> <em>in der <a href=\"http:\/\/rigaer94.squat.net\/\" target=\"_blank\">Rigaer 94<\/a> (Rigaer Str. 94, 10247 Berlin)<\/em><\/li>\n<\/ul>\n<ul>\n<li><a href=\"https:\/\/tintenwolf.mrkeks.net\/es\/sollbruchstellen-im-gefahrengebiet\/\">Rezension der CD \u00bbSollbruchstellen\u00ab<\/a><\/li>\n<\/ul>\n<p><a href=\"https:\/\/tintenwolf.mrkeks.net\/es\/live-in-farbe\/2016-4\/\">vuelta<\/a><\/p>\n<div class=\"twoclick_social_bookmarks_post_5141 social_share_privacy clearfix 1.6.4 locale-es_ES sprite-de_DE\"><\/div><div class=\"twoclick-js\"><script type=\"text\/javascript\">\/* <![CDATA[ *\/\njQuery(document).ready(function($){if($('.twoclick_social_bookmarks_post_5141')){$('.twoclick_social_bookmarks_post_5141').socialSharePrivacy({\"services\":{\"facebook\":{\"status\":\"on\",\"txt_info\":\"2 Klicks f\\u00fcr mehr Datenschutz: Erst wenn Sie hier klicken, wird der Button aktiv und Sie k\\u00f6nnen Ihre Empfehlung an Facebook senden. Schon beim Aktivieren werden Daten an Dritte \\u00fcbertragen - siehe <em>i<\\\/em>.\",\"perma_option\":\"off\",\"action\":\"recommend\",\"language\":\"de_DE\"},\"twitter\":{\"reply_to\":\"\",\"tweet_text\":\"%202016-04-23%3A%20Gastauftritt%20bei%20der%20Record%20Release%20Party%20von%20Geigerz%C3%A4hler%20%C2%BB%20...\",\"status\":\"on\",\"txt_info\":\"2 Klicks f\\u00fcr mehr Datenschutz: Erst wenn Sie hier klicken, wird der Button aktiv und Sie k\\u00f6nnen Ihre Empfehlung an Twitter senden. Schon beim Aktivieren werden Daten an Dritte \\u00fcbertragen - siehe <em>i<\\\/em>.\",\"perma_option\":\"off\",\"language\":\"de\",\"referrer_track\":\"\"},\"gplus\":{\"status\":\"on\",\"txt_info\":\"2 Klicks f\\u00fcr mehr Datenschutz: Erst wenn Sie hier klicken, wird der Button aktiv und Sie k\\u00f6nnen Ihre Empfehlung an Google+ senden. Schon beim Aktivieren werden Daten an Dritte \\u00fcbertragen - siehe <em>i<\\\/em>.\",\"perma_option\":\"off\",\"referrer_track\":\"\"}},\"txt_help\":\"Wenn Sie diese Felder durch einen Klick aktivieren, werden Informationen an Facebook, Twitter, Flattr, Xing, t3n, LinkedIn, Pinterest oder Google eventuell ins Ausland \\u00fcbertragen und unter Umst\\u00e4nden auch dort gespeichert. N\\u00e4heres erfahren Sie durch einen Klick auf das <em>i<\\\/em>.\",\"settings_perma\":\"Dauerhaft aktivieren und Daten\\u00fcber-tragung zustimmen:\",\"info_link\":\"http:\\\/\\\/www.heise.de\\\/ct\\\/artikel\\\/2-Klicks-fuer-mehr-Datenschutz-1333879.html\",\"uri\":\"https:\\\/\\\/tintenwolf.mrkeks.net\\\/es\\\/live-in-farbe\\\/2016-4\\\/2016-04-23-record-release-party-geigerzaehler\\\/\",\"post_id\":5141,\"post_title_referrer_track\":\"2016-04-23%3A+Gastauftritt+bei+der+Record+Release+Party+von+Geigerz%C3%A4hler\",\"display_infobox\":\"off\"});}});\n\/* ]]> *\/<\/script><\/div>","protected":false},"excerpt":{"rendered":"<p>wer? Geigerz\u00e4hler, Sahara B., Der Papst, seine Frau und sein Porsche, Jakub (Der S\u00e4nger und Gitarrist von \u010cORNA KRU\u0160WA, der in diesem Fall alleine auf der B\u00fchne steht), Miss Jasmine<\/p>\n","protected":false},"author":3,"featured_media":0,"parent":4715,"menu_order":0,"comment_status":"closed","ping_status":"closed","template":"","meta":{"footnotes":""},"class_list":["post-5141","page","type-page","status-publish","hentry"],"_links":{"self":[{"href":"https:\/\/tintenwolf.mrkeks.net\/es\/wp-json\/wp\/v2\/pages\/5141","targetHints":{"allow":["GET"]}}],"collection":[{"href":"https:\/\/tintenwolf.mrkeks.net\/es\/wp-json\/wp\/v2\/pages"}],"about":[{"href":"https:\/\/tintenwolf.mrkeks.net\/es\/wp-json\/wp\/v2\/types\/page"}],"author":[{"embeddable":true,"href":"https:\/\/tintenwolf.mrkeks.net\/es\/wp-json\/wp\/v2\/users\/3"}],"replies":[{"embeddable":true,"href":"https:\/\/tintenwolf.mrkeks.net\/es\/wp-json\/wp\/v2\/comments?post=5141"}],"version-history":[{"count":6,"href":"https:\/\/tintenwolf.mrkeks.net\/es\/wp-json\/wp\/v2\/pages\/5141\/revisions"}],"predecessor-version":[{"id":5174,"href":"https:\/\/tintenwolf.mrkeks.net\/es\/wp-json\/wp\/v2\/pages\/5141\/revisions\/5174"}],"up":[{"embeddable":true,"href":"https:\/\/tintenwolf.mrkeks.net\/es\/wp-json\/wp\/v2\/pages\/4715"}],"wp:attachment":[{"href":"https:\/\/tintenwolf.mrkeks.net\/es\/wp-json\/wp\/v2\/media?parent=5141"}],"curies":[{"name":"wp","href":"https:\/\/api.w.org\/{rel}","templated":true}]}}