{"id":4900,"date":"2016-01-05T12:46:12","date_gmt":"2016-01-05T10:46:12","guid":{"rendered":"http:\/\/tintenwolf.mrkeks.net\/?page_id=4900"},"modified":"2016-04-23T18:26:28","modified_gmt":"2016-04-23T16:26:28","slug":"2016-04-14-zeit-der-kirschen","status":"publish","type":"page","link":"https:\/\/tintenwolf.mrkeks.net\/es\/live-in-farbe\/2016-4\/2016-04-14-zeit-der-kirschen\/","title":{"rendered":"2016-04-13: Kulturb\u00fchne: Zeit der Kirschen \u00bbWiderstand\u00ab"},"content":{"rendered":"<p><em>Was ist Widerstand eigentlich? Sowohl in der Elektronik, der Soziologie als auch in der Psychologie und anderen Gebieten bezeichnet Widerstand eine entgegenwirkende Kraft. Wir wollen uns einen Abend lang auf musikalisch-literarischer Ebene eben diesen entgegenwirkenden Kr\u00e4ften widmen. Eine Auseinandersetzung mit inneren und \u00e4u\u00dferen Widerst\u00e4nden, dem Verh\u00e4ltnis von Protest und Widerstand, dem Widerstehen und dem sich Widersetzen wollen, \u00fcber all das und vielleicht noch mehr wollen wir uns diesmal mit Gelesenem, Gesungenem und Gesprochenem austauschen und laden euch wie immer herzlich dazu ein.<\/em><\/p>\n<p>&nbsp;<\/p>\n<ul>\n<li><strong>wer?<\/strong><em> Tintenwolf* (linksautonome Hippie-Punk-Lyrik) und <a href=\"http:\/\/sahara.mrkeks.net\/\" target=\"_blank\">Sahara B.<\/a> (l\u00e4ngere u. k\u00fcrzere (Kurz-)geschichten)<\/em><\/li>\n<\/ul>\n<ul>\n<li><strong>welche G\u00e4ste?<\/strong><em> <a href=\"http:\/\/waynelostsoul.com\/\" target=\"_blank\">Wayne Lost Soul<\/a> (Protest Songs for the modern age), <a href=\"http:\/\/dontfollowtheguru.blogsport.de\/\" target=\"_blank\">Master Al<\/a> (Hip Hop), <a href=\"https:\/\/twitter.com\/RieschazPanther\" target=\"_blank\">Leopold Rieschaz<\/a> (Gelesenes) und radow (Gelesenes und Musiziertes)<\/em><\/li>\n<\/ul>\n<ul>\n<li><strong>wann?<\/strong> <em>am 13. April 2016 ab 19:00 Uhr<\/em><\/li>\n<\/ul>\n<ul>\n<li><strong>wo?<\/strong> <em>in der <a href=\"http:\/\/www.buntekuhverein.de\/\" target=\"_blank\">Bunten Kuh<\/a> (Bernkasteler Str. 78, 13088 Berlin-Wei\u00dfensee)<\/em><\/li>\n<\/ul>\n<ul>\n<li><strong><a href=\"https:\/\/tintenwolf.mrkeks.net\/es\/2016-01-12-die-zeit-der-kirschen-faellt-aus\/\">zur Geschichte dieser Veranstaltung<\/a><\/strong><\/li>\n<\/ul>\n<ul>\n<li><a href=\"https:\/\/tintenwolf.mrkeks.net\/es\/live-in-farbe\/2016-4\/2016-01-14-zeit-der-kirschen\/\">vorherige Kulturb\u00fchne der Zeit der Kirschen<\/a><\/li>\n<\/ul>\n<ul>\n<li><a href=\"https:\/\/tintenwolf.mrkeks.net\/es\/live-in-farbe\/2016-4\/2016-06-01-zeit-der-kirschen\/\">n\u00e4chste Kulturb\u00fchne der Zeit der Kirschen<\/a><\/li>\n<\/ul>\n<p><a href=\"https:\/\/tintenwolf.mrkeks.net\/es\/live-in-farbe\/2016-4\/\">vuelta<\/a><\/p>\n<div class=\"twoclick_social_bookmarks_post_4900 social_share_privacy clearfix 1.6.4 locale-es_ES sprite-de_DE\"><\/div><div class=\"twoclick-js\"><script type=\"text\/javascript\">\/* <![CDATA[ *\/\njQuery(document).ready(function($){if($('.twoclick_social_bookmarks_post_4900')){$('.twoclick_social_bookmarks_post_4900').socialSharePrivacy({\"services\":{\"facebook\":{\"status\":\"on\",\"txt_info\":\"2 Klicks f\\u00fcr mehr Datenschutz: Erst wenn Sie hier klicken, wird der Button aktiv und Sie k\\u00f6nnen Ihre Empfehlung an Facebook senden. Schon beim Aktivieren werden Daten an Dritte \\u00fcbertragen - siehe <em>i<\\\/em>.\",\"perma_option\":\"off\",\"action\":\"recommend\",\"language\":\"de_DE\"},\"twitter\":{\"reply_to\":\"\",\"tweet_text\":\"2016-04-13%3A%20Kulturb%C3%BChne%3A%20Zeit%20der%20Kirschen%20%C2%BBWiderstand%C2%AB%20%C2%BB%20Tintenwolf\",\"status\":\"on\",\"txt_info\":\"2 Klicks f\\u00fcr mehr Datenschutz: Erst wenn Sie hier klicken, wird der Button aktiv und Sie k\\u00f6nnen Ihre Empfehlung an Twitter senden. Schon beim Aktivieren werden Daten an Dritte \\u00fcbertragen - siehe <em>i<\\\/em>.\",\"perma_option\":\"off\",\"language\":\"de\",\"referrer_track\":\"\"},\"gplus\":{\"status\":\"on\",\"txt_info\":\"2 Klicks f\\u00fcr mehr Datenschutz: Erst wenn Sie hier klicken, wird der Button aktiv und Sie k\\u00f6nnen Ihre Empfehlung an Google+ senden. Schon beim Aktivieren werden Daten an Dritte \\u00fcbertragen - siehe <em>i<\\\/em>.\",\"perma_option\":\"off\",\"referrer_track\":\"\"}},\"txt_help\":\"Wenn Sie diese Felder durch einen Klick aktivieren, werden Informationen an Facebook, Twitter, Flattr, Xing, t3n, LinkedIn, Pinterest oder Google eventuell ins Ausland \\u00fcbertragen und unter Umst\\u00e4nden auch dort gespeichert. N\\u00e4heres erfahren Sie durch einen Klick auf das <em>i<\\\/em>.\",\"settings_perma\":\"Dauerhaft aktivieren und Daten\\u00fcber-tragung zustimmen:\",\"info_link\":\"http:\\\/\\\/www.heise.de\\\/ct\\\/artikel\\\/2-Klicks-fuer-mehr-Datenschutz-1333879.html\",\"uri\":\"https:\\\/\\\/tintenwolf.mrkeks.net\\\/es\\\/live-in-farbe\\\/2016-4\\\/2016-04-14-zeit-der-kirschen\\\/\",\"post_id\":4900,\"post_title_referrer_track\":\"2016-04-13%3A+Kulturb%C3%BChne%3A+Zeit+der+Kirschen+%C2%BBWiderstand%C2%AB\",\"display_infobox\":\"off\"});}});\n\/* ]]> *\/<\/script><\/div>","protected":false},"excerpt":{"rendered":"<p>Was ist Widerstand eigentlich? Sowohl in der Elektronik, der Soziologie als auch in der Psychologie und anderen Gebieten bezeichnet Widerstand eine entgegenwirkende Kraft. Wir wollen uns einen Abend lang auf<\/p>\n","protected":false},"author":3,"featured_media":0,"parent":4715,"menu_order":0,"comment_status":"closed","ping_status":"closed","template":"","meta":{"footnotes":""},"class_list":["post-4900","page","type-page","status-publish","hentry"],"_links":{"self":[{"href":"https:\/\/tintenwolf.mrkeks.net\/es\/wp-json\/wp\/v2\/pages\/4900","targetHints":{"allow":["GET"]}}],"collection":[{"href":"https:\/\/tintenwolf.mrkeks.net\/es\/wp-json\/wp\/v2\/pages"}],"about":[{"href":"https:\/\/tintenwolf.mrkeks.net\/es\/wp-json\/wp\/v2\/types\/page"}],"author":[{"embeddable":true,"href":"https:\/\/tintenwolf.mrkeks.net\/es\/wp-json\/wp\/v2\/users\/3"}],"replies":[{"embeddable":true,"href":"https:\/\/tintenwolf.mrkeks.net\/es\/wp-json\/wp\/v2\/comments?post=4900"}],"version-history":[{"count":10,"href":"https:\/\/tintenwolf.mrkeks.net\/es\/wp-json\/wp\/v2\/pages\/4900\/revisions"}],"predecessor-version":[{"id":5155,"href":"https:\/\/tintenwolf.mrkeks.net\/es\/wp-json\/wp\/v2\/pages\/4900\/revisions\/5155"}],"up":[{"embeddable":true,"href":"https:\/\/tintenwolf.mrkeks.net\/es\/wp-json\/wp\/v2\/pages\/4715"}],"wp:attachment":[{"href":"https:\/\/tintenwolf.mrkeks.net\/es\/wp-json\/wp\/v2\/media?parent=4900"}],"curies":[{"name":"wp","href":"https:\/\/api.w.org\/{rel}","templated":true}]}}