{"id":4715,"date":"2015-09-29T15:10:00","date_gmt":"2015-09-29T13:10:00","guid":{"rendered":"http:\/\/tintenwolf.mrkeks.net\/?page_id=4715"},"modified":"2017-01-01T14:43:17","modified_gmt":"2017-01-01T12:43:17","slug":"2016-4","status":"publish","type":"page","link":"https:\/\/tintenwolf.mrkeks.net\/es\/live-in-farbe\/2016-4\/","title":{"rendered":"2016"},"content":{"rendered":"<p><a title=\"anderersaits &#038; Tintenwolf im Arcanoa\" href=\"https:\/\/tintenwolf.mrkeks.net\/es\/live-in-farbe\/2016-4\/2016-12-23-anderersaits-tintenwolf-im-arcanoa\/\"><strong>23. Dezember 2016:<\/strong><br \/>\nanderersaits &#038; Tintenwolf im Arcanoa<\/a><br \/>\n<em>(<a href=\"https:\/\/anderersaitsundtintenwolf.wordpress.com\/auftritte\/\" target=\"_blank\">anderersaits &amp; Tintenwolf<\/a>)<\/em><\/p>\n<p><a title=\"Kurzauftritt auf der Geburtstagsparty von Mr. Keks\" href=\"https:\/\/tintenwolf.mrkeks.net\/es\/live-in-farbe\/2016-4\/2016-12-03-keks-geburtstagsparty\/\"><strong>03. Dezember 2016:<\/strong><br \/>\nKurzauftritt auf der Geburtstagsparty von Mr. Keks<\/a><\/p>\n<p><a title=\"Stand Up, Speak Up, NoB\u00e4rgida! Gegen das 100. B\u00e4rgida Jubil\u00e4um!\" href=\"https:\/\/tintenwolf.mrkeks.net\/es\/live-in-farbe\/2016-4\/2016-11-26-no-baergida-jubilaeum\/\"><strong>26. November 2016:<\/strong><br \/>\nStand Up, Speak Up, NoB\u00e4rgida! Gegen das 100. B\u00e4rgida Jubil\u00e4um!<\/a><\/p>\n<p><a title=\"FAU-Solitresen im Zielona G\u00f3ra\" href=\"https:\/\/tintenwolf.mrkeks.net\/es\/live-in-farbe\/2016-4\/2016-11-12-fau-solitresen\/\"><strong>12. November 2016:<\/strong><br \/>\nFAU-Solitresen im Zielona G\u00f3ra<\/a><br \/>\n<em>(<a href=\"https:\/\/anderersaitsundtintenwolf.wordpress.com\/auftritte\/\" target=\"_blank\">anderersaits &amp; Tintenwolf<\/a>)<\/em><\/p>\n<p><a title=\"Fachvortrag \u2013 Die Varusschlacht im politischen Diskurs der Weimarer Republik\" href=\"https:\/\/tintenwolf.mrkeks.net\/es\/live-in-farbe\/2016-4\/2016-11-09-fachvortrag-varusschlacht\/\"><strong>09. November 2016:<\/strong><br \/>\nFachvortrag \u2013 Die Varusschlacht im politischen Diskurs der Weimarer Republik<\/a><\/p>\n<p><a title=\"anderersaits &#038; Tintenwolf in der K\u00d8PI\" href=\"https:\/\/tintenwolf.mrkeks.net\/es\/live-in-farbe\/2016-4\/2016-11-08-koepi\/\"><strong>08. November 2016:<\/strong><br \/>\nanderersaits &#038; Tintenwolf in der K\u00d8PI<\/a><br \/>\n<em>(<a href=\"https:\/\/anderersaitsundtintenwolf.wordpress.com\/auftritte\/\" target=\"_blank\">anderersaits &amp; Tintenwolf<\/a>)<\/em><\/p>\n<p><a title=\"Tintenwolf-Anti-Repressions-Soli \u00bbPigs are not fascists!\u00ab\" href=\"https:\/\/tintenwolf.mrkeks.net\/es\/live-in-farbe\/2016-4\/2016-10-28-tintenwolf-anti-repressions-soli\/\"><strong>28. Oktober 2016:<\/strong><br \/>\nTintenwolf-Anti-Repressions-Soli \u00bbPigs are not fascists!\u00ab<\/a><\/p>\n<p><a title=\"Gedichtvortrag im antiken Theater von Epidauros\" href=\"https:\/\/tintenwolf.mrkeks.net\/es\/live-in-farbe\/2016-4\/2016-09-19-gedichtvortrag-epidauros\/\"><strong>19. September 2016:<\/strong><br \/>\nGedichtvortrag im antiken Theater von Epidauros<\/a><\/p>\n<p><a title=\"Gastspiel bei der Wunstra-Record-Release \u00bbWaschb\u00e4rnpowa\u00ab\" href=\"https:\/\/tintenwolf.mrkeks.net\/es\/live-in-farbe\/2016-4\/2016-09-10-wunstra-record-release\/\"><strong>10. September 2016:<\/strong><br \/>\nGastspiel bei der Wunstra-Record-Release \u00bbWaschb\u00e4rnpowa\u00ab<\/a><\/p>\n<p><a title=\"Gastauftritt beim Proberaumkonzert von Patsy Stone\" href=\"https:\/\/tintenwolf.mrkeks.net\/es\/live-in-farbe\/2016-4\/2016-08-12-gastauftritt-patsy-stone\/\"><strong>12. August 2016:<\/strong><br \/>\nGastauftritt beim Proberaumkonzert von Patsy Stone<\/a><\/p>\n<p><a title=\"Kiezversammlung mit Musik vor'm M99\" href=\"https:\/\/tintenwolf.mrkeks.net\/es\/live-in-farbe\/2016-4\/2016-08-04-kiezversammlung-vorm-m99\/\"><strong>04. August 2016:<\/strong><br \/>\nKiezversammlung mit Musik vor&#8217;m M99<\/a><\/p>\n<p><a title=\"Histo-Kino \u00bbVivir la utop\u00eda\u00ab\" href=\"https:\/\/tintenwolf.mrkeks.net\/es\/live-in-farbe\/2016-4\/2016-07-26-histo-kino-vivir-la-utopia\/\"><strong>26. Juli 2016:<\/strong><br \/>\nHisto-Kino \u00bbVivir la utop\u00eda\u00ab<\/a><\/p>\n<p><a title=\"Soligala vor der Rigaer94\" href=\"https:\/\/tintenwolf.mrkeks.net\/es\/live-in-farbe\/2016-4\/2016-07-05-soligala-vor-der-rigaer94\/\"><strong>05. Juli 2016:<\/strong><br \/>\nSoligala vor der Rigaer94<\/a><\/p>\n<p><a title=\"Anti-Rep-Soliparty in Drugstore &#038; Potse\" href=\"https:\/\/tintenwolf.mrkeks.net\/es\/live-in-farbe\/2016-4\/2016-07-02-antirepsoliparty-drugstore-potse\/\"><strong>02. Juli 2016:<\/strong><br \/>\nAnti-Rep-Soliparty in Drugstore &#038; Potse<\/a><br \/>\n<em>(<a href=\"https:\/\/anderersaitsundtintenwolf.wordpress.com\/auftritte\/\" target=\"_blank\">anderersaits &amp; Tintenwolf<\/a>)<\/em><\/p>\n<p><a title=\"anderersaits &#038; Tintenwolf im Sehlis-Camp 2016\" href=\"https:\/\/tintenwolf.mrkeks.net\/es\/live-in-farbe\/2016-4\/2016-06-27-sehlis-camp-2016\/\"><strong>27. Juni 2016:<\/strong><br \/>\nanderersaits &#038; Tintenwolf im Sehlis-Camp 2016<\/a><br \/>\n<em>(<a href=\"https:\/\/anderersaitsundtintenwolf.wordpress.com\/auftritte\/\" target=\"_blank\">anderersaits &amp; Tintenwolf<\/a>)<\/em><\/p>\n<p><a title=\"im Rahmen des Schauspiels \u00bbEl Boracho \u2013 Die Geschichte vom Leben, Straucheln und gl\u00fccklichen Fortleben des Pedro Castellani\u00ab auf der LARP-Con \u00bbCastellani-Con X: El Borracho\u00ab\" href=\"https:\/\/tintenwolf.mrkeks.net\/es\/live-in-farbe\/2016-4\/2016-06-17-castellani-con-x\/\"><strong>17. Juni 2016:<\/strong><br \/>\nim Rahmen des Schauspiels \u00bbEl Boracho \u2013 Die Geschichte vom Leben, Straucheln und gl\u00fccklichen Fortleben des Pedro Castellani\u00ab auf der LARP-Con \u00bbCastellani-Con X: El Borracho\u00ab<\/a><br \/>\n<em>(<a href=\"https:\/\/tintenwolf.mrkeks.net\/satjira-project\/index.php\/Degordarak_dal_Randjasiz\" target=\"_blank\">InTime-Auftritt als Degordarak dal Randjasiz<\/a>)<\/em><\/p>\n<p><a title=\"Kulturb\u00fchne: Zeit der Kirschen \u00bbArbeit &#038; Gewerkschaft\u00ab\" href=\"https:\/\/tintenwolf.mrkeks.net\/es\/live-in-farbe\/2016-4\/2016-06-01-zeit-der-kirschen\/\"><strong>01. Juni 2016:<\/strong><br \/>\nKulturb\u00fchne: Zeit der Kirschen \u00bbArbeit &#038; Gewerkschaft\u00ab<\/a><\/p>\n<p><a title=\"Liedermacher*innenabend im Tommyhaus\" href=\"https:\/\/tintenwolf.mrkeks.net\/es\/live-in-farbe\/2016-4\/2016-05-24-liedermacherinnenabend\/\"><strong>24. Mai 2016:<\/strong><br \/>\nLiedermacher*innenabend im Tommyhaus<\/a><br \/>\n<em>(<a href=\"https:\/\/anderersaitsundtintenwolf.wordpress.com\/auftritte\/\" target=\"_blank\">anderersaits &amp; Tintenwolf<\/a>)<\/em><\/p>\n<p><a title=\"RAK-Gala-Abend 2016\" href=\"https:\/\/tintenwolf.mrkeks.net\/es\/live-in-farbe\/2016-4\/2016-05-07-rak-gala-abend-2016\/\"><strong>07. Mai 2016:<\/strong><br \/>\nRAK-Gala-Abend 2016<\/a><\/p>\n<p><a title=\"#Uniblock-Lauti beim bundesweiten Azubi-, Uni- und Schulstreik gegen Rassismus: Grenzenlose Solidarit\u00e4t statt Hetze!\" href=\"https:\/\/tintenwolf.mrkeks.net\/es\/live-in-farbe\/2016-4\/2016-04-27-bildungsstreik-uniblock\/\"><strong>27. April 2016:<\/strong><br \/>\n#Uniblock-Lauti beim bundesweiten Azubi-, Uni- und Schulstreik gegen Rassismus: Grenzenlose Solidarit\u00e4t statt Hetze!<\/a><\/p>\n<p><a title=\"Gastauftritt bei der Record Release Party von Geigerz\u00e4hler\" href=\"https:\/\/tintenwolf.mrkeks.net\/es\/live-in-farbe\/2016-4\/2016-04-23-record-release-party-geigerzaehler\/\"><strong>23. April 2016:<\/strong><br \/>\nGastauftritt bei der Record Release Party von Geigerz\u00e4hler<\/a><\/p>\n<p><a title=\"Liedermacher*innenabend im Hausprojekt Tanzende Spinne\" href=\"https:\/\/tintenwolf.mrkeks.net\/es\/live-in-farbe\/2016-4\/2016-04-22-liedermacherinnenabend-in-der-tanzenden-spinne\/\"><strong>22. April 2016:<\/strong><br \/>\nLiedermacher*innenabend im Hausprojekt Tanzende Spinne<\/a><br \/>\n<em>(<a href=\"https:\/\/anderersaitsundtintenwolf.wordpress.com\/auftritte\/\" target=\"_blank\">anderersaits &amp; Tintenwolf<\/a>)<\/em><\/p>\n<p><a title=\"Kulturb\u00fchne: Zeit der Kirschen \u00bbWiderstand\u00ab\" href=\"https:\/\/tintenwolf.mrkeks.net\/es\/live-in-farbe\/2016-4\/2016-04-14-zeit-der-kirschen\/\"><strong>13. April 2016:<\/strong><br \/>\nKulturb\u00fchne: Zeit der Kirschen \u00bbWiderstand\u00ab<\/a><\/p>\n<p><a title=\"Tintenwolf-Geburtstagskonzert\" href=\"https:\/\/tintenwolf.mrkeks.net\/es\/live-in-farbe\/2016-4\/2016-04-09-geburtstagskonzert-30-jahre-meas\/\"><strong>09. April 2016:<\/strong><br \/>\nTintenwolf-Geburtstagskonzert<\/a><\/p>\n<p><a title=\"Infoabend \u00fcber Stadtguerilla in Lateinamerika und BRD\" href=\"https:\/\/tintenwolf.mrkeks.net\/es\/live-in-farbe\/2016-4\/2016-04-04-infoabend-ueber-stadtguerilla\/\"><strong>04. April 2016:<\/strong><br \/>\nInfoabend \u00fcber Stadtguerilla in Lateinamerika und BRD<\/a><\/p>\n<p><a title=\"1. Liedermacher*in Tresen in der Scherer8\" href=\"https:\/\/tintenwolf.mrkeks.net\/es\/live-in-farbe\/2016-4\/2016-03-17-liedermacherin-tresen\/\"><strong>17. M\u00e4rz 2016:<\/strong><br \/>\n1. Liedermacher*in Tresen in der Scherer8<\/a><br \/>\n<em>(<a href=\"https:\/\/anderersaitsundtintenwolf.wordpress.com\/auftritte\/\" target=\"_blank\">anderersaits &amp; Tintenwolf<\/a>)<\/em><\/p>\n<p><a title=\"Kulturb\u00fchne: 12. Kopfstand\" href=\"https:\/\/tintenwolf.mrkeks.net\/es\/live-in-farbe\/2016-4\/2016-03-03-kopfstand\/\"><strong>03. M\u00e4rz 2016:<\/strong><br \/>\nKulturb\u00fchne: 12. Kopfstand<\/a><\/p>\n<p><a title=\"der liebe ihr aufstand\" href=\"https:\/\/tintenwolf.mrkeks.net\/es\/live-in-farbe\/2016-4\/2016-02-10-liebe-mal-anders\/\"><strong>10. Februar 2016:<\/strong><br \/>\nder liebe ihr aufstand<\/a><\/p>\n<p><a title=\"Infoabend \u00fcber Stadtguerilla in Lateinamerika und BRD\" href=\"https:\/\/tintenwolf.mrkeks.net\/es\/live-in-farbe\/2016-4\/2016-01-26-infoabend-ueber-stadtguerilla\/\"><strong>26. Januar 2016:<\/strong><br \/>\nInfoabend \u00fcber Stadtguerilla in Lateinamerika und BRD<\/a><\/p>\n<p><a href=\"https:\/\/tintenwolf.mrkeks.net\/es\/conciertos\/vergangenes\/\">vuelta<\/a><\/p>\n<div class=\"twoclick_social_bookmarks_post_4715 social_share_privacy clearfix 1.6.4 locale-es_ES sprite-de_DE\"><\/div><div class=\"twoclick-js\"><script type=\"text\/javascript\">\/* <![CDATA[ *\/\njQuery(document).ready(function($){if($('.twoclick_social_bookmarks_post_4715')){$('.twoclick_social_bookmarks_post_4715').socialSharePrivacy({\"services\":{\"facebook\":{\"status\":\"on\",\"txt_info\":\"2 Klicks f\\u00fcr mehr Datenschutz: Erst wenn Sie hier klicken, wird der Button aktiv und Sie k\\u00f6nnen Ihre Empfehlung an Facebook senden. Schon beim Aktivieren werden Daten an Dritte \\u00fcbertragen - siehe <em>i<\\\/em>.\",\"perma_option\":\"off\",\"action\":\"recommend\",\"language\":\"de_DE\"},\"twitter\":{\"reply_to\":\"\",\"tweet_text\":\"2016%20%C2%BB%20Tintenwolf\",\"status\":\"on\",\"txt_info\":\"2 Klicks f\\u00fcr mehr Datenschutz: Erst wenn Sie hier klicken, wird der Button aktiv und Sie k\\u00f6nnen Ihre Empfehlung an Twitter senden. Schon beim Aktivieren werden Daten an Dritte \\u00fcbertragen - siehe <em>i<\\\/em>.\",\"perma_option\":\"off\",\"language\":\"de\",\"referrer_track\":\"\"},\"gplus\":{\"status\":\"on\",\"txt_info\":\"2 Klicks f\\u00fcr mehr Datenschutz: Erst wenn Sie hier klicken, wird der Button aktiv und Sie k\\u00f6nnen Ihre Empfehlung an Google+ senden. Schon beim Aktivieren werden Daten an Dritte \\u00fcbertragen - siehe <em>i<\\\/em>.\",\"perma_option\":\"off\",\"referrer_track\":\"\"}},\"txt_help\":\"Wenn Sie diese Felder durch einen Klick aktivieren, werden Informationen an Facebook, Twitter, Flattr, Xing, t3n, LinkedIn, Pinterest oder Google eventuell ins Ausland \\u00fcbertragen und unter Umst\\u00e4nden auch dort gespeichert. N\\u00e4heres erfahren Sie durch einen Klick auf das <em>i<\\\/em>.\",\"settings_perma\":\"Dauerhaft aktivieren und Daten\\u00fcber-tragung zustimmen:\",\"info_link\":\"http:\\\/\\\/www.heise.de\\\/ct\\\/artikel\\\/2-Klicks-fuer-mehr-Datenschutz-1333879.html\",\"uri\":\"https:\\\/\\\/tintenwolf.mrkeks.net\\\/es\\\/live-in-farbe\\\/2016-4\\\/\",\"post_id\":4715,\"post_title_referrer_track\":\"2016\",\"display_infobox\":\"off\"});}});\n\/* ]]> *\/<\/script><\/div>","protected":false},"excerpt":{"rendered":"<p>23. Dezember 2016: anderersaits &#038; Tintenwolf im Arcanoa (anderersaits &amp; Tintenwolf) 03. Dezember 2016: Kurzauftritt auf der Geburtstagsparty von Mr. Keks 26. November 2016: Stand Up, Speak Up, NoB\u00e4rgida! Gegen<\/p>\n","protected":false},"author":3,"featured_media":0,"parent":236,"menu_order":-3,"comment_status":"closed","ping_status":"closed","template":"","meta":{"footnotes":""},"class_list":["post-4715","page","type-page","status-publish","hentry"],"_links":{"self":[{"href":"https:\/\/tintenwolf.mrkeks.net\/es\/wp-json\/wp\/v2\/pages\/4715","targetHints":{"allow":["GET"]}}],"collection":[{"href":"https:\/\/tintenwolf.mrkeks.net\/es\/wp-json\/wp\/v2\/pages"}],"about":[{"href":"https:\/\/tintenwolf.mrkeks.net\/es\/wp-json\/wp\/v2\/types\/page"}],"author":[{"embeddable":true,"href":"https:\/\/tintenwolf.mrkeks.net\/es\/wp-json\/wp\/v2\/users\/3"}],"replies":[{"embeddable":true,"href":"https:\/\/tintenwolf.mrkeks.net\/es\/wp-json\/wp\/v2\/comments?post=4715"}],"version-history":[{"count":31,"href":"https:\/\/tintenwolf.mrkeks.net\/es\/wp-json\/wp\/v2\/pages\/4715\/revisions"}],"predecessor-version":[{"id":5667,"href":"https:\/\/tintenwolf.mrkeks.net\/es\/wp-json\/wp\/v2\/pages\/4715\/revisions\/5667"}],"up":[{"embeddable":true,"href":"https:\/\/tintenwolf.mrkeks.net\/es\/wp-json\/wp\/v2\/pages\/236"}],"wp:attachment":[{"href":"https:\/\/tintenwolf.mrkeks.net\/es\/wp-json\/wp\/v2\/media?parent=4715"}],"curies":[{"name":"wp","href":"https:\/\/api.w.org\/{rel}","templated":true}]}}