{"id":4217,"date":"2015-03-19T20:00:02","date_gmt":"2015-03-19T18:00:02","guid":{"rendered":"http:\/\/tintenwolf.mrkeks.net\/?page_id=4217"},"modified":"2015-03-24T13:38:39","modified_gmt":"2015-03-24T11:38:39","slug":"2015-03-17-bis-18-blockupy-sonderzug","status":"publish","type":"page","link":"https:\/\/tintenwolf.mrkeks.net\/es\/live-in-farbe\/2015-3\/2015-03-17-bis-18-blockupy-sonderzug\/","title":{"rendered":"2015-03-17 bis 18: Blockupy-Sonderzug"},"content":{"rendered":"<ul>\n<li><strong>wer auf der Hinfahrt?<\/strong> <em>(17.03.2015)<\/em>\n<ul>\n<li><em>Tintenwolf &amp; <a href=\"http:\/\/janezahn.de\/\" target=\"_blank\">Jane Zahn<\/a><\/em><\/li>\n<li><em>No alla BCE, no all\u2019austerit\u00e0, occupiamo tutta la citt\u00e0<\/em><\/li>\n<li><em>Blockupy-Sonderzug-Choir<\/em><\/li>\n<\/ul>\n<\/li>\n<\/ul>\n<ul>\n<li><strong>wer auf der R\u00fcckfahrt?<\/strong> <em>(18.\/19.03.2015)<\/em>\n<ul>\n<li><em><a href=\"https:\/\/www.facebook.com\/vonRaben\" target=\"_blank\">von Raben<\/a><\/em><\/li>\n<li><em><a href=\"http:\/\/www.the-future-is-still-unwritten.net\/\" target=\"_blank\">The Future is Still Unwritten<\/a>: <a href=\"https:\/\/soundcloud.com\/daisychain-arma\" target=\"_blank\">Daisy Chain<\/a> &amp; <a href=\"http:\/\/www.refpolk.de\/\" target=\"_blank\">Refpolk<\/a><\/em><\/li>\n<li><em><a href=\"http:\/\/hedonist-international.org\/\" target=\"_blank\">Hedonist International<\/a><\/em><\/li>\n<li><em><a href=\"https:\/\/soundcloud.com\/djane-le-a\" target=\"_blank\">Le\u00f1a<\/a><\/em><\/li>\n<\/ul>\n<\/li>\n<\/ul>\n<ul>\n<li><strong>wo?<\/strong> <em>im <a href=\"http:\/\/berlin.blockupy-frankfurt.org\/anfahrt\/\" target=\"_blank\">Blockupy-Sonderzug<\/a> von Berlin \u00fcber Hannover und G\u00f6ttingen nach Frankfurt am Main und zur\u00fcck<\/em><\/li>\n<\/ul>\n<ul>\n<li><a href=\"http:\/\/www.lastfm.de\/event\/4080044\" target=\"_blank\">Veranstaltung bei last.fm<\/a><\/li>\n<\/ul>\n<p><a href=\"https:\/\/tintenwolf.mrkeks.net\/es\/live-in-farbe\/2015-3\/\">vuelta<\/a><\/p>\n<div class=\"twoclick_social_bookmarks_post_4217 social_share_privacy clearfix 1.6.4 locale-es_ES sprite-de_DE\"><\/div><div class=\"twoclick-js\"><script type=\"text\/javascript\">\/* <![CDATA[ *\/\njQuery(document).ready(function($){if($('.twoclick_social_bookmarks_post_4217')){$('.twoclick_social_bookmarks_post_4217').socialSharePrivacy({\"services\":{\"facebook\":{\"status\":\"on\",\"txt_info\":\"2 Klicks f\\u00fcr mehr Datenschutz: Erst wenn Sie hier klicken, wird der Button aktiv und Sie k\\u00f6nnen Ihre Empfehlung an Facebook senden. Schon beim Aktivieren werden Daten an Dritte \\u00fcbertragen - siehe <em>i<\\\/em>.\",\"perma_option\":\"off\",\"action\":\"recommend\",\"language\":\"de_DE\"},\"twitter\":{\"reply_to\":\"\",\"tweet_text\":\"2015-03-17%20bis%2018%3A%20Blockupy-Sonderzug%20%C2%BB%20Tintenwolf\",\"status\":\"on\",\"txt_info\":\"2 Klicks f\\u00fcr mehr Datenschutz: Erst wenn Sie hier klicken, wird der Button aktiv und Sie k\\u00f6nnen Ihre Empfehlung an Twitter senden. Schon beim Aktivieren werden Daten an Dritte \\u00fcbertragen - siehe <em>i<\\\/em>.\",\"perma_option\":\"off\",\"language\":\"de\",\"referrer_track\":\"\"},\"gplus\":{\"status\":\"on\",\"txt_info\":\"2 Klicks f\\u00fcr mehr Datenschutz: Erst wenn Sie hier klicken, wird der Button aktiv und Sie k\\u00f6nnen Ihre Empfehlung an Google+ senden. Schon beim Aktivieren werden Daten an Dritte \\u00fcbertragen - siehe <em>i<\\\/em>.\",\"perma_option\":\"off\",\"referrer_track\":\"\"}},\"txt_help\":\"Wenn Sie diese Felder durch einen Klick aktivieren, werden Informationen an Facebook, Twitter, Flattr, Xing, t3n, LinkedIn, Pinterest oder Google eventuell ins Ausland \\u00fcbertragen und unter Umst\\u00e4nden auch dort gespeichert. N\\u00e4heres erfahren Sie durch einen Klick auf das <em>i<\\\/em>.\",\"settings_perma\":\"Dauerhaft aktivieren und Daten\\u00fcber-tragung zustimmen:\",\"info_link\":\"http:\\\/\\\/www.heise.de\\\/ct\\\/artikel\\\/2-Klicks-fuer-mehr-Datenschutz-1333879.html\",\"uri\":\"https:\\\/\\\/tintenwolf.mrkeks.net\\\/es\\\/live-in-farbe\\\/2015-3\\\/2015-03-17-bis-18-blockupy-sonderzug\\\/\",\"post_id\":4217,\"post_title_referrer_track\":\"2015-03-17+bis+18%3A+Blockupy-Sonderzug\",\"display_infobox\":\"off\"});}});\n\/* ]]> *\/<\/script><\/div>","protected":false},"excerpt":{"rendered":"<p>wer auf der Hinfahrt? (17.03.2015) Tintenwolf &amp; Jane Zahn No alla BCE, no all\u2019austerit\u00e0, occupiamo tutta la citt\u00e0 Blockupy-Sonderzug-Choir wer auf der R\u00fcckfahrt? (18.\/19.03.2015) von Raben The Future is Still<\/p>\n","protected":false},"author":3,"featured_media":0,"parent":3885,"menu_order":0,"comment_status":"closed","ping_status":"closed","template":"","meta":{"footnotes":""},"class_list":["post-4217","page","type-page","status-publish","hentry"],"_links":{"self":[{"href":"https:\/\/tintenwolf.mrkeks.net\/es\/wp-json\/wp\/v2\/pages\/4217","targetHints":{"allow":["GET"]}}],"collection":[{"href":"https:\/\/tintenwolf.mrkeks.net\/es\/wp-json\/wp\/v2\/pages"}],"about":[{"href":"https:\/\/tintenwolf.mrkeks.net\/es\/wp-json\/wp\/v2\/types\/page"}],"author":[{"embeddable":true,"href":"https:\/\/tintenwolf.mrkeks.net\/es\/wp-json\/wp\/v2\/users\/3"}],"replies":[{"embeddable":true,"href":"https:\/\/tintenwolf.mrkeks.net\/es\/wp-json\/wp\/v2\/comments?post=4217"}],"version-history":[{"count":10,"href":"https:\/\/tintenwolf.mrkeks.net\/es\/wp-json\/wp\/v2\/pages\/4217\/revisions"}],"predecessor-version":[{"id":4266,"href":"https:\/\/tintenwolf.mrkeks.net\/es\/wp-json\/wp\/v2\/pages\/4217\/revisions\/4266"}],"up":[{"embeddable":true,"href":"https:\/\/tintenwolf.mrkeks.net\/es\/wp-json\/wp\/v2\/pages\/3885"}],"wp:attachment":[{"href":"https:\/\/tintenwolf.mrkeks.net\/es\/wp-json\/wp\/v2\/media?parent=4217"}],"curies":[{"name":"wp","href":"https:\/\/api.w.org\/{rel}","templated":true}]}}