{"id":3938,"date":"2015-01-17T19:55:31","date_gmt":"2015-01-17T17:55:31","guid":{"rendered":"http:\/\/tintenwolf.mrkeks.net\/?page_id=3938"},"modified":"2015-06-11T20:12:35","modified_gmt":"2015-06-11T18:12:35","slug":"2015-05-07-zeit-der-kirschen","status":"publish","type":"page","link":"https:\/\/tintenwolf.mrkeks.net\/es\/live-in-farbe\/2015-3\/2015-05-07-zeit-der-kirschen\/","title":{"rendered":"2015-05-07: Kulturb\u00fchne: Zeit der Kirschen meets Kopfstand \u00bbG7-Gipfel 2015\u00ab"},"content":{"rendered":"<p><a href=\"http:\/\/geigerzaehler.blogsport.de\/images\/kopfstand4_2.0klein.jpg\"  data-fancybox=\"gallery\" rel=\"group-3938\" target=\"_blank\"><img loading=\"lazy\" decoding=\"async\" class=\"aligncenter size-large wp-image-762\" alt=\"Zeit der Kirschen meets Kopfstand\" src=\"http:\/\/geigerzaehler.blogsport.de\/images\/kopfstand4_2.0klein.jpg\" width=\"342\" height=\"485\" \/><\/a><\/p>\n<p>&nbsp;<\/p>\n<ul>\n<li><strong>wer?<\/strong><em> Tintenwolf (linksautonome Hippie-Punk-Lyrik), <a href=\"http:\/\/sahara.mrkeks.net\/\" target=\"_blank\">Sahara B.<\/a> (l\u00e4ngere u. k\u00fcrzere (Kurz-)geschichten), <a href=\"https:\/\/de-de.facebook.com\/derPapst.seineFrau.undseinPorsche\" target=\"_blank\">Der Papst, seine Frau und sein Porsche<\/a> (Kopfstand) und <a href=\"http:\/\/geigerzaehler.blogsport.de\/\" target=\"_blank\">Geigerz\u00e4hler<\/a> (Kopfstand)<\/em><\/li>\n<\/ul>\n<ul>\n<li><strong>welche G\u00e4ste?<\/strong><em> <a href=\"http:\/\/dontfollowtheguru.blogsport.de\/\" target=\"_blank\">Master Al<\/a> (Hip Hop) und <a href=\"https:\/\/twitter.com\/RieschazPanther\" target=\"_blank\">Leopold Rieschaz<\/a> (Gelesenes)<\/em><\/li>\n<\/ul>\n<ul>\n<li><strong>wann?<\/strong> <em>am 07. Mai 2015 ab 19:00 Uhr<\/em><\/li>\n<\/ul>\n<ul>\n<li><strong>wo?<\/strong> <em>in der <a href=\"http:\/\/www.baiz.info\/\" target=\"_blank\">Baiz<\/a>, Sch\u00f6nhauser Allee 26a, 10435 Berlin<\/em><\/li>\n<\/ul>\n<ul>\n<li><a href=\"http:\/\/www.lastfm.de\/event\/4033882\" target=\"_blank\">Veranstaltung bei last.fm<\/a><\/li>\n<\/ul>\n<ul>\n<li><a href=\"https:\/\/tintenwolf.mrkeks.net\/es\/live-in-farbe\/2015-3\/2015-07-09-zeit-der-kirschen\/\">n\u00e4chste Kulturb\u00fchne der Zeit der Kirschen<\/a><\/li>\n<\/ul>\n<ul>\n<li><a href=\"https:\/\/tintenwolf.mrkeks.net\/es\/live-in-farbe\/2015-3\/2015-04-23-zeit-der-kirschen\/\">vorherige Kulturb\u00fchne der Zeit der Kirschen<\/a><\/li>\n<\/ul>\n<p><a href=\"https:\/\/tintenwolf.mrkeks.net\/es\/live-in-farbe\/2015-3\/\">vuelta<\/a><\/p>\n<div class=\"twoclick_social_bookmarks_post_3938 social_share_privacy clearfix 1.6.4 locale-es_ES sprite-de_DE\"><\/div><div class=\"twoclick-js\"><script type=\"text\/javascript\">\/* <![CDATA[ *\/\njQuery(document).ready(function($){if($('.twoclick_social_bookmarks_post_3938')){$('.twoclick_social_bookmarks_post_3938').socialSharePrivacy({\"services\":{\"facebook\":{\"status\":\"on\",\"txt_info\":\"2 Klicks f\\u00fcr mehr Datenschutz: Erst wenn Sie hier klicken, wird der Button aktiv und Sie k\\u00f6nnen Ihre Empfehlung an Facebook senden. Schon beim Aktivieren werden Daten an Dritte \\u00fcbertragen - siehe <em>i<\\\/em>.\",\"perma_option\":\"off\",\"action\":\"recommend\",\"language\":\"de_DE\"},\"twitter\":{\"reply_to\":\"\",\"tweet_text\":\"%202015-05-07%3A%20Kulturb%C3%BChne%3A%20Zeit%20der%20Kirschen%20meets%20Kopfstand%20%C2%BBG7-Gipfel%20...\",\"status\":\"on\",\"txt_info\":\"2 Klicks f\\u00fcr mehr Datenschutz: Erst wenn Sie hier klicken, wird der Button aktiv und Sie k\\u00f6nnen Ihre Empfehlung an Twitter senden. Schon beim Aktivieren werden Daten an Dritte \\u00fcbertragen - siehe <em>i<\\\/em>.\",\"perma_option\":\"off\",\"language\":\"de\",\"referrer_track\":\"\"},\"gplus\":{\"status\":\"on\",\"txt_info\":\"2 Klicks f\\u00fcr mehr Datenschutz: Erst wenn Sie hier klicken, wird der Button aktiv und Sie k\\u00f6nnen Ihre Empfehlung an Google+ senden. Schon beim Aktivieren werden Daten an Dritte \\u00fcbertragen - siehe <em>i<\\\/em>.\",\"perma_option\":\"off\",\"referrer_track\":\"\"}},\"txt_help\":\"Wenn Sie diese Felder durch einen Klick aktivieren, werden Informationen an Facebook, Twitter, Flattr, Xing, t3n, LinkedIn, Pinterest oder Google eventuell ins Ausland \\u00fcbertragen und unter Umst\\u00e4nden auch dort gespeichert. N\\u00e4heres erfahren Sie durch einen Klick auf das <em>i<\\\/em>.\",\"settings_perma\":\"Dauerhaft aktivieren und Daten\\u00fcber-tragung zustimmen:\",\"info_link\":\"http:\\\/\\\/www.heise.de\\\/ct\\\/artikel\\\/2-Klicks-fuer-mehr-Datenschutz-1333879.html\",\"uri\":\"https:\\\/\\\/tintenwolf.mrkeks.net\\\/es\\\/live-in-farbe\\\/2015-3\\\/2015-05-07-zeit-der-kirschen\\\/\",\"post_id\":3938,\"post_title_referrer_track\":\"2015-05-07%3A+Kulturb%C3%BChne%3A+Zeit+der+Kirschen+meets+Kopfstand+%C2%BBG7-Gipfel+2015%C2%AB\",\"display_infobox\":\"off\"});}});\n\/* ]]> *\/<\/script><\/div>","protected":false},"excerpt":{"rendered":"<p>&nbsp; wer? Tintenwolf (linksautonome Hippie-Punk-Lyrik), Sahara B. (l\u00e4ngere u. k\u00fcrzere (Kurz-)geschichten), Der Papst, seine Frau und sein Porsche (Kopfstand) und Geigerz\u00e4hler (Kopfstand) welche G\u00e4ste? Master Al (Hip Hop) und Leopold<\/p>\n","protected":false},"author":3,"featured_media":0,"parent":3885,"menu_order":0,"comment_status":"closed","ping_status":"closed","template":"","meta":{"footnotes":""},"class_list":["post-3938","page","type-page","status-publish","hentry"],"_links":{"self":[{"href":"https:\/\/tintenwolf.mrkeks.net\/es\/wp-json\/wp\/v2\/pages\/3938","targetHints":{"allow":["GET"]}}],"collection":[{"href":"https:\/\/tintenwolf.mrkeks.net\/es\/wp-json\/wp\/v2\/pages"}],"about":[{"href":"https:\/\/tintenwolf.mrkeks.net\/es\/wp-json\/wp\/v2\/types\/page"}],"author":[{"embeddable":true,"href":"https:\/\/tintenwolf.mrkeks.net\/es\/wp-json\/wp\/v2\/users\/3"}],"replies":[{"embeddable":true,"href":"https:\/\/tintenwolf.mrkeks.net\/es\/wp-json\/wp\/v2\/comments?post=3938"}],"version-history":[{"count":9,"href":"https:\/\/tintenwolf.mrkeks.net\/es\/wp-json\/wp\/v2\/pages\/3938\/revisions"}],"predecessor-version":[{"id":4299,"href":"https:\/\/tintenwolf.mrkeks.net\/es\/wp-json\/wp\/v2\/pages\/3938\/revisions\/4299"}],"up":[{"embeddable":true,"href":"https:\/\/tintenwolf.mrkeks.net\/es\/wp-json\/wp\/v2\/pages\/3885"}],"wp:attachment":[{"href":"https:\/\/tintenwolf.mrkeks.net\/es\/wp-json\/wp\/v2\/media?parent=3938"}],"curies":[{"name":"wp","href":"https:\/\/api.w.org\/{rel}","templated":true}]}}