{"id":3884,"date":"2014-12-31T16:37:21","date_gmt":"2014-12-31T14:37:21","guid":{"rendered":"http:\/\/tintenwolf.mrkeks.net\/?page_id=3884"},"modified":"2015-02-11T01:16:37","modified_gmt":"2015-02-10T23:16:37","slug":"2015-01-08-zeit-der-kirschen","status":"publish","type":"page","link":"https:\/\/tintenwolf.mrkeks.net\/es\/live-in-farbe\/2015-3\/2015-01-08-zeit-der-kirschen\/","title":{"rendered":"2015-01-08: Kulturb\u00fchne: Zeit der Kirschen \u00bbGr\u00fcne Woche demaskieren!\u00ab"},"content":{"rendered":"<p><em>Auch dieses Jahr findet die \u00bbInternationale Gr\u00fcne Woche\u00ab (IGW) vom 16.-25. Januar zum insgesamt 80. Mal in Berlin statt. Auf der international wohl bedeutendsten Messe f\u00fcr Ern\u00e4hrungswirtschaft, Landwirtschaft und Gartenbau pr\u00e4sentieren ca. 72.000 Aussteller*innen aus 116 L\u00e4ndern ihre Produkte. Als weltgr\u00f6\u00dfte Messe f\u00fcr Landwirtschaft, Ern\u00e4hrung und Gartenbau steht die \u00bbInternationale Gr\u00fcne Woche\u00ab dabei f\u00fcr Unterdr\u00fcckung und Ausbeutung nichtmenschlicher Tiere und Umweltzerst\u00f6rung im kapitalistischen Landwirtschaftssystem.<br \/>\nDie \u00bbZeit der Kirschen\u00ab-Kulturb\u00fchne im Januar wird sich mit Landwirtschaft im Allgemeinen und der \u00bbGr\u00fcnen Woche\u00ab im Speziellen besch\u00e4ftigen. Neben den eingeladenen K\u00fcnstler*innen wird es auch einen Input vom Aktionsb\u00fcndnis \u00bb<a href=\"http:\/\/gruene-woche-demaskieren.de\/\" target=\"_blank\">Gr\u00fcne Woche demaskieren!<\/a>\u00ab geben, das im Januar 2014 erstmalig anl\u00e4sslich der \u00bbInternationalen Gr\u00fcnen Woche\u00ab gegen das heutige Landwirtschafts- und Ern\u00e4hrungssystem protestiert hat und die Proteste dieses Jahr weiter fortf\u00fchren wird.<\/em><\/p>\n<p>&nbsp;<\/p>\n<ul>\n<li><strong>wer?<\/strong><em> Tintenwolf (linksautonome Hippie-Punk-Lyrik) und <a href=\"http:\/\/sahara.mrkeks.net\/\" target=\"_blank\">Sahara B.<\/a> (l\u00e4ngere u. k\u00fcrzere (Kurz-)geschichten)<\/em><\/li>\n<\/ul>\n<ul>\n<li><strong>welche G\u00e4ste?<\/strong><em> <a href=\"https:\/\/de-de.facebook.com\/torkelrap\" target=\"_blank\">Torkel T<\/a> (Zeckenfreundliche Rapmusik), <a href=\"http:\/\/wundabunt.weebly.com\/\" target=\"_blank\">der Wundabunte Straszenpunk<\/a> (Liedermacher &amp; Stra\u00dfenmusiker), Emilie Ehrlich (Gelesenes) und radow (Gelesenes und Musiziertes)<\/em><\/li>\n<\/ul>\n<ul>\n<li><strong>wann?<\/strong> <em>am 08. Januar 2015 ab 19:00 Uhr<\/em><\/li>\n<\/ul>\n<ul>\n<li><strong>wo?<\/strong> <em>in der <a href=\"http:\/\/www.baiz.info\/\" target=\"_blank\">Baiz<\/a>, Sch\u00f6nhauser Allee 26a, 10435 Berlin<\/em><\/li>\n<\/ul>\n<ul>\n<li><a href=\"http:\/\/www.lastfm.de\/event\/4025041\" target=\"_blank\">Veranstaltung bei last.fm<\/a><\/li>\n<\/ul>\n<ul>\n<li><a href=\"https:\/\/tintenwolf.mrkeks.net\/es\/live-in-farbe\/2015-3\/2015-04-23-zeit-der-kirschen\/\">n\u00e4chste Kulturb\u00fchne der Zeit der Kirschen<\/a><\/li>\n<\/ul>\n<ul>\n<li><a href=\"https:\/\/tintenwolf.mrkeks.net\/es\/live-in-farbe\/2014-2\/2014-04-17-zeit-der-kirschen\/\">vorherige Kulturb\u00fchne der Zeit der Kirschen<\/a><\/li>\n<\/ul>\n<p><a href=\"https:\/\/tintenwolf.mrkeks.net\/es\/live-in-farbe\/2015-3\/\">vuelta<\/a><\/p>\n<div class=\"twoclick_social_bookmarks_post_3884 social_share_privacy clearfix 1.6.4 locale-es_ES sprite-de_DE\"><\/div><div class=\"twoclick-js\"><script type=\"text\/javascript\">\/* <![CDATA[ *\/\njQuery(document).ready(function($){if($('.twoclick_social_bookmarks_post_3884')){$('.twoclick_social_bookmarks_post_3884').socialSharePrivacy({\"services\":{\"facebook\":{\"status\":\"on\",\"txt_info\":\"2 Klicks f\\u00fcr mehr Datenschutz: Erst wenn Sie hier klicken, wird der Button aktiv und Sie k\\u00f6nnen Ihre Empfehlung an Facebook senden. Schon beim Aktivieren werden Daten an Dritte \\u00fcbertragen - siehe <em>i<\\\/em>.\",\"perma_option\":\"off\",\"action\":\"recommend\",\"language\":\"de_DE\"},\"twitter\":{\"reply_to\":\"\",\"tweet_text\":\"%202015-01-08%3A%20Kulturb%C3%BChne%3A%20Zeit%20der%20Kirschen%20%C2%BBGr%C3%BCne%20Woche%20...\",\"status\":\"on\",\"txt_info\":\"2 Klicks f\\u00fcr mehr Datenschutz: Erst wenn Sie hier klicken, wird der Button aktiv und Sie k\\u00f6nnen Ihre Empfehlung an Twitter senden. Schon beim Aktivieren werden Daten an Dritte \\u00fcbertragen - siehe <em>i<\\\/em>.\",\"perma_option\":\"off\",\"language\":\"de\",\"referrer_track\":\"\"},\"gplus\":{\"status\":\"on\",\"txt_info\":\"2 Klicks f\\u00fcr mehr Datenschutz: Erst wenn Sie hier klicken, wird der Button aktiv und Sie k\\u00f6nnen Ihre Empfehlung an Google+ senden. Schon beim Aktivieren werden Daten an Dritte \\u00fcbertragen - siehe <em>i<\\\/em>.\",\"perma_option\":\"off\",\"referrer_track\":\"\"}},\"txt_help\":\"Wenn Sie diese Felder durch einen Klick aktivieren, werden Informationen an Facebook, Twitter, Flattr, Xing, t3n, LinkedIn, Pinterest oder Google eventuell ins Ausland \\u00fcbertragen und unter Umst\\u00e4nden auch dort gespeichert. N\\u00e4heres erfahren Sie durch einen Klick auf das <em>i<\\\/em>.\",\"settings_perma\":\"Dauerhaft aktivieren und Daten\\u00fcber-tragung zustimmen:\",\"info_link\":\"http:\\\/\\\/www.heise.de\\\/ct\\\/artikel\\\/2-Klicks-fuer-mehr-Datenschutz-1333879.html\",\"uri\":\"https:\\\/\\\/tintenwolf.mrkeks.net\\\/es\\\/live-in-farbe\\\/2015-3\\\/2015-01-08-zeit-der-kirschen\\\/\",\"post_id\":3884,\"post_title_referrer_track\":\"2015-01-08%3A+Kulturb%C3%BChne%3A+Zeit+der+Kirschen+%C2%BBGr%C3%BCne+Woche+demaskieren%21%C2%AB\",\"display_infobox\":\"off\"});}});\n\/* ]]> *\/<\/script><\/div>","protected":false},"excerpt":{"rendered":"<p>Auch dieses Jahr findet die \u00bbInternationale Gr\u00fcne Woche\u00ab (IGW) vom 16.-25. Januar zum insgesamt 80. Mal in Berlin statt. Auf der international wohl bedeutendsten Messe f\u00fcr Ern\u00e4hrungswirtschaft, Landwirtschaft und Gartenbau<\/p>\n","protected":false},"author":3,"featured_media":0,"parent":3885,"menu_order":0,"comment_status":"closed","ping_status":"closed","template":"","meta":{"footnotes":""},"class_list":["post-3884","page","type-page","status-publish","hentry"],"_links":{"self":[{"href":"https:\/\/tintenwolf.mrkeks.net\/es\/wp-json\/wp\/v2\/pages\/3884","targetHints":{"allow":["GET"]}}],"collection":[{"href":"https:\/\/tintenwolf.mrkeks.net\/es\/wp-json\/wp\/v2\/pages"}],"about":[{"href":"https:\/\/tintenwolf.mrkeks.net\/es\/wp-json\/wp\/v2\/types\/page"}],"author":[{"embeddable":true,"href":"https:\/\/tintenwolf.mrkeks.net\/es\/wp-json\/wp\/v2\/users\/3"}],"replies":[{"embeddable":true,"href":"https:\/\/tintenwolf.mrkeks.net\/es\/wp-json\/wp\/v2\/comments?post=3884"}],"version-history":[{"count":12,"href":"https:\/\/tintenwolf.mrkeks.net\/es\/wp-json\/wp\/v2\/pages\/3884\/revisions"}],"predecessor-version":[{"id":4031,"href":"https:\/\/tintenwolf.mrkeks.net\/es\/wp-json\/wp\/v2\/pages\/3884\/revisions\/4031"}],"up":[{"embeddable":true,"href":"https:\/\/tintenwolf.mrkeks.net\/es\/wp-json\/wp\/v2\/pages\/3885"}],"wp:attachment":[{"href":"https:\/\/tintenwolf.mrkeks.net\/es\/wp-json\/wp\/v2\/media?parent=3884"}],"curies":[{"name":"wp","href":"https:\/\/api.w.org\/{rel}","templated":true}]}}