{"id":3850,"date":"2014-12-15T19:13:35","date_gmt":"2014-12-15T17:13:35","guid":{"rendered":"http:\/\/tintenwolf.mrkeks.net\/?page_id=3850"},"modified":"2015-05-13T20:20:58","modified_gmt":"2015-05-13T18:20:58","slug":"2014-12-16-kvu-unplugged-spezial","status":"publish","type":"page","link":"https:\/\/tintenwolf.mrkeks.net\/es\/live-in-farbe\/2014-2\/2014-12-16-kvu-unplugged-spezial\/","title":{"rendered":"2014-12-16: KvU Unplugged III \u2013 Spezial vor der Mall of Shame"},"content":{"rendered":"<p style=\"text-align: center;\"><a href=\"http:\/\/www.leute-am-teute.de\/wp-content\/uploads\/2014\/12\/10363360_804637499574537_1270601949476964094_n.jpg\"  data-fancybox=\"gallery\" rel=\"group-3850\"><img loading=\"lazy\" decoding=\"async\" class=\"aligncenter size-medium wp-image-3851\" src=\"http:\/\/www.leute-am-teute.de\/wp-content\/uploads\/2014\/12\/10363360_804637499574537_1270601949476964094_n.jpg\" alt=\"kvu_unplugged_spezial_-_mall_of_shame\" width=\"300\" height=\"191\" \/><\/a><br \/>\nBild von <a href=\"http:\/\/www.leute-am-teute.de\/\" target=\"_blank\">http:\/\/www.leute-am-teute.de\/<\/a><\/p>\n<p><em><strong>Veranstaltungstext vom <a href=\"http:\/\/geigerzaehler.blogsport.de\/2014\/12\/12\/kvu-unplugged-spezial\/\" target=\"_blank\">Geigerz\u00e4hler<\/a>:<\/strong><br \/>\n\u201eKvU Unplugged\u201c solidarisiert sich mit den Bauarbeitern, die den Einkaufstempel \u201eMall of Berlin\u201c gebaut, daf\u00fcr immer noch keinen Lohn bekommen haben und sich zusammen mit der Basisgewerkschaft FAU dagegen wehren.<br \/>\nZu diesem Zweck organisieren wir eine Kulturkundgebung vor der Mall of Shame. Am Dienstag, den 16. Dezember wird zwischen 18:00 und 20:00 neben Redebeitr\u00e4gen ein f\u00fcr \u201eKvU \u2013 Unplugged\u201c typisches Kulturprogramm mit Bands, Lesungen und Theater stattfinden.<\/em><\/p>\n<p>\u201eKvU Unplugged\u201c entstand in den Protesten gegen die drohende R\u00e4umung des aus der linken DDR \u2013 Opposition hervorgegangenen Jugend- und Kulturzentrums KvU \u2013 Kirche von Unten. Als dieser der Strom abgedreht werden sollte, solidarisierten sich \u00fcber 30 K\u00fcnsterInnen mit einem legend\u00e4ren Kulturprogramm im Kerzenschein. Wiederholt wurde die Veranstaltung als Soliabend f\u00fcr den \u201eRefugee \u2013 Strike Berlin\u201c.<br \/>\nAm kommenden Dienstag gehen wir erstmals auf die Stra\u00dfe. Wir hoffen, in Zeiten von PEGIDA und HOGESA ein starkes Zeichen der Solidarit\u00e4t zu setzen.<\/p>\n<p>Schlie\u00dft Euch an, kommt vorbei und lauscht den Kl\u00e4ngen.<\/p>\n<p>&nbsp;<\/p>\n<ul>\n<li><strong>wer?<\/strong><em> <a href=\"http:\/\/anderersaits.wordpress.com\/\" target=\"_blank\">Anderersaits feat. Isabel<\/a>, <a href=\"http:\/\/geigerzaehler.blogsport.de\/\" target=\"_blank\">Geigerzaehler<\/a>, <a href=\"http:\/\/www.cruorhilla.de\/\" target=\"_blank\">Cruor Hilla<\/a>, Don Potter, <a href=\"http:\/\/waynelostsoul.com\/\" target=\"_blank\">Wayne Lost Soul<\/a> &amp; Tintenwolf<\/em><\/li>\n<\/ul>\n<ul>\n<li><strong>wann?<\/strong> <em>am 16. Dezember 2014 ab 18:00 Uhr<\/em><\/li>\n<\/ul>\n<ul>\n<li><strong>wo?<\/strong> <em>vor der <a href=\"https:\/\/www.facebook.com\/mallofshame\" target=\"_blank\">Mall of Shame<\/a>, Leipziger Platz, 10117 Berlin<\/em><\/li>\n<\/ul>\n<ul>\n<li><a href=\"http:\/\/www.lastfm.de\/event\/4017290\" target=\"_blank\">Veranstaltung bei last.fm<\/a><\/li>\n<\/ul>\n<p style=\"text-align: center;\"><iframe loading=\"lazy\" src=\"\/\/player.vimeo.com\/video\/115003512\" width=\"500\" height=\"281\" frameborder=\"0\" allowfullscreen=\"allowfullscreen\"><\/iframe><br \/>\n<a href=\"http:\/\/vimeo.com\/115003512\" target=\"_blank\">KvU unplugged 2014 (vor der Mall of Shame)<\/a> from <a href=\"http:\/\/vimeo.com\/ecktion\" target=\"_blank\">R.E.<\/a> on <a href=\"https:\/\/vimeo.com\/\" target=\"_blank\">Vimeo<\/a>.<\/p>\n<p><a href=\"https:\/\/tintenwolf.mrkeks.net\/es\/live-in-farbe\/2014-2\/\">vuelta<\/a><\/p>\n<div class=\"twoclick_social_bookmarks_post_3850 social_share_privacy clearfix 1.6.4 locale-es_ES sprite-de_DE\"><\/div><div class=\"twoclick-js\"><script type=\"text\/javascript\">\/* <![CDATA[ *\/\njQuery(document).ready(function($){if($('.twoclick_social_bookmarks_post_3850')){$('.twoclick_social_bookmarks_post_3850').socialSharePrivacy({\"services\":{\"facebook\":{\"status\":\"on\",\"txt_info\":\"2 Klicks f\\u00fcr mehr Datenschutz: Erst wenn Sie hier klicken, wird der Button aktiv und Sie k\\u00f6nnen Ihre Empfehlung an Facebook senden. Schon beim Aktivieren werden Daten an Dritte \\u00fcbertragen - siehe <em>i<\\\/em>.\",\"perma_option\":\"off\",\"action\":\"recommend\",\"language\":\"de_DE\"},\"twitter\":{\"reply_to\":\"\",\"tweet_text\":\"%202014-12-16%3A%20KvU%20Unplugged%20III%20%E2%80%93%20Spezial%20vor%20der%20Mall%20of%20Shame%20%C2%BB%20...\",\"status\":\"on\",\"txt_info\":\"2 Klicks f\\u00fcr mehr Datenschutz: Erst wenn Sie hier klicken, wird der Button aktiv und Sie k\\u00f6nnen Ihre Empfehlung an Twitter senden. Schon beim Aktivieren werden Daten an Dritte \\u00fcbertragen - siehe <em>i<\\\/em>.\",\"perma_option\":\"off\",\"language\":\"de\",\"referrer_track\":\"\"},\"gplus\":{\"status\":\"on\",\"txt_info\":\"2 Klicks f\\u00fcr mehr Datenschutz: Erst wenn Sie hier klicken, wird der Button aktiv und Sie k\\u00f6nnen Ihre Empfehlung an Google+ senden. Schon beim Aktivieren werden Daten an Dritte \\u00fcbertragen - siehe <em>i<\\\/em>.\",\"perma_option\":\"off\",\"referrer_track\":\"\"}},\"txt_help\":\"Wenn Sie diese Felder durch einen Klick aktivieren, werden Informationen an Facebook, Twitter, Flattr, Xing, t3n, LinkedIn, Pinterest oder Google eventuell ins Ausland \\u00fcbertragen und unter Umst\\u00e4nden auch dort gespeichert. N\\u00e4heres erfahren Sie durch einen Klick auf das <em>i<\\\/em>.\",\"settings_perma\":\"Dauerhaft aktivieren und Daten\\u00fcber-tragung zustimmen:\",\"info_link\":\"http:\\\/\\\/www.heise.de\\\/ct\\\/artikel\\\/2-Klicks-fuer-mehr-Datenschutz-1333879.html\",\"uri\":\"https:\\\/\\\/tintenwolf.mrkeks.net\\\/es\\\/live-in-farbe\\\/2014-2\\\/2014-12-16-kvu-unplugged-spezial\\\/\",\"post_id\":3850,\"post_title_referrer_track\":\"2014-12-16%3A+KvU+Unplugged+III+%E2%80%93+Spezial+vor+der+Mall+of+Shame\",\"display_infobox\":\"off\"});}});\n\/* ]]> *\/<\/script><\/div>","protected":false},"excerpt":{"rendered":"<p>Bild von http:\/\/www.leute-am-teute.de\/ Veranstaltungstext vom Geigerz\u00e4hler: \u201eKvU Unplugged\u201c solidarisiert sich mit den Bauarbeitern, die den Einkaufstempel \u201eMall of Berlin\u201c gebaut, daf\u00fcr immer noch keinen Lohn bekommen haben und sich zusammen<\/p>\n","protected":false},"author":3,"featured_media":0,"parent":1298,"menu_order":0,"comment_status":"closed","ping_status":"closed","template":"","meta":{"footnotes":""},"class_list":["post-3850","page","type-page","status-publish","hentry"],"_links":{"self":[{"href":"https:\/\/tintenwolf.mrkeks.net\/es\/wp-json\/wp\/v2\/pages\/3850","targetHints":{"allow":["GET"]}}],"collection":[{"href":"https:\/\/tintenwolf.mrkeks.net\/es\/wp-json\/wp\/v2\/pages"}],"about":[{"href":"https:\/\/tintenwolf.mrkeks.net\/es\/wp-json\/wp\/v2\/types\/page"}],"author":[{"embeddable":true,"href":"https:\/\/tintenwolf.mrkeks.net\/es\/wp-json\/wp\/v2\/users\/3"}],"replies":[{"embeddable":true,"href":"https:\/\/tintenwolf.mrkeks.net\/es\/wp-json\/wp\/v2\/comments?post=3850"}],"version-history":[{"count":7,"href":"https:\/\/tintenwolf.mrkeks.net\/es\/wp-json\/wp\/v2\/pages\/3850\/revisions"}],"predecessor-version":[{"id":4335,"href":"https:\/\/tintenwolf.mrkeks.net\/es\/wp-json\/wp\/v2\/pages\/3850\/revisions\/4335"}],"up":[{"embeddable":true,"href":"https:\/\/tintenwolf.mrkeks.net\/es\/wp-json\/wp\/v2\/pages\/1298"}],"wp:attachment":[{"href":"https:\/\/tintenwolf.mrkeks.net\/es\/wp-json\/wp\/v2\/media?parent=3850"}],"curies":[{"name":"wp","href":"https:\/\/api.w.org\/{rel}","templated":true}]}}