{"id":2892,"date":"2014-09-18T22:15:18","date_gmt":"2014-09-18T20:15:18","guid":{"rendered":"http:\/\/tintenwolf.mrkeks.net\/?page_id=2892"},"modified":"2025-11-08T00:17:34","modified_gmt":"2025-11-07T22:17:34","slug":"acerca-de-mi","status":"publish","type":"page","link":"https:\/\/tintenwolf.mrkeks.net\/es\/acerca-de-mi\/","title":{"rendered":"Acerca de m\u00ed"},"content":{"rendered":"<p><a href=\"https:\/\/tintenwolf.mrkeks.net\/wp-content\/uploads\/2019\/07\/Scheinwelt-Fotoshooting2019_08.jpg\"  data-fancybox=\"gallery\" rel=\"group-2892\"><img loading=\"lazy\" decoding=\"async\" class=\"size-medium wp-image-1673 aligncenter\" src=\"https:\/\/tintenwolf.mrkeks.net\/wp-content\/uploads\/2019\/07\/Scheinwelt-Fotoshooting2019_08_klein-1024x683.jpg\" alt=\"MeasWolfstatze2\" width=\"480\" height=\"320\" \/><\/a><\/p>\n<p style=\"text-align: right;\">\u00bbEl mundo est\u00e1 desesperadamente necesitado de una unidad, y si no conseguimos conciliar el m\u00ednimo de esa unidad, no llegaremos a ninguna parte.\u00ab<br \/>\n&#8211; Fidel Castro, el 17 de noviembre de 2005<\/p>\n<p>Tintenwolf (tambi\u00e9n llamado Meas Wolf), que significa \u00bblobo de tinta\u00ab, escribe poemas sobre cuestiones pol\u00edticas, preguntas sobre el sentido de la vida y el amor. Algunos poemas fueron musicalizados junto con otr@s artistas. Es marxista con ra\u00edces aut\u00f3nomas y tambi\u00e9n anarquistas.<\/p>\n<div class=\"twoclick_social_bookmarks_post_2892 social_share_privacy clearfix 1.6.4 locale-es_ES sprite-de_DE\"><\/div><div class=\"twoclick-js\"><script type=\"text\/javascript\">\/* <![CDATA[ *\/\njQuery(document).ready(function($){if($('.twoclick_social_bookmarks_post_2892')){$('.twoclick_social_bookmarks_post_2892').socialSharePrivacy({\"services\":{\"facebook\":{\"status\":\"on\",\"txt_info\":\"2 Klicks f\\u00fcr mehr Datenschutz: Erst wenn Sie hier klicken, wird der Button aktiv und Sie k\\u00f6nnen Ihre Empfehlung an Facebook senden. Schon beim Aktivieren werden Daten an Dritte \\u00fcbertragen - siehe <em>i<\\\/em>.\",\"perma_option\":\"off\",\"action\":\"recommend\",\"language\":\"de_DE\"},\"twitter\":{\"reply_to\":\"\",\"tweet_text\":\"Acerca%20de%20m%C3%AD%20%C2%BB%20Tintenwolf\",\"status\":\"on\",\"txt_info\":\"2 Klicks f\\u00fcr mehr Datenschutz: Erst wenn Sie hier klicken, wird der Button aktiv und Sie k\\u00f6nnen Ihre Empfehlung an Twitter senden. Schon beim Aktivieren werden Daten an Dritte \\u00fcbertragen - siehe <em>i<\\\/em>.\",\"perma_option\":\"off\",\"language\":\"de\",\"referrer_track\":\"\"},\"gplus\":{\"status\":\"on\",\"txt_info\":\"2 Klicks f\\u00fcr mehr Datenschutz: Erst wenn Sie hier klicken, wird der Button aktiv und Sie k\\u00f6nnen Ihre Empfehlung an Google+ senden. Schon beim Aktivieren werden Daten an Dritte \\u00fcbertragen - siehe <em>i<\\\/em>.\",\"perma_option\":\"off\",\"referrer_track\":\"\"}},\"txt_help\":\"Wenn Sie diese Felder durch einen Klick aktivieren, werden Informationen an Facebook, Twitter, Flattr, Xing, t3n, LinkedIn, Pinterest oder Google eventuell ins Ausland \\u00fcbertragen und unter Umst\\u00e4nden auch dort gespeichert. N\\u00e4heres erfahren Sie durch einen Klick auf das <em>i<\\\/em>.\",\"settings_perma\":\"Dauerhaft aktivieren und Daten\\u00fcber-tragung zustimmen:\",\"info_link\":\"http:\\\/\\\/www.heise.de\\\/ct\\\/artikel\\\/2-Klicks-fuer-mehr-Datenschutz-1333879.html\",\"uri\":\"https:\\\/\\\/tintenwolf.mrkeks.net\\\/es\\\/acerca-de-mi\\\/\",\"post_id\":2892,\"post_title_referrer_track\":\"Acerca+de+m%C3%AD\",\"display_infobox\":\"off\"});}});\n\/* ]]> *\/<\/script><\/div>","protected":false},"excerpt":{"rendered":"<p>\u00bbEl mundo est\u00e1 desesperadamente necesitado de una unidad, y si no conseguimos conciliar el m\u00ednimo de esa unidad, no llegaremos a ninguna parte.\u00ab &#8211; Fidel Castro, el 17 de noviembre<\/p>\n","protected":false},"author":3,"featured_media":0,"parent":0,"menu_order":14,"comment_status":"closed","ping_status":"closed","template":"","meta":{"footnotes":""},"class_list":["post-2892","page","type-page","status-publish","hentry"],"_links":{"self":[{"href":"https:\/\/tintenwolf.mrkeks.net\/es\/wp-json\/wp\/v2\/pages\/2892","targetHints":{"allow":["GET"]}}],"collection":[{"href":"https:\/\/tintenwolf.mrkeks.net\/es\/wp-json\/wp\/v2\/pages"}],"about":[{"href":"https:\/\/tintenwolf.mrkeks.net\/es\/wp-json\/wp\/v2\/types\/page"}],"author":[{"embeddable":true,"href":"https:\/\/tintenwolf.mrkeks.net\/es\/wp-json\/wp\/v2\/users\/3"}],"replies":[{"embeddable":true,"href":"https:\/\/tintenwolf.mrkeks.net\/es\/wp-json\/wp\/v2\/comments?post=2892"}],"version-history":[{"count":18,"href":"https:\/\/tintenwolf.mrkeks.net\/es\/wp-json\/wp\/v2\/pages\/2892\/revisions"}],"predecessor-version":[{"id":8379,"href":"https:\/\/tintenwolf.mrkeks.net\/es\/wp-json\/wp\/v2\/pages\/2892\/revisions\/8379"}],"wp:attachment":[{"href":"https:\/\/tintenwolf.mrkeks.net\/es\/wp-json\/wp\/v2\/media?parent=2892"}],"curies":[{"name":"wp","href":"https:\/\/api.w.org\/{rel}","templated":true}]}}