{"id":2228,"date":"2014-07-03T15:02:16","date_gmt":"2014-07-03T13:02:16","guid":{"rendered":"http:\/\/tintenwolf.mrkeks.net\/?page_id=2228"},"modified":"2015-01-17T19:38:50","modified_gmt":"2015-01-17T17:38:50","slug":"2014-07-19-tbk-soli","status":"publish","type":"page","link":"https:\/\/tintenwolf.mrkeks.net\/es\/live-in-farbe\/2014-2\/2014-07-19-tbk-soli\/","title":{"rendered":"2014-07-19: SOLIPARTY f\u00fcr den 4in1-Befreiungskongress"},"content":{"rendered":"<ul>\n<li><strong>wer?<\/strong><em> <a href=\"http:\/\/www.albino-online.de\/\" target=\"_blank\">Albino<\/a>, <a href=\"https:\/\/de-de.facebook.com\/pages\/Master-Al\/563492403709732\" target=\"_blank\">Master Al<\/a>, Tintenwolf\/Meas Wolfstatze, <a href=\"http:\/\/jillyskid.tk\/\" target=\"_blank\">Jilly Skid<\/a>\/<a href=\"http:\/\/www.lastfm.de\/music\/Jilly+Skid+feat.+Meas+Wolfstatze\" target=\"_blank\">Jilly Skid feat. Meas Wolfstatze<\/a>, <a href=\"http:\/\/sahara.mrkeks.net\/\" target=\"_blank\">Sahara B.<\/a> und Stethoscope Allstars<\/em><\/li>\n<\/ul>\n<ul>\n<li><strong>wann?<\/strong> <em>am 19. Juli 2014 ab 20:00 Uhr<\/em><\/li>\n<\/ul>\n<ul>\n<li><strong>wo?<\/strong> <em>in der <a href=\"http:\/\/www.buntekuhverein.de\/\" target=\"_blank\">Bunten Kuh<\/a>, Bernkasteler Str. 78, 13088 Berlin-Wei\u00dfensee<\/em><\/li>\n<\/ul>\n<ul>\n<li><strong>Eintritt?<\/strong> <em>Spende (ca. 3 bis 7 Euro)<\/em><\/li>\n<\/ul>\n<ul>\n<li>mit veganer K\u00fcfA (K\u00fcche f\u00fcr Alle)<\/li>\n<\/ul>\n<ul>\n<li><a href=\"http:\/\/www.tbk.mobi\/\" target=\"_blank\">Website zum Kongress<\/a><\/li>\n<\/ul>\n<ul>\n<li>Veranstaltung bei <a href=\"http:\/\/www.lastfm.de\/event\/3908601\" target=\"_blank\">last.fm<\/a> und bei <a href=\"https:\/\/www.facebook.com\/events\/1434931420119457\/\" target=\"_blank\">fb<\/a><\/li>\n<\/ul>\n<p style=\"text-align: center;\"><a title=\"Meas Wolfstatze\" href=\"https:\/\/tintenwolf.mrkeks.net\/wp-content\/uploads\/2014\/08\/2014-07-19_-_Tintenwolf_01.jpg\"  data-fancybox=\"gallery\" rel=\"group-2228\"><img loading=\"lazy\" decoding=\"async\" src=\"https:\/\/tintenwolf.mrkeks.net\/wp-content\/uploads\/2014\/08\/2014-07-19_-_Tintenwolf_01-150x150.jpg\" alt=\"2014-07-19_-_Tintenwolf_01\" width=\"150\" height=\"150\" \/><\/a> <a title=\"Sahara B.\" href=\"https:\/\/tintenwolf.mrkeks.net\/wp-content\/uploads\/2014\/08\/2014-07-19_-_Sahara_B_01.jpg\"  data-fancybox=\"gallery\" rel=\"group-2228\"><img loading=\"lazy\" decoding=\"async\" src=\"https:\/\/tintenwolf.mrkeks.net\/wp-content\/uploads\/2014\/08\/2014-07-19_-_Sahara_B_01-150x150.jpg\" alt=\"2014-07-19_-_Sahara_B_01\" width=\"150\" height=\"150\" \/><\/a><br \/>\n<a title=\"Jilly Skid feat. Meas Wolfstatze\" href=\"https:\/\/tintenwolf.mrkeks.net\/wp-content\/uploads\/2014\/08\/2014-07-19_-_Jilly_Skid_feat_Meas_Wolfstatze_02.jpg\"  data-fancybox=\"gallery\" rel=\"group-2228\"><img loading=\"lazy\" decoding=\"async\" src=\"https:\/\/tintenwolf.mrkeks.net\/wp-content\/uploads\/2014\/08\/2014-07-19_-_Jilly_Skid_feat_Meas_Wolfstatze_02-150x150.jpg\" alt=\"2014-07-19_-_Jilly_Skid_feat_Meas_Wolfstatze_02\" width=\"150\" height=\"150\" \/><\/a> <a title=\"Jilly Skid\" href=\"https:\/\/tintenwolf.mrkeks.net\/wp-content\/uploads\/2014\/08\/2014-07-19_-_Jilly_Skid_03.jpg\"  data-fancybox=\"gallery\" rel=\"group-2228\"><img loading=\"lazy\" decoding=\"async\" src=\"https:\/\/tintenwolf.mrkeks.net\/wp-content\/uploads\/2014\/08\/2014-07-19_-_Jilly_Skid_03-150x150.jpg\" alt=\"2014-07-19_-_Jilly_Skid_03\" width=\"150\" height=\"150\" \/><\/a><\/p>\n<p>&nbsp;<\/p>\n<p><a href=\"https:\/\/tintenwolf.mrkeks.net\/es\/live-in-farbe\/2014-2\/\">vuelta<\/a><\/p>\n<div class=\"twoclick_social_bookmarks_post_2228 social_share_privacy clearfix 1.6.4 locale-es_ES sprite-de_DE\"><\/div><div class=\"twoclick-js\"><script type=\"text\/javascript\">\/* <![CDATA[ *\/\njQuery(document).ready(function($){if($('.twoclick_social_bookmarks_post_2228')){$('.twoclick_social_bookmarks_post_2228').socialSharePrivacy({\"services\":{\"facebook\":{\"status\":\"on\",\"txt_info\":\"2 Klicks f\\u00fcr mehr Datenschutz: Erst wenn Sie hier klicken, wird der Button aktiv und Sie k\\u00f6nnen Ihre Empfehlung an Facebook senden. Schon beim Aktivieren werden Daten an Dritte \\u00fcbertragen - siehe <em>i<\\\/em>.\",\"perma_option\":\"off\",\"action\":\"recommend\",\"language\":\"de_DE\"},\"twitter\":{\"reply_to\":\"\",\"tweet_text\":\"2014-07-19%3A%20SOLIPARTY%20f%C3%BCr%20den%204in1-Befreiungskongress%20%C2%BB%20Tintenwolf\",\"status\":\"on\",\"txt_info\":\"2 Klicks f\\u00fcr mehr Datenschutz: Erst wenn Sie hier klicken, wird der Button aktiv und Sie k\\u00f6nnen Ihre Empfehlung an Twitter senden. Schon beim Aktivieren werden Daten an Dritte \\u00fcbertragen - siehe <em>i<\\\/em>.\",\"perma_option\":\"off\",\"language\":\"de\",\"referrer_track\":\"\"},\"gplus\":{\"status\":\"on\",\"txt_info\":\"2 Klicks f\\u00fcr mehr Datenschutz: Erst wenn Sie hier klicken, wird der Button aktiv und Sie k\\u00f6nnen Ihre Empfehlung an Google+ senden. Schon beim Aktivieren werden Daten an Dritte \\u00fcbertragen - siehe <em>i<\\\/em>.\",\"perma_option\":\"off\",\"referrer_track\":\"\"}},\"txt_help\":\"Wenn Sie diese Felder durch einen Klick aktivieren, werden Informationen an Facebook, Twitter, Flattr, Xing, t3n, LinkedIn, Pinterest oder Google eventuell ins Ausland \\u00fcbertragen und unter Umst\\u00e4nden auch dort gespeichert. N\\u00e4heres erfahren Sie durch einen Klick auf das <em>i<\\\/em>.\",\"settings_perma\":\"Dauerhaft aktivieren und Daten\\u00fcber-tragung zustimmen:\",\"info_link\":\"http:\\\/\\\/www.heise.de\\\/ct\\\/artikel\\\/2-Klicks-fuer-mehr-Datenschutz-1333879.html\",\"uri\":\"https:\\\/\\\/tintenwolf.mrkeks.net\\\/es\\\/live-in-farbe\\\/2014-2\\\/2014-07-19-tbk-soli\\\/\",\"post_id\":2228,\"post_title_referrer_track\":\"2014-07-19%3A+SOLIPARTY+f%C3%BCr+den+4in1-Befreiungskongress\",\"display_infobox\":\"off\"});}});\n\/* ]]> *\/<\/script><\/div>","protected":false},"excerpt":{"rendered":"<p>wer? Albino, Master Al, Tintenwolf\/Meas Wolfstatze, Jilly Skid\/Jilly Skid feat. Meas Wolfstatze, Sahara B. und Stethoscope Allstars wann? am 19. Juli 2014 ab 20:00 Uhr wo? in der Bunten Kuh,<\/p>\n","protected":false},"author":3,"featured_media":0,"parent":1298,"menu_order":0,"comment_status":"closed","ping_status":"closed","template":"","meta":{"footnotes":""},"class_list":["post-2228","page","type-page","status-publish","hentry"],"_links":{"self":[{"href":"https:\/\/tintenwolf.mrkeks.net\/es\/wp-json\/wp\/v2\/pages\/2228","targetHints":{"allow":["GET"]}}],"collection":[{"href":"https:\/\/tintenwolf.mrkeks.net\/es\/wp-json\/wp\/v2\/pages"}],"about":[{"href":"https:\/\/tintenwolf.mrkeks.net\/es\/wp-json\/wp\/v2\/types\/page"}],"author":[{"embeddable":true,"href":"https:\/\/tintenwolf.mrkeks.net\/es\/wp-json\/wp\/v2\/users\/3"}],"replies":[{"embeddable":true,"href":"https:\/\/tintenwolf.mrkeks.net\/es\/wp-json\/wp\/v2\/comments?post=2228"}],"version-history":[{"count":12,"href":"https:\/\/tintenwolf.mrkeks.net\/es\/wp-json\/wp\/v2\/pages\/2228\/revisions"}],"predecessor-version":[{"id":3911,"href":"https:\/\/tintenwolf.mrkeks.net\/es\/wp-json\/wp\/v2\/pages\/2228\/revisions\/3911"}],"up":[{"embeddable":true,"href":"https:\/\/tintenwolf.mrkeks.net\/es\/wp-json\/wp\/v2\/pages\/1298"}],"wp:attachment":[{"href":"https:\/\/tintenwolf.mrkeks.net\/es\/wp-json\/wp\/v2\/media?parent=2228"}],"curies":[{"name":"wp","href":"https:\/\/api.w.org\/{rel}","templated":true}]}}