{"id":2203,"date":"2014-07-01T21:17:31","date_gmt":"2014-07-01T19:17:31","guid":{"rendered":"http:\/\/tintenwolf.mrkeks.net\/?page_id=2203"},"modified":"2024-10-21T20:35:41","modified_gmt":"2024-10-21T18:35:41","slug":"2014-als-ich-mir-nicht-anders-zu-helfen-wusste","status":"publish","type":"page","link":"https:\/\/tintenwolf.mrkeks.net\/konsumierbares\/2014-als-ich-mir-nicht-anders-zu-helfen-wusste\/","title":{"rendered":"(2014) &#8230; als ich mir nicht anders zu helfen wusste."},"content":{"rendered":"<p>Mein musikalisches Erstlingswerk <a title=\"Record Release Party \u00bb\u2026 als ich mir nicht anders zu helfen wusste.\u00ab\" href=\"https:\/\/tintenwolf.mrkeks.net\/record-release-party-2014-07-27\/\">erschien am 27.07.2014<\/a>. Der Kostenpunkt liegt nach eigenem Ermessen irgendwo zwischen f\u00fcnf und zehn Euro. Hinzu kommen drei Euro f\u00fcr Verpackung und Versand. Die CD ist \u00fcber <a title=\"ab daf\u00fcr! records\" href=\"http:\/\/www.ab-dafuer-records.de\/\" target=\"_blank\" rel=\"noopener noreferrer\">ab daf\u00fcr! records<\/a> und <a title=\"Tintenwolf Records\" href=\"http:\/\/www.lastfm.de\/label\/Tintenwolf+Records\" target=\"_blank\" rel=\"noopener noreferrer\">Tintenwolf Records<\/a> erschienen.<\/p>\n<p><strong>Bei Interesse <a href=\"https:\/\/tintenwolf.mrkeks.net\/kontakt\/\" title=\"Kontakt\">schreibt mich einfach an<\/a> oder wendet euch an den <a title=\"JumpUp Mailorder\" href=\"http:\/\/www.jumpup.de\/CD\/als-ich-mir-nicht-anders-zu-helfen-wusste-CD.html\" target=\"_blank\" rel=\"noopener noreferrer\">JumpUp Mailorder<\/a>.<\/strong><\/p>\n<p><strong>&#8216;Ne Rezension vom \u24b6-Radio Berlin findet ihr <a href=\"https:\/\/tintenwolf.mrkeks.net\/ne-rezension-2014-oktober\/\" title=\"Kontakt\">hier<\/a>.<\/strong><\/p>\n<p><strong>Die CD als zip-Archiv zum downloaden findet sich <a href=\"https:\/\/tintenwolf.mrkeks.net\/wp-content\/uploads\/2015\/01\/2014_als_ich_mir_nicht_anders_zu_helfen_wusste.zip\" title=\"Kontakt\">hier<\/a>.<\/strong><\/p>\n<p><strong><a href=\"https:\/\/tintenwolf.mrkeks.net\/tag\/als-ich-mir-nicht-anders-zu-helfen-wusste\/\">Beitr\u00e4ge<\/a> zu diesem Album.<\/strong><\/p>\n<p>&nbsp;<br \/>\n<a href=\"https:\/\/tintenwolf.mrkeks.net\/wp-content\/uploads\/2014\/07\/2014_als_ich_mir_nicht_anders_zu_helfen_wusste_-_cd_cover_front.jpg\"  data-fancybox=\"gallery\" rel=\"group-2203\"><img loading=\"lazy\" decoding=\"async\" class=\"aligncenter size-medium wp-image-2200\" alt=\"(2014)_als_ich_mir_nicht_anders_zu_helfen_wusste_-_cd_cover_front\" src=\"https:\/\/tintenwolf.mrkeks.net\/wp-content\/uploads\/2014\/07\/2014_als_ich_mir_nicht_anders_zu_helfen_wusste_-_cd_cover_front-300x278.jpg\" width=\"300\" height=\"278\" srcset=\"https:\/\/tintenwolf.mrkeks.net\/wp-content\/uploads\/2014\/07\/2014_als_ich_mir_nicht_anders_zu_helfen_wusste_-_cd_cover_front-300x278.jpg 300w, https:\/\/tintenwolf.mrkeks.net\/wp-content\/uploads\/2014\/07\/2014_als_ich_mir_nicht_anders_zu_helfen_wusste_-_cd_cover_front-1024x951.jpg 1024w, https:\/\/tintenwolf.mrkeks.net\/wp-content\/uploads\/2014\/07\/2014_als_ich_mir_nicht_anders_zu_helfen_wusste_-_cd_cover_front.jpg 1564w\" sizes=\"auto, (max-width: 300px) 100vw, 300px\" \/><\/a><\/p>\n<p><strong>Tracks:<\/strong><br \/>\n01. Ich stehe am Fenster <em>(mit <a href=\"https:\/\/tintenwolf.mrkeks.net\/vertonte-gedichte\/#Grog\" title=\"Grog\">Grog<\/a>)<\/em> <a href=\"https:\/\/tintenwolf.mrkeks.net\/ich-stehe-am-fenster\/\" title=\"Ich stehe am Fenster\">\u279a<\/a><br \/>\n02. Zwischen Schatten und Licht <em>(mit <a href=\"https:\/\/tintenwolf.mrkeks.net\/vertonte-gedichte\/#Franzi_Graube\" title=\"Franzi Graube\">Franzi Graube<\/a>)<\/em> <a href=\"https:\/\/tintenwolf.mrkeks.net\/zwischen-schatten-und-licht\/\" title=\"Zwischen Schatten und Licht\">\u279a<\/a><br \/>\n03. Lelia <em>(mit <a href=\"https:\/\/tintenwolf.mrkeks.net\/vertonte-gedichte\/#Franzi_Graube\" title=\"Franzi Graube\">Franzi Graube<\/a>)<\/em> <a href=\"https:\/\/tintenwolf.mrkeks.net\/lelia\/\" title=\"Lelia\">\u279a<\/a><br \/>\n04. Rausch <em>(mit <a href=\"https:\/\/tintenwolf.mrkeks.net\/vertonte-gedichte\/#Franzi_Graube\" title=\"Franzi Graube\">Franzi Graube<\/a>)<\/em> <a href=\"https:\/\/tintenwolf.mrkeks.net\/rausch\/\" title=\"Rausch\">\u279a<\/a><br \/>\n05. Das flammende Herz <em>(mit <a href=\"https:\/\/tintenwolf.mrkeks.net\/vertonte-gedichte\/#Mathis\" title=\"Mathis\">Mathis<\/a>)<\/em> <a href=\"https:\/\/tintenwolf.mrkeks.net\/das-flammende-herz\/\" title=\"Das flammende Herz\">\u279a<\/a><br \/>\n06. Compa\u00f1era <em>(mit <a href=\"https:\/\/tintenwolf.mrkeks.net\/vertonte-gedichte\/#Tobias_Thiele\" title=\"Tobias Thiele\">Tobias Thiele<\/a>)<\/em> <a href=\"https:\/\/tintenwolf.mrkeks.net\/companera\/\" title=\"Compa\u00f1era\">\u279a<\/a><br \/>\n07. Outlaw <em>(mit <a href=\"https:\/\/tintenwolf.mrkeks.net\/vertonte-gedichte\/#Wundabunta_Straszenpunk\" title=\"Sandro dem Wundabunten Straszenpunk\">Sandro dem Wundabunten Straszenpunk<\/a>)<\/em> <a href=\"https:\/\/tintenwolf.mrkeks.net\/outlaw\/\" title=\"Outlaw\">\u279a<\/a><br \/>\n08. Das Tier <a href=\"https:\/\/tintenwolf.mrkeks.net\/das-tier\/\" title=\"Das Tier\">\u279a<\/a><br \/>\n09. Die Uhr und der Sinn <em>(mit <a href=\"https:\/\/tintenwolf.mrkeks.net\/vertonte-gedichte\/#Anderersaits\" title=\"Anderersaits\">Anderersaits<\/a>)<\/em> <a href=\"https:\/\/tintenwolf.mrkeks.net\/die-uhr-und-der-sinn\/\" title=\"Die Uhr und der Sinn\">\u279a<\/a><br \/>\n10. autonom <em>(mit <a href=\"https:\/\/tintenwolf.mrkeks.net\/vertonte-gedichte\/#Wanda_Thot\" title=\"Wanda Thot\">Wanda Thot<\/a>)<\/em> <a href=\"https:\/\/tintenwolf.mrkeks.net\/autonom\/\" title=\"autonom\">\u279a<\/a><br \/>\n11. Traum von Hass und Gier <em>(mit <a href=\"https:\/\/tintenwolf.mrkeks.net\/vertonte-gedichte\/#Geigerzaehler\" title=\"Geigerz\u00e4hler\">Geigerz\u00e4hler<\/a>)<\/em> <a href=\"https:\/\/tintenwolf.mrkeks.net\/traum-von-hass-und-gier\/\" title=\"Traum von Hass und Gier\">\u279a<\/a><br \/>\n12. Die Frucht des Zorns <em>(mit <a href=\"https:\/\/tintenwolf.mrkeks.net\/vertonte-gedichte\/#Wanda_Thot\" title=\"Wanda Thot\">Wanda Thot<\/a>)<\/em> <a href=\"https:\/\/tintenwolf.mrkeks.net\/die-frucht-des-zorns\/\" title=\"Die Frucht des Zorns\">\u279a<\/a><br \/>\n13. Euer Lied <em>(mit <a href=\"https:\/\/tintenwolf.mrkeks.net\/vertonte-gedichte\/#Wanda_Thot\" title=\"Wanda Thot\">Wanda Thot<\/a>)<\/em> <a href=\"https:\/\/tintenwolf.mrkeks.net\/euer-lied\/\" title=\"Euer Lied\">\u279a<\/a><br \/>\n14. sehen <em>(mit <a href=\"https:\/\/tintenwolf.mrkeks.net\/vertonte-gedichte\/#Holger_Burner\" title=\"Holger Burner\">Holger Burner<\/a>)<\/em> <a href=\"https:\/\/tintenwolf.mrkeks.net\/sehen\/\" title=\"sehen\">\u279a<\/a><br \/>\n15. Stille <em>(mit <a href=\"https:\/\/tintenwolf.mrkeks.net\/vertonte-gedichte\/#Sahara_B\" title=\"Sahara B.\">Sahara B.<\/a>)<\/em> <a href=\"https:\/\/tintenwolf.mrkeks.net\/stille\/\" title=\"Stille\">\u279a<\/a><br \/>\n16. Die H\u00e4user denen, die drin wohnen! <em>(mit <a href=\"https:\/\/tintenwolf.mrkeks.net\/vertonte-gedichte\/#Grog\" title=\"Grog\">Grog<\/a>)<\/em> <a href=\"https:\/\/tintenwolf.mrkeks.net\/die-hauser-denen-die-drin-wohnen\/\" title=\"Die H\u00e4user denen, die drin wohnen!\">\u279a<\/a><br \/>\n17. Turmfalke <em>(mit <a href=\"https:\/\/tintenwolf.mrkeks.net\/vertonte-gedichte\/#Reka_und_Grog\" title=\"Reka Turmfalke &amp; Grog\">Reka Turmfalke &amp; Grog<\/a>)<\/em> <a href=\"https:\/\/tintenwolf.mrkeks.net\/turmfalke\/\" title=\"Turmfalke\">\u279a<\/a><br \/>\n18. Der Wildvogel-Clan <em>(mit <a href=\"https:\/\/tintenwolf.mrkeks.net\/vertonte-gedichte\/#Hisztory\" title=\"Hisztory\">Hisztory<\/a>)<\/em> <a href=\"https:\/\/tintenwolf.mrkeks.net\/der-wildvogel-clan\/\" title=\"Der Wildvogel\u00ad-Clan\">\u279a<\/a><br \/>\n19. Tausend Worte <em>(mit <a href=\"https:\/\/tintenwolf.mrkeks.net\/vertonte-gedichte\/#Lari\" title=\"Lari\">Lari<\/a>)<\/em> <a href=\"https:\/\/tintenwolf.mrkeks.net\/tausend-worte\/\" title=\"Tausend Worte\">\u279a<\/a><br \/>\n20. \u00a1V\u00edctor Jara, presente! <em>(mit <a href=\"https:\/\/tintenwolf.mrkeks.net\/vertonte-gedichte\/#Tobias_Thiele\" title=\"Tobias Thiele\">Tobias Thiele<\/a>)<\/em> <a href=\"https:\/\/tintenwolf.mrkeks.net\/victor-jara-presente\/\" title=\"\u00a1V\u00edctor Jara, presente!\">\u279a<\/a><br \/>\n21. Bilder von Vernichtung und Krieg &amp; Mir lebn ejbig <em>(mit <a href=\"https:\/\/tintenwolf.mrkeks.net\/vertonte-gedichte\/#Rest_in_Risiko\" title=\"Rest in Risiko\">Rest in Risiko<\/a>)<\/em> <a href=\"https:\/\/tintenwolf.mrkeks.net\/bilder-von-vernichtung-und-krieg\/\" title=\"Bilder von Vernichtung und Krieg\">\u279a<\/a><br \/>\n22. Insel der Ruhe <em>(mit <a href=\"https:\/\/tintenwolf.mrkeks.net\/vertonte-gedichte\/#Faina\" title=\"Faina\">Faina<\/a>)<\/em> <a href=\"https:\/\/tintenwolf.mrkeks.net\/insel-der-ruhe\/\" title=\"Insel der Ruhe\">\u279a<\/a><br \/>\n23. Das Lachen eines Kindes <em>(mit <a href=\"https:\/\/tintenwolf.mrkeks.net\/vertonte-gedichte\/#Leonhard_Flieger\" title=\"Leonhard\">Leonhard<\/a>)<\/em> <a href=\"https:\/\/tintenwolf.mrkeks.net\/das-lachen-eines-kindes\/\" title=\"Das Lachen eines Kindes\">\u279a<\/a><br \/>\n24. Tr\u00e4umer_Innen <em>(mit <a href=\"https:\/\/tintenwolf.mrkeks.net\/vertonte-gedichte\/#Hisztory\" title=\"Hisztory\">Hisztory<\/a>)<\/em> <a href=\"https:\/\/tintenwolf.mrkeks.net\/traumer_innen\/\" title=\"Tr\u00e4umer_Innen\">\u279a<\/a><br \/>\n25. Freiheit f\u00fcr die Vielfalt <em>(mit <a href=\"https:\/\/tintenwolf.mrkeks.net\/vertonte-gedichte\/#Anderersaits\" title=\"Anderersaits\">Anderersaits<\/a>)<\/em> <a href=\"https:\/\/tintenwolf.mrkeks.net\/freiheit-fur-die-vielfalt\/\" title=\"Freiheit f\u00fcr die Vielfalt\">\u279a<\/a><br \/>\n26. Der Sommer ging <em>(mit <a href=\"https:\/\/tintenwolf.mrkeks.net\/vertonte-gedichte\/#Franzi_Graube\" title=\"Franzi Graube\">Franzi Graube<\/a>)<\/em> <a href=\"https:\/\/tintenwolf.mrkeks.net\/der-sommer-ging\/\" title=\"Der Sommer ging\">\u279a<\/a><br \/>\n27. Kn\u00e4ste <em>(mit <a href=\"https:\/\/tintenwolf.mrkeks.net\/vertonte-gedichte\/#Albino\" title=\"Albino\">Albino<\/a>)<\/em> <a href=\"https:\/\/tintenwolf.mrkeks.net\/knaste\/\" title=\"Kn\u00e4ste\">\u279a<\/a><br \/>\n28. wof\u00fcr ich lebe&#8230; <em>(mit <a href=\"https:\/\/tintenwolf.mrkeks.net\/vertonte-gedichte\/#Leonhard_Flieger\" title=\"Leonhard\">Leonhard<\/a>)<\/em> <a href=\"https:\/\/tintenwolf.mrkeks.net\/wofur-ich-lebe\/\" title=\"wof\u00fcr ich lebe\u2026\">\u279a<\/a><br \/>\n29. Lernmaschinen? <em>(mit <a href=\"https:\/\/tintenwolf.mrkeks.net\/vertonte-gedichte\/#Barefoot_Etc\" title=\"Barefoot Etc.\">Barefoot Etc.<\/a>)<\/em> <a href=\"https:\/\/tintenwolf.mrkeks.net\/lernmaschinen\/\" title=\"Lernmaschinen?\">\u279a<\/a><br \/>\n30. T\u00fcrkis <a href=\"https:\/\/tintenwolf.mrkeks.net\/turkis\/\" title=\"T\u00fcrkis\">\u279a<\/a><br \/>\n31. lass niemals gleichg\u00fcltig mich sein <em>(mit <a href=\"https:\/\/tintenwolf.mrkeks.net\/vertonte-gedichte\/#Lari\" title=\"Lari\">Lari<\/a>)<\/em> <a href=\"https:\/\/tintenwolf.mrkeks.net\/lass-niemals-gleichgultig-mich-sein\/\" title=\"lass niemals gleichg\u00fcltig mich sein\">\u279a<\/a><\/p>\n<p><strong>Anmerkung:<\/strong> Die vertonten Gedichte unter <a title=\"CC BY-NC-ND 3.0 DE\" href=\"http:\/\/creativecommons.org\/licenses\/by-nc-nd\/3.0\/de\/\" target=\"_blank\" rel=\"noopener noreferrer\">Creative Commons CC BY-NC-ND Lizenz<\/a> k\u00f6nnen <a title=\"Vertonte Gedichte\" href=\"https:\/\/tintenwolf.mrkeks.net\/vertonte-gedichte\/\"><strong>hier<\/strong> <img loading=\"lazy\" decoding=\"async\" class=\"alignnone size-thumbnail wp-image-2200\" alt=\"(2014)_als_ich_mir_nicht_anders_zu_helfen_wusste_-_cd_cover_front\" src=\"https:\/\/tintenwolf.mrkeks.net\/wp-content\/uploads\/2014\/07\/2014_als_ich_mir_nicht_anders_zu_helfen_wusste_-_cd_cover_front-150x150.jpg\" width=\"15\" height=\"15\" srcset=\"https:\/\/tintenwolf.mrkeks.net\/wp-content\/uploads\/2014\/07\/2014_als_ich_mir_nicht_anders_zu_helfen_wusste_-_cd_cover_front-150x150.jpg 150w, https:\/\/tintenwolf.mrkeks.net\/wp-content\/uploads\/2014\/07\/2014_als_ich_mir_nicht_anders_zu_helfen_wusste_-_cd_cover_front-300x278.jpg 300w, https:\/\/tintenwolf.mrkeks.net\/wp-content\/uploads\/2014\/07\/2014_als_ich_mir_nicht_anders_zu_helfen_wusste_-_cd_cover_front-1024x951.jpg 1024w, https:\/\/tintenwolf.mrkeks.net\/wp-content\/uploads\/2014\/07\/2014_als_ich_mir_nicht_anders_zu_helfen_wusste_-_cd_cover_front.jpg 1564w\" sizes=\"auto, (max-width: 15px) 100vw, 15px\" \/><\/a> heruntergeladen werden.<\/p>\n<p>&nbsp;<\/p>\n<p><a href=\"http:\/\/www.ab-dafuer-records.de\/\" target=\"_blank\" rel=\"noopener noreferrer\"><img loading=\"lazy\" decoding=\"async\" src=\"https:\/\/tintenwolf.mrkeks.net\/wp-content\/uploads\/2014\/07\/abdafuerrb.png\" class=\"aligncenter size-full wp-image-3453\" width=\"116\" height=\"42\"><\/a><\/p>\n<p><a title=\"zur\u00fcck\" href=\"https:\/\/tintenwolf.mrkeks.net\/konsumierbares\/\">zur\u00fcck<\/a><\/p>\n<div class=\"twoclick_social_bookmarks_post_2203 social_share_privacy clearfix 1.6.4 locale-es_ES sprite-de_DE\"><\/div><div class=\"twoclick-js\"><script type=\"text\/javascript\">\/* <![CDATA[ *\/\njQuery(document).ready(function($){if($('.twoclick_social_bookmarks_post_2203')){$('.twoclick_social_bookmarks_post_2203').socialSharePrivacy({\"services\":{\"facebook\":{\"status\":\"on\",\"txt_info\":\"2 Klicks f\\u00fcr mehr Datenschutz: Erst wenn Sie hier klicken, wird der Button aktiv und Sie k\\u00f6nnen Ihre Empfehlung an Facebook senden. Schon beim Aktivieren werden Daten an Dritte \\u00fcbertragen - siehe <em>i<\\\/em>.\",\"perma_option\":\"off\",\"action\":\"recommend\",\"language\":\"de_DE\"},\"twitter\":{\"reply_to\":\"\",\"tweet_text\":\"%282014%29%20%E2%80%A6%20als%20ich%20mir%20nicht%20anders%20zu%20helfen%20wusste.%20%C2%BB%20Tintenwolf\",\"status\":\"on\",\"txt_info\":\"2 Klicks f\\u00fcr mehr Datenschutz: Erst wenn Sie hier klicken, wird der Button aktiv und Sie k\\u00f6nnen Ihre Empfehlung an Twitter senden. Schon beim Aktivieren werden Daten an Dritte \\u00fcbertragen - siehe <em>i<\\\/em>.\",\"perma_option\":\"off\",\"language\":\"de\",\"referrer_track\":\"\"},\"gplus\":{\"status\":\"on\",\"txt_info\":\"2 Klicks f\\u00fcr mehr Datenschutz: Erst wenn Sie hier klicken, wird der Button aktiv und Sie k\\u00f6nnen Ihre Empfehlung an Google+ senden. Schon beim Aktivieren werden Daten an Dritte \\u00fcbertragen - siehe <em>i<\\\/em>.\",\"perma_option\":\"off\",\"referrer_track\":\"\"}},\"txt_help\":\"Wenn Sie diese Felder durch einen Klick aktivieren, werden Informationen an Facebook, Twitter, Flattr, Xing, t3n, LinkedIn, Pinterest oder Google eventuell ins Ausland \\u00fcbertragen und unter Umst\\u00e4nden auch dort gespeichert. N\\u00e4heres erfahren Sie durch einen Klick auf das <em>i<\\\/em>.\",\"settings_perma\":\"Dauerhaft aktivieren und Daten\\u00fcber-tragung zustimmen:\",\"info_link\":\"http:\\\/\\\/www.heise.de\\\/ct\\\/artikel\\\/2-Klicks-fuer-mehr-Datenschutz-1333879.html\",\"uri\":\"https:\\\/\\\/tintenwolf.mrkeks.net\\\/konsumierbares\\\/2014-als-ich-mir-nicht-anders-zu-helfen-wusste\\\/\",\"post_id\":2203,\"post_title_referrer_track\":\"%282014%29+%26%238230%3B+als+ich+mir+nicht+anders+zu+helfen+wusste.\",\"display_infobox\":\"off\"});}});\n\/* ]]> *\/<\/script><\/div>","protected":false},"excerpt":{"rendered":"<p>Mein musikalisches Erstlingswerk erschien am 27.07.2014. Der Kostenpunkt liegt nach eigenem Ermessen irgendwo zwischen f\u00fcnf und zehn Euro. Hinzu kommen drei Euro f\u00fcr Verpackung und Versand. Die CD ist \u00fcber<\/p>\n","protected":false},"author":3,"featured_media":0,"parent":1425,"menu_order":0,"comment_status":"closed","ping_status":"closed","template":"","meta":{"footnotes":""},"class_list":["post-2203","page","type-page","status-publish","hentry"],"_links":{"self":[{"href":"https:\/\/tintenwolf.mrkeks.net\/es\/wp-json\/wp\/v2\/pages\/2203","targetHints":{"allow":["GET"]}}],"collection":[{"href":"https:\/\/tintenwolf.mrkeks.net\/es\/wp-json\/wp\/v2\/pages"}],"about":[{"href":"https:\/\/tintenwolf.mrkeks.net\/es\/wp-json\/wp\/v2\/types\/page"}],"author":[{"embeddable":true,"href":"https:\/\/tintenwolf.mrkeks.net\/es\/wp-json\/wp\/v2\/users\/3"}],"replies":[{"embeddable":true,"href":"https:\/\/tintenwolf.mrkeks.net\/es\/wp-json\/wp\/v2\/comments?post=2203"}],"version-history":[{"count":32,"href":"https:\/\/tintenwolf.mrkeks.net\/es\/wp-json\/wp\/v2\/pages\/2203\/revisions"}],"predecessor-version":[{"id":6945,"href":"https:\/\/tintenwolf.mrkeks.net\/es\/wp-json\/wp\/v2\/pages\/2203\/revisions\/6945"}],"up":[{"embeddable":true,"href":"https:\/\/tintenwolf.mrkeks.net\/es\/wp-json\/wp\/v2\/pages\/1425"}],"wp:attachment":[{"href":"https:\/\/tintenwolf.mrkeks.net\/es\/wp-json\/wp\/v2\/media?parent=2203"}],"curies":[{"name":"wp","href":"https:\/\/api.w.org\/{rel}","templated":true}]}}