{"id":1830,"date":"2014-03-11T16:49:11","date_gmt":"2014-03-11T14:49:11","guid":{"rendered":"http:\/\/tintenwolf.mrkeks.net\/?page_id=1830"},"modified":"2021-01-17T22:54:19","modified_gmt":"2021-01-17T20:54:19","slug":"2014-07-27-record-release-party","status":"publish","type":"page","link":"https:\/\/tintenwolf.mrkeks.net\/es\/live-in-farbe\/2014-2\/2014-07-27-record-release-party\/","title":{"rendered":"2014-07-27: Record Release Party \u00bb&#8230; als ich mir nicht anders zu helfen wusste.\u00ab"},"content":{"rendered":"<p><a href=\"https:\/\/tintenwolf.mrkeks.net\/wp-content\/uploads\/2014\/07\/2014-07-27_-_plakat_release_00b.jpg\"  data-fancybox=\"gallery\" rel=\"group-1830\"><img loading=\"lazy\" decoding=\"async\" src=\"https:\/\/tintenwolf.mrkeks.net\/wp-content\/uploads\/2014\/07\/2014-07-27_-_plakat_release_00b-723x1024.jpg\" alt=\"Das Plakat\" class=\"aligncenter size-large wp-image-2260\" width=\"480\" height=\"679\" srcset=\"https:\/\/tintenwolf.mrkeks.net\/wp-content\/uploads\/2014\/07\/2014-07-27_-_plakat_release_00b-723x1024.jpg 723w, https:\/\/tintenwolf.mrkeks.net\/wp-content\/uploads\/2014\/07\/2014-07-27_-_plakat_release_00b-212x300.jpg 212w, https:\/\/tintenwolf.mrkeks.net\/wp-content\/uploads\/2014\/07\/2014-07-27_-_plakat_release_00b.jpg 842w\" sizes=\"auto, (max-width: 480px) 100vw, 480px\" \/><\/a><\/p>\n<p>&nbsp;<\/p>\n<ul>\n<li><strong>G\u00e4ste?<\/strong><em> <a href=\"http:\/\/wundabunt.weebly.com\/\" target=\"_blank\" rel=\"noopener noreferrer\">der Wundabunte Straszenpunk<\/a>, Franzi Graube, <a href=\"http:\/\/anderersaits.wordpress.com\/\" target=\"_blank\" rel=\"noopener noreferrer\">Anderersaits<\/a>, <a href=\"http:\/\/sahara.mrkeks.net\/\" target=\"_blank\" rel=\"noopener noreferrer\">Sahara B.<\/a>, <a href=\"http:\/\/hisztory.blogsport.de\/\" target=\"_blank\" rel=\"noopener noreferrer\">Hisztory<\/a>, <a href=\"https:\/\/www.facebook.com\/wanda.thot\" target=\"_blank\" rel=\"noopener noreferrer\">Wanda Thot<\/a>, <a href=\"https:\/\/www.youtube.com\/channel\/UCM-cOkXoQ62OpIHlieKrN_w\" target=\"_blank\" rel=\"noopener noreferrer\">Tobias Thiele<\/a>, <a href=\"http:\/\/geigerzaehler.blogsport.de\/\" target=\"_blank\" rel=\"noopener noreferrer\">Geigerz\u00e4hler<\/a> und <a href=\"http:\/\/www.lariunddiepausenmusik.de\/\" target=\"_blank\" rel=\"noopener noreferrer\">Lari und die Pausenmusik<\/a><\/em><\/li>\n<\/ul>\n<ul>\n<li><strong>wann?<\/strong> <em>am 27. Juli 2014 ab 15:00 Uhr<\/em><\/li>\n<\/ul>\n<ul>\n<li><strong>wo?<\/strong> <em>in der <a href=\"http:\/\/www.lohmuehle-berlin.de\/blubb\/\" target=\"_blank\" rel=\"noopener noreferrer\">Wagenburg LohM\u00fchle<\/a>, Lohm\u00fchlenstra\u00dfe 17, Berlin<\/em><\/li>\n<\/ul>\n<ul>\n<li><strong>K\u00fcfA (K\u00fcche f\u00fcr Alle)?<\/strong> <em>von <a href=\"http:\/\/veganexplosion.de\/\" target=\"_blank\" rel=\"noopener noreferrer\">VeganExplosion<\/a><\/em><\/li>\n<\/ul>\n<ul>\n<li>Veranstaltung bei <a href=\"http:\/\/www.lastfm.de\/event\/3840164\" target=\"_blank\" rel=\"noopener noreferrer\">last.fm<\/a>, <a href=\"https:\/\/www.facebook.com\/events\/1437044076569935\/\" target=\"_blank\" rel=\"noopener noreferrer\">fb<\/a> &amp; im <a href=\"http:\/\/stressfaktor.squat.net\/termine.php?date_id=148064\" target=\"_blank\" rel=\"noopener noreferrer\">StressFaktor<\/a><\/li>\n<\/ul>\n<ul>\n<li>von <a href=\"https:\/\/tintenwolf.mrkeks.net\/es\/record-release-party-2014-07-27\/\">Blogbeitrag zur Veranstaltung<\/a><\/li>\n<\/ul>\n<p>&nbsp;<br \/>\n<a href=\"https:\/\/tintenwolf.mrkeks.net\/wp-content\/uploads\/2014\/09\/2014-07-27_-_020_-_Die_Beteiligten_bis_auf_Lari_01.jpg\"  data-fancybox=\"gallery\" rel=\"group-1830\"><img loading=\"lazy\" decoding=\"async\" src=\"https:\/\/tintenwolf.mrkeks.net\/wp-content\/uploads\/2014\/09\/2014-07-27_-_020_-_Die_Beteiligten_bis_auf_Lari_01-150x150.jpg\" alt=\"Die Beteiligten (bis auf Lari)\" class=\"alignnone size-thumbnail wp-image-3174\" width=\"150\" height=\"150\"><\/a> <a href=\"https:\/\/tintenwolf.mrkeks.net\/wp-content\/uploads\/2014\/09\/2014-07-27_-_022_-_Meas_Wolfstatze_01.jpg\"  data-fancybox=\"gallery\" rel=\"group-1830\"><img loading=\"lazy\" decoding=\"async\" src=\"https:\/\/tintenwolf.mrkeks.net\/wp-content\/uploads\/2014\/09\/2014-07-27_-_022_-_Meas_Wolfstatze_01-150x150.jpg\" alt=\"Meas Wolfstatze\" class=\"alignnone size-thumbnail wp-image-3175\" width=\"150\" height=\"150\"><\/a> <a href=\"https:\/\/tintenwolf.mrkeks.net\/wp-content\/uploads\/2014\/09\/2014-07-27_-_024_-_Meas_Wolfstatze_03.jpg\"  data-fancybox=\"gallery\" rel=\"group-1830\"><img loading=\"lazy\" decoding=\"async\" src=\"https:\/\/tintenwolf.mrkeks.net\/wp-content\/uploads\/2014\/09\/2014-07-27_-_024_-_Meas_Wolfstatze_03-150x150.jpg\" alt=\"Meas Wolfstatze\" class=\"alignnone size-thumbnail wp-image-3176\" width=\"150\" height=\"150\"><\/a> <a href=\"https:\/\/tintenwolf.mrkeks.net\/wp-content\/uploads\/2014\/09\/2014-07-27_-_027_-_Franzi_Graube_und_Meas_Wolfstatze_01.jpg\"  data-fancybox=\"gallery\" rel=\"group-1830\"><img loading=\"lazy\" decoding=\"async\" src=\"https:\/\/tintenwolf.mrkeks.net\/wp-content\/uploads\/2014\/09\/2014-07-27_-_027_-_Franzi_Graube_und_Meas_Wolfstatze_01-150x150.jpg\" alt=\"Franzi Graube &amp; Meas Wolfstatze\" class=\"alignnone size-thumbnail wp-image-3177\" width=\"150\" height=\"150\"><\/a> <a href=\"https:\/\/tintenwolf.mrkeks.net\/wp-content\/uploads\/2014\/09\/2014-07-27_-_030_-_Franzi_Graube_02.jpg\"  data-fancybox=\"gallery\" rel=\"group-1830\"><img loading=\"lazy\" decoding=\"async\" src=\"https:\/\/tintenwolf.mrkeks.net\/wp-content\/uploads\/2014\/09\/2014-07-27_-_030_-_Franzi_Graube_02-150x150.jpg\" alt=\"Franzi Graube\" class=\"alignnone size-thumbnail wp-image-3178\" width=\"150\" height=\"150\"><\/a> <a href=\"https:\/\/tintenwolf.mrkeks.net\/wp-content\/uploads\/2014\/09\/2014-07-27_-_034_-_Sandro_und_Meas_Wolfstatze_01.jpg\"  data-fancybox=\"gallery\" rel=\"group-1830\"><img loading=\"lazy\" decoding=\"async\" src=\"https:\/\/tintenwolf.mrkeks.net\/wp-content\/uploads\/2014\/09\/2014-07-27_-_034_-_Sandro_und_Meas_Wolfstatze_01-150x150.jpg\" alt=\"Sandro der Wundabunte Straszenpunk &amp; Meas Wolfstatze\" class=\"alignnone size-thumbnail wp-image-3179\" width=\"150\" height=\"150\"><\/a> <a href=\"https:\/\/tintenwolf.mrkeks.net\/wp-content\/uploads\/2014\/09\/2014-07-27_-_039_-_Sandro_der_Wundabunte_Straszenpunk_03.jpg\"  data-fancybox=\"gallery\" rel=\"group-1830\"><img loading=\"lazy\" decoding=\"async\" src=\"https:\/\/tintenwolf.mrkeks.net\/wp-content\/uploads\/2014\/09\/2014-07-27_-_039_-_Sandro_der_Wundabunte_Straszenpunk_03-150x150.jpg\" alt=\"Wundabunta Straszenpunk\" class=\"alignnone size-thumbnail wp-image-3180\" width=\"150\" height=\"150\"><\/a> <a href=\"https:\/\/tintenwolf.mrkeks.net\/wp-content\/uploads\/2014\/09\/2014-07-27_-_042_-_Geigerzaehler_und_Meas_Wolfstatze_02.jpg\"  data-fancybox=\"gallery\" rel=\"group-1830\"><img loading=\"lazy\" decoding=\"async\" src=\"https:\/\/tintenwolf.mrkeks.net\/wp-content\/uploads\/2014\/09\/2014-07-27_-_042_-_Geigerzaehler_und_Meas_Wolfstatze_02-150x150.jpg\" alt=\"Geigerz\u00e4hler &amp; Meas Wolfstatze\" class=\"alignnone size-thumbnail wp-image-3181\" width=\"150\" height=\"150\"><\/a> <a href=\"https:\/\/tintenwolf.mrkeks.net\/wp-content\/uploads\/2014\/09\/2014-07-27_-_047_-_Geigerzaehler_03.jpg\"  data-fancybox=\"gallery\" rel=\"group-1830\"><img loading=\"lazy\" decoding=\"async\" src=\"https:\/\/tintenwolf.mrkeks.net\/wp-content\/uploads\/2014\/09\/2014-07-27_-_047_-_Geigerzaehler_03-150x150.jpg\" alt=\"Geigerz\u00e4hler\" class=\"alignnone size-thumbnail wp-image-3182\" width=\"150\" height=\"150\"><\/a> <a href=\"https:\/\/tintenwolf.mrkeks.net\/wp-content\/uploads\/2014\/09\/2014-07-27_-_050.jpg\"  data-fancybox=\"gallery\" rel=\"group-1830\"><img loading=\"lazy\" decoding=\"async\" src=\"https:\/\/tintenwolf.mrkeks.net\/wp-content\/uploads\/2014\/09\/2014-07-27_-_050-150x150.jpg\" alt=\"Meas Wolfstatze\" class=\"alignnone size-thumbnail wp-image-3183\" width=\"150\" height=\"150\"><\/a> <a href=\"https:\/\/tintenwolf.mrkeks.net\/wp-content\/uploads\/2014\/09\/2014-07-27_-_054_-_Sahara_B_und_Meas_Wolfstatze_03.jpg\"  data-fancybox=\"gallery\" rel=\"group-1830\"><img loading=\"lazy\" decoding=\"async\" src=\"https:\/\/tintenwolf.mrkeks.net\/wp-content\/uploads\/2014\/09\/2014-07-27_-_054_-_Sahara_B_und_Meas_Wolfstatze_03-150x150.jpg\" alt=\"Sahara B. &amp; Meas Wolfstatze\" class=\"alignnone size-thumbnail wp-image-3184\" width=\"150\" height=\"150\"><\/a> <a href=\"https:\/\/tintenwolf.mrkeks.net\/wp-content\/uploads\/2014\/09\/2014-07-27_-_057_-_Sahara_B_02.jpg\"  data-fancybox=\"gallery\" rel=\"group-1830\"><img loading=\"lazy\" decoding=\"async\" src=\"https:\/\/tintenwolf.mrkeks.net\/wp-content\/uploads\/2014\/09\/2014-07-27_-_057_-_Sahara_B_02-150x150.jpg\" alt=\"Sahara B.\" class=\"alignnone size-thumbnail wp-image-3185\" width=\"150\" height=\"150\"><\/a> <a href=\"https:\/\/tintenwolf.mrkeks.net\/wp-content\/uploads\/2014\/09\/2014-07-27_-_060_-_Tobias_Thiele_und_Meas_Wolfstatze_02.jpg\"  data-fancybox=\"gallery\" rel=\"group-1830\"><img loading=\"lazy\" decoding=\"async\" src=\"https:\/\/tintenwolf.mrkeks.net\/wp-content\/uploads\/2014\/09\/2014-07-27_-_060_-_Tobias_Thiele_und_Meas_Wolfstatze_02-150x150.jpg\" alt=\"Tobias Thiele &amp; Meas Wolfstatze\" class=\"alignnone size-thumbnail wp-image-3186\" width=\"150\" height=\"150\"><\/a> <a href=\"https:\/\/tintenwolf.mrkeks.net\/wp-content\/uploads\/2014\/09\/2014-07-27_-_064_-_Tobias_Thiele_01.jpg\"  data-fancybox=\"gallery\" rel=\"group-1830\"><img loading=\"lazy\" decoding=\"async\" src=\"https:\/\/tintenwolf.mrkeks.net\/wp-content\/uploads\/2014\/09\/2014-07-27_-_064_-_Tobias_Thiele_01-150x150.jpg\" alt=\"Tobias Thiele\" class=\"alignnone size-thumbnail wp-image-3187\" width=\"150\" height=\"150\"><\/a> <a href=\"https:\/\/tintenwolf.mrkeks.net\/wp-content\/uploads\/2014\/09\/2014-07-27_-_069_-_Hisztory_und_Meas_Wolfstatze_01.jpg\"  data-fancybox=\"gallery\" rel=\"group-1830\"><img loading=\"lazy\" decoding=\"async\" src=\"https:\/\/tintenwolf.mrkeks.net\/wp-content\/uploads\/2014\/09\/2014-07-27_-_069_-_Hisztory_und_Meas_Wolfstatze_01-150x150.jpg\" alt=\"Hisztory &amp; Meas Wolfstatze\" class=\"alignnone size-thumbnail wp-image-3188\" width=\"150\" height=\"150\"><\/a> <a href=\"https:\/\/tintenwolf.mrkeks.net\/wp-content\/uploads\/2014\/09\/2014-07-27_-_072_-_Meas_Wolfstatze_07.jpg\"  data-fancybox=\"gallery\" rel=\"group-1830\"><img loading=\"lazy\" decoding=\"async\" src=\"https:\/\/tintenwolf.mrkeks.net\/wp-content\/uploads\/2014\/09\/2014-07-27_-_072_-_Meas_Wolfstatze_07-150x150.jpg\" alt=\"Meas Wolfstatze\" class=\"alignnone size-thumbnail wp-image-3189\" width=\"150\" height=\"150\"><\/a> <a href=\"https:\/\/tintenwolf.mrkeks.net\/wp-content\/uploads\/2014\/09\/2014-07-27_-_073_-_Hisztory_03.jpg\"  data-fancybox=\"gallery\" rel=\"group-1830\"><img loading=\"lazy\" decoding=\"async\" src=\"https:\/\/tintenwolf.mrkeks.net\/wp-content\/uploads\/2014\/09\/2014-07-27_-_073_-_Hisztory_03-150x150.jpg\" alt=\"Hisztory\" class=\"alignnone size-thumbnail wp-image-3190\" width=\"150\" height=\"150\"><\/a> <a href=\"https:\/\/tintenwolf.mrkeks.net\/wp-content\/uploads\/2014\/09\/2014-07-27_-_094_-_Anderersaits_und_Meas_Wolfstatze_03.jpg\"  data-fancybox=\"gallery\" rel=\"group-1830\"><img loading=\"lazy\" decoding=\"async\" src=\"https:\/\/tintenwolf.mrkeks.net\/wp-content\/uploads\/2014\/09\/2014-07-27_-_094_-_Anderersaits_und_Meas_Wolfstatze_03-150x150.jpg\" alt=\"Anderersaits &amp; Meas Wolfstatze\" class=\"alignnone size-thumbnail wp-image-3191\" width=\"150\" height=\"150\"><\/a> <a href=\"https:\/\/tintenwolf.mrkeks.net\/wp-content\/uploads\/2014\/09\/2014-07-27_-_101_-_Anderersaits_03.jpg\"  data-fancybox=\"gallery\" rel=\"group-1830\"><img loading=\"lazy\" decoding=\"async\" src=\"https:\/\/tintenwolf.mrkeks.net\/wp-content\/uploads\/2014\/09\/2014-07-27_-_101_-_Anderersaits_03-150x150.jpg\" alt=\"Anderersaits\" class=\"alignnone size-thumbnail wp-image-3192\" width=\"150\" height=\"150\"><\/a> <a href=\"https:\/\/tintenwolf.mrkeks.net\/wp-content\/uploads\/2014\/09\/2014-07-27_-_105_-_Lari_und_Hisztory.jpg\"  data-fancybox=\"gallery\" rel=\"group-1830\"><img loading=\"lazy\" decoding=\"async\" src=\"https:\/\/tintenwolf.mrkeks.net\/wp-content\/uploads\/2014\/09\/2014-07-27_-_105_-_Lari_und_Hisztory-150x150.jpg\" alt=\"Lari &amp; Hisztory\" class=\"alignnone size-thumbnail wp-image-3193\" width=\"150\" height=\"150\"><\/a> <a href=\"https:\/\/tintenwolf.mrkeks.net\/wp-content\/uploads\/2014\/09\/2014-07-27_-_113_-_Lari_und_Meas_Wolfstatze_08.jpg\"  data-fancybox=\"gallery\" rel=\"group-1830\"><img loading=\"lazy\" decoding=\"async\" src=\"https:\/\/tintenwolf.mrkeks.net\/wp-content\/uploads\/2014\/09\/2014-07-27_-_113_-_Lari_und_Meas_Wolfstatze_08-150x150.jpg\" alt=\"Lari &amp; Meas Wolfstatze\" class=\"alignnone size-thumbnail wp-image-3194\" width=\"150\" height=\"150\"><\/a> <a href=\"https:\/\/tintenwolf.mrkeks.net\/wp-content\/uploads\/2014\/09\/2014-07-27_-_116_-_Lari_03.jpg\"  data-fancybox=\"gallery\" rel=\"group-1830\"><img loading=\"lazy\" decoding=\"async\" src=\"https:\/\/tintenwolf.mrkeks.net\/wp-content\/uploads\/2014\/09\/2014-07-27_-_116_-_Lari_03-150x150.jpg\" alt=\"Lari\" class=\"alignnone size-thumbnail wp-image-3195\" width=\"150\" height=\"150\"><\/a> <a href=\"https:\/\/tintenwolf.mrkeks.net\/wp-content\/uploads\/2014\/09\/2014-07-27_-_122_-_Anderersaits_und_Geigerzaehler_01.jpg\"  data-fancybox=\"gallery\" rel=\"group-1830\"><img loading=\"lazy\" decoding=\"async\" src=\"https:\/\/tintenwolf.mrkeks.net\/wp-content\/uploads\/2014\/09\/2014-07-27_-_122_-_Anderersaits_und_Geigerzaehler_01-150x150.jpg\" alt=\"Anderersaits &amp; Geigerz\u00e4hler\" class=\"alignnone size-thumbnail wp-image-3196\" width=\"150\" height=\"150\"><\/a> <a href=\"https:\/\/tintenwolf.mrkeks.net\/wp-content\/uploads\/2014\/09\/2014-07-27_-_128b_-_Tobias_Thiele_und_Anderersaits_und_Geigerzaehler_02.jpg\"  data-fancybox=\"gallery\" rel=\"group-1830\"><img loading=\"lazy\" decoding=\"async\" src=\"https:\/\/tintenwolf.mrkeks.net\/wp-content\/uploads\/2014\/09\/2014-07-27_-_128b_-_Tobias_Thiele_und_Anderersaits_und_Geigerzaehler_02-150x150.jpg\" alt=\"Tobias Thiele, Anderersaits &amp; Geigerz\u00e4hler\" class=\"alignnone size-thumbnail wp-image-3197\" width=\"150\" height=\"150\"><\/a><\/p>\n<p><a href=\"https:\/\/tintenwolf.mrkeks.net\/es\/live-in-farbe\/2014-2\/\">vuelta<\/a><\/p>\n<div class=\"twoclick_social_bookmarks_post_1830 social_share_privacy clearfix 1.6.4 locale-es_ES sprite-de_DE\"><\/div><div class=\"twoclick-js\"><script type=\"text\/javascript\">\/* <![CDATA[ *\/\njQuery(document).ready(function($){if($('.twoclick_social_bookmarks_post_1830')){$('.twoclick_social_bookmarks_post_1830').socialSharePrivacy({\"services\":{\"facebook\":{\"status\":\"on\",\"txt_info\":\"2 Klicks f\\u00fcr mehr Datenschutz: Erst wenn Sie hier klicken, wird der Button aktiv und Sie k\\u00f6nnen Ihre Empfehlung an Facebook senden. Schon beim Aktivieren werden Daten an Dritte \\u00fcbertragen - siehe <em>i<\\\/em>.\",\"perma_option\":\"off\",\"action\":\"recommend\",\"language\":\"de_DE\"},\"twitter\":{\"reply_to\":\"\",\"tweet_text\":\"%202014-07-27%3A%20Record%20Release%20Party%20%C2%BB%E2%80%A6%20als%20ich%20mir%20nicht%20anders%20zu%20helfen%20...\",\"status\":\"on\",\"txt_info\":\"2 Klicks f\\u00fcr mehr Datenschutz: Erst wenn Sie hier klicken, wird der Button aktiv und Sie k\\u00f6nnen Ihre Empfehlung an Twitter senden. Schon beim Aktivieren werden Daten an Dritte \\u00fcbertragen - siehe <em>i<\\\/em>.\",\"perma_option\":\"off\",\"language\":\"de\",\"referrer_track\":\"\"},\"gplus\":{\"status\":\"on\",\"txt_info\":\"2 Klicks f\\u00fcr mehr Datenschutz: Erst wenn Sie hier klicken, wird der Button aktiv und Sie k\\u00f6nnen Ihre Empfehlung an Google+ senden. Schon beim Aktivieren werden Daten an Dritte \\u00fcbertragen - siehe <em>i<\\\/em>.\",\"perma_option\":\"off\",\"referrer_track\":\"\"}},\"txt_help\":\"Wenn Sie diese Felder durch einen Klick aktivieren, werden Informationen an Facebook, Twitter, Flattr, Xing, t3n, LinkedIn, Pinterest oder Google eventuell ins Ausland \\u00fcbertragen und unter Umst\\u00e4nden auch dort gespeichert. N\\u00e4heres erfahren Sie durch einen Klick auf das <em>i<\\\/em>.\",\"settings_perma\":\"Dauerhaft aktivieren und Daten\\u00fcber-tragung zustimmen:\",\"info_link\":\"http:\\\/\\\/www.heise.de\\\/ct\\\/artikel\\\/2-Klicks-fuer-mehr-Datenschutz-1333879.html\",\"uri\":\"https:\\\/\\\/tintenwolf.mrkeks.net\\\/es\\\/live-in-farbe\\\/2014-2\\\/2014-07-27-record-release-party\\\/\",\"post_id\":1830,\"post_title_referrer_track\":\"2014-07-27%3A+Record+Release+Party+%C2%BB%26%238230%3B+als+ich+mir+nicht+anders+zu+helfen+wusste.%C2%AB\",\"display_infobox\":\"off\"});}});\n\/* ]]> *\/<\/script><\/div>","protected":false},"excerpt":{"rendered":"<p>&nbsp; G\u00e4ste? der Wundabunte Straszenpunk, Franzi Graube, Anderersaits, Sahara B., Hisztory, Wanda Thot, Tobias Thiele, Geigerz\u00e4hler und Lari und die Pausenmusik wann? am 27. Juli 2014 ab 15:00 Uhr wo?<\/p>\n","protected":false},"author":3,"featured_media":0,"parent":1298,"menu_order":0,"comment_status":"closed","ping_status":"closed","template":"","meta":{"footnotes":""},"class_list":["post-1830","page","type-page","status-publish","hentry"],"_links":{"self":[{"href":"https:\/\/tintenwolf.mrkeks.net\/es\/wp-json\/wp\/v2\/pages\/1830","targetHints":{"allow":["GET"]}}],"collection":[{"href":"https:\/\/tintenwolf.mrkeks.net\/es\/wp-json\/wp\/v2\/pages"}],"about":[{"href":"https:\/\/tintenwolf.mrkeks.net\/es\/wp-json\/wp\/v2\/types\/page"}],"author":[{"embeddable":true,"href":"https:\/\/tintenwolf.mrkeks.net\/es\/wp-json\/wp\/v2\/users\/3"}],"replies":[{"embeddable":true,"href":"https:\/\/tintenwolf.mrkeks.net\/es\/wp-json\/wp\/v2\/comments?post=1830"}],"version-history":[{"count":32,"href":"https:\/\/tintenwolf.mrkeks.net\/es\/wp-json\/wp\/v2\/pages\/1830\/revisions"}],"predecessor-version":[{"id":7298,"href":"https:\/\/tintenwolf.mrkeks.net\/es\/wp-json\/wp\/v2\/pages\/1830\/revisions\/7298"}],"up":[{"embeddable":true,"href":"https:\/\/tintenwolf.mrkeks.net\/es\/wp-json\/wp\/v2\/pages\/1298"}],"wp:attachment":[{"href":"https:\/\/tintenwolf.mrkeks.net\/es\/wp-json\/wp\/v2\/media?parent=1830"}],"curies":[{"name":"wp","href":"https:\/\/api.w.org\/{rel}","templated":true}]}}