{"id":1613,"date":"2014-01-14T23:42:32","date_gmt":"2014-01-14T21:42:32","guid":{"rendered":"http:\/\/tintenwolf.mrkeks.net\/?page_id=1613"},"modified":"2015-01-17T19:36:02","modified_gmt":"2015-01-17T17:36:02","slug":"2014-04-17-zeit-der-kirschen","status":"publish","type":"page","link":"https:\/\/tintenwolf.mrkeks.net\/es\/live-in-farbe\/2014-2\/2014-04-17-zeit-der-kirschen\/","title":{"rendered":"2014-04-17: Kulturb\u00fchne: Zeit der Kirschen &#8220;Kn\u00e4ste&#8221;"},"content":{"rendered":"<p><em>Kn\u00e4ste sind in unserem Leben allgegenw\u00e4rtig und halten sich doch diskret im Hintergrund. Sie sind das Mittel der Wahl, um Straft\u00e4ter_Innen \u201czur Vernunft\u201d zu bringen und doch sind die meisten Insass_Innen Wiederholungst\u00e4ter_Innen. Menschen werden durch die Haft vom gesellschaftlichen Leben isoliert und doch wird sich gewundert, wenn es ihnen schwer f\u00e4llt, sp\u00e4ter den Weg in ein \u201cgeregeltes\u201d Leben zu finden.<\/p>\n<p>Unsere Gesellschaft ist voll von Kn\u00e4sten. Vollzugsanstalten, Abschiebekn\u00e4ste, oftmals auch die Psychiatrie. Fokussiert wird sich beim Einsperren auf Ausl\u00f6ser und Symptome, so gut wie nie auf die Ursachen.<br \/>\nW\u00e4hrend Politiker_Innen flei\u00dfig Waffen verkaufen und Truppen hin- und herschieben, kann unsereins, wenn es bl\u00f6d l\u00e4uft, f\u00fcr Schwarzfahren im Bau landen \u2013 oder in der Psychiatrie, weil den Nachbarn etwas \u201ckomisch\u201d vorkommt.<\/p>\n<p>Die Kirschenzeit im April wird sich auf politischer und k\u00fcnstlerischer Ebene mit Kn\u00e4sten auseinander setzen und versuchen, diese Institution von verschiedenen Seiten aus zu beleuchten.<br \/>\n<\/em><\/p>\n<p>&nbsp;<\/p>\n<ul>\n<li><strong>wer?<\/strong><em> Tintenwolf (linksautonome Hippie-Punk-Lyrik) und <a href=\"http:\/\/sahara.mrkeks.net\/\" target=\"_blank\">Sahara B.<\/a> (l\u00e4ngere u. k\u00fcrzere (Kurz-)geschichten)<\/em><\/li>\n<\/ul>\n<ul>\n<li><strong>welche G\u00e4ste?<\/strong><em> <a href=\"http:\/\/www.albino-online.de\/\" target=\"_blank\">Albino<\/a> (HipHop), <a href=\"http:\/\/wundabunt.weebly.com\/\" target=\"_blank\">der Wundabunte Straszenpunk<\/a> (Liedermacher &amp; Stra\u00dfenmusiker) und radow (Gelesenes)<\/em><\/li>\n<\/ul>\n<ul>\n<li><strong>wann?<\/strong> <em>am 17. April 2014 ab 19:00 Uhr<\/em><\/li>\n<\/ul>\n<ul>\n<li><strong>wo?<\/strong> <em>in der <a href=\"http:\/\/www.baiz.info\/\" target=\"_blank\">Baiz<\/a>, Sch\u00f6nhauser Allee 26a, 10435 Berlin<\/em><\/li>\n<\/ul>\n<ul>\n<li><a href=\"http:\/\/www.lastfm.de\/event\/3780150\" target=\"_blank\">Veranstaltung bei last.fm<\/a><\/li>\n<\/ul>\n<ul>\n<li><a href=\"https:\/\/tintenwolf.mrkeks.net\/es\/live-in-farbe\/2015-3\/2015-01-08-zeit-der-kirschen\/\">n\u00e4chste Kulturb\u00fchne der Zeit der Kirschen<\/a><\/li>\n<\/ul>\n<ul>\n<li><a href=\"https:\/\/tintenwolf.mrkeks.net\/es\/live-in-farbe\/2014-2\/2014-01-09-kulturbuhne-zeit-der-kirschen\/\">vorherige Kulturb\u00fchne der Zeit der Kirschen<\/a><\/li>\n<\/ul>\n<p><a href=\"https:\/\/tintenwolf.mrkeks.net\/es\/live-in-farbe\/2014-2\/\">vuelta<\/a><\/p>\n<div class=\"twoclick_social_bookmarks_post_1613 social_share_privacy clearfix 1.6.4 locale-es_ES sprite-de_DE\"><\/div><div class=\"twoclick-js\"><script type=\"text\/javascript\">\/* <![CDATA[ *\/\njQuery(document).ready(function($){if($('.twoclick_social_bookmarks_post_1613')){$('.twoclick_social_bookmarks_post_1613').socialSharePrivacy({\"services\":{\"facebook\":{\"status\":\"on\",\"txt_info\":\"2 Klicks f\\u00fcr mehr Datenschutz: Erst wenn Sie hier klicken, wird der Button aktiv und Sie k\\u00f6nnen Ihre Empfehlung an Facebook senden. Schon beim Aktivieren werden Daten an Dritte \\u00fcbertragen - siehe <em>i<\\\/em>.\",\"perma_option\":\"off\",\"action\":\"recommend\",\"language\":\"de_DE\"},\"twitter\":{\"reply_to\":\"\",\"tweet_text\":\"%202014-04-17%3A%20Kulturb%C3%BChne%3A%20Zeit%20der%20Kirschen%20%E2%80%9CKn%C3%A4ste%E2%80%9D%20%C2%BB%20...\",\"status\":\"on\",\"txt_info\":\"2 Klicks f\\u00fcr mehr Datenschutz: Erst wenn Sie hier klicken, wird der Button aktiv und Sie k\\u00f6nnen Ihre Empfehlung an Twitter senden. Schon beim Aktivieren werden Daten an Dritte \\u00fcbertragen - siehe <em>i<\\\/em>.\",\"perma_option\":\"off\",\"language\":\"de\",\"referrer_track\":\"\"},\"gplus\":{\"status\":\"on\",\"txt_info\":\"2 Klicks f\\u00fcr mehr Datenschutz: Erst wenn Sie hier klicken, wird der Button aktiv und Sie k\\u00f6nnen Ihre Empfehlung an Google+ senden. Schon beim Aktivieren werden Daten an Dritte \\u00fcbertragen - siehe <em>i<\\\/em>.\",\"perma_option\":\"off\",\"referrer_track\":\"\"}},\"txt_help\":\"Wenn Sie diese Felder durch einen Klick aktivieren, werden Informationen an Facebook, Twitter, Flattr, Xing, t3n, LinkedIn, Pinterest oder Google eventuell ins Ausland \\u00fcbertragen und unter Umst\\u00e4nden auch dort gespeichert. N\\u00e4heres erfahren Sie durch einen Klick auf das <em>i<\\\/em>.\",\"settings_perma\":\"Dauerhaft aktivieren und Daten\\u00fcber-tragung zustimmen:\",\"info_link\":\"http:\\\/\\\/www.heise.de\\\/ct\\\/artikel\\\/2-Klicks-fuer-mehr-Datenschutz-1333879.html\",\"uri\":\"https:\\\/\\\/tintenwolf.mrkeks.net\\\/es\\\/live-in-farbe\\\/2014-2\\\/2014-04-17-zeit-der-kirschen\\\/\",\"post_id\":1613,\"post_title_referrer_track\":\"2014-04-17%3A+Kulturb%C3%BChne%3A+Zeit+der+Kirschen+%26%238220%3BKn%C3%A4ste%26%238221%3B\",\"display_infobox\":\"off\"});}});\n\/* ]]> *\/<\/script><\/div>","protected":false},"excerpt":{"rendered":"<p>Kn\u00e4ste sind in unserem Leben allgegenw\u00e4rtig und halten sich doch diskret im Hintergrund. Sie sind das Mittel der Wahl, um Straft\u00e4ter_Innen \u201czur Vernunft\u201d zu bringen und doch sind die meisten<\/p>\n","protected":false},"author":3,"featured_media":0,"parent":1298,"menu_order":0,"comment_status":"closed","ping_status":"closed","template":"","meta":{"footnotes":""},"class_list":["post-1613","page","type-page","status-publish","hentry"],"_links":{"self":[{"href":"https:\/\/tintenwolf.mrkeks.net\/es\/wp-json\/wp\/v2\/pages\/1613","targetHints":{"allow":["GET"]}}],"collection":[{"href":"https:\/\/tintenwolf.mrkeks.net\/es\/wp-json\/wp\/v2\/pages"}],"about":[{"href":"https:\/\/tintenwolf.mrkeks.net\/es\/wp-json\/wp\/v2\/types\/page"}],"author":[{"embeddable":true,"href":"https:\/\/tintenwolf.mrkeks.net\/es\/wp-json\/wp\/v2\/users\/3"}],"replies":[{"embeddable":true,"href":"https:\/\/tintenwolf.mrkeks.net\/es\/wp-json\/wp\/v2\/comments?post=1613"}],"version-history":[{"count":22,"href":"https:\/\/tintenwolf.mrkeks.net\/es\/wp-json\/wp\/v2\/pages\/1613\/revisions"}],"predecessor-version":[{"id":3891,"href":"https:\/\/tintenwolf.mrkeks.net\/es\/wp-json\/wp\/v2\/pages\/1613\/revisions\/3891"}],"up":[{"embeddable":true,"href":"https:\/\/tintenwolf.mrkeks.net\/es\/wp-json\/wp\/v2\/pages\/1298"}],"wp:attachment":[{"href":"https:\/\/tintenwolf.mrkeks.net\/es\/wp-json\/wp\/v2\/media?parent=1613"}],"curies":[{"name":"wp","href":"https:\/\/api.w.org\/{rel}","templated":true}]}}