{"id":1296,"date":"2013-11-08T00:55:18","date_gmt":"2013-11-07T22:55:18","guid":{"rendered":"http:\/\/tintenwolf.mrkeks.net\/?page_id=1296"},"modified":"2015-01-17T19:34:51","modified_gmt":"2015-01-17T17:34:51","slug":"2014-01-09-kulturbuhne-zeit-der-kirschen","status":"publish","type":"page","link":"https:\/\/tintenwolf.mrkeks.net\/es\/live-in-farbe\/2014-2\/2014-01-09-kulturbuhne-zeit-der-kirschen\/","title":{"rendered":"2014-01-09: Kulturb\u00fchne: Zeit der Kirschen &#8220;Krieg und Frieden&#8221;"},"content":{"rendered":"<p><em>Des orrrdentlichen Doitschen liebstes Wetter ist das Stahlgewitter. Schland muss am Hindukusch verteidigt werden. \u00dcberall lauert der Feind. Auch im Inneren. Der Feind tr\u00e4gt, je nach politischem Gusto, Kopftuch oder Cowboyhut. Der orrrdentliche Doitsche hat einen Landser gefr\u00fchst\u00fcckt und geht nicht zur Arbeit sondern marschiert. Er sch\u00fcttet sich aus vor Lachen \u00fcber Menschenketten und Friedensdemonstrationen und auch das Kind mit dem Bade. Der orrrdentliche Doitsche hat HD-TV, aber sieht die Welt schwarz-wei\u00df. Er liebt seine Soldaten, seinen Verteidigungsminister und seine Kanzlerin. Er schaut Tierfilme und Soap-Operas, sitzt friedlich auf dem Kanapee und liest Uta Daniella. Denn der orrrdentliche Doitsche will in jedem Krieg, und sei er noch so fern, seinen Frieden haben. Der orrdentliche Doitsche sagt: &#8220;Das wird man doch nochmal sagen d\u00fcrfen&#8221;. Der orrrdentliche Doitsches l\u00e4sst es in Kundus brennen und wird bef\u00f6rdert. Der orrrdentliche Doitsche isst gern Sushi und reicht den Rettich r\u00fcber. Der orrrdentliche Doitsche ist energiebewusst und m\u00f6chte den CO2-Aussto\u00df seiner Panzer reduzieren.<\/em><\/p>\n<p>&nbsp;<\/p>\n<ul>\n<li><strong>wer?<\/strong><em> Tintenwolf\/<a href=\"http:\/\/www.lastfm.de\/music\/Hisztory+&#038;+Meas+Wolfstatze\" target=\"_blank\">Hisztory &amp; Meas Wolfstatze<\/a> (linksautonome Hippie-Punk-Lyrik), <a href=\"http:\/\/leandersukov.de\/\" target=\"_blank\">Leander Sukov<\/a> &amp; <a href=\"https:\/\/www.facebook.com\/pages\/Simone-Barrientos-Kulturmaschinen-die-Seite\/144178299002339\" target=\"_blank\">Simone Barrientos<\/a> (Leseperformance) und <a href=\"http:\/\/sahara.mrkeks.net\/\" target=\"_blank\">Sahara B.<\/a> (l\u00e4ngere u. k\u00fcrzere (Kurz-)geschichten)<\/em><\/li>\n<\/ul>\n<ul>\n<li><strong>welche G\u00e4ste?<\/strong><em> <a href=\"http:\/\/hisztory.blogsport.de\/\" target=\"_blank\">Hisztory<\/a> (Songwriter und Storyteller) und <a href=\"http:\/\/www.frankviehweg.de\/\" target=\"_blank\">Frank Viehweg<\/a> (Liedermacher)<\/em><\/li>\n<\/ul>\n<ul>\n<li><strong>wann?<\/strong> <em>am 09. Januar 2014 ab 19:00 Uhr<\/em><\/li>\n<\/ul>\n<ul>\n<li><strong>wo?<\/strong> <em>in der <a href=\"http:\/\/www.baiz.info\/\" target=\"_blank\">Baiz<\/a>, Christinenstr. 1, Berlin<\/em><\/li>\n<\/ul>\n<ul>\n<li><a href=\"http:\/\/www.lastfm.de\/event\/3731082\" target=\"_blank\">Veranstaltung bei last.fm<\/a><\/li>\n<\/ul>\n<ul>\n<li><a href=\"https:\/\/tintenwolf.mrkeks.net\/es\/live-in-farbe\/2014-2\/2014-04-17-zeit-der-kirschen\/\">n\u00e4chste Kulturb\u00fchne der Zeit der Kirschen<\/a><\/li>\n<\/ul>\n<ul>\n<li><a href=\"https:\/\/tintenwolf.mrkeks.net\/es\/live-in-farbe\/2013-1\/2013-12-12-kulturbuhne-zeit-der-kirschen\/\">vorherige Kulturb\u00fchne der Zeit der Kirschen<\/a><\/li>\n<\/ul>\n<p><a href=\"https:\/\/tintenwolf.mrkeks.net\/es\/live-in-farbe\/2014-2\/\">vuelta<\/a><\/p>\n<div class=\"twoclick_social_bookmarks_post_1296 social_share_privacy clearfix 1.6.4 locale-es_ES sprite-de_DE\"><\/div><div class=\"twoclick-js\"><script type=\"text\/javascript\">\/* <![CDATA[ *\/\njQuery(document).ready(function($){if($('.twoclick_social_bookmarks_post_1296')){$('.twoclick_social_bookmarks_post_1296').socialSharePrivacy({\"services\":{\"facebook\":{\"status\":\"on\",\"txt_info\":\"2 Klicks f\\u00fcr mehr Datenschutz: Erst wenn Sie hier klicken, wird der Button aktiv und Sie k\\u00f6nnen Ihre Empfehlung an Facebook senden. Schon beim Aktivieren werden Daten an Dritte \\u00fcbertragen - siehe <em>i<\\\/em>.\",\"perma_option\":\"off\",\"action\":\"recommend\",\"language\":\"de_DE\"},\"twitter\":{\"reply_to\":\"\",\"tweet_text\":\"%202014-01-09%3A%20Kulturb%C3%BChne%3A%20Zeit%20der%20Kirschen%20%E2%80%9CKrieg%20und%20Frieden%E2%80%9D%20...\",\"status\":\"on\",\"txt_info\":\"2 Klicks f\\u00fcr mehr Datenschutz: Erst wenn Sie hier klicken, wird der Button aktiv und Sie k\\u00f6nnen Ihre Empfehlung an Twitter senden. Schon beim Aktivieren werden Daten an Dritte \\u00fcbertragen - siehe <em>i<\\\/em>.\",\"perma_option\":\"off\",\"language\":\"de\",\"referrer_track\":\"\"},\"gplus\":{\"status\":\"on\",\"txt_info\":\"2 Klicks f\\u00fcr mehr Datenschutz: Erst wenn Sie hier klicken, wird der Button aktiv und Sie k\\u00f6nnen Ihre Empfehlung an Google+ senden. Schon beim Aktivieren werden Daten an Dritte \\u00fcbertragen - siehe <em>i<\\\/em>.\",\"perma_option\":\"off\",\"referrer_track\":\"\"}},\"txt_help\":\"Wenn Sie diese Felder durch einen Klick aktivieren, werden Informationen an Facebook, Twitter, Flattr, Xing, t3n, LinkedIn, Pinterest oder Google eventuell ins Ausland \\u00fcbertragen und unter Umst\\u00e4nden auch dort gespeichert. N\\u00e4heres erfahren Sie durch einen Klick auf das <em>i<\\\/em>.\",\"settings_perma\":\"Dauerhaft aktivieren und Daten\\u00fcber-tragung zustimmen:\",\"info_link\":\"http:\\\/\\\/www.heise.de\\\/ct\\\/artikel\\\/2-Klicks-fuer-mehr-Datenschutz-1333879.html\",\"uri\":\"https:\\\/\\\/tintenwolf.mrkeks.net\\\/es\\\/live-in-farbe\\\/2014-2\\\/2014-01-09-kulturbuhne-zeit-der-kirschen\\\/\",\"post_id\":1296,\"post_title_referrer_track\":\"2014-01-09%3A+Kulturb%C3%BChne%3A+Zeit+der+Kirschen+%26%238220%3BKrieg+und+Frieden%26%238221%3B\",\"display_infobox\":\"off\"});}});\n\/* ]]> *\/<\/script><\/div>","protected":false},"excerpt":{"rendered":"<p>Des orrrdentlichen Doitschen liebstes Wetter ist das Stahlgewitter. Schland muss am Hindukusch verteidigt werden. \u00dcberall lauert der Feind. Auch im Inneren. Der Feind tr\u00e4gt, je nach politischem Gusto, Kopftuch oder<\/p>\n","protected":false},"author":3,"featured_media":0,"parent":1298,"menu_order":0,"comment_status":"closed","ping_status":"closed","template":"","meta":{"footnotes":""},"class_list":["post-1296","page","type-page","status-publish","hentry"],"_links":{"self":[{"href":"https:\/\/tintenwolf.mrkeks.net\/es\/wp-json\/wp\/v2\/pages\/1296","targetHints":{"allow":["GET"]}}],"collection":[{"href":"https:\/\/tintenwolf.mrkeks.net\/es\/wp-json\/wp\/v2\/pages"}],"about":[{"href":"https:\/\/tintenwolf.mrkeks.net\/es\/wp-json\/wp\/v2\/types\/page"}],"author":[{"embeddable":true,"href":"https:\/\/tintenwolf.mrkeks.net\/es\/wp-json\/wp\/v2\/users\/3"}],"replies":[{"embeddable":true,"href":"https:\/\/tintenwolf.mrkeks.net\/es\/wp-json\/wp\/v2\/comments?post=1296"}],"version-history":[{"count":16,"href":"https:\/\/tintenwolf.mrkeks.net\/es\/wp-json\/wp\/v2\/pages\/1296\/revisions"}],"predecessor-version":[{"id":3567,"href":"https:\/\/tintenwolf.mrkeks.net\/es\/wp-json\/wp\/v2\/pages\/1296\/revisions\/3567"}],"up":[{"embeddable":true,"href":"https:\/\/tintenwolf.mrkeks.net\/es\/wp-json\/wp\/v2\/pages\/1298"}],"wp:attachment":[{"href":"https:\/\/tintenwolf.mrkeks.net\/es\/wp-json\/wp\/v2\/media?parent=1296"}],"curies":[{"name":"wp","href":"https:\/\/api.w.org\/{rel}","templated":true}]}}