{"id":1166,"date":"2013-09-15T11:25:11","date_gmt":"2013-09-15T09:25:11","guid":{"rendered":"http:\/\/tintenwolf.mrkeks.net\/?page_id=1166"},"modified":"2014-10-21T16:01:08","modified_gmt":"2014-10-21T14:01:08","slug":"2013-12-12-kulturbuhne-zeit-der-kirschen","status":"publish","type":"page","link":"https:\/\/tintenwolf.mrkeks.net\/es\/live-in-farbe\/2013-1\/2013-12-12-kulturbuhne-zeit-der-kirschen\/","title":{"rendered":"2013-12-12: Kulturb\u00fchne: Zeit der Kirschen &#8220;Konsum&#8221;"},"content":{"rendered":"<p><em>Fr\u00f6hliche Weihnacht \u00fcberall<br \/>\nDas ganze sch\u00f6ne Leben. Konsum, Konsum, Konsum. Nichts ist so geil wie die Weihnachtszeit. Unter den Br\u00fccken \u00fcberreichen die Hausfrauen aus Wilmersdorf den Berbern selbstgebackene Stollen. Bei der &#8220;Tafel&#8221; gibt es Jahresendzeitfl\u00fcgelp\u00fcppchen zur Markkl\u00f6\u00dfchensuppe als Tischdekoration.<br \/>\nIn Marzahn stehen Kerzen im Fenster. Und alle singen gemeinsam: Stille Nacht. Hirn aus zum Gebet. Wer Geld hat, gibt es aus. Wer kein Geld hat, fliegt raus. Eine Gesellschaft, in der Armut sich ausbreitet, in der Fl\u00fcchtlinge um ihr Leben f\u00fcrchten und staatlich drangsaliert werden, feiert Weihnachten, das Fest des Konsums. Wir feiern mit!<br \/>\nKonsum (von lateinisch &#8220;consumere&#8221; &#8211; verbrauchen, verzehren) begegnet uns im Alltag immer und \u00fcberall. Wir konsumieren Nahrungsmittel, Kleidung, unsere Lieblingsserie (wenn wir denn eine haben) und viele Dinge, die wir eigentlich nicht brauchen. Da zur Weihnachtszeit bekanntlich besonders viel &#8220;konsumiert&#8221; wird, wollen wir uns diesen Monat auch mal damit befassen und uns an diesem Abend \u00fcber Musik, Lyrik und Prosa mit dem Thema besch\u00e4ftigen.<\/em><\/p>\n<p>&nbsp;<\/p>\n<ul>\n<li><strong>wer?<\/strong><em> <a href=\"http:\/\/leandersukov.de\/\" target=\"_blank\">Leander Sukov<\/a> &amp; <a href=\"https:\/\/www.facebook.com\/pages\/Simone-Barrientos-Kulturmaschinen-die-Seite\/144178299002339\" target=\"_blank\">Simone Barrientos<\/a> (Leseperformance), Tintenwolf (linksautonome Hippie-Punk-Lyrik) und <a href=\"http:\/\/sahara.mrkeks.net\/\" target=\"_blank\">Sahara B.<\/a> (l\u00e4ngere u. k\u00fcrzere (Kurz-)geschichten)<\/em><\/li>\n<\/ul>\n<ul>\n<li><strong>welche G\u00e4ste?<\/strong><em> <a href=\"http:\/\/anderersaits.wordpress.com\/\" target=\"_blank\">Anderersaits<\/a> (Liedermacher) und <a href=\"http:\/\/merle.blogsport.de\/\" target=\"_blank\">Merle<\/a> (Liedermacherin)<\/em><\/li>\n<\/ul>\n<ul>\n<li><strong>wann?<\/strong> <em>am 12. Dezember 2013 ab 19:00 Uhr<\/em><\/li>\n<\/ul>\n<ul>\n<li><strong>wo?<\/strong> <em>in der <a href=\"http:\/\/www.baiz.info\/\" target=\"_blank\">Baiz<\/a>, Christinenstr. 1, Berlin<\/em><\/li>\n<\/ul>\n<ul>\n<li><a href=\"http:\/\/www.lastfm.de\/event\/3691338\" target=\"_blank\">Veranstaltung bei last.fm<\/a><\/li>\n<\/ul>\n<ul>\n<li><a href=\"https:\/\/tintenwolf.mrkeks.net\/es\/live-in-farbe\/2014-2\/2014-01-09-kulturbuhne-zeit-der-kirschen\/\">n\u00e4chste Kulturb\u00fchne der Zeit der Kirschen<\/a><\/li>\n<\/ul>\n<ul>\n<li><a href=\"https:\/\/tintenwolf.mrkeks.net\/es\/live-in-farbe\/2013-1\/2013-11-14-zeit-der-kirschen\/\">vorherige Kulturb\u00fchne der Zeit der Kirschen<\/a><\/li>\n<\/ul>\n<p><a href=\"https:\/\/tintenwolf.mrkeks.net\/es\/live-in-farbe\/2013-1\/\">vuelta<\/a><\/p>\n<div class=\"twoclick_social_bookmarks_post_1166 social_share_privacy clearfix 1.6.4 locale-es_ES sprite-de_DE\"><\/div><div class=\"twoclick-js\"><script type=\"text\/javascript\">\/* <![CDATA[ *\/\njQuery(document).ready(function($){if($('.twoclick_social_bookmarks_post_1166')){$('.twoclick_social_bookmarks_post_1166').socialSharePrivacy({\"services\":{\"facebook\":{\"status\":\"on\",\"txt_info\":\"2 Klicks f\\u00fcr mehr Datenschutz: Erst wenn Sie hier klicken, wird der Button aktiv und Sie k\\u00f6nnen Ihre Empfehlung an Facebook senden. Schon beim Aktivieren werden Daten an Dritte \\u00fcbertragen - siehe <em>i<\\\/em>.\",\"perma_option\":\"off\",\"action\":\"recommend\",\"language\":\"de_DE\"},\"twitter\":{\"reply_to\":\"\",\"tweet_text\":\"2013-12-12%3A%20Kulturb%C3%BChne%3A%20Zeit%20der%20Kirschen%20%E2%80%9CKonsum%E2%80%9D%20%C2%BB%20Tintenwolf\",\"status\":\"on\",\"txt_info\":\"2 Klicks f\\u00fcr mehr Datenschutz: Erst wenn Sie hier klicken, wird der Button aktiv und Sie k\\u00f6nnen Ihre Empfehlung an Twitter senden. Schon beim Aktivieren werden Daten an Dritte \\u00fcbertragen - siehe <em>i<\\\/em>.\",\"perma_option\":\"off\",\"language\":\"de\",\"referrer_track\":\"\"},\"gplus\":{\"status\":\"on\",\"txt_info\":\"2 Klicks f\\u00fcr mehr Datenschutz: Erst wenn Sie hier klicken, wird der Button aktiv und Sie k\\u00f6nnen Ihre Empfehlung an Google+ senden. Schon beim Aktivieren werden Daten an Dritte \\u00fcbertragen - siehe <em>i<\\\/em>.\",\"perma_option\":\"off\",\"referrer_track\":\"\"}},\"txt_help\":\"Wenn Sie diese Felder durch einen Klick aktivieren, werden Informationen an Facebook, Twitter, Flattr, Xing, t3n, LinkedIn, Pinterest oder Google eventuell ins Ausland \\u00fcbertragen und unter Umst\\u00e4nden auch dort gespeichert. N\\u00e4heres erfahren Sie durch einen Klick auf das <em>i<\\\/em>.\",\"settings_perma\":\"Dauerhaft aktivieren und Daten\\u00fcber-tragung zustimmen:\",\"info_link\":\"http:\\\/\\\/www.heise.de\\\/ct\\\/artikel\\\/2-Klicks-fuer-mehr-Datenschutz-1333879.html\",\"uri\":\"https:\\\/\\\/tintenwolf.mrkeks.net\\\/es\\\/live-in-farbe\\\/2013-1\\\/2013-12-12-kulturbuhne-zeit-der-kirschen\\\/\",\"post_id\":1166,\"post_title_referrer_track\":\"2013-12-12%3A+Kulturb%C3%BChne%3A+Zeit+der+Kirschen+%26%238220%3BKonsum%26%238221%3B\",\"display_infobox\":\"off\"});}});\n\/* ]]> *\/<\/script><\/div>","protected":false},"excerpt":{"rendered":"<p>Fr\u00f6hliche Weihnacht \u00fcberall Das ganze sch\u00f6ne Leben. Konsum, Konsum, Konsum. Nichts ist so geil wie die Weihnachtszeit. Unter den Br\u00fccken \u00fcberreichen die Hausfrauen aus Wilmersdorf den Berbern selbstgebackene Stollen. Bei<\/p>\n","protected":false},"author":3,"featured_media":0,"parent":661,"menu_order":4,"comment_status":"closed","ping_status":"closed","template":"","meta":{"footnotes":""},"class_list":["post-1166","page","type-page","status-publish","hentry"],"_links":{"self":[{"href":"https:\/\/tintenwolf.mrkeks.net\/es\/wp-json\/wp\/v2\/pages\/1166","targetHints":{"allow":["GET"]}}],"collection":[{"href":"https:\/\/tintenwolf.mrkeks.net\/es\/wp-json\/wp\/v2\/pages"}],"about":[{"href":"https:\/\/tintenwolf.mrkeks.net\/es\/wp-json\/wp\/v2\/types\/page"}],"author":[{"embeddable":true,"href":"https:\/\/tintenwolf.mrkeks.net\/es\/wp-json\/wp\/v2\/users\/3"}],"replies":[{"embeddable":true,"href":"https:\/\/tintenwolf.mrkeks.net\/es\/wp-json\/wp\/v2\/comments?post=1166"}],"version-history":[{"count":15,"href":"https:\/\/tintenwolf.mrkeks.net\/es\/wp-json\/wp\/v2\/pages\/1166\/revisions"}],"predecessor-version":[{"id":3580,"href":"https:\/\/tintenwolf.mrkeks.net\/es\/wp-json\/wp\/v2\/pages\/1166\/revisions\/3580"}],"up":[{"embeddable":true,"href":"https:\/\/tintenwolf.mrkeks.net\/es\/wp-json\/wp\/v2\/pages\/661"}],"wp:attachment":[{"href":"https:\/\/tintenwolf.mrkeks.net\/es\/wp-json\/wp\/v2\/media?parent=1166"}],"curies":[{"name":"wp","href":"https:\/\/api.w.org\/{rel}","templated":true}]}}