{"id":1058,"date":"2013-08-15T10:17:32","date_gmt":"2013-08-15T08:17:32","guid":{"rendered":"http:\/\/tintenwolf.mrkeks.net\/?page_id=1058"},"modified":"2014-10-21T16:11:45","modified_gmt":"2014-10-21T14:11:45","slug":"2013-11-14-zeit-der-kirschen","status":"publish","type":"page","link":"https:\/\/tintenwolf.mrkeks.net\/es\/live-in-farbe\/2013-1\/2013-11-14-zeit-der-kirschen\/","title":{"rendered":"2013-11-14: Kulturb\u00fchne: Zeit der Kirschen &#8220;Gentrifizierung&#8221;"},"content":{"rendered":"<p><em>Immer mehr Wohn- &#038; Lebensr\u00e4ume weichen profitorientierten Interessen. Menschen, die rasant steigende Mieten nicht tragen k\u00f6nnen oder wollen, und Projekte, welche nicht in ein sauberes, konsumorientiertes Stadtbild passen, werden verdr\u00e4ngt. Auch dies sind Erscheinungen eines kapitalistischen Gesellschafts- &#038; Wirtschaftssystems. In diesem Sinne l\u00e4sst es sich kaum losgel\u00f6st davon betrachten. Dennoch will die &#8220;<a title=\"Zeit der Kirschen\" href=\"http:\/\/kirschenzeit.net\/\" target=\"_blank\">Zeit der Kirschen<\/a>&#8221; ebendies versuchen. Und zwar auf k\u00fcnstlerischer Ebene&#8230; Die H\u00e4user denen, die drin leben!<br \/><\/em><br \/>\n<em>Um dem ganzen Abend trotzdem noch ein wenig Theorie zu verpassen, gibt&#8217;s einen Input vom <a href=\"http:\/\/zwangsraeumungverhindern.blogsport.de\/\" target=\"_blank\">&#8220;Zwangsr\u00e4umung verhindern&#8221; B\u00fcndniss<\/a>.<\/em><\/p>\n<p>&nbsp;<\/p>\n<ul>\n<li><strong>wer?<\/strong><em> <a href=\"http:\/\/leandersukov.de\/\" target=\"_blank\">Leander Sukov<\/a> &amp; <a href=\"https:\/\/www.facebook.com\/pages\/Simone-Barrientos-Kulturmaschinen-die-Seite\/144178299002339\" target=\"_blank\">Simone Barrientos<\/a> (Leseperformance), Tintenwolf (linksautonome Hippie-Punk-Lyrik) und <a href=\"http:\/\/sahara.mrkeks.net\/\" target=\"_blank\">Sahara B.<\/a> (l\u00e4ngere u. k\u00fcrzere (Kurz-)geschichten)<\/em><\/li>\n<\/ul>\n<ul>\n<li><strong>welche G\u00e4ste?<\/strong><em> <a href=\"http:\/\/www.silkateichert.de\/\" target=\"_blank\">Silka Teichert<\/a> (Lesung), <a href=\"http:\/\/www.ahne-international.de\/\" target=\"_blank\">Ahne<\/a> (Zwiegespr\u00e4che mit Gott), <a href=\"http:\/\/wundabunt.weebly.com\/\" target=\"_blank\">der Wundabunte Straszenpunk<\/a> (Liedermacher &amp; Stra\u00dfenmusiker) und <a href=\"http:\/\/www.lenastoehrfaktor.de\/\" target=\"_blank\">Lena Stoehrfaktor<\/a> (<a href=\"http:\/\/conexionmusical.de\/\" target=\"_blank\">Conexi\u00f2n Musical<\/a>; HipHop)<\/em><\/li>\n<\/ul>\n<ul>\n<li><strong>wann?<\/strong> <em>am 14. November 2013 ab 19:00 Uhr<\/em><\/li>\n<\/ul>\n<ul>\n<li><strong>wo?<\/strong> <em>in der <a href=\"http:\/\/www.baiz.info\/\" target=\"_blank\">Baiz<\/a>, Christinenstr. 1, Berlin<\/em><\/li>\n<\/ul>\n<ul>\n<li><a href=\"http:\/\/www.lastfm.de\/event\/3666895\" target=\"_blank\">Veranstaltung bei last.fm<\/a><\/li>\n<\/ul>\n<ul>\n<li><a href=\"https:\/\/tintenwolf.mrkeks.net\/es\/live-in-farbe\/2013-1\/2013-12-12-kulturbuhne-zeit-der-kirschen\/\">n\u00e4chste Kulturb\u00fchne der Zeit der Kirschen<\/a><\/li>\n<\/ul>\n<ul>\n<li><a href=\"https:\/\/tintenwolf.mrkeks.net\/es\/live-in-farbe\/2013-1\/2013-10-17-kulturbuhne-zeit-der-kirschen\/\">vorherige Kulturb\u00fchne der Zeit der Kirschen<\/a><\/li>\n<\/ul>\n<p><a href=\"https:\/\/tintenwolf.mrkeks.net\/es\/live-in-farbe\/2013-1\/\">vuelta<\/a><\/p>\n<div class=\"twoclick_social_bookmarks_post_1058 social_share_privacy clearfix 1.6.4 locale-es_ES sprite-de_DE\"><\/div><div class=\"twoclick-js\"><script type=\"text\/javascript\">\/* <![CDATA[ *\/\njQuery(document).ready(function($){if($('.twoclick_social_bookmarks_post_1058')){$('.twoclick_social_bookmarks_post_1058').socialSharePrivacy({\"services\":{\"facebook\":{\"status\":\"on\",\"txt_info\":\"2 Klicks f\\u00fcr mehr Datenschutz: Erst wenn Sie hier klicken, wird der Button aktiv und Sie k\\u00f6nnen Ihre Empfehlung an Facebook senden. Schon beim Aktivieren werden Daten an Dritte \\u00fcbertragen - siehe <em>i<\\\/em>.\",\"perma_option\":\"off\",\"action\":\"recommend\",\"language\":\"de_DE\"},\"twitter\":{\"reply_to\":\"\",\"tweet_text\":\"%202013-11-14%3A%20Kulturb%C3%BChne%3A%20Zeit%20der%20Kirschen%20%E2%80%9CGentrifizierung%E2%80%9D%20%C2%BB%20...\",\"status\":\"on\",\"txt_info\":\"2 Klicks f\\u00fcr mehr Datenschutz: Erst wenn Sie hier klicken, wird der Button aktiv und Sie k\\u00f6nnen Ihre Empfehlung an Twitter senden. Schon beim Aktivieren werden Daten an Dritte \\u00fcbertragen - siehe <em>i<\\\/em>.\",\"perma_option\":\"off\",\"language\":\"de\",\"referrer_track\":\"\"},\"gplus\":{\"status\":\"on\",\"txt_info\":\"2 Klicks f\\u00fcr mehr Datenschutz: Erst wenn Sie hier klicken, wird der Button aktiv und Sie k\\u00f6nnen Ihre Empfehlung an Google+ senden. Schon beim Aktivieren werden Daten an Dritte \\u00fcbertragen - siehe <em>i<\\\/em>.\",\"perma_option\":\"off\",\"referrer_track\":\"\"}},\"txt_help\":\"Wenn Sie diese Felder durch einen Klick aktivieren, werden Informationen an Facebook, Twitter, Flattr, Xing, t3n, LinkedIn, Pinterest oder Google eventuell ins Ausland \\u00fcbertragen und unter Umst\\u00e4nden auch dort gespeichert. N\\u00e4heres erfahren Sie durch einen Klick auf das <em>i<\\\/em>.\",\"settings_perma\":\"Dauerhaft aktivieren und Daten\\u00fcber-tragung zustimmen:\",\"info_link\":\"http:\\\/\\\/www.heise.de\\\/ct\\\/artikel\\\/2-Klicks-fuer-mehr-Datenschutz-1333879.html\",\"uri\":\"https:\\\/\\\/tintenwolf.mrkeks.net\\\/es\\\/live-in-farbe\\\/2013-1\\\/2013-11-14-zeit-der-kirschen\\\/\",\"post_id\":1058,\"post_title_referrer_track\":\"2013-11-14%3A+Kulturb%C3%BChne%3A+Zeit+der+Kirschen+%26%238220%3BGentrifizierung%26%238221%3B\",\"display_infobox\":\"off\"});}});\n\/* ]]> *\/<\/script><\/div>","protected":false},"excerpt":{"rendered":"<p>Immer mehr Wohn- &#038; Lebensr\u00e4ume weichen profitorientierten Interessen. Menschen, die rasant steigende Mieten nicht tragen k\u00f6nnen oder wollen, und Projekte, welche nicht in ein sauberes, konsumorientiertes Stadtbild passen, werden verdr\u00e4ngt.<\/p>\n","protected":false},"author":3,"featured_media":0,"parent":661,"menu_order":6,"comment_status":"closed","ping_status":"closed","template":"","meta":{"footnotes":""},"class_list":["post-1058","page","type-page","status-publish","hentry"],"_links":{"self":[{"href":"https:\/\/tintenwolf.mrkeks.net\/es\/wp-json\/wp\/v2\/pages\/1058","targetHints":{"allow":["GET"]}}],"collection":[{"href":"https:\/\/tintenwolf.mrkeks.net\/es\/wp-json\/wp\/v2\/pages"}],"about":[{"href":"https:\/\/tintenwolf.mrkeks.net\/es\/wp-json\/wp\/v2\/types\/page"}],"author":[{"embeddable":true,"href":"https:\/\/tintenwolf.mrkeks.net\/es\/wp-json\/wp\/v2\/users\/3"}],"replies":[{"embeddable":true,"href":"https:\/\/tintenwolf.mrkeks.net\/es\/wp-json\/wp\/v2\/comments?post=1058"}],"version-history":[{"count":20,"href":"https:\/\/tintenwolf.mrkeks.net\/es\/wp-json\/wp\/v2\/pages\/1058\/revisions"}],"predecessor-version":[{"id":3596,"href":"https:\/\/tintenwolf.mrkeks.net\/es\/wp-json\/wp\/v2\/pages\/1058\/revisions\/3596"}],"up":[{"embeddable":true,"href":"https:\/\/tintenwolf.mrkeks.net\/es\/wp-json\/wp\/v2\/pages\/661"}],"wp:attachment":[{"href":"https:\/\/tintenwolf.mrkeks.net\/es\/wp-json\/wp\/v2\/media?parent=1058"}],"curies":[{"name":"wp","href":"https:\/\/api.w.org\/{rel}","templated":true}]}}