{"id":10,"date":"2013-03-09T12:18:31","date_gmt":"2013-03-09T10:18:31","guid":{"rendered":"http:\/\/tintenwolf.mrkeks.net\/?page_id=10"},"modified":"2024-05-11T20:02:50","modified_gmt":"2024-05-11T18:02:50","slug":"links","status":"publish","type":"page","link":"https:\/\/tintenwolf.mrkeks.net\/es\/links\/","title":{"rendered":"Links"},"content":{"rendered":"<p>F\u00fcr die Inhalte der verlinkten Seiten (mit Ausnahme meiner \u00bbm\u00e1s informaci\u00f3n sobre m\u00ed\u00ab) trage ich keine Verantwortung.<\/p>\n<h4>m\u00e1s informaci\u00f3n sobre m\u00ed<\/h4>\n<ul>\n<li><a title=\"en Bandcamp\" href=\"https:\/\/tintenwolf.bandcamp.com\/\" target=\"_blank\" rel=\"noopener noreferrer\">en Bandcamp<\/a><\/li>\n<li><a title=\"en facebook\" href=\"http:\/\/www.facebook.com\/Tintenwolf\" target=\"_blank\" rel=\"noopener noreferrer\">en facebook<\/a><\/li>\n<li><a title=\"en Youtube\" href=\"https:\/\/www.youtube.com\/user\/tintenwolf\/playlists\" target=\"_blank\" rel=\"noopener noreferrer\">en Youtube<\/a><\/li>\n<\/ul>\n<h4>otr@s artistas<\/h4>\n<ul>\n<li><a title=\"Eric Fish\" href=\"http:\/\/www.ericfish.de\/\" target=\"_blank\" rel=\"noopener noreferrer\">Eric Fish<\/a><\/li>\n<li><a title=\"Frank Viehweg\" href=\"http:\/\/www.frankviehweg.de\/\" target=\"_blank\" rel=\"noopener noreferrer\">Frank Viehweg<\/a><\/li>\n<li><a title=\"Klaus der Geiger\" href=\"http:\/\/www.klausdergeiger.de\/\" target=\"_blank\" rel=\"noopener noreferrer\">Klaus der Geiger<\/a><\/li>\n<li><a title=\"Lari und die Pausenmusik\" href=\"http:\/\/www.lariunddiepausenmusik.de\/\" target=\"_blank\" rel=\"noopener noreferrer\">Lari und die Pausenmusik<\/a><\/li>\n<li><a title=\"Saltatio Mortis\" href=\"https:\/\/www.saltatio-mortis.com\/\" target=\"_blank\" rel=\"noopener noreferrer\">Saltatio Mortis<\/a><\/li>\n<li><a title=\"Shei\" href=\"http:\/\/www.shei.de\/html\/auswahl.html\" target=\"_blank\" rel=\"noopener noreferrer\">Shei<\/a><\/li>\n<li><a title=\"Tobias Thiele\" href=\"http:\/\/www.tobias-thiele.com\/\" target=\"_blank\" rel=\"noopener noreferrer\">Tobias Thiele<\/a><\/li>\n<li><a title=\"Zargenbruch\" href=\"http:\/\/www.zargenbruch.com\/\" target=\"_blank\" rel=\"noopener noreferrer\">Zargenbruch<\/a><\/li>\n<\/ul>\n<h4>okupas y proyectos<\/h4>\n<ul>\n<li><a title=\"Baiz | Kultur- und Schankwirtschaft (Sch\u00f6nhauser Allee 26a, 10435 Berlin)\" href=\"http:\/\/www.baiz.info\/\" target=\"_blank\" rel=\"noopener noreferrer\">Baiz<\/a><\/li>\n<li><a title=\"Die Freie Schule am Mauerpark ist eine freie Grundschule in Tr\u00e4gerschaft des &quot;Freies Lernen in Berlin e.V.&quot; in der Wolliner Str. 25\/26 in der N\u00e4he vom Mauerpark.\" href=\"http:\/\/www.freieschuleberlin.de\/\" target=\"_blank\" rel=\"noopener noreferrer\">Freie Schule am Mauerpark<\/a><\/li>\n<li><a title=\"Die Freie Schule Kreuzberg (FSX) ist eine von Eltern, Lehrer\/innen und auch Sch\u00fcler\/innen selbstorganisierte Grundschule in der Wrangelstra\u00dfe 128 in Kreuzberg.\" href=\"http:\/\/freieschulekreuzberg.de\/\" target=\"_blank\" rel=\"noopener noreferrer\">Freie Schule Kreuzberg e.V. [FSX]<\/a><\/li>\n<li><a title=\"Schule f\u00fcr Erwachsenenbildung [SFE]\" href=\"http:\/\/www.sfeberlin.de\/\" target=\"_blank\" rel=\"noopener noreferrer\">Schule f\u00fcr Erwachsenenbildung [SFE]<\/a><\/li>\n<li><a title=\"Traditionssegler Lovis\" href=\"http:\/\/lovis.de\/\" target=\"_blank\" rel=\"noopener noreferrer\">Traditionssegler Lovis<\/a><\/li>\n<li><a title=\"Veganladen-Kollektiv am Karl-Marx-Platz 24 in 12043 Berlin\" href=\"http:\/\/www.veganladen-kollektiv.net\/\" target=\"_blank\" rel=\"noopener noreferrer\">Veganladen-Kollektiv Dr. Pogo<\/a><\/li>\n<li><a title=\"Ventana al Valle | libert\u00e4rsozialistisches Kulturprojekt auf Kuba\" href=\"http:\/\/www.ventanaalvalle.org\/\" target=\"_blank\" rel=\"noopener noreferrer\">Ventana al Valle<\/a><\/li>\n<\/ul>\n<h4>otr@s<\/h4>\n<ul>\n<li><a title=\"ab daf\u00fcr! records | diy-label bei der rotzfrechen asphaltkultur\" href=\"http:\/\/www.ab-dafuer-records.de\/\" target=\"_blank\" rel=\"noopener noreferrer\">ab daf\u00fcr! records<\/a><\/li>\n<li><a title=\"ALT, ABER SICHER | eine Initiative f\u00fcr einen sicheren Zweitrechner\" href=\"http:\/\/alt-aber-sicher.de\/\" target=\"_blank\" rel=\"noopener noreferrer\">ALT, ABER SICHER<\/a><\/li>\n<li><a title=\"Berlin gegen Nazis\" href=\"http:\/\/berlin-gegen-nazis.de\/\" target=\"_blank\" rel=\"noopener noreferrer\">Berlin gegen Nazis<\/a><\/li>\n<li><a title=\"Berlin Linux User Group [Be]LUG\" href=\"http:\/\/www.belug.de\/\" target=\"_blank\" rel=\"noopener noreferrer\">Berlin Linux User Group [Be]LUG<\/a><\/li>\n<li><a title=\"Caf\u00e9 Libertad Kollektiv | guter Kaffee, der wichtige Projekte unterst\u00fctzt\" href=\"http:\/\/www.cafe-libertad.de\/\" target=\"_blank\" rel=\"noopener noreferrer\">Caf\u00e9 Libertad Kollektiv<\/a><\/li>\n<li><a title=\"Dresden stellt sich quer\" href=\"http:\/\/www.dresden-nazifrei.com\/index.php\" target=\"_blank\" rel=\"noopener noreferrer\">Dresden stellt sich quer<\/a><\/li>\n<li><a title=\"Erich M\u00fchsams Tageb\u00fccher\" href=\"http:\/\/www.muehsam-tagebuch.de\/tb\/index.php\" target=\"_blank\" rel=\"noopener noreferrer\">Erich M\u00fchsams Tageb\u00fccher<\/a><\/li>\n<li><a title=\"Gemeingut in B\u00fcrgerInnenhand [GiB]\" href=\"https:\/\/www.gemeingut.org\/\" target=\"_blank\" rel=\"noopener noreferrer\">Gemeingut in B\u00fcrgerInnenhand [GiB]<\/a><\/li>\n<li><a title=\"Gewerkschaft Erziehung und Wissenschaft\" href=\"https:\/\/www.gew.de\/\" target=\"_blank\" rel=\"noopener noreferrer\">Gewerkschaft Erziehung und Wissenschaft [GEW]<\/a><\/li>\n<li><a title=\"Kaffeekollektiv Aroma Zapatista eG | noch mehr guter Kaffee zur Unterst\u00fctzung der Zapatisten\" href=\"https:\/\/www.aroma-zapatista.de\/\" target=\"_blank\" rel=\"noopener noreferrer\">Kaffeekollektiv Aroma Zapatista<\/a><\/li>\n<li><a title=\"Mr. Keks, der mir bei meinem ganzen Web-Zeugs hilft\" href=\"http:\/\/mrkeks.net\" target=\"_blank\" rel=\"noopener noreferrer\">Mr. Keks<\/a><\/li>\n<li><a title=\"Saganteller Orga | eine supercoole LARP-Orga\" href=\"http:\/\/www.pakyrion.de\/\" target=\"_blank\" rel=\"noopener noreferrer\">Saganteller Orga<\/a><\/li>\n<li><a title=\"Thilo Wagners LARP-Kalender\" href=\"http:\/\/www.larpkalender.de\/\" target=\"_blank\" rel=\"noopener noreferrer\">Thilo Wagners LARP-Kalender<\/a><\/li>\n<li><a title=\"Traditionelles Taekwon-Do Dresden L\u00f6btau\" href=\"http:\/\/www.taekwondo-dresden.org\/\" target=\"_blank\" rel=\"noopener noreferrer\">Traditionelles Taekwon-Do Dresden L\u00f6btau<\/a><\/li>\n<li><a title=\"Vereinigung der Verfolgten des Naziregimes \u2013 Bund der Antifaschistinnen und Antifaschisten [VVN-BdA]\" href=\"https:\/\/vvn-bda.de\/\" target=\"_blank\" rel=\"noopener noreferrer\">Vereinigung der Verfolgten des Naziregimes \u2013 Bund der Antifaschistinnen und Antifaschisten [VVN-BdA]<\/a><\/li>\n<\/ul>\n<div class=\"twoclick_social_bookmarks_post_10 social_share_privacy clearfix 1.6.4 locale-es_ES sprite-de_DE\"><\/div><div class=\"twoclick-js\"><script type=\"text\/javascript\">\/* <![CDATA[ *\/\njQuery(document).ready(function($){if($('.twoclick_social_bookmarks_post_10')){$('.twoclick_social_bookmarks_post_10').socialSharePrivacy({\"services\":{\"facebook\":{\"status\":\"on\",\"txt_info\":\"2 Klicks f\\u00fcr mehr Datenschutz: Erst wenn Sie hier klicken, wird der Button aktiv und Sie k\\u00f6nnen Ihre Empfehlung an Facebook senden. Schon beim Aktivieren werden Daten an Dritte \\u00fcbertragen - siehe <em>i<\\\/em>.\",\"perma_option\":\"off\",\"action\":\"recommend\",\"language\":\"de_DE\"},\"twitter\":{\"reply_to\":\"\",\"tweet_text\":\"Links%20%C2%BB%20Tintenwolf\",\"status\":\"on\",\"txt_info\":\"2 Klicks f\\u00fcr mehr Datenschutz: Erst wenn Sie hier klicken, wird der Button aktiv und Sie k\\u00f6nnen Ihre Empfehlung an Twitter senden. Schon beim Aktivieren werden Daten an Dritte \\u00fcbertragen - siehe <em>i<\\\/em>.\",\"perma_option\":\"off\",\"language\":\"de\",\"referrer_track\":\"\"},\"gplus\":{\"status\":\"on\",\"txt_info\":\"2 Klicks f\\u00fcr mehr Datenschutz: Erst wenn Sie hier klicken, wird der Button aktiv und Sie k\\u00f6nnen Ihre Empfehlung an Google+ senden. Schon beim Aktivieren werden Daten an Dritte \\u00fcbertragen - siehe <em>i<\\\/em>.\",\"perma_option\":\"off\",\"referrer_track\":\"\"}},\"txt_help\":\"Wenn Sie diese Felder durch einen Klick aktivieren, werden Informationen an Facebook, Twitter, Flattr, Xing, t3n, LinkedIn, Pinterest oder Google eventuell ins Ausland \\u00fcbertragen und unter Umst\\u00e4nden auch dort gespeichert. N\\u00e4heres erfahren Sie durch einen Klick auf das <em>i<\\\/em>.\",\"settings_perma\":\"Dauerhaft aktivieren und Daten\\u00fcber-tragung zustimmen:\",\"info_link\":\"http:\\\/\\\/www.heise.de\\\/ct\\\/artikel\\\/2-Klicks-fuer-mehr-Datenschutz-1333879.html\",\"uri\":\"https:\\\/\\\/tintenwolf.mrkeks.net\\\/es\\\/links\\\/\",\"post_id\":10,\"post_title_referrer_track\":\"Links\",\"display_infobox\":\"off\"});}});\n\/* ]]> *\/<\/script><\/div>","protected":false},"excerpt":{"rendered":"<p>Eric Fish Frank Viehweg Klaus der Geiger Lari und die Pausenmusik Saltatio Mortis Shei Tobias Thiele Zargenbruch Baiz Freie Schule am Mauerpark Freie Schule Kreuzberg e.V. [FSX] Schule f\u00fcr Erwachsenenbildung<\/p>\n","protected":false},"author":3,"featured_media":0,"parent":0,"menu_order":11,"comment_status":"closed","ping_status":"closed","template":"","meta":{"footnotes":""},"class_list":["post-10","page","type-page","status-publish","hentry"],"_links":{"self":[{"href":"https:\/\/tintenwolf.mrkeks.net\/es\/wp-json\/wp\/v2\/pages\/10","targetHints":{"allow":["GET"]}}],"collection":[{"href":"https:\/\/tintenwolf.mrkeks.net\/es\/wp-json\/wp\/v2\/pages"}],"about":[{"href":"https:\/\/tintenwolf.mrkeks.net\/es\/wp-json\/wp\/v2\/types\/page"}],"author":[{"embeddable":true,"href":"https:\/\/tintenwolf.mrkeks.net\/es\/wp-json\/wp\/v2\/users\/3"}],"replies":[{"embeddable":true,"href":"https:\/\/tintenwolf.mrkeks.net\/es\/wp-json\/wp\/v2\/comments?post=10"}],"version-history":[{"count":285,"href":"https:\/\/tintenwolf.mrkeks.net\/es\/wp-json\/wp\/v2\/pages\/10\/revisions"}],"predecessor-version":[{"id":8054,"href":"https:\/\/tintenwolf.mrkeks.net\/es\/wp-json\/wp\/v2\/pages\/10\/revisions\/8054"}],"wp:attachment":[{"href":"https:\/\/tintenwolf.mrkeks.net\/es\/wp-json\/wp\/v2\/media?parent=10"}],"curies":[{"name":"wp","href":"https:\/\/api.w.org\/{rel}","templated":true}]}}