{"id":858,"date":"2013-07-12T14:24:04","date_gmt":"2013-07-12T12:24:04","guid":{"rendered":"http:\/\/tintenwolf.mrkeks.net\/?page_id=858"},"modified":"2014-10-21T16:12:03","modified_gmt":"2014-10-21T14:12:03","slug":"2013-10-17-kulturbuhne-zeit-der-kirschen","status":"publish","type":"page","link":"https:\/\/tintenwolf.mrkeks.net\/en\/live-in-farbe\/2013-1\/2013-10-17-kulturbuhne-zeit-der-kirschen\/","title":{"rendered":"2013-10-17: Kulturb\u00fchne: Zeit der Kirschen &#8220;Identit\u00e4t&#8221;"},"content":{"rendered":"<p><em>Identit\u00e4t ist ein Begriff, der in vielen Bereichen Anwendung findet. Sie kann selbst gew\u00e4hlt oder von au\u00dfen zugewiesen, eine bewusst aufgesetzte Maske oder die unfreiwillige Einordnung in eine gedankliche Schublade sein. Diese oder jene Identit\u00e4t kann in Gesellschaften oder Gruppen ein Ideal oder dessen Gegenteil verk\u00f6rpern und somit zu Akzeptanz oder Ablehnung f\u00fchren. Manchmal h\u00f6ren wir, die \u201erichtige\u201c Identit\u00e4t sei durch den Erwerb dieser oder jener Produkte k\u00e4uflich, manchmal sind wir auf der Suche nach unserer Identit\u00e4t und betreiben \u201eSelbstfindung\u201c und manchmal verbinden die unterschiedlichsten Menschen bestimmte Erlebnisse oder Umst\u00e4nde &#8211; und sie identifizieren sich miteinander \u2013 oder mit Dingen, Nationen, Geschichten und Ideen&#8230; Was ist nun Identit\u00e4t? Kommt sie aus unserem Inneren oder von au\u00dfen? Wie entwickelt sie sich und welche Bedeutung hat sie f\u00fcr die eigene Pers\u00f6nlichkeit, Gruppen oder die Gesellschaft?<br \/><\/em><br \/>\n<em>Wir wollen uns an diesem Abend der Identit\u00e4t widmen und auf k\u00fcnstlerische Art mit ihr auseinandersetzen.<\/em><\/p>\n<p>&nbsp;<\/p>\n<ul>\n<li><strong>wer?<\/strong><em> <a href=\"http:\/\/slov-ant-gali.blogspot.de\/\" target=\"_blank\">Slov ant gali<\/a> (utopische Literatur und Frieden) und Tintenwolf (linksautonome Hippie-Punk-Lyrik)<\/em><\/li>\n<\/ul>\n<ul>\n<li><strong>welche G\u00e4ste?<\/strong><em> <a href=\"http:\/\/faulenza.blogsport.de\/\" target=\"_blank\">FaulenzA<\/a> Liedermacher), <a href=\"http:\/\/liebertat.blogsport.de\/\" target=\"_blank\">Liebertat!<\/a> (Lyrik), <a href=\"http:\/\/www.berlinskadroha.com\/index_de.php\" target=\"_blank\">Berlinska droha<\/a> (sorbischer Folk und Akustikpunk) und <a href=\"http:\/\/dinge-die-theater-machen.de\/\" target=\"_blank\">Daisy Blau<\/a> (Figurentheater)<\/em><\/li>\n<\/ul>\n<ul>\n<li><strong>wann?<\/strong> <em>am 17. Oktober 2013 ab 19:00 Uhr<\/em><\/li>\n<\/ul>\n<ul>\n<li><strong>wo?<\/strong> <em>in der <a href=\"http:\/\/www.baiz.info\/\" target=\"_blank\">Baiz<\/a>, Christinenstr. 1, Berlin<\/em><\/li>\n<\/ul>\n<ul>\n<li><a href=\"http:\/\/www.lastfm.de\/event\/3642224\" target=\"_blank\">Veranstaltung bei last.fm<\/a><\/li>\n<\/ul>\n<ul>\n<li><a href=\"https:\/\/tintenwolf.mrkeks.net\/en\/live-in-farbe\/2013-1\/2013-11-14-zeit-der-kirschen\/\">n\u00e4chste Kulturb\u00fchne der Zeit der Kirschen<\/a><\/li>\n<\/ul>\n<ul>\n<li><a href=\"https:\/\/tintenwolf.mrkeks.net\/en\/live-in-farbe\/2013-1\/2013-09-12-kulturbuhne-zeit-der-kirschen\/\">vorherige Kulturb\u00fchne der Zeit der Kirschen<\/a><\/li>\n<\/ul>\n<p><a href=\"https:\/\/tintenwolf.mrkeks.net\/en\/live-in-farbe\/2013-1\/\">back<\/a><\/p>\n<div class=\"twoclick_social_bookmarks_post_858 social_share_privacy clearfix 1.6.4 locale-en_GB sprite-de_DE\"><\/div><div class=\"twoclick-js\"><script type=\"text\/javascript\">\/* <![CDATA[ *\/\njQuery(document).ready(function($){if($('.twoclick_social_bookmarks_post_858')){$('.twoclick_social_bookmarks_post_858').socialSharePrivacy({\"services\":{\"facebook\":{\"status\":\"on\",\"txt_info\":\"2 Klicks f\\u00fcr mehr Datenschutz: Erst wenn Sie hier klicken, wird der Button aktiv und Sie k\\u00f6nnen Ihre Empfehlung an Facebook senden. Schon beim Aktivieren werden Daten an Dritte \\u00fcbertragen - siehe <em>i<\\\/em>.\",\"perma_option\":\"off\",\"action\":\"recommend\",\"language\":\"de_DE\"},\"twitter\":{\"reply_to\":\"\",\"tweet_text\":\"%202013-10-17%3A%20Kulturb%C3%BChne%3A%20Zeit%20der%20Kirschen%20%E2%80%9CIdentit%C3%A4t%E2%80%9D%20%C2%BB%20...\",\"status\":\"on\",\"txt_info\":\"2 Klicks f\\u00fcr mehr Datenschutz: Erst wenn Sie hier klicken, wird der Button aktiv und Sie k\\u00f6nnen Ihre Empfehlung an Twitter senden. Schon beim Aktivieren werden Daten an Dritte \\u00fcbertragen - siehe <em>i<\\\/em>.\",\"perma_option\":\"off\",\"language\":\"de\",\"referrer_track\":\"\"},\"gplus\":{\"status\":\"on\",\"txt_info\":\"2 Klicks f\\u00fcr mehr Datenschutz: Erst wenn Sie hier klicken, wird der Button aktiv und Sie k\\u00f6nnen Ihre Empfehlung an Google+ senden. Schon beim Aktivieren werden Daten an Dritte \\u00fcbertragen - siehe <em>i<\\\/em>.\",\"perma_option\":\"off\",\"referrer_track\":\"\"}},\"txt_help\":\"Wenn Sie diese Felder durch einen Klick aktivieren, werden Informationen an Facebook, Twitter, Flattr, Xing, t3n, LinkedIn, Pinterest oder Google eventuell ins Ausland \\u00fcbertragen und unter Umst\\u00e4nden auch dort gespeichert. N\\u00e4heres erfahren Sie durch einen Klick auf das <em>i<\\\/em>.\",\"settings_perma\":\"Dauerhaft aktivieren und Daten\\u00fcber-tragung zustimmen:\",\"info_link\":\"http:\\\/\\\/www.heise.de\\\/ct\\\/artikel\\\/2-Klicks-fuer-mehr-Datenschutz-1333879.html\",\"uri\":\"https:\\\/\\\/tintenwolf.mrkeks.net\\\/en\\\/live-in-farbe\\\/2013-1\\\/2013-10-17-kulturbuhne-zeit-der-kirschen\\\/\",\"post_id\":858,\"post_title_referrer_track\":\"2013-10-17%3A+Kulturb%C3%BChne%3A+Zeit+der+Kirschen+%26%238220%3BIdentit%C3%A4t%26%238221%3B\",\"display_infobox\":\"off\"});}});\n\/* ]]> *\/<\/script><\/div>","protected":false},"excerpt":{"rendered":"<p>Identit\u00e4t ist ein Begriff, der in vielen Bereichen Anwendung findet. Sie kann selbst gew\u00e4hlt oder von au\u00dfen zugewiesen, eine bewusst aufgesetzte Maske oder die unfreiwillige Einordnung in eine gedankliche Schublade<\/p>\n","protected":false},"author":3,"featured_media":0,"parent":661,"menu_order":7,"comment_status":"closed","ping_status":"closed","template":"","meta":{"footnotes":""},"class_list":["post-858","page","type-page","status-publish","hentry"],"_links":{"self":[{"href":"https:\/\/tintenwolf.mrkeks.net\/en\/wp-json\/wp\/v2\/pages\/858","targetHints":{"allow":["GET"]}}],"collection":[{"href":"https:\/\/tintenwolf.mrkeks.net\/en\/wp-json\/wp\/v2\/pages"}],"about":[{"href":"https:\/\/tintenwolf.mrkeks.net\/en\/wp-json\/wp\/v2\/types\/page"}],"author":[{"embeddable":true,"href":"https:\/\/tintenwolf.mrkeks.net\/en\/wp-json\/wp\/v2\/users\/3"}],"replies":[{"embeddable":true,"href":"https:\/\/tintenwolf.mrkeks.net\/en\/wp-json\/wp\/v2\/comments?post=858"}],"version-history":[{"count":22,"href":"https:\/\/tintenwolf.mrkeks.net\/en\/wp-json\/wp\/v2\/pages\/858\/revisions"}],"predecessor-version":[{"id":3597,"href":"https:\/\/tintenwolf.mrkeks.net\/en\/wp-json\/wp\/v2\/pages\/858\/revisions\/3597"}],"up":[{"embeddable":true,"href":"https:\/\/tintenwolf.mrkeks.net\/en\/wp-json\/wp\/v2\/pages\/661"}],"wp:attachment":[{"href":"https:\/\/tintenwolf.mrkeks.net\/en\/wp-json\/wp\/v2\/media?parent=858"}],"curies":[{"name":"wp","href":"https:\/\/api.w.org\/{rel}","templated":true}]}}