{"id":853,"date":"2013-07-12T14:13:09","date_gmt":"2013-07-12T12:13:09","guid":{"rendered":"http:\/\/tintenwolf.mrkeks.net\/?page_id=853"},"modified":"2021-01-17T22:59:11","modified_gmt":"2021-01-17T20:59:11","slug":"2013-09-12-kulturbuhne-zeit-der-kirschen","status":"publish","type":"page","link":"https:\/\/tintenwolf.mrkeks.net\/en\/live-in-farbe\/2013-1\/2013-09-12-kulturbuhne-zeit-der-kirschen\/","title":{"rendered":"2013-09-12: Kulturb\u00fchne: Zeit der Kirschen &#8220;Chile-Putsch 1973&#8221;"},"content":{"rendered":"<p><em>Am 11. Sept. 1973 putschten unter Anleitung des CIA in Chile faschistische Gener\u00e4le. Der sozialistische Pr\u00e4sident Salvador Allende starb bei der Verteidigung des Regierungspalastes. In der Folge wurden zehntausende Oppositionelle gefoltert und get\u00f6tet. Mit der Unterst\u00fctzung westlicher Staaten hielt sich der Faschismus in Chile bis in die neunziger Jahre des vorigen Jahrhunderts. Nach dem Putsch besuchten CDU\/CSU-Abgeordnete Santiago. F\u00fcr Franz-Josef Strau\u00df erhielt das Wort &#8220;Ordnung nun einen s\u00fc\u00dfen Klang&#8221;, andere bedauerten, dass, wo gehobelt wird, auch Sp\u00e4ne fallen. Viele Fl\u00fcchtlinge aus Chile wurden in der DDR aufgenommen.<\/em><br \/>\n<em> Nach dem Putsch wurden Tausende im Stadion von Santiago festgesetzt und gefoltert. Dem bekannten S\u00e4nger Victor Jara, der auch im Stadion nicht aufh\u00f6ren wollte Lieder zu spielen und und zu singen, brachen Soldaten erst die Finger beider H\u00e4nde und erschossen ihn, als er a capella weiter sang.<\/em><br \/>\n<em> Wir wollen mit diesem Abend an den Putsch und seine Opfer erinnern.<\/em><\/p>\n<p>&nbsp;<\/p>\n<ul>\n<li><strong>wer?<\/strong><em> Tintenwolf\/<a href=\"http:\/\/www.lastfm.de\/music\/Tobias+Thiele+&amp;+Meas+Wolfstatze\" target=\"_blank\" rel=\"noopener noreferrer\">Tobias Thiele &amp; Meas Wolfstatze<\/a> (linksautonome Hippie-Punk-Lyrik), <a href=\"https:\/\/www.facebook.com\/pages\/Simone-Barrientos-Kulturmaschinen-die-Seite\/144178299002339\" target=\"_blank\" rel=\"noopener noreferrer\">Simone Barrientos<\/a> &amp; Support (Spanische Lieder) und <a href=\"http:\/\/leandersukov.de\/\" target=\"_blank\" rel=\"noopener noreferrer\">Leander Sukov<\/a> (Input zum Thema)<\/em><\/li>\n<\/ul>\n<ul>\n<li><strong>welche G\u00e4ste?<\/strong><em> <a href=\"http:\/\/www.poeten-agentur.de\/poeten\/schriftsteller\/juan-riquelme-lagos\/\" target=\"_blank\" rel=\"noopener noreferrer\">Juan Riquelme Lagos<\/a> &amp; Norbert Ahrens (Lesung) und <a href=\"https:\/\/www.youtube.com\/channel\/UCM-cOkXoQ62OpIHlieKrN_w\" target=\"_blank\" rel=\"noopener noreferrer\">Tobias Thiele<\/a> (Liedermacher)<\/em><\/li>\n<\/ul>\n<ul>\n<li><strong>wann?<\/strong> <em>am 12. September 2013 ab 19:00 Uhr<\/em><\/li>\n<\/ul>\n<ul>\n<li><strong>wo?<\/strong> <em>in der <a href=\"http:\/\/www.baiz.info\/\" target=\"_blank\" rel=\"noopener noreferrer\">Baiz<\/a>, Christinenstr. 1, Berlin<\/em><\/li>\n<\/ul>\n<ul>\n<li><a href=\"http:\/\/www.lastfm.de\/event\/3642219\" target=\"_blank\" rel=\"noopener noreferrer\">Veranstaltung bei last.fm<\/a><\/li>\n<\/ul>\n<ul>\n<li><a href=\"https:\/\/tintenwolf.mrkeks.net\/en\/live-in-farbe\/2013-1\/2013-10-17-kulturbuhne-zeit-der-kirschen\/\">n\u00e4chste Kulturb\u00fchne der Zeit der Kirschen<\/a><\/li>\n<\/ul>\n<ul>\n<li><a href=\"https:\/\/tintenwolf.mrkeks.net\/en\/live-in-farbe\/2013-1\/2013-07-11-kulturbuhne-zeit-der-kirschen\/\">vorherige Kulturb\u00fchne der Zeit der Kirschen<\/a><\/li>\n<\/ul>\n<p>&nbsp;<\/p>\n<p style=\"text-align: center;\"><a href=\"https:\/\/tintenwolf.mrkeks.net\/wp-content\/uploads\/2013\/07\/leander.jpg\"  data-fancybox=\"gallery\" rel=\"group-853\"><img loading=\"lazy\" decoding=\"async\" title=\"Leander Sukov\" alt=\"leander\" src=\"https:\/\/tintenwolf.mrkeks.net\/wp-content\/uploads\/2013\/07\/leander-225x300.jpg\" width=\"183\" height=\"243\"><\/a> <a href=\"https:\/\/tintenwolf.mrkeks.net\/wp-content\/uploads\/2013\/07\/meas_und_tobias.jpg\"  data-fancybox=\"gallery\" rel=\"group-853\"><img loading=\"lazy\" decoding=\"async\" title=\"Tobias Thiele &amp; Meas Wolfstatze\" alt=\"meas_und_tobias\" src=\"https:\/\/tintenwolf.mrkeks.net\/wp-content\/uploads\/2013\/07\/meas_und_tobias-300x225.jpg\" width=\"243\" height=\"183\"><\/a><\/p>\n<p style=\"text-align: center;\"><a href=\"https:\/\/tintenwolf.mrkeks.net\/wp-content\/uploads\/2013\/07\/simone_und_tobias_1.jpg\"  data-fancybox=\"gallery\" rel=\"group-853\"><img loading=\"lazy\" decoding=\"async\" title=\"Simone Barrientos &amp; Tobias Thiele\" src=\"https:\/\/tintenwolf.mrkeks.net\/wp-content\/uploads\/2013\/07\/simone_und_tobias_1-300x225.jpg\" alt=\"simone_und_tobias_1\" width=\"243\" height=\"183\"><\/a> <a href=\"https:\/\/tintenwolf.mrkeks.net\/wp-content\/uploads\/2013\/07\/juan_und_norbert.jpg\"  data-fancybox=\"gallery\" rel=\"group-853\"><img loading=\"lazy\" decoding=\"async\" title=\"Juan Riquelme Lagos &amp; Norbert Ahrens\" alt=\"juan_und_norbert\" src=\"https:\/\/tintenwolf.mrkeks.net\/wp-content\/uploads\/2013\/07\/juan_und_norbert-300x225.jpg\" width=\"243\" height=\"183\"><\/a><\/p>\n<p style=\"text-align: center;\"><a href=\"https:\/\/tintenwolf.mrkeks.net\/wp-content\/uploads\/2013\/07\/tobias.jpg\"  data-fancybox=\"gallery\" rel=\"group-853\"><img loading=\"lazy\" decoding=\"async\" title=\"Tobias Thiele\" alt=\"tobias\" src=\"https:\/\/tintenwolf.mrkeks.net\/wp-content\/uploads\/2013\/07\/tobias-300x225.jpg\" width=\"243\" height=\"183\"><\/a><\/p>\n<p><a href=\"https:\/\/tintenwolf.mrkeks.net\/en\/live-in-farbe\/2013-1\/\">back<\/a><\/p>\n<div class=\"twoclick_social_bookmarks_post_853 social_share_privacy clearfix 1.6.4 locale-en_GB sprite-de_DE\"><\/div><div class=\"twoclick-js\"><script type=\"text\/javascript\">\/* <![CDATA[ *\/\njQuery(document).ready(function($){if($('.twoclick_social_bookmarks_post_853')){$('.twoclick_social_bookmarks_post_853').socialSharePrivacy({\"services\":{\"facebook\":{\"status\":\"on\",\"txt_info\":\"2 Klicks f\\u00fcr mehr Datenschutz: Erst wenn Sie hier klicken, wird der Button aktiv und Sie k\\u00f6nnen Ihre Empfehlung an Facebook senden. Schon beim Aktivieren werden Daten an Dritte \\u00fcbertragen - siehe <em>i<\\\/em>.\",\"perma_option\":\"off\",\"action\":\"recommend\",\"language\":\"de_DE\"},\"twitter\":{\"reply_to\":\"\",\"tweet_text\":\"%202013-09-12%3A%20Kulturb%C3%BChne%3A%20Zeit%20der%20Kirschen%20%E2%80%9CChile-Putsch%201973%E2%80%9D%20%C2%BB%20...\",\"status\":\"on\",\"txt_info\":\"2 Klicks f\\u00fcr mehr Datenschutz: Erst wenn Sie hier klicken, wird der Button aktiv und Sie k\\u00f6nnen Ihre Empfehlung an Twitter senden. Schon beim Aktivieren werden Daten an Dritte \\u00fcbertragen - siehe <em>i<\\\/em>.\",\"perma_option\":\"off\",\"language\":\"de\",\"referrer_track\":\"\"},\"gplus\":{\"status\":\"on\",\"txt_info\":\"2 Klicks f\\u00fcr mehr Datenschutz: Erst wenn Sie hier klicken, wird der Button aktiv und Sie k\\u00f6nnen Ihre Empfehlung an Google+ senden. Schon beim Aktivieren werden Daten an Dritte \\u00fcbertragen - siehe <em>i<\\\/em>.\",\"perma_option\":\"off\",\"referrer_track\":\"\"}},\"txt_help\":\"Wenn Sie diese Felder durch einen Klick aktivieren, werden Informationen an Facebook, Twitter, Flattr, Xing, t3n, LinkedIn, Pinterest oder Google eventuell ins Ausland \\u00fcbertragen und unter Umst\\u00e4nden auch dort gespeichert. N\\u00e4heres erfahren Sie durch einen Klick auf das <em>i<\\\/em>.\",\"settings_perma\":\"Dauerhaft aktivieren und Daten\\u00fcber-tragung zustimmen:\",\"info_link\":\"http:\\\/\\\/www.heise.de\\\/ct\\\/artikel\\\/2-Klicks-fuer-mehr-Datenschutz-1333879.html\",\"uri\":\"https:\\\/\\\/tintenwolf.mrkeks.net\\\/en\\\/live-in-farbe\\\/2013-1\\\/2013-09-12-kulturbuhne-zeit-der-kirschen\\\/\",\"post_id\":853,\"post_title_referrer_track\":\"2013-09-12%3A+Kulturb%C3%BChne%3A+Zeit+der+Kirschen+%26%238220%3BChile-Putsch+1973%26%238221%3B\",\"display_infobox\":\"off\"});}});\n\/* ]]> *\/<\/script><\/div>","protected":false},"excerpt":{"rendered":"<p>Am 11. Sept. 1973 putschten unter Anleitung des CIA in Chile faschistische Gener\u00e4le. Der sozialistische Pr\u00e4sident Salvador Allende starb bei der Verteidigung des Regierungspalastes. In der Folge wurden zehntausende Oppositionelle<\/p>\n","protected":false},"author":3,"featured_media":0,"parent":661,"menu_order":8,"comment_status":"closed","ping_status":"closed","template":"","meta":{"footnotes":""},"class_list":["post-853","page","type-page","status-publish","hentry"],"_links":{"self":[{"href":"https:\/\/tintenwolf.mrkeks.net\/en\/wp-json\/wp\/v2\/pages\/853","targetHints":{"allow":["GET"]}}],"collection":[{"href":"https:\/\/tintenwolf.mrkeks.net\/en\/wp-json\/wp\/v2\/pages"}],"about":[{"href":"https:\/\/tintenwolf.mrkeks.net\/en\/wp-json\/wp\/v2\/types\/page"}],"author":[{"embeddable":true,"href":"https:\/\/tintenwolf.mrkeks.net\/en\/wp-json\/wp\/v2\/users\/3"}],"replies":[{"embeddable":true,"href":"https:\/\/tintenwolf.mrkeks.net\/en\/wp-json\/wp\/v2\/comments?post=853"}],"version-history":[{"count":31,"href":"https:\/\/tintenwolf.mrkeks.net\/en\/wp-json\/wp\/v2\/pages\/853\/revisions"}],"predecessor-version":[{"id":7305,"href":"https:\/\/tintenwolf.mrkeks.net\/en\/wp-json\/wp\/v2\/pages\/853\/revisions\/7305"}],"up":[{"embeddable":true,"href":"https:\/\/tintenwolf.mrkeks.net\/en\/wp-json\/wp\/v2\/pages\/661"}],"wp:attachment":[{"href":"https:\/\/tintenwolf.mrkeks.net\/en\/wp-json\/wp\/v2\/media?parent=853"}],"curies":[{"name":"wp","href":"https:\/\/api.w.org\/{rel}","templated":true}]}}