{"id":8383,"date":"2025-12-06T13:31:34","date_gmt":"2025-12-06T11:31:34","guid":{"rendered":"https:\/\/tintenwolf.mrkeks.net\/?page_id=8383"},"modified":"2026-01-15T12:42:10","modified_gmt":"2026-01-15T10:42:10","slug":"die-sechstsphaerische-astralinterferenz-fantasy-sachtext","status":"publish","type":"page","link":"https:\/\/tintenwolf.mrkeks.net\/en\/satex\/die-sechstsphaerische-astralinterferenz-fantasy-sachtext\/","title":{"rendered":"Die Sechstsph\u00e4rische Astralinterferenz (Fantasy-Sachtext)"},"content":{"rendered":"\n<h2>Vorbemerkung zu einem Sachtext in einem Fantasy-Multiversum<\/h2>\n<p><a href=\"https:\/\/tintenwolf.mrkeks.net\/satjira-project\/index.php?title=Degordarak_Wildvogel_dal_Randjasiz\" rel=\"noopener\">Degordarak Wildvogel dal Randjasiz<\/a>, den ich als <a href=\"https:\/\/www.larpwiki.de\/SC\" target=\"_blank\" rel=\"noopener\">Spielercharakter<\/a> (kurz: SC) beim <a href=\"https:\/\/de.wikipedia.org\/wiki\/Live_Action_Role_Playing\" target=\"_blank\" rel=\"noopener\">Live Action Role Playing<\/a> (kurz: LARP) bespiele, ist Meister der Magie. Das bedeutet nat\u00fcrlich nicht, dass ich im echten Leben an die Existenz von Magie glauben w\u00fcrde, aber in jener gespielten Welt, in welcher er lebt, ist Magie ebenso real wie die extrem idealistische Einteilung der Welt in Kategorien wie Ordnung und Chaos oder Gut und B\u00f6se. F\u00fcr ihn sind G\u00f6tter vollkommen real. Die Magie, die er einsetzt, wird im Rahmen des Rollenspiels durch theatralische Gestik, Mimik und Intonation sowie Effekte durch z.B. LED-Lichter dargestellt. D\u00e4monen oder Elementarwesen werden durch andere Spieler*innen ohne eigenen Rollenspielcharakter (sogenannte <a href=\"https:\/\/www.larpwiki.de\/NSC\" target=\"_blank\" rel=\"noopener\">Nicht-Spieler-Charaktere<\/a> oder kurz NSCs) gespielt. Es ist also alles nur Theater. Nun macht es den LARP-Begeisterten Spa\u00df, ihre Fantasy-Welt, deren Kosmos, ihr <a href=\"https:\/\/de.wikipedia.org\/wiki\/Multiversum\" target=\"_blank\" rel=\"noopener\">Multiversum<\/a> etc. immer weiter auszugestalten. Wenn man einen Meistermagier spielt, ist das Schreiben eines Textes \u00fcber die Magietheorie der Spielwelt eine M\u00f6glichkeit, solche Hintergr\u00fcnde zur Welt zu erweitern. Dies ist es, was der vorliegende Text tun soll. Da mir dialektisches Arbeiten im Rahmen wissenschaftlicher Abhandlungen wichtig ist, beschloss ich, auch meinen Charakter einen dialektischen Ansatz w\u00e4hlen zu lassen. Auch die grunds\u00e4tzlichen Kategorien Sein und Bewusstsein sind immer wiederkehrende Motive der Arbeit. Am Ende ist dieser Text jedenfalls nur <a href=\"https:\/\/www.larpwiki.de\/InTime\" target=\"_blank\" rel=\"noopener\">InTime<\/a> (kurz: IT) \u2013 also innerhalb der beim LARP bespielten Welt \u2013 ein Sachtext. <a href=\"https:\/\/www.larpwiki.de\/OutTime\" target=\"_blank\" rel=\"noopener\">OutTime<\/a> (kurz: OT) \u2013 in unserer real existenten Welt \u2013 dagegen liegt mit diesem \u00bbFantasy-Sachtext\u00ab eine Abhandlung vor, die all jenen gefallen mag, welche Fantasytexte und vor allem Hintergr\u00fcnde zu Spielwelten begeistern.<\/p>\n<p><h2>1 Einleitung<\/h2>\n<p><i>\u00bbPer Aspera ad Astra.\u00ab<\/i> \u2013 <i>\u00bbdurch das Raue zu den Sternen.\u00ab<\/i> \u2013 so hei\u00dft es in einem alten Sprichwort, welches uns schon aus dem Bosparano beziehungsweise dem Mittell\u00e4ndischen Latinum \u00fcberliefert ist. Nun fallen die Sterne auf Dere hernieder und sie tun dies bereits seit dem Jahr 1038 BF. Immer wieder brachte dies nicht nur Zerst\u00f6rungen auf dem Deregrund mit sich, auch \u00fcber die kosmologischen Implikationen wird seither viel gemutma\u00dft. Als Weltenwanderer, der auch abseits von Dere viele L\u00e4ndereien bereist hat, m\u00f6chte nun auch ich mich diesem Thema widmen, unterschiedliches, in Aventurien teils unbekanntes Wissen zusammentragen und damit auch zu einem neuen Verst\u00e4ndnis von der Magie beitragen. Hierf\u00fcr werde ich mich sowohl mit dem Rohal&#8217;schen Zwiebelschalen-Modell als auch mit einer Betrachtung von Welten als unterschiedliche Sonnen umkreisenden Planeten mit zumeist enormem Abstand zueinander besch\u00e4ftigen, so wie ich es auf meinen Reisen selbst aus eigener Betrachtung nachvollziehen konnte. Auf ein Rechenmodell zur Bestimmung der Position von Sternen werden eine Positionsbestimmung und Betrachtung des Tergiljischen Sterns als hervorragendem Forschungsobjekt, eine Kurzauswertung von Proben aus gesammeltem Sternenmaterial und eine Besch\u00e4ftigung mit den kosmischen Schwereherzen in Bezug auf die Sternenbresche der Sechsten Sph\u00e4re sowie mit den elfischen Totensternen im Sternbild Kr\u00f6tenlaich folgen. Anschlie\u00dfend wird anhand der zusammengetragenen Informationen das Modell der Sechstsph\u00e4rischen Astralinterferenz erl\u00e4utert. Hierbei werden das Zwiebelschalen-Modell von Rohal dem Weisen und die Theorie von den Sternen als ferne Sonnen mit eigenen Welten in Einklang gebracht. Dies wiederum dient als Grundlage, um in einem letzten Abschnitt die Implikationen dieses kosmischen Ph\u00e4nomens auf die Astralenergie und damit auf das Wirken von Magie anzurei\u00dfen.<\/p>\n<p>Basis f\u00fcr die vorliegende Arbeit sind neben meiner Meisterthesis \u00fcber den Dualismus als Grundlage von Magietheorien und Elementarsystemen und der darin postulierten dialektischen Herangehensweise an die Magietheorie umfangreiche Feldforschungen, welche ich w\u00e4hrend meiner Reisen t\u00e4tigte und \u00fcber die ich in den Ausz\u00fcgen aus meinen Tageb\u00fcchern einsehbare Berichte schrieb, sowie Gespr\u00e4che mit den Astronomen Erasmus S. Umsare, Sergej Wildvogel Fourper und Tom Powerwheel als auch mit meinem verstorbenen Lehrmeister Thomas Narthrak dem Weisen und das Studium der Arbeiten von Niobara von Anchopal als auch des w\u00e4hrend der Dunklen Zeit verfassten \u00bbCodex Astralis\u00ab und eines Fragments von \u00bbStellaris Magica\u00ab. Weitere Berichte, Handb\u00fccher und enzyklop\u00e4dische Eintr\u00e4ge unterf\u00fcttern meine eigenen Berichte und auch den von mir hoch gesch\u00e4tzten Raul ibn Reto sal Horush ay Jergan griff ich zur Untermauerung meiner These von der Sechstsph\u00e4rischen Astralinterferenz erneut auf. Zuletzt seien noch die Arbeiten von Irlav Jarol und einer mir bisher unbekannten Person berichtet, die zu der Auswirkung der Sterne auf das Magische Gef\u00fcge des Kosmos geforscht haben. Neben dieser Arbeit an Texten liegt dieser Thesis die durch Kaspier Tannenhus am Institut der Arkanen Analysen (IAA) geleistete geoalchemische Untersuchung der durch mich akkumulierten Proben von Sternenmaterial zugrunde.<\/p>\n<p><span style=\"font-family: Liberation Sans,sans-serif; font-size: medium;\"><b>weiterlesen:<\/b>\n<div id=\"attachment_1234\" style=\"width: 490px\" class=\"wp-caption aligncenter\"><a href=\"https:\/\/tintenwolf.mrkeks.net\/satjira-project\/images\/a\/a8\/Meas_Wildvogel_Drachenherz_preist_die_Grossmeisterthesis_von_Degordarak_Wildvogel_dal_Randjasiz.png\"  data-fancybox=\"gallery\" rel=\"group-8383\"><img loading=\"lazy\" decoding=\"async\" aria-describedby=\"caption-attachment-1234\" class=\"wp-image-1234 size-large\" src=\"https:\/\/tintenwolf.mrkeks.net\/satjira-project\/images\/a\/a8\/Meas_Wildvogel_Drachenherz_preist_die_Grossmeisterthesis_von_Degordarak_Wildvogel_dal_Randjasiz.png\" alt=\"\" width=\"480\" height=\"720\" \/><\/a><p id=\"caption-attachment-1234\" class=\"wp-caption-text\">Von mir teils mit ChatGPT erstelltes Bild von <a href=\"https:\/\/tintenwolf.mrkeks.net\/satjira-project\/index.php?title=Meas_Wildvogel_Drachenherz\">Meas Wildvogel Drachenherz<\/a> \u2013 der \u00e4lteren Tochter von <a href=\"https:\/\/tintenwolf.mrkeks.net\/satjira-project\/index.php?title=Degordarak_Wildvogel_dal_Randjasiz\">Degordarak Wildvogel dal Randjasiz<\/a> \u2013, wie sie dessen Gro\u00dfmeisterthesis \u00fcber die <a href=\"https:\/\/tintenwolf.mrkeks.net\/satjira-project\/index.php?title=Die_Sechstsph%C3%A4rische_Astralinterferenz_(Gro%C3%9Fmeisterthesis)\">Sechstsph\u00e4rische Astralinterferenz<\/a> h\u00e4lt. <em>(Creative Commons BY-NC-ND Tintenwolf)<\/em><\/p><\/div>\n<ul><li>OT: <a href=\"https:\/\/tintenwolf.mrkeks.net\/wp-content\/uploads\/2025\/12\/Degordarak_dal_Randjasiz_-_Sechstsphaerische_Astralinterferenz_OT.pdf\">Meas Wolfstatze aka Degordarak Wildvogel dal Randjasiz: Die Sechstsph\u00e4rische Astralinterferenz. Thesis zur Erlangung der Gro\u00dfmeisterw\u00fcrden; Berlin 2025.<\/a><\/li><li><a href=\"https:\/\/tintenwolf.mrkeks.net\/satjira-project\/index.php?title=Die_Sechstsph%C3%A4rische_Astralinterferenz_(Gro%C3%9Fmeisterthesis)\" target=\"_blank\" rel=\"noopener\">IT<\/a>: <a href=\"https:\/\/tintenwolf.mrkeks.net\/wp-content\/uploads\/2025\/12\/Degordarak_dal_Randjasiz_-_Sechstsphaerische_Astralinterferenz_IT.pdf\">Degordarak Wildvogel dal Randjasiz: Die Sechstsph\u00e4rische Astralinterferenz. Thesis zur Erlangung der Gro\u00dfmeisterw\u00fcrden; Gerasim, Kuslik und Neu-Port-Kunterbunt 1050 BF.<\/a><\/li><\/ul><\/span><\/p>\n\n<p><span style=\"font-size: 8pt;\"><i><b>Disclaimer:<\/b> Der Fantasy-Sachtext entstand im Rahmen einer inneraventurischen Gro\u00dfmeisterthesis. Das Recht an Aventurien und weitere Begriffen sowie Namen liegt bei der Ulisses Medien &#038; Spiel Distribution GmbH. Das Schwarze Auge ist eine eingetragene Marke der Ulisses Spiele GmbH. Auch die Welt von The Elder Scrolls, f\u00fcr welche die Rechte bei Bethesda Softworks liegen, wird in dem Text thematisiert. Die Rechte an Allerronn (https:\/\/allerronn.jimdofree.com\/), Drakenstein (https:\/\/www.drakenstein.de\/), Nordenbrand (https:\/\/panmi-larp.de\/) und Pakyrion (https:\/\/www.pakyrion.de\/) liegen bei den jeweiligen LARP-Orgas. Asthon ist eine Bezeichnung meines Satjira-Projects (https:\/\/tintenwolf.mrkeks.net\/satjira-project\/) f\u00fcr jene LARP-Welt, in welcher die Mittellande (https:\/\/mittellande.info\/), die Ostlande (https:\/\/www.ostlande.de\/) etc. liegen. Akon geh\u00f6rt direkt zu den Welten meines Satjira-Projects. Die Rechte am Satjira-Project und an dem vorliegenden Fantasy-Sachtext liegen mit Ausnahme der hier benannten Einschr\u00e4nkungen bei Meas Tintenwolf und unterliegen der Creative Commons Lizenz CC BY-NC-ND. Bei R\u00fcckfragen bin ich \u00fcber das Kontaktformular meines Blogs erreichbar.<\/i><\/span><\/p>\n<p><a href=\"https:\/\/tintenwolf.mrkeks.net\/en\/satex\/\">back<\/a><\/p>\n<p><span style=\"font-size: 8pt;\"><a href=\"http:\/\/creativecommons.org\/licenses\/by-nc-nd\/3.0\/de\/\" target=\"_blank\" rel=\"noopener noreferrer\">Creative Commons CC BY-NC-ND<\/a> by Meas Wolfstatze<\/span><\/p>\n<div class=\"twoclick_social_bookmarks_post_8383 social_share_privacy clearfix 1.6.4 locale-en_GB sprite-de_DE\"><\/div><div class=\"twoclick-js\"><script type=\"text\/javascript\">\/* <![CDATA[ *\/\njQuery(document).ready(function($){if($('.twoclick_social_bookmarks_post_8383')){$('.twoclick_social_bookmarks_post_8383').socialSharePrivacy({\"services\":{\"facebook\":{\"status\":\"on\",\"txt_info\":\"2 Klicks f\\u00fcr mehr Datenschutz: Erst wenn Sie hier klicken, wird der Button aktiv und Sie k\\u00f6nnen Ihre Empfehlung an Facebook senden. Schon beim Aktivieren werden Daten an Dritte \\u00fcbertragen - siehe <em>i<\\\/em>.\",\"perma_option\":\"off\",\"action\":\"recommend\",\"language\":\"de_DE\"},\"twitter\":{\"reply_to\":\"\",\"tweet_text\":\"Die%20Sechstsph%C3%A4rische%20Astralinterferenz%20%28Fantasy-Sachtext%29%20%C2%BB%20Tintenwolf\",\"status\":\"on\",\"txt_info\":\"2 Klicks f\\u00fcr mehr Datenschutz: Erst wenn Sie hier klicken, wird der Button aktiv und Sie k\\u00f6nnen Ihre Empfehlung an Twitter senden. Schon beim Aktivieren werden Daten an Dritte \\u00fcbertragen - siehe <em>i<\\\/em>.\",\"perma_option\":\"off\",\"language\":\"de\",\"referrer_track\":\"\"},\"gplus\":{\"status\":\"on\",\"txt_info\":\"2 Klicks f\\u00fcr mehr Datenschutz: Erst wenn Sie hier klicken, wird der Button aktiv und Sie k\\u00f6nnen Ihre Empfehlung an Google+ senden. Schon beim Aktivieren werden Daten an Dritte \\u00fcbertragen - siehe <em>i<\\\/em>.\",\"perma_option\":\"off\",\"referrer_track\":\"\"}},\"txt_help\":\"Wenn Sie diese Felder durch einen Klick aktivieren, werden Informationen an Facebook, Twitter, Flattr, Xing, t3n, LinkedIn, Pinterest oder Google eventuell ins Ausland \\u00fcbertragen und unter Umst\\u00e4nden auch dort gespeichert. N\\u00e4heres erfahren Sie durch einen Klick auf das <em>i<\\\/em>.\",\"settings_perma\":\"Dauerhaft aktivieren und Daten\\u00fcber-tragung zustimmen:\",\"info_link\":\"http:\\\/\\\/www.heise.de\\\/ct\\\/artikel\\\/2-Klicks-fuer-mehr-Datenschutz-1333879.html\",\"uri\":\"https:\\\/\\\/tintenwolf.mrkeks.net\\\/en\\\/satex\\\/die-sechstsphaerische-astralinterferenz-fantasy-sachtext\\\/\",\"post_id\":8383,\"post_title_referrer_track\":\"Die+Sechstsph%C3%A4rische+Astralinterferenz+%28Fantasy-Sachtext%29\",\"display_infobox\":\"off\"});}});\n\/* ]]> *\/<\/script><\/div>","protected":false},"excerpt":{"rendered":"<p>Vorbemerkung zu einem Sachtext in einem Fantasy-Multiversum Degordarak Wildvogel dal Randjasiz, den ich als Spielercharakter (kurz: SC) beim Live Action Role Playing (kurz: LARP) bespiele, ist Meister der Magie. Das<\/p>\n","protected":false},"author":3,"featured_media":0,"parent":1385,"menu_order":0,"comment_status":"closed","ping_status":"closed","template":"","meta":{"footnotes":""},"class_list":["post-8383","page","type-page","status-publish","hentry"],"_links":{"self":[{"href":"https:\/\/tintenwolf.mrkeks.net\/en\/wp-json\/wp\/v2\/pages\/8383","targetHints":{"allow":["GET"]}}],"collection":[{"href":"https:\/\/tintenwolf.mrkeks.net\/en\/wp-json\/wp\/v2\/pages"}],"about":[{"href":"https:\/\/tintenwolf.mrkeks.net\/en\/wp-json\/wp\/v2\/types\/page"}],"author":[{"embeddable":true,"href":"https:\/\/tintenwolf.mrkeks.net\/en\/wp-json\/wp\/v2\/users\/3"}],"replies":[{"embeddable":true,"href":"https:\/\/tintenwolf.mrkeks.net\/en\/wp-json\/wp\/v2\/comments?post=8383"}],"version-history":[{"count":7,"href":"https:\/\/tintenwolf.mrkeks.net\/en\/wp-json\/wp\/v2\/pages\/8383\/revisions"}],"predecessor-version":[{"id":8412,"href":"https:\/\/tintenwolf.mrkeks.net\/en\/wp-json\/wp\/v2\/pages\/8383\/revisions\/8412"}],"up":[{"embeddable":true,"href":"https:\/\/tintenwolf.mrkeks.net\/en\/wp-json\/wp\/v2\/pages\/1385"}],"wp:attachment":[{"href":"https:\/\/tintenwolf.mrkeks.net\/en\/wp-json\/wp\/v2\/media?parent=8383"}],"curies":[{"name":"wp","href":"https:\/\/api.w.org\/{rel}","templated":true}]}}