{"id":7705,"date":"2022-05-03T12:56:42","date_gmt":"2022-05-03T10:56:42","guid":{"rendered":"https:\/\/tintenwolf.mrkeks.net\/?page_id=7705"},"modified":"2022-05-03T12:57:52","modified_gmt":"2022-05-03T10:57:52","slug":"2022-04-23-geburtstag-von-mumia-abu-jamal","status":"publish","type":"page","link":"https:\/\/tintenwolf.mrkeks.net\/en\/live-in-farbe\/2022-2\/2022-04-23-geburtstag-von-mumia-abu-jamal\/","title":{"rendered":"2022-04-23: Geigerz\u00e4hler &#038; Tintenwolf im Zielona G\u00f3ra zum Geburtstag von Mumia Abu Jamal"},"content":{"rendered":"<a href=\"https:\/\/tintenwolf.mrkeks.net\/wp-content\/uploads\/2022\/05\/ZielonaGora_MumiaAbuJamal_20220423.jpg\"  data-fancybox=\"gallery\" rel=\"group-7705\"><img loading=\"lazy\" decoding=\"async\" class=\"aligncenter size-large wp-image-7711\" src=\"https:\/\/tintenwolf.mrkeks.net\/wp-content\/uploads\/2022\/05\/ZielonaGora_MumiaAbuJamal_20220423-1024x724.jpg\" alt=\"\" width=\"480\" height=\"339\" srcset=\"https:\/\/tintenwolf.mrkeks.net\/wp-content\/uploads\/2022\/05\/ZielonaGora_MumiaAbuJamal_20220423-1024x724.jpg 1024w, https:\/\/tintenwolf.mrkeks.net\/wp-content\/uploads\/2022\/05\/ZielonaGora_MumiaAbuJamal_20220423-300x212.jpg 300w, https:\/\/tintenwolf.mrkeks.net\/wp-content\/uploads\/2022\/05\/ZielonaGora_MumiaAbuJamal_20220423-768x543.jpg 768w, https:\/\/tintenwolf.mrkeks.net\/wp-content\/uploads\/2022\/05\/ZielonaGora_MumiaAbuJamal_20220423.jpg 1200w\" sizes=\"auto, (max-width: 480px) 100vw, 480px\" \/><\/a>\n<ul>\n \t<li><strong>wer?<\/strong><em> <a href=\"http:\/\/geigerzaehler.blogsport.de\/\" target=\"_blank\" rel=\"noopener noreferrer\"> Geigerz\u00e4hler<\/a> und Tintenwolf<\/em><\/li>\n \t<li><strong>wann?<\/strong> <em>am 23. April 2022<\/em><\/li>\n \t<li><strong>wo?<\/strong> <em>im Zielona G\u00f3ra (Gr\u00fcnbergerstr. 73, 10245 Berlin)<\/em><\/li>\n<\/ul>\n<ul>\n \t<li>Veranstaltung bei <a href=\"https:\/\/www.facebook.com\/events\/692294538586568\/\" target=\"_blank\" rel=\"noopener noreferrer\">fb<\/a><\/li>\n<\/ul>\n<a href=\"https:\/\/tintenwolf.mrkeks.net\/en\/live-in-farbe\/2022-2\/\">back<\/a>\n\n<!-- \/wp:post-content --><div class=\"twoclick_social_bookmarks_post_7705 social_share_privacy clearfix 1.6.4 locale-en_GB sprite-de_DE\"><\/div><div class=\"twoclick-js\"><script type=\"text\/javascript\">\/* <![CDATA[ *\/\njQuery(document).ready(function($){if($('.twoclick_social_bookmarks_post_7705')){$('.twoclick_social_bookmarks_post_7705').socialSharePrivacy({\"services\":{\"facebook\":{\"status\":\"on\",\"txt_info\":\"2 Klicks f\\u00fcr mehr Datenschutz: Erst wenn Sie hier klicken, wird der Button aktiv und Sie k\\u00f6nnen Ihre Empfehlung an Facebook senden. Schon beim Aktivieren werden Daten an Dritte \\u00fcbertragen - siehe <em>i<\\\/em>.\",\"perma_option\":\"off\",\"action\":\"recommend\",\"language\":\"de_DE\"},\"twitter\":{\"reply_to\":\"\",\"tweet_text\":\"%202022-04-23%3A%20Geigerz%C3%A4hler%20%26%20Tintenwolf%20im%20Zielona%20G%C3%B3ra%20zum%20Geburtstag%20von%20...\",\"status\":\"on\",\"txt_info\":\"2 Klicks f\\u00fcr mehr Datenschutz: Erst wenn Sie hier klicken, wird der Button aktiv und Sie k\\u00f6nnen Ihre Empfehlung an Twitter senden. Schon beim Aktivieren werden Daten an Dritte \\u00fcbertragen - siehe <em>i<\\\/em>.\",\"perma_option\":\"off\",\"language\":\"de\",\"referrer_track\":\"\"},\"gplus\":{\"status\":\"on\",\"txt_info\":\"2 Klicks f\\u00fcr mehr Datenschutz: Erst wenn Sie hier klicken, wird der Button aktiv und Sie k\\u00f6nnen Ihre Empfehlung an Google+ senden. Schon beim Aktivieren werden Daten an Dritte \\u00fcbertragen - siehe <em>i<\\\/em>.\",\"perma_option\":\"off\",\"referrer_track\":\"\"}},\"txt_help\":\"Wenn Sie diese Felder durch einen Klick aktivieren, werden Informationen an Facebook, Twitter, Flattr, Xing, t3n, LinkedIn, Pinterest oder Google eventuell ins Ausland \\u00fcbertragen und unter Umst\\u00e4nden auch dort gespeichert. N\\u00e4heres erfahren Sie durch einen Klick auf das <em>i<\\\/em>.\",\"settings_perma\":\"Dauerhaft aktivieren und Daten\\u00fcber-tragung zustimmen:\",\"info_link\":\"http:\\\/\\\/www.heise.de\\\/ct\\\/artikel\\\/2-Klicks-fuer-mehr-Datenschutz-1333879.html\",\"uri\":\"https:\\\/\\\/tintenwolf.mrkeks.net\\\/en\\\/live-in-farbe\\\/2022-2\\\/2022-04-23-geburtstag-von-mumia-abu-jamal\\\/\",\"post_id\":7705,\"post_title_referrer_track\":\"2022-04-23%3A+Geigerz%C3%A4hler+%26%23038%3B+Tintenwolf+im+Zielona+G%C3%B3ra+zum+Geburtstag+von+Mumia+Abu+Jamal\",\"display_infobox\":\"off\"});}});\n\/* ]]> *\/<\/script><\/div>","protected":false},"excerpt":{"rendered":"<p>wer? Geigerz\u00e4hler und Tintenwolf wann? am 23. April 2022 wo? im Zielona G\u00f3ra (Gr\u00fcnbergerstr. 73, 10245 Berlin) Veranstaltung bei fb<\/p>\n","protected":false},"author":3,"featured_media":0,"parent":7676,"menu_order":0,"comment_status":"closed","ping_status":"closed","template":"","meta":{"footnotes":""},"class_list":["post-7705","page","type-page","status-publish","hentry"],"_links":{"self":[{"href":"https:\/\/tintenwolf.mrkeks.net\/en\/wp-json\/wp\/v2\/pages\/7705","targetHints":{"allow":["GET"]}}],"collection":[{"href":"https:\/\/tintenwolf.mrkeks.net\/en\/wp-json\/wp\/v2\/pages"}],"about":[{"href":"https:\/\/tintenwolf.mrkeks.net\/en\/wp-json\/wp\/v2\/types\/page"}],"author":[{"embeddable":true,"href":"https:\/\/tintenwolf.mrkeks.net\/en\/wp-json\/wp\/v2\/users\/3"}],"replies":[{"embeddable":true,"href":"https:\/\/tintenwolf.mrkeks.net\/en\/wp-json\/wp\/v2\/comments?post=7705"}],"version-history":[{"count":1,"href":"https:\/\/tintenwolf.mrkeks.net\/en\/wp-json\/wp\/v2\/pages\/7705\/revisions"}],"predecessor-version":[{"id":7712,"href":"https:\/\/tintenwolf.mrkeks.net\/en\/wp-json\/wp\/v2\/pages\/7705\/revisions\/7712"}],"up":[{"embeddable":true,"href":"https:\/\/tintenwolf.mrkeks.net\/en\/wp-json\/wp\/v2\/pages\/7676"}],"wp:attachment":[{"href":"https:\/\/tintenwolf.mrkeks.net\/en\/wp-json\/wp\/v2\/media?parent=7705"}],"curies":[{"name":"wp","href":"https:\/\/api.w.org\/{rel}","templated":true}]}}