{"id":7537,"date":"2021-09-02T08:55:12","date_gmt":"2021-09-02T06:55:12","guid":{"rendered":"https:\/\/tintenwolf.mrkeks.net\/?page_id=7537"},"modified":"2021-09-02T09:11:40","modified_gmt":"2021-09-02T07:11:40","slug":"2021-09-01-gedichtrezitation-beim-linken-sommerkino","status":"publish","type":"page","link":"https:\/\/tintenwolf.mrkeks.net\/en\/live-in-farbe\/2021-2\/2021-09-01-gedichtrezitation-beim-linken-sommerkino\/","title":{"rendered":"2021-09-01: Gedichtrezitation beim linken Sommerkino"},"content":{"rendered":"\n<ul class=\"wp-block-list\"><li><strong>wer?<\/strong><em> Tintenwolf<\/em><\/li><li><strong>wann?<\/strong> <em>am 01. September 2021<\/em><\/li><li><strong>wo?<\/strong> <em>in der <a href=\"https:\/\/freilichtbuehne-weissensee.de\/\" target=\"_blank\" rel=\"noopener noreferrer\">Freilichtb\u00fchne Wei\u00dfensee<\/a> (Gro\u00dfe Seestra\u00dfe 10, 13086 Berlin)<\/em><\/li><li><strong>Im Rahmen<\/strong> <em>des <a href=\"https:\/\/tintenwolf.mrkeks.net\/linkes-sommerkino-tania-la-guerrillera\/\">linken Sommerkinos \u00bbTania la Guerrillera \u2013 Ein Dokumentarfilm \u00fcber Tamara Bunke, Che Guevara und die Revolution\u00ab<\/a><\/li><\/ul>\n<ul>\n \t<li>Veranstaltung bei <a href=\"https:\/\/www.facebook.com\/events\/4128409743953859\/\" target=\"_blank\" rel=\"noopener noreferrer\">fb<\/a><\/li>\n<\/ul>\n\n\n\n<p><a href=\"https:\/\/tintenwolf.mrkeks.net\/en\/live-in-farbe\/2021-2\/\">back<\/a><\/p>\n<div class=\"twoclick_social_bookmarks_post_7537 social_share_privacy clearfix 1.6.4 locale-en_GB sprite-de_DE\"><\/div><div class=\"twoclick-js\"><script type=\"text\/javascript\">\/* <![CDATA[ *\/\njQuery(document).ready(function($){if($('.twoclick_social_bookmarks_post_7537')){$('.twoclick_social_bookmarks_post_7537').socialSharePrivacy({\"services\":{\"facebook\":{\"status\":\"on\",\"txt_info\":\"2 Klicks f\\u00fcr mehr Datenschutz: Erst wenn Sie hier klicken, wird der Button aktiv und Sie k\\u00f6nnen Ihre Empfehlung an Facebook senden. Schon beim Aktivieren werden Daten an Dritte \\u00fcbertragen - siehe <em>i<\\\/em>.\",\"perma_option\":\"off\",\"action\":\"recommend\",\"language\":\"de_DE\"},\"twitter\":{\"reply_to\":\"\",\"tweet_text\":\"2021-09-01%3A%20Gedichtrezitation%20beim%20linken%20Sommerkino%20%C2%BB%20Tintenwolf\",\"status\":\"on\",\"txt_info\":\"2 Klicks f\\u00fcr mehr Datenschutz: Erst wenn Sie hier klicken, wird der Button aktiv und Sie k\\u00f6nnen Ihre Empfehlung an Twitter senden. Schon beim Aktivieren werden Daten an Dritte \\u00fcbertragen - siehe <em>i<\\\/em>.\",\"perma_option\":\"off\",\"language\":\"de\",\"referrer_track\":\"\"},\"gplus\":{\"status\":\"on\",\"txt_info\":\"2 Klicks f\\u00fcr mehr Datenschutz: Erst wenn Sie hier klicken, wird der Button aktiv und Sie k\\u00f6nnen Ihre Empfehlung an Google+ senden. Schon beim Aktivieren werden Daten an Dritte \\u00fcbertragen - siehe <em>i<\\\/em>.\",\"perma_option\":\"off\",\"referrer_track\":\"\"}},\"txt_help\":\"Wenn Sie diese Felder durch einen Klick aktivieren, werden Informationen an Facebook, Twitter, Flattr, Xing, t3n, LinkedIn, Pinterest oder Google eventuell ins Ausland \\u00fcbertragen und unter Umst\\u00e4nden auch dort gespeichert. N\\u00e4heres erfahren Sie durch einen Klick auf das <em>i<\\\/em>.\",\"settings_perma\":\"Dauerhaft aktivieren und Daten\\u00fcber-tragung zustimmen:\",\"info_link\":\"http:\\\/\\\/www.heise.de\\\/ct\\\/artikel\\\/2-Klicks-fuer-mehr-Datenschutz-1333879.html\",\"uri\":\"https:\\\/\\\/tintenwolf.mrkeks.net\\\/en\\\/live-in-farbe\\\/2021-2\\\/2021-09-01-gedichtrezitation-beim-linken-sommerkino\\\/\",\"post_id\":7537,\"post_title_referrer_track\":\"2021-09-01%3A+Gedichtrezitation+beim+linken+Sommerkino\",\"display_infobox\":\"off\"});}});\n\/* ]]> *\/<\/script><\/div>","protected":false},"excerpt":{"rendered":"<p>wer? Tintenwolf wann? am 01. September 2021 wo? in der Freilichtb\u00fchne Wei\u00dfensee (Gro\u00dfe Seestra\u00dfe 10, 13086 Berlin) Im Rahmen des linken Sommerkinos \u00bbTania la Guerrillera \u2013 Ein Dokumentarfilm \u00fcber Tamara<\/p>\n","protected":false},"author":3,"featured_media":0,"parent":7248,"menu_order":0,"comment_status":"closed","ping_status":"closed","template":"","meta":{"footnotes":""},"class_list":["post-7537","page","type-page","status-publish","hentry"],"_links":{"self":[{"href":"https:\/\/tintenwolf.mrkeks.net\/en\/wp-json\/wp\/v2\/pages\/7537","targetHints":{"allow":["GET"]}}],"collection":[{"href":"https:\/\/tintenwolf.mrkeks.net\/en\/wp-json\/wp\/v2\/pages"}],"about":[{"href":"https:\/\/tintenwolf.mrkeks.net\/en\/wp-json\/wp\/v2\/types\/page"}],"author":[{"embeddable":true,"href":"https:\/\/tintenwolf.mrkeks.net\/en\/wp-json\/wp\/v2\/users\/3"}],"replies":[{"embeddable":true,"href":"https:\/\/tintenwolf.mrkeks.net\/en\/wp-json\/wp\/v2\/comments?post=7537"}],"version-history":[{"count":2,"href":"https:\/\/tintenwolf.mrkeks.net\/en\/wp-json\/wp\/v2\/pages\/7537\/revisions"}],"predecessor-version":[{"id":7544,"href":"https:\/\/tintenwolf.mrkeks.net\/en\/wp-json\/wp\/v2\/pages\/7537\/revisions\/7544"}],"up":[{"embeddable":true,"href":"https:\/\/tintenwolf.mrkeks.net\/en\/wp-json\/wp\/v2\/pages\/7248"}],"wp:attachment":[{"href":"https:\/\/tintenwolf.mrkeks.net\/en\/wp-json\/wp\/v2\/media?parent=7537"}],"curies":[{"name":"wp","href":"https:\/\/api.w.org\/{rel}","templated":true}]}}