{"id":7456,"date":"2021-07-19T08:48:25","date_gmt":"2021-07-19T06:48:25","guid":{"rendered":"https:\/\/tintenwolf.mrkeks.net\/?page_id=7456"},"modified":"2021-08-05T11:36:07","modified_gmt":"2021-08-05T09:36:07","slug":"2021-07-24-gedenkkundgebung-fuer-esther-bejarano","status":"publish","type":"page","link":"https:\/\/tintenwolf.mrkeks.net\/en\/live-in-farbe\/2021-2\/2021-07-24-gedenkkundgebung-fuer-esther-bejarano\/","title":{"rendered":"2021-07-24: Gedenkkundgebung f\u00fcr Esther Bejarano"},"content":{"rendered":"\n<div class=\"wp-block-image is-style-default\"><figure class=\"aligncenter size-large\"><img decoding=\"async\" src=\"https:\/\/tintenwolf.mrkeks.net\/wp-content\/uploads\/2021\/07\/BejeranoA4_erinnern-1024x724.jpg\" alt=\"\" class=\"wp-image-7472\"\/><\/figure><\/div>\n\n\n\n<ul class=\"wp-block-list\"><li><strong>wer?<\/strong><em> Tintenwolf, <a href=\"http:\/\/pocketpunk.so36.net\/\" target=\"_blank\" rel=\"noreferrer noopener\" aria-label=\"Yok (\u00f6ffnet in neuem Tab)\">Yok<\/a><\/em><\/li><li><strong>wann?<\/strong> <em>am 24. Juli 2021, 15:00 Uhr<\/em><\/li><li><strong>wo?<\/strong> <em>Vor dem Denkmal f\u00fcr die j\u00fcdischen Opfer des Faschismus in der Gro\u00dfen Hamburger Stra\u00dfe (Berlin-Mitte)<\/em><\/li><\/ul>\n\n<ul><li><a rel=\"noreferrer noopener\" href=\"https:\/\/antifa-nordost.org\/11773\/gedenkveranstaltung-fuer-esther-bejarano-erinnern-heisst-handeln\/\" target=\"_blank\">Ank\u00fcndigung<\/a> &#038; <a rel=\"noreferrer noopener\" href=\"https:\/\/antifa-nordost.org\/11798\/gedenkveranstaltung-fuer-esther-bejarano-in-berlin-mitte\/\" target=\"_blank\">Auswertung<\/a> durch die NEA<\/li><\/ul>\n\n\n\n<p><a href=\"https:\/\/tintenwolf.mrkeks.net\/en\/live-in-farbe\/2021-2\/\">back<\/a><\/p>\n<div class=\"twoclick_social_bookmarks_post_7456 social_share_privacy clearfix 1.6.4 locale-en_GB sprite-de_DE\"><\/div><div class=\"twoclick-js\"><script type=\"text\/javascript\">\/* <![CDATA[ *\/\njQuery(document).ready(function($){if($('.twoclick_social_bookmarks_post_7456')){$('.twoclick_social_bookmarks_post_7456').socialSharePrivacy({\"services\":{\"facebook\":{\"status\":\"on\",\"txt_info\":\"2 Klicks f\\u00fcr mehr Datenschutz: Erst wenn Sie hier klicken, wird der Button aktiv und Sie k\\u00f6nnen Ihre Empfehlung an Facebook senden. Schon beim Aktivieren werden Daten an Dritte \\u00fcbertragen - siehe <em>i<\\\/em>.\",\"perma_option\":\"off\",\"action\":\"recommend\",\"language\":\"de_DE\"},\"twitter\":{\"reply_to\":\"\",\"tweet_text\":\"2021-07-24%3A%20Gedenkkundgebung%20f%C3%BCr%20Esther%20Bejarano%20%C2%BB%20Tintenwolf\",\"status\":\"on\",\"txt_info\":\"2 Klicks f\\u00fcr mehr Datenschutz: Erst wenn Sie hier klicken, wird der Button aktiv und Sie k\\u00f6nnen Ihre Empfehlung an Twitter senden. Schon beim Aktivieren werden Daten an Dritte \\u00fcbertragen - siehe <em>i<\\\/em>.\",\"perma_option\":\"off\",\"language\":\"de\",\"referrer_track\":\"\"},\"gplus\":{\"status\":\"on\",\"txt_info\":\"2 Klicks f\\u00fcr mehr Datenschutz: Erst wenn Sie hier klicken, wird der Button aktiv und Sie k\\u00f6nnen Ihre Empfehlung an Google+ senden. Schon beim Aktivieren werden Daten an Dritte \\u00fcbertragen - siehe <em>i<\\\/em>.\",\"perma_option\":\"off\",\"referrer_track\":\"\"}},\"txt_help\":\"Wenn Sie diese Felder durch einen Klick aktivieren, werden Informationen an Facebook, Twitter, Flattr, Xing, t3n, LinkedIn, Pinterest oder Google eventuell ins Ausland \\u00fcbertragen und unter Umst\\u00e4nden auch dort gespeichert. N\\u00e4heres erfahren Sie durch einen Klick auf das <em>i<\\\/em>.\",\"settings_perma\":\"Dauerhaft aktivieren und Daten\\u00fcber-tragung zustimmen:\",\"info_link\":\"http:\\\/\\\/www.heise.de\\\/ct\\\/artikel\\\/2-Klicks-fuer-mehr-Datenschutz-1333879.html\",\"uri\":\"https:\\\/\\\/tintenwolf.mrkeks.net\\\/en\\\/live-in-farbe\\\/2021-2\\\/2021-07-24-gedenkkundgebung-fuer-esther-bejarano\\\/\",\"post_id\":7456,\"post_title_referrer_track\":\"2021-07-24%3A+Gedenkkundgebung+f%C3%BCr+Esther+Bejarano\",\"display_infobox\":\"off\"});}});\n\/* ]]> *\/<\/script><\/div>","protected":false},"excerpt":{"rendered":"<p>wer? Tintenwolf, Yok wann? am 24. Juli 2021, 15:00 Uhr wo? Vor dem Denkmal f\u00fcr die j\u00fcdischen Opfer des Faschismus in der Gro\u00dfen Hamburger Stra\u00dfe (Berlin-Mitte) Ank\u00fcndigung &#038; Auswertung durch<\/p>\n","protected":false},"author":3,"featured_media":0,"parent":7248,"menu_order":0,"comment_status":"closed","ping_status":"closed","template":"","meta":{"footnotes":""},"class_list":["post-7456","page","type-page","status-publish","hentry"],"_links":{"self":[{"href":"https:\/\/tintenwolf.mrkeks.net\/en\/wp-json\/wp\/v2\/pages\/7456","targetHints":{"allow":["GET"]}}],"collection":[{"href":"https:\/\/tintenwolf.mrkeks.net\/en\/wp-json\/wp\/v2\/pages"}],"about":[{"href":"https:\/\/tintenwolf.mrkeks.net\/en\/wp-json\/wp\/v2\/types\/page"}],"author":[{"embeddable":true,"href":"https:\/\/tintenwolf.mrkeks.net\/en\/wp-json\/wp\/v2\/users\/3"}],"replies":[{"embeddable":true,"href":"https:\/\/tintenwolf.mrkeks.net\/en\/wp-json\/wp\/v2\/comments?post=7456"}],"version-history":[{"count":6,"href":"https:\/\/tintenwolf.mrkeks.net\/en\/wp-json\/wp\/v2\/pages\/7456\/revisions"}],"predecessor-version":[{"id":7521,"href":"https:\/\/tintenwolf.mrkeks.net\/en\/wp-json\/wp\/v2\/pages\/7456\/revisions\/7521"}],"up":[{"embeddable":true,"href":"https:\/\/tintenwolf.mrkeks.net\/en\/wp-json\/wp\/v2\/pages\/7248"}],"wp:attachment":[{"href":"https:\/\/tintenwolf.mrkeks.net\/en\/wp-json\/wp\/v2\/media?parent=7456"}],"curies":[{"name":"wp","href":"https:\/\/api.w.org\/{rel}","templated":true}]}}