{"id":6368,"date":"2019-07-08T16:27:29","date_gmt":"2019-07-08T14:27:29","guid":{"rendered":"https:\/\/tintenwolf.mrkeks.net\/?page_id=6368"},"modified":"2020-01-21T16:12:33","modified_gmt":"2020-01-21T14:12:33","slug":"el-municipalismo-libertario-marxismo-o-socialismo-utopico","status":"publish","type":"page","link":"https:\/\/tintenwolf.mrkeks.net\/en\/satex\/el-municipalismo-libertario-marxismo-o-socialismo-utopico\/","title":{"rendered":"El Municipalismo libertario. \u00bfMarxismo o Socialismo utopico?"},"content":{"rendered":"<p align=\"justify\"><span style=\"font-family: Times New Roman,serif;\"><span style=\"font-size: medium;\">Desde la \u00e9poca de la Primera Internacional, ha habido diferencias entre las diversas corrientes socialistas sobre sus concepciones. Dependiendo de la l\u00ednea de pensamiento, se hace una distinci\u00f3n entre socialistas libertarios y autoritarios en el lado anarquista y socialistas cient\u00edficos, marxistas y no cient\u00edficos, ut\u00f3picos en el lado marxista. Con varios acontecimientos hist\u00f3ricos, el espectro de los movimientos marxista y anarquista continu\u00f3 dividi\u00e9ndose. Inicialmente, los movimientos poderosos se convirtieron en muchos grupos peque\u00f1os, a menudo insignificantes, en este proceso. S\u00f3lo en unos pocos lugares las organizaciones socialistas lograron mantener su importante posici\u00f3n como lo hicieron en Cuba, lo que ciertamente se debe tambi\u00e9n a la unidad muy invocada por el Partido Comunista de Cuba.<\/span><\/span><\/p>\n<p>Sin embargo, no todos los nuevos conceptos de la teor\u00eda de la revoluci\u00f3n que surgen autom\u00e1ticamente tienen un car\u00e1cter sectario. El Municipalismo libertario de Murray Bookchin y Janet Biehl parece tener un car\u00e1cter m\u00e1s conciliador. Por lo tanto, Bookchin tiene un trasfondo marxista, pero tambi\u00e9n se ha acercado repetidamente a los conceptos anarquistas. Desde principios de los a\u00f1os 2000, el movimiento de libertad kurdo en torno a Abdullah \u00d6calan tambi\u00e9n ha tenido una referencia pr\u00e1ctica al Municipalismo libertario con el confederalismo democr\u00e1tico. Por lo tanto, parece interesante examinarlo m\u00e1s de cerca. Como la proximidad al anarcosindicalismo es obvia a pesar de algunas diferencias, es m\u00e1s emocionante examinarlo desde una perspectiva marxista. Cuando se pregunta si el Municipalismo libertario es marxismo o socialismo ut\u00f3pico, parece que esto se responde r\u00e1pidamente con una primera mirada a palabras de se\u00f1alizaci\u00f3n como libertario y a la visi\u00f3n de precisamente esta proximidad al anarcosindicalismo. Pero esto debe ser examinado con m\u00e1s detalle con vistas a los dos principios b\u00e1sicos del marxismo: el m\u00e9todo dial\u00e9ctico y el sistema materialista. As\u00ed que son estos dos principios los que, seg\u00fan Karl Marx y Friedrich Engels, distinguen al socialismo cient\u00edfico del socialismo ut\u00f3pico.<\/p>\n<p>En primer lugar, sin embargo, debe explicarse el concepto de Municipalismo libertario. El siguiente paso es retratar a Murray Bookchin, Janet Biehl y Abdullah \u00d6calan, los tres fil\u00f3sofos m\u00e1s importantes detr\u00e1s de este concepto. Finalmente, una breve explicaci\u00f3n de los principios de la dial\u00e9ctica y el materialismo aclarar\u00e1 c\u00f3mo se puede clasificar el Municipalismo liberal desde una perspectiva marxista.<\/p>\n<p><span style=\"font-family: Liberation Sans,sans-serif;\"><span style=\"font-size: medium;\"><b>weiterlesen:<\/b><br \/>\n<a href=\"https:\/\/tintenwolf.mrkeks.net\/wp-content\/uploads\/2019\/03\/El_Municipalismo_libertario.pdf\">Wolfstatze, Meas: El Municipalismo libertario. \u00bfMarxismo o Socialismo utopico?; La Habana 2019.<\/a><\/span><\/span><\/p>\n<p><a href=\"https:\/\/tintenwolf.mrkeks.net\/en\/satex\/\">back<\/a><\/p>\n<p><span style=\"font-size: 8pt;\"><a href=\"http:\/\/creativecommons.org\/licenses\/by-nc-nd\/3.0\/de\/\" target=\"_blank\" rel=\"noopener noreferrer\">Creative Commons CC BY-NC-ND<\/a> by Meas Wolfstatze<\/span><\/p>\n<div class=\"twoclick_social_bookmarks_post_6368 social_share_privacy clearfix 1.6.4 locale-en_GB sprite-de_DE\"><\/div><div class=\"twoclick-js\"><script type=\"text\/javascript\">\/* <![CDATA[ *\/\njQuery(document).ready(function($){if($('.twoclick_social_bookmarks_post_6368')){$('.twoclick_social_bookmarks_post_6368').socialSharePrivacy({\"services\":{\"facebook\":{\"status\":\"on\",\"txt_info\":\"2 Klicks f\\u00fcr mehr Datenschutz: Erst wenn Sie hier klicken, wird der Button aktiv und Sie k\\u00f6nnen Ihre Empfehlung an Facebook senden. Schon beim Aktivieren werden Daten an Dritte \\u00fcbertragen - siehe <em>i<\\\/em>.\",\"perma_option\":\"off\",\"action\":\"recommend\",\"language\":\"de_DE\"},\"twitter\":{\"reply_to\":\"\",\"tweet_text\":\"El%20Municipalismo%20libertario.%20%C2%BFMarxismo%20o%20Socialismo%20utopico%3F%20%C2%BB%20Tintenwolf\",\"status\":\"on\",\"txt_info\":\"2 Klicks f\\u00fcr mehr Datenschutz: Erst wenn Sie hier klicken, wird der Button aktiv und Sie k\\u00f6nnen Ihre Empfehlung an Twitter senden. Schon beim Aktivieren werden Daten an Dritte \\u00fcbertragen - siehe <em>i<\\\/em>.\",\"perma_option\":\"off\",\"language\":\"de\",\"referrer_track\":\"\"},\"gplus\":{\"status\":\"on\",\"txt_info\":\"2 Klicks f\\u00fcr mehr Datenschutz: Erst wenn Sie hier klicken, wird der Button aktiv und Sie k\\u00f6nnen Ihre Empfehlung an Google+ senden. Schon beim Aktivieren werden Daten an Dritte \\u00fcbertragen - siehe <em>i<\\\/em>.\",\"perma_option\":\"off\",\"referrer_track\":\"\"}},\"txt_help\":\"Wenn Sie diese Felder durch einen Klick aktivieren, werden Informationen an Facebook, Twitter, Flattr, Xing, t3n, LinkedIn, Pinterest oder Google eventuell ins Ausland \\u00fcbertragen und unter Umst\\u00e4nden auch dort gespeichert. N\\u00e4heres erfahren Sie durch einen Klick auf das <em>i<\\\/em>.\",\"settings_perma\":\"Dauerhaft aktivieren und Daten\\u00fcber-tragung zustimmen:\",\"info_link\":\"http:\\\/\\\/www.heise.de\\\/ct\\\/artikel\\\/2-Klicks-fuer-mehr-Datenschutz-1333879.html\",\"uri\":\"https:\\\/\\\/tintenwolf.mrkeks.net\\\/en\\\/satex\\\/el-municipalismo-libertario-marxismo-o-socialismo-utopico\\\/\",\"post_id\":6368,\"post_title_referrer_track\":\"El+Municipalismo+libertario.+%C2%BFMarxismo+o+Socialismo+utopico%3F\",\"display_infobox\":\"off\"});}});\n\/* ]]> *\/<\/script><\/div>","protected":false},"excerpt":{"rendered":"<p>Desde la \u00e9poca de la Primera Internacional, ha habido diferencias entre las diversas corrientes socialistas sobre sus concepciones. Dependiendo de la l\u00ednea de pensamiento, se hace una distinci\u00f3n entre socialistas<\/p>\n","protected":false},"author":3,"featured_media":0,"parent":1385,"menu_order":0,"comment_status":"closed","ping_status":"closed","template":"","meta":{"footnotes":""},"class_list":["post-6368","page","type-page","status-publish","hentry"],"_links":{"self":[{"href":"https:\/\/tintenwolf.mrkeks.net\/en\/wp-json\/wp\/v2\/pages\/6368","targetHints":{"allow":["GET"]}}],"collection":[{"href":"https:\/\/tintenwolf.mrkeks.net\/en\/wp-json\/wp\/v2\/pages"}],"about":[{"href":"https:\/\/tintenwolf.mrkeks.net\/en\/wp-json\/wp\/v2\/types\/page"}],"author":[{"embeddable":true,"href":"https:\/\/tintenwolf.mrkeks.net\/en\/wp-json\/wp\/v2\/users\/3"}],"replies":[{"embeddable":true,"href":"https:\/\/tintenwolf.mrkeks.net\/en\/wp-json\/wp\/v2\/comments?post=6368"}],"version-history":[{"count":3,"href":"https:\/\/tintenwolf.mrkeks.net\/en\/wp-json\/wp\/v2\/pages\/6368\/revisions"}],"predecessor-version":[{"id":6944,"href":"https:\/\/tintenwolf.mrkeks.net\/en\/wp-json\/wp\/v2\/pages\/6368\/revisions\/6944"}],"up":[{"embeddable":true,"href":"https:\/\/tintenwolf.mrkeks.net\/en\/wp-json\/wp\/v2\/pages\/1385"}],"wp:attachment":[{"href":"https:\/\/tintenwolf.mrkeks.net\/en\/wp-json\/wp\/v2\/media?parent=6368"}],"curies":[{"name":"wp","href":"https:\/\/api.w.org\/{rel}","templated":true}]}}