{"id":5975,"date":"2017-10-07T18:47:00","date_gmt":"2017-10-07T16:47:00","guid":{"rendered":"http:\/\/tintenwolf.mrkeks.net\/?page_id=5975"},"modified":"2017-10-07T18:48:24","modified_gmt":"2017-10-07T16:48:24","slug":"2017-marxismus-anarchismus","status":"publish","type":"page","link":"https:\/\/tintenwolf.mrkeks.net\/en\/satex\/2017-marxismus-anarchismus\/","title":{"rendered":"Die Aufst\u00e4nde von Kronstadt (1921) und Barcelona (1937) in der Rezeption von Marxist*innen und Anarchist*innen"},"content":{"rendered":"<p align=\"justify\"><span style=\"font-family: Times New Roman,serif;\"><span style=\"font-size: medium;\">Im September des Jahres 1872 spaltete sich die als \u00bbErste Internationale\u00ab bekannte Internationale Arbeiterassoziation (IAA) in einen anarchistischen oder \u00bblibert\u00e4r-sozialistischen\u00ab Teil um Michail Alexandrowitsch Bakunin und einen marxistischen oder \u00bbautorit\u00e4r-sozialistischen\u00ab Teil um Karl Marx und Friedrich Engels. Ob das Ende dieses gemeinsamen Versuchs an un\u00fcberbr\u00fcckbaren Differenzen zwischen den beiden sozialistischen Richtungen lag, die sich in ihrem Fernziel der kommunistischen Utopie durchaus einig waren, oder ein pers\u00f6nlicher Streit zwischen den Anf\u00fchrern der beiden Fl\u00fcgel der eigentliche Grund war, ist bis heute umstritten. Vor allem Anarchist*innen verweisen seit dem Ausschluss von Bakunin auf Betreiben von Marx w\u00e4hrend des Kongresses von Den Haag in den ersten Septembertagen darauf, immer wieder von Marxist*innen bek\u00e4mpft zu werden. Die zuletzt auf ARTE ausgestrahlte zweiteilige Dokumentation \u00bbKein Gott, kein Herr! Eine kleine Geschichte der Anarchie\u00ab gibt diese Narration gut wieder und zeigt damit auf, wie aktuell das Thema in Diskursen zwischen Anarchist*innen und Marxist*innen noch immer ist. Stellvertretend werden hierbei vor allem die \u00bbAufst\u00e4nde\u00ab von Kronstadt im M\u00e4rz 1921 und Barcelona im Mai 1937 benannt. Schon das Wort \u00bbAufst\u00e4nde\u00ab ist hierbei jedoch problematisch, da es gerade im Zusammenhang mit Barcelona klar der marxistisch-leninistischen Narration der Sowjetunion sowie des Partido Comunista de Espa\u00f1a (PCE) folgt, wogegen Anarchist*innen aber auch die Anh\u00e4nger*innen des anti-stalinistischen und dabei dem Trotzkismus nahestehenden Partido Obrero de Unificaci\u00f3n Marxista (POUM) im Allgemeinen von den Maiereignissen sprechen.<\/span><\/span><\/p>\n<p><span style=\"font-family: Liberation Sans,sans-serif;\"><span style=\"font-size: medium;\"><b>weiterlesen:<\/b><br \/>\n<a href=\"https:\/\/tintenwolf.mrkeks.net\/wp-content\/uploads\/2017\/08\/Meas_Wolfstatze_-_Marxismus-Anarchismus.pdf\">Wolfstatze, Meas: Die Aufst\u00e4nde von Kronstadt (1921) und Barcelona (1937) in der Rezeption von Marxist*innen und Anarchist*innen; Berlin 2017.<\/a><\/span><\/span><\/p>\n<p><a href=\"https:\/\/tintenwolf.mrkeks.net\/en\/satex\/\">back<\/a><\/p>\n<p><span style=\"font-size: 8pt;\"><a href=\"http:\/\/creativecommons.org\/licenses\/by-nc-nd\/3.0\/de\/\" target=\"_blank\">Creative Commons CC BY-NC-ND<\/a> by Meas Wolfstatze<\/span><\/p>\n<div class=\"twoclick_social_bookmarks_post_5975 social_share_privacy clearfix 1.6.4 locale-en_GB sprite-de_DE\"><\/div><div class=\"twoclick-js\"><script type=\"text\/javascript\">\/* <![CDATA[ *\/\njQuery(document).ready(function($){if($('.twoclick_social_bookmarks_post_5975')){$('.twoclick_social_bookmarks_post_5975').socialSharePrivacy({\"services\":{\"facebook\":{\"status\":\"on\",\"txt_info\":\"2 Klicks f\\u00fcr mehr Datenschutz: Erst wenn Sie hier klicken, wird der Button aktiv und Sie k\\u00f6nnen Ihre Empfehlung an Facebook senden. Schon beim Aktivieren werden Daten an Dritte \\u00fcbertragen - siehe <em>i<\\\/em>.\",\"perma_option\":\"off\",\"action\":\"recommend\",\"language\":\"de_DE\"},\"twitter\":{\"reply_to\":\"\",\"tweet_text\":\"%20Die%20Aufst%C3%A4nde%20von%20Kronstadt%20%281921%29%20und%20Barcelona%20%281937%29%20in%20der%20Rezeption%20...\",\"status\":\"on\",\"txt_info\":\"2 Klicks f\\u00fcr mehr Datenschutz: Erst wenn Sie hier klicken, wird der Button aktiv und Sie k\\u00f6nnen Ihre Empfehlung an Twitter senden. Schon beim Aktivieren werden Daten an Dritte \\u00fcbertragen - siehe <em>i<\\\/em>.\",\"perma_option\":\"off\",\"language\":\"de\",\"referrer_track\":\"\"},\"gplus\":{\"status\":\"on\",\"txt_info\":\"2 Klicks f\\u00fcr mehr Datenschutz: Erst wenn Sie hier klicken, wird der Button aktiv und Sie k\\u00f6nnen Ihre Empfehlung an Google+ senden. Schon beim Aktivieren werden Daten an Dritte \\u00fcbertragen - siehe <em>i<\\\/em>.\",\"perma_option\":\"off\",\"referrer_track\":\"\"}},\"txt_help\":\"Wenn Sie diese Felder durch einen Klick aktivieren, werden Informationen an Facebook, Twitter, Flattr, Xing, t3n, LinkedIn, Pinterest oder Google eventuell ins Ausland \\u00fcbertragen und unter Umst\\u00e4nden auch dort gespeichert. N\\u00e4heres erfahren Sie durch einen Klick auf das <em>i<\\\/em>.\",\"settings_perma\":\"Dauerhaft aktivieren und Daten\\u00fcber-tragung zustimmen:\",\"info_link\":\"http:\\\/\\\/www.heise.de\\\/ct\\\/artikel\\\/2-Klicks-fuer-mehr-Datenschutz-1333879.html\",\"uri\":\"https:\\\/\\\/tintenwolf.mrkeks.net\\\/en\\\/satex\\\/2017-marxismus-anarchismus\\\/\",\"post_id\":5975,\"post_title_referrer_track\":\"Die+Aufst%C3%A4nde+von+Kronstadt+%281921%29+und+Barcelona+%281937%29+in+der+Rezeption+von+Marxist%2Ainnen+und+Anarchist%2Ainnen\",\"display_infobox\":\"off\"});}});\n\/* ]]> *\/<\/script><\/div>","protected":false},"excerpt":{"rendered":"<p>Im September des Jahres 1872 spaltete sich die als \u00bbErste Internationale\u00ab bekannte Internationale Arbeiterassoziation (IAA) in einen anarchistischen oder \u00bblibert\u00e4r-sozialistischen\u00ab Teil um Michail Alexandrowitsch Bakunin und einen marxistischen oder \u00bbautorit\u00e4r-sozialistischen\u00ab<\/p>\n","protected":false},"author":3,"featured_media":0,"parent":1385,"menu_order":0,"comment_status":"closed","ping_status":"closed","template":"","meta":{"footnotes":""},"class_list":["post-5975","page","type-page","status-publish","hentry"],"_links":{"self":[{"href":"https:\/\/tintenwolf.mrkeks.net\/en\/wp-json\/wp\/v2\/pages\/5975","targetHints":{"allow":["GET"]}}],"collection":[{"href":"https:\/\/tintenwolf.mrkeks.net\/en\/wp-json\/wp\/v2\/pages"}],"about":[{"href":"https:\/\/tintenwolf.mrkeks.net\/en\/wp-json\/wp\/v2\/types\/page"}],"author":[{"embeddable":true,"href":"https:\/\/tintenwolf.mrkeks.net\/en\/wp-json\/wp\/v2\/users\/3"}],"replies":[{"embeddable":true,"href":"https:\/\/tintenwolf.mrkeks.net\/en\/wp-json\/wp\/v2\/comments?post=5975"}],"version-history":[{"count":0,"href":"https:\/\/tintenwolf.mrkeks.net\/en\/wp-json\/wp\/v2\/pages\/5975\/revisions"}],"up":[{"embeddable":true,"href":"https:\/\/tintenwolf.mrkeks.net\/en\/wp-json\/wp\/v2\/pages\/1385"}],"wp:attachment":[{"href":"https:\/\/tintenwolf.mrkeks.net\/en\/wp-json\/wp\/v2\/media?parent=5975"}],"curies":[{"name":"wp","href":"https:\/\/api.w.org\/{rel}","templated":true}]}}