{"id":5959,"date":"2017-08-29T19:35:32","date_gmt":"2017-08-29T17:35:32","guid":{"rendered":"http:\/\/tintenwolf.mrkeks.net\/?page_id=5959"},"modified":"2017-08-29T19:36:36","modified_gmt":"2017-08-29T17:36:36","slug":"2017-gender-ist-wandelbar","status":"publish","type":"page","link":"https:\/\/tintenwolf.mrkeks.net\/en\/satex\/2017-gender-ist-wandelbar\/","title":{"rendered":"Gender ist wandelbar \u2013 Zur Diversity im Geschichtsunterricht"},"content":{"rendered":"<p align=\"justify\"><span style=\"font-family: Times New Roman,serif;\"><span style=\"font-size: medium;\">Erst langsam beginnt die Vielfalt, welche eine transkulturelle Gesellschaft bietet, in den Unterricht an den Schulen einzuflie\u00dfen. Immerhin m\u00f6chte mensch meinen, wird es im neuen Rahmenlehrplan f\u00fcr Berlin und Brandenburg als f\u00e4cher\u00fcbergreifendes Thema erkannt. Doch was dort als Erkl\u00e4rung in drei Abs\u00e4tzen festgehalten ist, geht nicht weiter, als das, was bereits 1948 in der Allgemeinen Erkl\u00e4rung der Menschenrechte festgehalten wurde. Das Gef\u00fchl kommt auf, dass die Schule, welche ein Garant f\u00fcr die Zukunft der Gesellschaft sein sollte, dieser hinterherhinkt. Der Blick in den f\u00e4cherspezifischen Rahmenlehrplan f\u00fcr das Fach Geschichte in den Jahrgangsstufen 7-10 scheint dies zu best\u00e4tigen. Themen zur Gendergeschichte lassen sich dort nahezu vergeblich suchen \u2013 nur im Punkt \u00bbAufkl\u00e4rung und Emanzipation\u00ab im Basismodul 7\/8 ist eine M\u00f6glichkeit der Behandlung explizit benannt, der Rest der Geschichte bleibt m\u00e4nnlich \u2013 und Rassismus wird aus einer sehr eurozentristischen Sicht abgehandelt. Die Behandlung der Industriellen Revolution sieht eine Referenz auf Klassenunterschiede zwar nicht direkt vor, bietet sich jedoch an. Der wiederkehrende Vorschlag, ein Themenfeld sei \u00bbinsbesondere mit den \u00fcbergreifenden Themen Gleichstellung und Gleichberechtigung der Geschlechter (Gender Mainstreaming) sowie Bildung zur Akzeptanz von Vielfalt (Diversity)\u00ab geeignet, geht kaum weiter.<\/span><\/span><\/p>\n<p><span style=\"font-family: Liberation Sans,sans-serif;\"><span style=\"font-size: medium;\"><b>weiterlesen:<\/b><br \/>\n<a href=\"https:\/\/tintenwolf.mrkeks.net\/wp-content\/uploads\/2017\/08\/Meas_Wolfstatze_-_Gender_ist_wandelbar.pdf\">Wolfstatze, Meas: Gender ist wandelbar. Zur Diversity im Geschichtsunterricht; Berlin 2017.<\/a><\/span><\/span><\/p>\n<p><a href=\"https:\/\/tintenwolf.mrkeks.net\/en\/satex\/\">back<\/a><\/p>\n<p><span style=\"font-size: 8pt;\"><a href=\"http:\/\/creativecommons.org\/licenses\/by-nc-nd\/3.0\/de\/\" target=\"_blank\">Creative Commons CC BY-NC-ND<\/a> by Meas Wolfstatze<\/span><\/p>\n<div class=\"twoclick_social_bookmarks_post_5959 social_share_privacy clearfix 1.6.4 locale-en_GB sprite-de_DE\"><\/div><div class=\"twoclick-js\"><script type=\"text\/javascript\">\/* <![CDATA[ *\/\njQuery(document).ready(function($){if($('.twoclick_social_bookmarks_post_5959')){$('.twoclick_social_bookmarks_post_5959').socialSharePrivacy({\"services\":{\"facebook\":{\"status\":\"on\",\"txt_info\":\"2 Klicks f\\u00fcr mehr Datenschutz: Erst wenn Sie hier klicken, wird der Button aktiv und Sie k\\u00f6nnen Ihre Empfehlung an Facebook senden. Schon beim Aktivieren werden Daten an Dritte \\u00fcbertragen - siehe <em>i<\\\/em>.\",\"perma_option\":\"off\",\"action\":\"recommend\",\"language\":\"de_DE\"},\"twitter\":{\"reply_to\":\"\",\"tweet_text\":\"Gender%20ist%20wandelbar%20%E2%80%93%20Zur%20Diversity%20im%20Geschichtsunterricht%20%C2%BB%20Tintenwolf\",\"status\":\"on\",\"txt_info\":\"2 Klicks f\\u00fcr mehr Datenschutz: Erst wenn Sie hier klicken, wird der Button aktiv und Sie k\\u00f6nnen Ihre Empfehlung an Twitter senden. Schon beim Aktivieren werden Daten an Dritte \\u00fcbertragen - siehe <em>i<\\\/em>.\",\"perma_option\":\"off\",\"language\":\"de\",\"referrer_track\":\"\"},\"gplus\":{\"status\":\"on\",\"txt_info\":\"2 Klicks f\\u00fcr mehr Datenschutz: Erst wenn Sie hier klicken, wird der Button aktiv und Sie k\\u00f6nnen Ihre Empfehlung an Google+ senden. Schon beim Aktivieren werden Daten an Dritte \\u00fcbertragen - siehe <em>i<\\\/em>.\",\"perma_option\":\"off\",\"referrer_track\":\"\"}},\"txt_help\":\"Wenn Sie diese Felder durch einen Klick aktivieren, werden Informationen an Facebook, Twitter, Flattr, Xing, t3n, LinkedIn, Pinterest oder Google eventuell ins Ausland \\u00fcbertragen und unter Umst\\u00e4nden auch dort gespeichert. N\\u00e4heres erfahren Sie durch einen Klick auf das <em>i<\\\/em>.\",\"settings_perma\":\"Dauerhaft aktivieren und Daten\\u00fcber-tragung zustimmen:\",\"info_link\":\"http:\\\/\\\/www.heise.de\\\/ct\\\/artikel\\\/2-Klicks-fuer-mehr-Datenschutz-1333879.html\",\"uri\":\"https:\\\/\\\/tintenwolf.mrkeks.net\\\/en\\\/satex\\\/2017-gender-ist-wandelbar\\\/\",\"post_id\":5959,\"post_title_referrer_track\":\"Gender+ist+wandelbar+%E2%80%93+Zur+Diversity+im+Geschichtsunterricht\",\"display_infobox\":\"off\"});}});\n\/* ]]> *\/<\/script><\/div>","protected":false},"excerpt":{"rendered":"<p>Erst langsam beginnt die Vielfalt, welche eine transkulturelle Gesellschaft bietet, in den Unterricht an den Schulen einzuflie\u00dfen. Immerhin m\u00f6chte mensch meinen, wird es im neuen Rahmenlehrplan f\u00fcr Berlin und Brandenburg<\/p>\n","protected":false},"author":3,"featured_media":0,"parent":1385,"menu_order":0,"comment_status":"closed","ping_status":"closed","template":"","meta":{"footnotes":""},"class_list":["post-5959","page","type-page","status-publish","hentry"],"_links":{"self":[{"href":"https:\/\/tintenwolf.mrkeks.net\/en\/wp-json\/wp\/v2\/pages\/5959","targetHints":{"allow":["GET"]}}],"collection":[{"href":"https:\/\/tintenwolf.mrkeks.net\/en\/wp-json\/wp\/v2\/pages"}],"about":[{"href":"https:\/\/tintenwolf.mrkeks.net\/en\/wp-json\/wp\/v2\/types\/page"}],"author":[{"embeddable":true,"href":"https:\/\/tintenwolf.mrkeks.net\/en\/wp-json\/wp\/v2\/users\/3"}],"replies":[{"embeddable":true,"href":"https:\/\/tintenwolf.mrkeks.net\/en\/wp-json\/wp\/v2\/comments?post=5959"}],"version-history":[{"count":1,"href":"https:\/\/tintenwolf.mrkeks.net\/en\/wp-json\/wp\/v2\/pages\/5959\/revisions"}],"predecessor-version":[{"id":5961,"href":"https:\/\/tintenwolf.mrkeks.net\/en\/wp-json\/wp\/v2\/pages\/5959\/revisions\/5961"}],"up":[{"embeddable":true,"href":"https:\/\/tintenwolf.mrkeks.net\/en\/wp-json\/wp\/v2\/pages\/1385"}],"wp:attachment":[{"href":"https:\/\/tintenwolf.mrkeks.net\/en\/wp-json\/wp\/v2\/media?parent=5959"}],"curies":[{"name":"wp","href":"https:\/\/api.w.org\/{rel}","templated":true}]}}