{"id":5748,"date":"2017-04-13T13:47:20","date_gmt":"2017-04-13T11:47:20","guid":{"rendered":"http:\/\/tintenwolf.mrkeks.net\/?page_id=5748"},"modified":"2017-07-17T14:35:52","modified_gmt":"2017-07-17T12:35:52","slug":"2017-praekoloniale-geschichte-haitis","status":"publish","type":"page","link":"https:\/\/tintenwolf.mrkeks.net\/en\/satex\/2017-praekoloniale-geschichte-haitis\/","title":{"rendered":"Pr\u00e4koloniale Geschichte Haitis. Eine Lerneinheit in vier Modulen"},"content":{"rendered":"<p align=\"justify\"><span style=\"font-family: Times New Roman,serif;\"><span style=\"font-size: medium;\">Was wird in 500 Jahren von unserer heutigen Kultur zeugen, wenn wir selber nichts weiter als Vergangenheit sind? Dies ist eine der zentralen Fragen, die sich ergibt, wenn wir Geschichtswissenschaft als die Wissenschaft von der (Re)Konstruktion der Vergangenheit bezeichnen. Und es ist zugleich die Frage, f\u00fcr welche die Lernenden in dieser Lerneinheit sensibilisiert werden sollen. Um dies umzusetzen wird das Beispiel der Ta\u00edno herangezogen, die bis zu ihrer ann\u00e4hernden Ausl\u00f6schung durch europ\u00e4ische Eroberer in der Karibik auf den Gro\u00dfen Antillen unter anderem die Insel Hispaniola \u2013 auf der sich heute Haiti und die Dominikanische Republik befinden \u2013 besiedelt hatten. Am besten l\u00e4sst sich die Lerneinheit deshalb im \u00bbRahmenlehrplan f\u00fcr die gymnasiale Oberstufe \u2013 Geschichte\u00ab im Wahlbereich zum 2. Kurshalbjahr \u00bbDie Europ\u00e4isierung der Erde\u00ab in einer globalhistorischen Perspektive behandeln. Inhaltlich sind dort die Themenfelder \u00bbindianische Kulturen\u00ab, \u00bbportugiesische und spanische Expansion\u00ab und \u00bbKolonialreiche\u00ab vorgesehen, was perfekt zu dem verwendeten Beispiel passt. Vom Kompetenzerwerb her bietet die Lerneinheit Aspekte f\u00fcr die Bereiche \u00bbMethodenkompetenz\u00ab, \u00bbUrteils- und Orientierungskompetenz\u00ab und \u00bbNarrativit\u00e4t\u00ab. Wie diese im Einzelnen in den Modulen untergebracht sind, findet sich im Abschnitt \u00bb2 \u2013 Die einzelnen Module der Lerneinheit im \u00dcberblick\u00ab. Neben der Beantwortung der experimentellen Frage und der Schulung der benannten Kompetenzen bietet diese Lerneinheit den Einblick in eine den meisten Lernenden fremde Lebenswelt, die alternativ zu ihrer eigenen steht und somit auf diese Weise die Urteils- und Orientierungskompetenz in unserer transkulturellen Gesellschaft st\u00e4rken kann. Sie bietet mit diesem Einblick auch einen Ansatz zur Behandlung von Themen rund um die Geschichte des pr\u00e4kolonialen Lateinamerikas oder z.B. einer Geschichte Haitis.<\/span><\/span><\/p>\n<p align=\"justify\"><span style=\"font-family: Liberation Sans,sans-serif;\"><span style=\"font-size: medium;\"><b>weiterlesen:<\/b><br \/>\n<a href=\"https:\/\/tintenwolf.mrkeks.net\/wp-content\/uploads\/2017\/02\/Meas_Wolfstatze_-_Haiti.pdf\">Wolfstatze, Meas: Pr\u00e4koloniale Geschichte Haitis. Eine Lerneinheit in vier Modulen; Berlin 2017.<\/a><\/span><\/span><\/p>\n<p><a href=\"https:\/\/tintenwolf.mrkeks.net\/en\/satex\/\">back<\/a><\/p>\n<p><span style=\"font-size: 8pt;\"><a href=\"http:\/\/creativecommons.org\/licenses\/by-nc-nd\/3.0\/de\/\" target=\"_blank\">Creative Commons CC BY-NC-ND<\/a> by Meas Wolfstatze<\/span><\/p>\n<div class=\"twoclick_social_bookmarks_post_5748 social_share_privacy clearfix 1.6.4 locale-en_GB sprite-de_DE\"><\/div><div class=\"twoclick-js\"><script type=\"text\/javascript\">\/* <![CDATA[ *\/\njQuery(document).ready(function($){if($('.twoclick_social_bookmarks_post_5748')){$('.twoclick_social_bookmarks_post_5748').socialSharePrivacy({\"services\":{\"facebook\":{\"status\":\"on\",\"txt_info\":\"2 Klicks f\\u00fcr mehr Datenschutz: Erst wenn Sie hier klicken, wird der Button aktiv und Sie k\\u00f6nnen Ihre Empfehlung an Facebook senden. Schon beim Aktivieren werden Daten an Dritte \\u00fcbertragen - siehe <em>i<\\\/em>.\",\"perma_option\":\"off\",\"action\":\"recommend\",\"language\":\"de_DE\"},\"twitter\":{\"reply_to\":\"\",\"tweet_text\":\"Pr%C3%A4koloniale%20Geschichte%20Haitis.%20Eine%20Lerneinheit%20in%20vier%20Modulen%20%C2%BB%20Tintenwolf\",\"status\":\"on\",\"txt_info\":\"2 Klicks f\\u00fcr mehr Datenschutz: Erst wenn Sie hier klicken, wird der Button aktiv und Sie k\\u00f6nnen Ihre Empfehlung an Twitter senden. Schon beim Aktivieren werden Daten an Dritte \\u00fcbertragen - siehe <em>i<\\\/em>.\",\"perma_option\":\"off\",\"language\":\"de\",\"referrer_track\":\"\"},\"gplus\":{\"status\":\"on\",\"txt_info\":\"2 Klicks f\\u00fcr mehr Datenschutz: Erst wenn Sie hier klicken, wird der Button aktiv und Sie k\\u00f6nnen Ihre Empfehlung an Google+ senden. Schon beim Aktivieren werden Daten an Dritte \\u00fcbertragen - siehe <em>i<\\\/em>.\",\"perma_option\":\"off\",\"referrer_track\":\"\"}},\"txt_help\":\"Wenn Sie diese Felder durch einen Klick aktivieren, werden Informationen an Facebook, Twitter, Flattr, Xing, t3n, LinkedIn, Pinterest oder Google eventuell ins Ausland \\u00fcbertragen und unter Umst\\u00e4nden auch dort gespeichert. N\\u00e4heres erfahren Sie durch einen Klick auf das <em>i<\\\/em>.\",\"settings_perma\":\"Dauerhaft aktivieren und Daten\\u00fcber-tragung zustimmen:\",\"info_link\":\"http:\\\/\\\/www.heise.de\\\/ct\\\/artikel\\\/2-Klicks-fuer-mehr-Datenschutz-1333879.html\",\"uri\":\"https:\\\/\\\/tintenwolf.mrkeks.net\\\/en\\\/satex\\\/2017-praekoloniale-geschichte-haitis\\\/\",\"post_id\":5748,\"post_title_referrer_track\":\"Pr%C3%A4koloniale+Geschichte+Haitis.+Eine+Lerneinheit+in+vier+Modulen\",\"display_infobox\":\"off\"});}});\n\/* ]]> *\/<\/script><\/div>","protected":false},"excerpt":{"rendered":"<p>Was wird in 500 Jahren von unserer heutigen Kultur zeugen, wenn wir selber nichts weiter als Vergangenheit sind? Dies ist eine der zentralen Fragen, die sich ergibt, wenn wir Geschichtswissenschaft<\/p>\n","protected":false},"author":3,"featured_media":0,"parent":1385,"menu_order":0,"comment_status":"closed","ping_status":"closed","template":"","meta":{"footnotes":""},"class_list":["post-5748","page","type-page","status-publish","hentry"],"_links":{"self":[{"href":"https:\/\/tintenwolf.mrkeks.net\/en\/wp-json\/wp\/v2\/pages\/5748","targetHints":{"allow":["GET"]}}],"collection":[{"href":"https:\/\/tintenwolf.mrkeks.net\/en\/wp-json\/wp\/v2\/pages"}],"about":[{"href":"https:\/\/tintenwolf.mrkeks.net\/en\/wp-json\/wp\/v2\/types\/page"}],"author":[{"embeddable":true,"href":"https:\/\/tintenwolf.mrkeks.net\/en\/wp-json\/wp\/v2\/users\/3"}],"replies":[{"embeddable":true,"href":"https:\/\/tintenwolf.mrkeks.net\/en\/wp-json\/wp\/v2\/comments?post=5748"}],"version-history":[{"count":0,"href":"https:\/\/tintenwolf.mrkeks.net\/en\/wp-json\/wp\/v2\/pages\/5748\/revisions"}],"up":[{"embeddable":true,"href":"https:\/\/tintenwolf.mrkeks.net\/en\/wp-json\/wp\/v2\/pages\/1385"}],"wp:attachment":[{"href":"https:\/\/tintenwolf.mrkeks.net\/en\/wp-json\/wp\/v2\/media?parent=5748"}],"curies":[{"name":"wp","href":"https:\/\/api.w.org\/{rel}","templated":true}]}}