{"id":5747,"date":"2017-04-13T13:41:51","date_gmt":"2017-04-13T11:41:51","guid":{"rendered":"http:\/\/tintenwolf.mrkeks.net\/?page_id=5747"},"modified":"2017-04-13T13:46:13","modified_gmt":"2017-04-13T11:46:13","slug":"2016-quellenanalyse-transnationaler-faschismus","status":"publish","type":"page","link":"https:\/\/tintenwolf.mrkeks.net\/en\/satex\/2016-quellenanalyse-transnationaler-faschismus\/","title":{"rendered":"Stepan Bandera an Reichsminister Alfred Rosenberg. Eine Quellenanalyse"},"content":{"rendered":"<p align=\"justify\"><span style=\"font-family: Liberation Sans,sans-serif;\"><span style=\"font-size: medium;\">Noch heute berufen sich ukrainische Nationalist*innen wie z.B. die Anh\u00e4nger*innen der <i>Allukrainischen Vereinigung \u00bbSwoboda\u00ab<\/i> auf die <i>Organisation Ukrainischer Nationalisten<\/i> (OUN) und deren Anf\u00fchrer Stepan Bandera. Dieser ist ob seiner gespaltenen Haltung zum Nationalsozialismus des Deutschen Reiches unter Adolf Hitler eine geschichtswissenschaftlich sehr interessante Pers\u00f6nlichkeit \u00fcber dessen Wirken 2015 eine Biografie von Grzegorz Rossoli\u0144ski-Liebe verfasst wurde. F\u00fcr seine Feststellung der faschistischen Ausrichtung Banderas war Rossoli\u0144ski-Liebe bereits 2012 von Nationalist*innen aus der Ukraine angefeindet worden. Zudem erschien ein Jahr sp\u00e4ter eine Arbeit von Kai Struve, die sich mit dem Verh\u00e4ltnis ukrainischer Nationalist*innen und deutscher Besatzer zueinander, sowie mit der antij\u00fcdischen Gewalt beider Seiten befasst. Interessant f\u00fcr die Betrachtung der Haltung Banderas gegen\u00fcber dem NS-Staat ist ein Brief, den er am 14. August 1941 an den Reichsminister f\u00fcr die besetzten Ostgebiete Alfred Rosenberg schrieb. Dieser soll im Folgenden mit R\u00fcckgriff auf die beiden genannten Werke analysiert und Banderas Position bez\u00fcglich des Deutschen Reichs ermittelt werden. Hierbei werden eine formale Analyse und eine Analyse des Inhalts von einer kritischen Reflexion gefolgt, die einem Fazit der Analyse gleichen wird.<\/span><\/span><\/p>\n<p align=\"justify\"><span style=\"font-family: Liberation Sans,sans-serif;\"><span style=\"font-size: medium;\"><b>weiterlesen:<\/b><br \/>\n<a href=\"https:\/\/tintenwolf.mrkeks.net\/wp-content\/uploads\/2017\/02\/Meas_Wolfstatze_-_Quellenanalyse_Transnationaler_Faschismus.pdf\">Wolfstatze, Meas: Stepan Bandera an Reichsminister Alfred Rosenberg. Eine Quellenanalyse; Berlin 2016.<\/a><\/span><\/span><\/p>\n<p><a href=\"https:\/\/tintenwolf.mrkeks.net\/en\/satex\/\">back<\/a><\/p>\n<p><span style=\"font-size: 8pt;\"><a href=\"http:\/\/creativecommons.org\/licenses\/by-nc-nd\/3.0\/de\/\" target=\"_blank\">Creative Commons CC BY-NC-ND<\/a> by Meas Wolfstatze<\/span><\/p>\n<div class=\"twoclick_social_bookmarks_post_5747 social_share_privacy clearfix 1.6.4 locale-en_GB sprite-de_DE\"><\/div><div class=\"twoclick-js\"><script type=\"text\/javascript\">\/* <![CDATA[ *\/\njQuery(document).ready(function($){if($('.twoclick_social_bookmarks_post_5747')){$('.twoclick_social_bookmarks_post_5747').socialSharePrivacy({\"services\":{\"facebook\":{\"status\":\"on\",\"txt_info\":\"2 Klicks f\\u00fcr mehr Datenschutz: Erst wenn Sie hier klicken, wird der Button aktiv und Sie k\\u00f6nnen Ihre Empfehlung an Facebook senden. Schon beim Aktivieren werden Daten an Dritte \\u00fcbertragen - siehe <em>i<\\\/em>.\",\"perma_option\":\"off\",\"action\":\"recommend\",\"language\":\"de_DE\"},\"twitter\":{\"reply_to\":\"\",\"tweet_text\":\"Stepan%20Bandera%20an%20Reichsminister%20Alfred%20Rosenberg.%20Eine%20Quellenanalyse%20%C2%BB%20Tintenwolf\",\"status\":\"on\",\"txt_info\":\"2 Klicks f\\u00fcr mehr Datenschutz: Erst wenn Sie hier klicken, wird der Button aktiv und Sie k\\u00f6nnen Ihre Empfehlung an Twitter senden. Schon beim Aktivieren werden Daten an Dritte \\u00fcbertragen - siehe <em>i<\\\/em>.\",\"perma_option\":\"off\",\"language\":\"de\",\"referrer_track\":\"\"},\"gplus\":{\"status\":\"on\",\"txt_info\":\"2 Klicks f\\u00fcr mehr Datenschutz: Erst wenn Sie hier klicken, wird der Button aktiv und Sie k\\u00f6nnen Ihre Empfehlung an Google+ senden. Schon beim Aktivieren werden Daten an Dritte \\u00fcbertragen - siehe <em>i<\\\/em>.\",\"perma_option\":\"off\",\"referrer_track\":\"\"}},\"txt_help\":\"Wenn Sie diese Felder durch einen Klick aktivieren, werden Informationen an Facebook, Twitter, Flattr, Xing, t3n, LinkedIn, Pinterest oder Google eventuell ins Ausland \\u00fcbertragen und unter Umst\\u00e4nden auch dort gespeichert. N\\u00e4heres erfahren Sie durch einen Klick auf das <em>i<\\\/em>.\",\"settings_perma\":\"Dauerhaft aktivieren und Daten\\u00fcber-tragung zustimmen:\",\"info_link\":\"http:\\\/\\\/www.heise.de\\\/ct\\\/artikel\\\/2-Klicks-fuer-mehr-Datenschutz-1333879.html\",\"uri\":\"https:\\\/\\\/tintenwolf.mrkeks.net\\\/en\\\/satex\\\/2016-quellenanalyse-transnationaler-faschismus\\\/\",\"post_id\":5747,\"post_title_referrer_track\":\"Stepan+Bandera+an+Reichsminister+Alfred+Rosenberg.+Eine+Quellenanalyse\",\"display_infobox\":\"off\"});}});\n\/* ]]> *\/<\/script><\/div>","protected":false},"excerpt":{"rendered":"<p>Noch heute berufen sich ukrainische Nationalist*innen wie z.B. die Anh\u00e4nger*innen der Allukrainischen Vereinigung \u00bbSwoboda\u00ab auf die Organisation Ukrainischer Nationalisten (OUN) und deren Anf\u00fchrer Stepan Bandera. Dieser ist ob seiner gespaltenen<\/p>\n","protected":false},"author":3,"featured_media":0,"parent":1385,"menu_order":0,"comment_status":"closed","ping_status":"closed","template":"","meta":{"footnotes":""},"class_list":["post-5747","page","type-page","status-publish","hentry"],"_links":{"self":[{"href":"https:\/\/tintenwolf.mrkeks.net\/en\/wp-json\/wp\/v2\/pages\/5747","targetHints":{"allow":["GET"]}}],"collection":[{"href":"https:\/\/tintenwolf.mrkeks.net\/en\/wp-json\/wp\/v2\/pages"}],"about":[{"href":"https:\/\/tintenwolf.mrkeks.net\/en\/wp-json\/wp\/v2\/types\/page"}],"author":[{"embeddable":true,"href":"https:\/\/tintenwolf.mrkeks.net\/en\/wp-json\/wp\/v2\/users\/3"}],"replies":[{"embeddable":true,"href":"https:\/\/tintenwolf.mrkeks.net\/en\/wp-json\/wp\/v2\/comments?post=5747"}],"version-history":[{"count":5,"href":"https:\/\/tintenwolf.mrkeks.net\/en\/wp-json\/wp\/v2\/pages\/5747\/revisions"}],"predecessor-version":[{"id":5753,"href":"https:\/\/tintenwolf.mrkeks.net\/en\/wp-json\/wp\/v2\/pages\/5747\/revisions\/5753"}],"up":[{"embeddable":true,"href":"https:\/\/tintenwolf.mrkeks.net\/en\/wp-json\/wp\/v2\/pages\/1385"}],"wp:attachment":[{"href":"https:\/\/tintenwolf.mrkeks.net\/en\/wp-json\/wp\/v2\/media?parent=5747"}],"curies":[{"name":"wp","href":"https:\/\/api.w.org\/{rel}","templated":true}]}}