{"id":5566,"date":"2016-11-01T17:34:22","date_gmt":"2016-11-01T15:34:22","guid":{"rendered":"http:\/\/tintenwolf.mrkeks.net\/?page_id=5566"},"modified":"2016-11-11T20:37:48","modified_gmt":"2016-11-11T18:37:48","slug":"2016-11-09-fachvortrag-varusschlacht","status":"publish","type":"page","link":"https:\/\/tintenwolf.mrkeks.net\/en\/live-in-farbe\/2016-4\/2016-11-09-fachvortrag-varusschlacht\/","title":{"rendered":"2016-11-09: Fachvortrag \u2013 Die Varusschlacht im politischen Diskurs der Weimarer Republik"},"content":{"rendered":"<p style=\"padding-left: 0px; text-align: justify;\"><em>H\u00e4ufig wird die Narration der Geschichte Deutschlands mit Hermann dem Cherusker und der Varusschlacht begonnen. Ihm wird nachgesagt, die St\u00e4mme der Germanen geeint zu haben, bevor er einem Meuchelmord aus der eigenen Familie zum Opfer fiel. Noch heute wird er von vielen popul\u00e4rwissenschaftlichen Sendungen und Artikeln in dieser Rolle gedeutet und der Blick auf ihn durch Mystifizierung getr\u00fcbt. Noch heute nimmt er in dieser Rolle vor allem f\u00fcr Nationalkonservative und Neonazis die Position eines Nationalhelden ein. Der Stoff um den germanischen Aufstand gegen Rom scheint gut geeignet, vor allem nationalistische Ideologien zu propagieren. Hochkonjunktur hatten entsprechende Deutungen w\u00e4hrend der Weimarer Republik, als Nationalist*innen unterschiedlichster Couleur sich durch die Novemberrevolution, die Ausrufung der Republik und den Vertrag von Versailles um ihre Chance auf einen Sieg im Weltkrieg gebracht sahen. Die Dolchsto\u00dflegende lie\u00df sich auf wunderbare Weise mit dem Mord an Hermann verbinden.<\/em><\/p>\n<ul>\n<li><strong>Arbeit zum Vortragsthema:<\/strong> <em>\u00bb<a href=\"https:\/\/tintenwolf.mrkeks.net\/en\/satex\/2014-08-31-hermannskult-in-der-weimarer-republik\/\">Hermann, Siegfried, Dolchsto\u00df \u2013 Die Varusschlacht im politischen Diskurs der Weimarer Republik<\/a>\u00ab<\/em><\/li>\n<\/ul>\n<ul>\n<li><strong>wann?<\/strong> <em>am 09. November 2016<\/em><\/li>\n<\/ul>\n<ul>\n<li><strong>wo?<\/strong> <em>im Raum A124 am <a href=\"http:\/\/www.geschkult.fu-berlin.de\/e\/fmi\/\" target=\"_blank\">Friedrich-Meinecke-Institut<\/a> (Koserstr. 20, 14195 Berlin)<\/em><\/li>\n<\/ul>\n<ul>\n<li><strong>organisiert<\/strong> <em>von der <a href=\"http:\/\/fsigeschichtefu.blogsport.eu\/\" target=\"_blank\">FSI Geschichte der \u00bbFreien\u00ab Universit\u00e4t Berlin<\/a><\/em><\/li>\n<\/ul>\n<ul>\n<li>bei <a href=\"https:\/\/www.facebook.com\/events\/1807896752824755\/\" target=\"_blank\">fb<\/a><\/li>\n<\/ul>\n<p><a href=\"https:\/\/tintenwolf.mrkeks.net\/en\/live-in-farbe\/2016-4\/\">back<\/a><\/p>\n<div class=\"twoclick_social_bookmarks_post_5566 social_share_privacy clearfix 1.6.4 locale-en_GB sprite-de_DE\"><\/div><div class=\"twoclick-js\"><script type=\"text\/javascript\">\/* <![CDATA[ *\/\njQuery(document).ready(function($){if($('.twoclick_social_bookmarks_post_5566')){$('.twoclick_social_bookmarks_post_5566').socialSharePrivacy({\"services\":{\"facebook\":{\"status\":\"on\",\"txt_info\":\"2 Klicks f\\u00fcr mehr Datenschutz: Erst wenn Sie hier klicken, wird der Button aktiv und Sie k\\u00f6nnen Ihre Empfehlung an Facebook senden. Schon beim Aktivieren werden Daten an Dritte \\u00fcbertragen - siehe <em>i<\\\/em>.\",\"perma_option\":\"off\",\"action\":\"recommend\",\"language\":\"de_DE\"},\"twitter\":{\"reply_to\":\"\",\"tweet_text\":\"%202016-11-09%3A%20Fachvortrag%20%E2%80%93%20Die%20Varusschlacht%20im%20politischen%20Diskurs%20der%20Weimarer%20...\",\"status\":\"on\",\"txt_info\":\"2 Klicks f\\u00fcr mehr Datenschutz: Erst wenn Sie hier klicken, wird der Button aktiv und Sie k\\u00f6nnen Ihre Empfehlung an Twitter senden. Schon beim Aktivieren werden Daten an Dritte \\u00fcbertragen - siehe <em>i<\\\/em>.\",\"perma_option\":\"off\",\"language\":\"de\",\"referrer_track\":\"\"},\"gplus\":{\"status\":\"on\",\"txt_info\":\"2 Klicks f\\u00fcr mehr Datenschutz: Erst wenn Sie hier klicken, wird der Button aktiv und Sie k\\u00f6nnen Ihre Empfehlung an Google+ senden. Schon beim Aktivieren werden Daten an Dritte \\u00fcbertragen - siehe <em>i<\\\/em>.\",\"perma_option\":\"off\",\"referrer_track\":\"\"}},\"txt_help\":\"Wenn Sie diese Felder durch einen Klick aktivieren, werden Informationen an Facebook, Twitter, Flattr, Xing, t3n, LinkedIn, Pinterest oder Google eventuell ins Ausland \\u00fcbertragen und unter Umst\\u00e4nden auch dort gespeichert. N\\u00e4heres erfahren Sie durch einen Klick auf das <em>i<\\\/em>.\",\"settings_perma\":\"Dauerhaft aktivieren und Daten\\u00fcber-tragung zustimmen:\",\"info_link\":\"http:\\\/\\\/www.heise.de\\\/ct\\\/artikel\\\/2-Klicks-fuer-mehr-Datenschutz-1333879.html\",\"uri\":\"https:\\\/\\\/tintenwolf.mrkeks.net\\\/en\\\/live-in-farbe\\\/2016-4\\\/2016-11-09-fachvortrag-varusschlacht\\\/\",\"post_id\":5566,\"post_title_referrer_track\":\"2016-11-09%3A+Fachvortrag+%E2%80%93+Die+Varusschlacht+im+politischen+Diskurs+der+Weimarer+Republik\",\"display_infobox\":\"off\"});}});\n\/* ]]> *\/<\/script><\/div>","protected":false},"excerpt":{"rendered":"<p>H\u00e4ufig wird die Narration der Geschichte Deutschlands mit Hermann dem Cherusker und der Varusschlacht begonnen. Ihm wird nachgesagt, die St\u00e4mme der Germanen geeint zu haben, bevor er einem Meuchelmord aus<\/p>\n","protected":false},"author":3,"featured_media":0,"parent":4715,"menu_order":0,"comment_status":"closed","ping_status":"closed","template":"","meta":{"footnotes":""},"class_list":["post-5566","page","type-page","status-publish","hentry"],"_links":{"self":[{"href":"https:\/\/tintenwolf.mrkeks.net\/en\/wp-json\/wp\/v2\/pages\/5566","targetHints":{"allow":["GET"]}}],"collection":[{"href":"https:\/\/tintenwolf.mrkeks.net\/en\/wp-json\/wp\/v2\/pages"}],"about":[{"href":"https:\/\/tintenwolf.mrkeks.net\/en\/wp-json\/wp\/v2\/types\/page"}],"author":[{"embeddable":true,"href":"https:\/\/tintenwolf.mrkeks.net\/en\/wp-json\/wp\/v2\/users\/3"}],"replies":[{"embeddable":true,"href":"https:\/\/tintenwolf.mrkeks.net\/en\/wp-json\/wp\/v2\/comments?post=5566"}],"version-history":[{"count":7,"href":"https:\/\/tintenwolf.mrkeks.net\/en\/wp-json\/wp\/v2\/pages\/5566\/revisions"}],"predecessor-version":[{"id":5587,"href":"https:\/\/tintenwolf.mrkeks.net\/en\/wp-json\/wp\/v2\/pages\/5566\/revisions\/5587"}],"up":[{"embeddable":true,"href":"https:\/\/tintenwolf.mrkeks.net\/en\/wp-json\/wp\/v2\/pages\/4715"}],"wp:attachment":[{"href":"https:\/\/tintenwolf.mrkeks.net\/en\/wp-json\/wp\/v2\/media?parent=5566"}],"curies":[{"name":"wp","href":"https:\/\/api.w.org\/{rel}","templated":true}]}}