{"id":5140,"date":"2016-04-23T17:21:12","date_gmt":"2016-04-23T15:21:12","guid":{"rendered":"http:\/\/tintenwolf.mrkeks.net\/?page_id=5140"},"modified":"2016-12-03T15:23:53","modified_gmt":"2016-12-03T13:23:53","slug":"2016-06-01-zeit-der-kirschen","status":"publish","type":"page","link":"https:\/\/tintenwolf.mrkeks.net\/en\/live-in-farbe\/2016-4\/2016-06-01-zeit-der-kirschen\/","title":{"rendered":"2016-06-01: Zeit der Kirschen \u00bbArbeit &#038; Gewerkschaftt\u00ab"},"content":{"rendered":"<p><em>Wir leben in einer Welt, in der erwartet wird, dass wir lohnarbeiten, um zu essen, dass wir uns von Chef*innen abh\u00e4ngig machen, um ein Dach \u00fcber dem Kopf zu haben. Wer das nicht tut, hat in der Regel das Jobcenter als Arbeitgeberin und oft gehen Menschen sogar f\u00fcr statt gegen Arbeit auf die Stra\u00dfe. Lohn gibt&#8217;s f\u00fcr Arbeit, wenn wir Gl\u00fcck haben, doch nicht mal das ist sicher, wenn wir z.B. f\u00fcr ein Subsubsub-Unternehmen auf einer gro\u00dfen Mallbaustelle arbeiten und die Geb\u00e4ude aufbauen, in denen andere Menschen ihr verdientes Geld wieder ausgeben. Um diesen und anderen Verh\u00e4ltnissen etwas entgegenzusetzen, gibt es Gewerkschaften, doch auch hier dreht sich h\u00e4ufig Vieles um Verbesserungen innerhalb des Systems, h\u00f6here L\u00f6hne kurbeln schlie\u00dflich Kaufkraft und Wirtschaftswachstum an. Welche Rolle k\u00f6nnen Gewerkschaften in einer antikapiatlistischen (Lohn-)arbeitskritik \u00fcbernehmen? Wie erleben wir selbst die Arbeitswelt und gewerkschaftliche K\u00e4mpfe? \u00dcber all das wollen wir uns an diesem Abend singend, lesend und musikmachend austauschen und laden euch dazu ein.<\/em><\/p>\n<p>&nbsp;<\/p>\n<ul>\n<li><strong>wer?<\/strong><em> Tintenwolf* (linksautonome Hippie-Punk-Lyrik) und <a href=\"http:\/\/sahara.mrkeks.net\/\" target=\"_blank\">Sahara B.<\/a> (l\u00e4ngere u. k\u00fcrzere (Kurz-)geschichten)<\/em><\/li>\n<\/ul>\n<ul>\n<li><strong>welche G\u00e4ste?<\/strong><em> Alex (Liedermacher), <a href=\"http:\/\/anderersaits.wordpress.com\/\" target=\"_blank\">anderersaits<\/a> (anarcho-akkustischer stilbruch) &#038; <a href=\"http:\/\/geigerzaehler.blogsport.de\/\" target=\"_blank\">Geigerz\u00e4hler<\/a> (Liedermacher)<\/em><\/li>\n<\/ul>\n<ul>\n<li><strong>wann?<\/strong> <em>am 01. Juni 2016 ab 19:00 Uhr<\/em><\/li>\n<\/ul>\n<ul>\n<li><strong>wo?<\/strong> <em>in der <a href=\"http:\/\/www.buntekuhverein.de\/\" target=\"_blank\">Bunten Kuh<\/a> (Bernkasteler Str. 78, 13088 Berlin-Wei\u00dfensee)<\/em><\/li>\n<\/ul>\n<ul>\n<li><a href=\"https:\/\/tintenwolf.mrkeks.net\/en\/live-in-farbe\/2016-4\/2016-04-14-zeit-der-kirschen\/\">vorherige Kulturb\u00fchne der Zeit der Kirschen<\/a><\/li>\n<\/ul>\n<ul>\n<li><a href=\"https:\/\/tintenwolf.mrkeks.net\/en\/live-in-farbe\/2017-2\/2017-01-04-zeit-der-kirschen\/\">n\u00e4chste Kulturb\u00fchne der Zeit der Kirschen<\/a><\/li>\n<\/ul>\n<p><a href=\"https:\/\/tintenwolf.mrkeks.net\/en\/live-in-farbe\/2016-4\/\">back<\/a><\/p>\n<div class=\"twoclick_social_bookmarks_post_5140 social_share_privacy clearfix 1.6.4 locale-en_GB sprite-de_DE\"><\/div><div class=\"twoclick-js\"><script type=\"text\/javascript\">\/* <![CDATA[ *\/\njQuery(document).ready(function($){if($('.twoclick_social_bookmarks_post_5140')){$('.twoclick_social_bookmarks_post_5140').socialSharePrivacy({\"services\":{\"facebook\":{\"status\":\"on\",\"txt_info\":\"2 Klicks f\\u00fcr mehr Datenschutz: Erst wenn Sie hier klicken, wird der Button aktiv und Sie k\\u00f6nnen Ihre Empfehlung an Facebook senden. Schon beim Aktivieren werden Daten an Dritte \\u00fcbertragen - siehe <em>i<\\\/em>.\",\"perma_option\":\"off\",\"action\":\"recommend\",\"language\":\"de_DE\"},\"twitter\":{\"reply_to\":\"\",\"tweet_text\":\"2016-06-01%3A%20Zeit%20der%20Kirschen%20%C2%BBArbeit%20%26%20Gewerkschaftt%C2%AB%20%C2%BB%20Tintenwolf\",\"status\":\"on\",\"txt_info\":\"2 Klicks f\\u00fcr mehr Datenschutz: Erst wenn Sie hier klicken, wird der Button aktiv und Sie k\\u00f6nnen Ihre Empfehlung an Twitter senden. Schon beim Aktivieren werden Daten an Dritte \\u00fcbertragen - siehe <em>i<\\\/em>.\",\"perma_option\":\"off\",\"language\":\"de\",\"referrer_track\":\"\"},\"gplus\":{\"status\":\"on\",\"txt_info\":\"2 Klicks f\\u00fcr mehr Datenschutz: Erst wenn Sie hier klicken, wird der Button aktiv und Sie k\\u00f6nnen Ihre Empfehlung an Google+ senden. Schon beim Aktivieren werden Daten an Dritte \\u00fcbertragen - siehe <em>i<\\\/em>.\",\"perma_option\":\"off\",\"referrer_track\":\"\"}},\"txt_help\":\"Wenn Sie diese Felder durch einen Klick aktivieren, werden Informationen an Facebook, Twitter, Flattr, Xing, t3n, LinkedIn, Pinterest oder Google eventuell ins Ausland \\u00fcbertragen und unter Umst\\u00e4nden auch dort gespeichert. N\\u00e4heres erfahren Sie durch einen Klick auf das <em>i<\\\/em>.\",\"settings_perma\":\"Dauerhaft aktivieren und Daten\\u00fcber-tragung zustimmen:\",\"info_link\":\"http:\\\/\\\/www.heise.de\\\/ct\\\/artikel\\\/2-Klicks-fuer-mehr-Datenschutz-1333879.html\",\"uri\":\"https:\\\/\\\/tintenwolf.mrkeks.net\\\/en\\\/live-in-farbe\\\/2016-4\\\/2016-06-01-zeit-der-kirschen\\\/\",\"post_id\":5140,\"post_title_referrer_track\":\"2016-06-01%3A+Zeit+der+Kirschen+%C2%BBArbeit+%26%23038%3B+Gewerkschaftt%C2%AB\",\"display_infobox\":\"off\"});}});\n\/* ]]> *\/<\/script><\/div>","protected":false},"excerpt":{"rendered":"<p>Wir leben in einer Welt, in der erwartet wird, dass wir lohnarbeiten, um zu essen, dass wir uns von Chef*innen abh\u00e4ngig machen, um ein Dach \u00fcber dem Kopf zu haben.<\/p>\n","protected":false},"author":3,"featured_media":0,"parent":4715,"menu_order":0,"comment_status":"closed","ping_status":"closed","template":"","meta":{"footnotes":""},"class_list":["post-5140","page","type-page","status-publish","hentry"],"_links":{"self":[{"href":"https:\/\/tintenwolf.mrkeks.net\/en\/wp-json\/wp\/v2\/pages\/5140","targetHints":{"allow":["GET"]}}],"collection":[{"href":"https:\/\/tintenwolf.mrkeks.net\/en\/wp-json\/wp\/v2\/pages"}],"about":[{"href":"https:\/\/tintenwolf.mrkeks.net\/en\/wp-json\/wp\/v2\/types\/page"}],"author":[{"embeddable":true,"href":"https:\/\/tintenwolf.mrkeks.net\/en\/wp-json\/wp\/v2\/users\/3"}],"replies":[{"embeddable":true,"href":"https:\/\/tintenwolf.mrkeks.net\/en\/wp-json\/wp\/v2\/comments?post=5140"}],"version-history":[{"count":8,"href":"https:\/\/tintenwolf.mrkeks.net\/en\/wp-json\/wp\/v2\/pages\/5140\/revisions"}],"predecessor-version":[{"id":5640,"href":"https:\/\/tintenwolf.mrkeks.net\/en\/wp-json\/wp\/v2\/pages\/5140\/revisions\/5640"}],"up":[{"embeddable":true,"href":"https:\/\/tintenwolf.mrkeks.net\/en\/wp-json\/wp\/v2\/pages\/4715"}],"wp:attachment":[{"href":"https:\/\/tintenwolf.mrkeks.net\/en\/wp-json\/wp\/v2\/media?parent=5140"}],"curies":[{"name":"wp","href":"https:\/\/api.w.org\/{rel}","templated":true}]}}