{"id":4967,"date":"2016-02-04T15:16:01","date_gmt":"2016-02-04T13:16:01","guid":{"rendered":"http:\/\/tintenwolf.mrkeks.net\/?page_id=4967"},"modified":"2016-11-01T17:40:10","modified_gmt":"2016-11-01T15:40:10","slug":"2016-04-04-infoabend-ueber-stadtguerilla","status":"publish","type":"page","link":"https:\/\/tintenwolf.mrkeks.net\/en\/live-in-farbe\/2016-4\/2016-04-04-infoabend-ueber-stadtguerilla\/","title":{"rendered":"2016-04-04: Infoabend \u00bbStadtguerilla in Lateinamerika und BRD \u2013 Transfer eines revolution\u00e4ren Konzepts\u00ab"},"content":{"rendered":"<div id=\"attachment_4857\" style=\"width: 304px\" class=\"wp-caption aligncenter\"><img loading=\"lazy\" decoding=\"async\" aria-describedby=\"caption-attachment-4857\" src=\"https:\/\/tintenwolf.mrkeks.net\/wp-content\/uploads\/2015\/12\/2015-12-14_-_Logo_Agit_883-294x300.png\" alt=\"Agit 883, Nr. 61, 22.05.1970\" width=\"294\" height=\"300\" class=\"size-medium wp-image-4857\" srcset=\"https:\/\/tintenwolf.mrkeks.net\/wp-content\/uploads\/2015\/12\/2015-12-14_-_Logo_Agit_883-294x300.png 294w, https:\/\/tintenwolf.mrkeks.net\/wp-content\/uploads\/2015\/12\/2015-12-14_-_Logo_Agit_883.png 301w\" sizes=\"auto, (max-width: 294px) 100vw, 294px\" \/><p id=\"caption-attachment-4857\" class=\"wp-caption-text\">Agit 883, Nr. 61, 22.05.1970<\/p><\/div>\n<p style=\"padding-left: 0px; text-align: justify;\"><em>Nach dem Sieg der kubanischen Revolution im Januar 1959, kam es in fast allen L\u00e4ndern Lateinamerikas zu revolution\u00e4ren Bewegungen, die \u2013 beeinflusst durch die Guerilla-Strategie der kubanischen Revolution\u00e4r*innen \u2013 den bewaffneten Kampf als revolution\u00e4res Konzept gegen Imperialismus und Ausbeutung \u00fcbernahmen. W\u00e4hrend die ma\u00dfgeblich von Ernesto \u00bbChe\u00ab Guevara entwickelte Guerillatheorie von einem starken Primat der Landguerilla in einem unerschlossenen, unkontrollierbaren Territorium ausging und Guerilla-Einheiten in den St\u00e4dten nur unterst\u00fctzenden Charakter beima\u00df, entwickelte sich vor allem in Uruguay ein neues Konzept \u2013 mit dem movimiento de liberaci\u00f3n nacional \u2013 Tupamaros war die Stadtguerilla geboren. Dieses Konzept wiederum wurde auch von der radikalen Linken in Westeuropa und den USA aufgegriffen. Dort sah mensch sich als Unterst\u00fctzung l\u00e4ndlicher Befreiungsbewegungen in Asien, Afrika und Lateinamerika im Rahmen eines internationalen, revolution\u00e4ren Kampfes.<\/em><\/p>\n<p style=\"padding-left: 0px; text-align: justify;\"><em>In zwei Vortr\u00e4gen soll betrachtet werden, in wie weit der uruguayische Ansatz als Weiterentwicklung des \u00bbkubanischen Weges\u00ab oder besser als terroristische Strategie bewertet werden sollte und ob es sich bei der Stadtguerilla in Westeuropa und den USA tats\u00e4chlich um einen neuen internationalistischen Ansatz handelte und wo dessen Grenzen lagen.<\/em><\/p>\n<p style=\"padding-left: 0px; text-align: justify;\"><em>Beleuchtet wird die Thematik in zwei Vortr\u00e4gen von Fabian Bennewitz &amp; Meas Wolfstatze, zwei internationalistischen Geschichtsstudis der \u00bbFreien\u00ab Universit\u00e4t Berlin.<\/em><br \/>&nbsp;<\/p>\n<ul>\n<li><strong>Vortrag 1:<\/strong> Fabian Bennewitz <em>\u00bb<a href=\"https:\/\/tintenwolf.mrkeks.net\/en\/satex\/2014-10-09-das-konzept-der-stadtguerilla-in-uruguay-fabian-bennewitz\/\">Das Konzept der Stadtguerilla in Uruguay \u2013 Weiterentwicklung des kubanischen Guerillamodells oder neuer urbaner Terrorismus?<\/a>\u00ab<\/em><\/li>\n<\/ul>\n<ul>\n<li><strong>Vortrag 2:<\/strong> Meas Wolfstatze <em>\u00bb<a href=\"https:\/\/tintenwolf.mrkeks.net\/en\/satex\/bachelorarbeit-stadtguerilla\/\">Stadtguerilla in Lateinamerika und BRD \u2013 \u00dcber die globale Entwicklung einer urbanen Guerilla<\/a>\u00ab<\/em><\/li>\n<\/ul>\n<ul>\n<li><strong>wann?<\/strong> <em>am 04. April 2016 ab 19:30 Uhr<\/em><\/li>\n<\/ul>\n<ul>\n<li><strong>wo?<\/strong> <em>im Zielona G\u00f3ra (Gr\u00fcnbergerstr. 73, 10245 Berlin) im Rahmen des <a href=\"https:\/\/international.nostate.net\/post\/veranstaltung-stadtguerilla-in-lateinamerika-und-brd-transfer-eines-revolutionaren-konzepts\" target=\"_blank\">Internationalistischen Abends<\/a><\/em><\/li>\n<\/ul>\n<p style=\"text-align: center;\"><b><a href=\"https:\/\/tintenwolf.mrkeks.net\/en\/live-in-farbe\/2016-4\/2016-01-26-infoabend-ueber-stadtguerilla\/\">vorheriger Termin\u2190<\/a><\/b><\/p>\n<p><a href=\"https:\/\/tintenwolf.mrkeks.net\/en\/live-in-farbe\/2016-4\/\">back<\/a><\/p>\n<div class=\"twoclick_social_bookmarks_post_4967 social_share_privacy clearfix 1.6.4 locale-en_GB sprite-de_DE\"><\/div><div class=\"twoclick-js\"><script type=\"text\/javascript\">\/* <![CDATA[ *\/\njQuery(document).ready(function($){if($('.twoclick_social_bookmarks_post_4967')){$('.twoclick_social_bookmarks_post_4967').socialSharePrivacy({\"services\":{\"facebook\":{\"status\":\"on\",\"txt_info\":\"2 Klicks f\\u00fcr mehr Datenschutz: Erst wenn Sie hier klicken, wird der Button aktiv und Sie k\\u00f6nnen Ihre Empfehlung an Facebook senden. Schon beim Aktivieren werden Daten an Dritte \\u00fcbertragen - siehe <em>i<\\\/em>.\",\"perma_option\":\"off\",\"action\":\"recommend\",\"language\":\"de_DE\"},\"twitter\":{\"reply_to\":\"\",\"tweet_text\":\"%202016-04-04%3A%20Infoabend%20%C2%BBStadtguerilla%20in%20Lateinamerika%20und%20BRD%20%E2%80%93%20Transfer%20...\",\"status\":\"on\",\"txt_info\":\"2 Klicks f\\u00fcr mehr Datenschutz: Erst wenn Sie hier klicken, wird der Button aktiv und Sie k\\u00f6nnen Ihre Empfehlung an Twitter senden. Schon beim Aktivieren werden Daten an Dritte \\u00fcbertragen - siehe <em>i<\\\/em>.\",\"perma_option\":\"off\",\"language\":\"de\",\"referrer_track\":\"\"},\"gplus\":{\"status\":\"on\",\"txt_info\":\"2 Klicks f\\u00fcr mehr Datenschutz: Erst wenn Sie hier klicken, wird der Button aktiv und Sie k\\u00f6nnen Ihre Empfehlung an Google+ senden. Schon beim Aktivieren werden Daten an Dritte \\u00fcbertragen - siehe <em>i<\\\/em>.\",\"perma_option\":\"off\",\"referrer_track\":\"\"}},\"txt_help\":\"Wenn Sie diese Felder durch einen Klick aktivieren, werden Informationen an Facebook, Twitter, Flattr, Xing, t3n, LinkedIn, Pinterest oder Google eventuell ins Ausland \\u00fcbertragen und unter Umst\\u00e4nden auch dort gespeichert. N\\u00e4heres erfahren Sie durch einen Klick auf das <em>i<\\\/em>.\",\"settings_perma\":\"Dauerhaft aktivieren und Daten\\u00fcber-tragung zustimmen:\",\"info_link\":\"http:\\\/\\\/www.heise.de\\\/ct\\\/artikel\\\/2-Klicks-fuer-mehr-Datenschutz-1333879.html\",\"uri\":\"https:\\\/\\\/tintenwolf.mrkeks.net\\\/en\\\/live-in-farbe\\\/2016-4\\\/2016-04-04-infoabend-ueber-stadtguerilla\\\/\",\"post_id\":4967,\"post_title_referrer_track\":\"2016-04-04%3A+Infoabend+%C2%BBStadtguerilla+in+Lateinamerika+und+BRD+%E2%80%93+Transfer+eines+revolution%C3%A4ren+Konzepts%C2%AB\",\"display_infobox\":\"off\"});}});\n\/* ]]> *\/<\/script><\/div>","protected":false},"excerpt":{"rendered":"<p>Nach dem Sieg der kubanischen Revolution im Januar 1959, kam es in fast allen L\u00e4ndern Lateinamerikas zu revolution\u00e4ren Bewegungen, die \u2013 beeinflusst durch die Guerilla-Strategie der kubanischen Revolution\u00e4r*innen \u2013 den<\/p>\n","protected":false},"author":3,"featured_media":0,"parent":4715,"menu_order":0,"comment_status":"closed","ping_status":"closed","template":"","meta":{"footnotes":""},"class_list":["post-4967","page","type-page","status-publish","hentry"],"_links":{"self":[{"href":"https:\/\/tintenwolf.mrkeks.net\/en\/wp-json\/wp\/v2\/pages\/4967","targetHints":{"allow":["GET"]}}],"collection":[{"href":"https:\/\/tintenwolf.mrkeks.net\/en\/wp-json\/wp\/v2\/pages"}],"about":[{"href":"https:\/\/tintenwolf.mrkeks.net\/en\/wp-json\/wp\/v2\/types\/page"}],"author":[{"embeddable":true,"href":"https:\/\/tintenwolf.mrkeks.net\/en\/wp-json\/wp\/v2\/users\/3"}],"replies":[{"embeddable":true,"href":"https:\/\/tintenwolf.mrkeks.net\/en\/wp-json\/wp\/v2\/comments?post=4967"}],"version-history":[{"count":8,"href":"https:\/\/tintenwolf.mrkeks.net\/en\/wp-json\/wp\/v2\/pages\/4967\/revisions"}],"predecessor-version":[{"id":5572,"href":"https:\/\/tintenwolf.mrkeks.net\/en\/wp-json\/wp\/v2\/pages\/4967\/revisions\/5572"}],"up":[{"embeddable":true,"href":"https:\/\/tintenwolf.mrkeks.net\/en\/wp-json\/wp\/v2\/pages\/4715"}],"wp:attachment":[{"href":"https:\/\/tintenwolf.mrkeks.net\/en\/wp-json\/wp\/v2\/media?parent=4967"}],"curies":[{"name":"wp","href":"https:\/\/api.w.org\/{rel}","templated":true}]}}