{"id":4703,"date":"2015-09-29T14:54:37","date_gmt":"2015-09-29T12:54:37","guid":{"rendered":"http:\/\/tintenwolf.mrkeks.net\/?page_id=4703"},"modified":"2015-11-24T11:53:53","modified_gmt":"2015-11-24T09:53:53","slug":"2015-10-17-refugee-soli-von-noya-berlin","status":"publish","type":"page","link":"https:\/\/tintenwolf.mrkeks.net\/en\/live-in-farbe\/2015-3\/2015-10-17-refugee-soli-von-noya-berlin\/","title":{"rendered":"2015-10-17: Soliabend f\u00fcr Refugee Struggle for Freedom von und mit Noya-Berlin"},"content":{"rendered":"<p><em>Nachdem die kurze Imagekampagne der Regierung vorbei und die n\u00e4chste Asylrechtsversch\u00e4rfung beschlossen ist, gehen die K\u00e4mpfe der Gefl\u00fcchteten weiter. Dabei sehen sie sich oft starken Repressionen durch den Staat ausgesetzt. So auch Aktivist*innen von Refugee Struggle for Freedom. Dieser Soliabend soll bei der Aufbringung von Rechtskosten helfen. Es wird Solicocktails (mit und ohne Alk) und ein Kulturprogramm geben.<\/em><\/p>\n<p>&nbsp;<\/p>\n<ul>\n<li><strong>wer?<\/strong><em> <a href=\"http:\/\/waynelostsoul.com\/\" target=\"_blank\">Wayne Lost Soul<\/a>, Tintenwolf* und <a href=\"http:\/\/www.lariunddiepausenmusik.de\/\" target=\"_blank\">Lari<\/a><\/em><\/li>\n<\/ul>\n<ul>\n<li><strong>wann?<\/strong> <em>am 17. Oktober 2015 ab 19:30 Uhr<\/em><\/li>\n<\/ul>\n<ul>\n<li><strong>wo?<\/strong> <em>im <a href=\"http:\/\/cafecralle.wordpress.com\/\" target=\"_blank\">Caf\u00e9 Cralle<\/a> (Hochst\u00e4dter Stra\u00dfe 10a, Berlin)<br \/>\n<\/em><\/li>\n<\/ul>\n<ul>\n<li>organisiert von <a href=\"http:\/\/noyaberlin.wordpress.com\/\" target=\"_blank\">Noya Berlin<\/a><\/li>\n<\/ul>\n<p><a href=\"https:\/\/tintenwolf.mrkeks.net\/en\/live-in-farbe\/2015-3\/\">back<\/a><\/p>\n<div class=\"twoclick_social_bookmarks_post_4703 social_share_privacy clearfix 1.6.4 locale-en_GB sprite-de_DE\"><\/div><div class=\"twoclick-js\"><script type=\"text\/javascript\">\/* <![CDATA[ *\/\njQuery(document).ready(function($){if($('.twoclick_social_bookmarks_post_4703')){$('.twoclick_social_bookmarks_post_4703').socialSharePrivacy({\"services\":{\"facebook\":{\"status\":\"on\",\"txt_info\":\"2 Klicks f\\u00fcr mehr Datenschutz: Erst wenn Sie hier klicken, wird der Button aktiv und Sie k\\u00f6nnen Ihre Empfehlung an Facebook senden. Schon beim Aktivieren werden Daten an Dritte \\u00fcbertragen - siehe <em>i<\\\/em>.\",\"perma_option\":\"off\",\"action\":\"recommend\",\"language\":\"de_DE\"},\"twitter\":{\"reply_to\":\"\",\"tweet_text\":\"%202015-10-17%3A%20Soliabend%20f%C3%BCr%20Refugee%20Struggle%20for%20Freedom%20von%20und%20mit%20Noya-Berlin%20...\",\"status\":\"on\",\"txt_info\":\"2 Klicks f\\u00fcr mehr Datenschutz: Erst wenn Sie hier klicken, wird der Button aktiv und Sie k\\u00f6nnen Ihre Empfehlung an Twitter senden. Schon beim Aktivieren werden Daten an Dritte \\u00fcbertragen - siehe <em>i<\\\/em>.\",\"perma_option\":\"off\",\"language\":\"de\",\"referrer_track\":\"\"},\"gplus\":{\"status\":\"on\",\"txt_info\":\"2 Klicks f\\u00fcr mehr Datenschutz: Erst wenn Sie hier klicken, wird der Button aktiv und Sie k\\u00f6nnen Ihre Empfehlung an Google+ senden. Schon beim Aktivieren werden Daten an Dritte \\u00fcbertragen - siehe <em>i<\\\/em>.\",\"perma_option\":\"off\",\"referrer_track\":\"\"}},\"txt_help\":\"Wenn Sie diese Felder durch einen Klick aktivieren, werden Informationen an Facebook, Twitter, Flattr, Xing, t3n, LinkedIn, Pinterest oder Google eventuell ins Ausland \\u00fcbertragen und unter Umst\\u00e4nden auch dort gespeichert. N\\u00e4heres erfahren Sie durch einen Klick auf das <em>i<\\\/em>.\",\"settings_perma\":\"Dauerhaft aktivieren und Daten\\u00fcber-tragung zustimmen:\",\"info_link\":\"http:\\\/\\\/www.heise.de\\\/ct\\\/artikel\\\/2-Klicks-fuer-mehr-Datenschutz-1333879.html\",\"uri\":\"https:\\\/\\\/tintenwolf.mrkeks.net\\\/en\\\/live-in-farbe\\\/2015-3\\\/2015-10-17-refugee-soli-von-noya-berlin\\\/\",\"post_id\":4703,\"post_title_referrer_track\":\"2015-10-17%3A+Soliabend+f%C3%BCr+Refugee+Struggle+for+Freedom+von+und+mit+Noya-Berlin\",\"display_infobox\":\"off\"});}});\n\/* ]]> *\/<\/script><\/div>","protected":false},"excerpt":{"rendered":"<p>Nachdem die kurze Imagekampagne der Regierung vorbei und die n\u00e4chste Asylrechtsversch\u00e4rfung beschlossen ist, gehen die K\u00e4mpfe der Gefl\u00fcchteten weiter. Dabei sehen sie sich oft starken Repressionen durch den Staat ausgesetzt.<\/p>\n","protected":false},"author":3,"featured_media":0,"parent":3885,"menu_order":0,"comment_status":"closed","ping_status":"closed","template":"","meta":{"footnotes":""},"class_list":["post-4703","page","type-page","status-publish","hentry"],"_links":{"self":[{"href":"https:\/\/tintenwolf.mrkeks.net\/en\/wp-json\/wp\/v2\/pages\/4703","targetHints":{"allow":["GET"]}}],"collection":[{"href":"https:\/\/tintenwolf.mrkeks.net\/en\/wp-json\/wp\/v2\/pages"}],"about":[{"href":"https:\/\/tintenwolf.mrkeks.net\/en\/wp-json\/wp\/v2\/types\/page"}],"author":[{"embeddable":true,"href":"https:\/\/tintenwolf.mrkeks.net\/en\/wp-json\/wp\/v2\/users\/3"}],"replies":[{"embeddable":true,"href":"https:\/\/tintenwolf.mrkeks.net\/en\/wp-json\/wp\/v2\/comments?post=4703"}],"version-history":[{"count":5,"href":"https:\/\/tintenwolf.mrkeks.net\/en\/wp-json\/wp\/v2\/pages\/4703\/revisions"}],"predecessor-version":[{"id":4810,"href":"https:\/\/tintenwolf.mrkeks.net\/en\/wp-json\/wp\/v2\/pages\/4703\/revisions\/4810"}],"up":[{"embeddable":true,"href":"https:\/\/tintenwolf.mrkeks.net\/en\/wp-json\/wp\/v2\/pages\/3885"}],"wp:attachment":[{"href":"https:\/\/tintenwolf.mrkeks.net\/en\/wp-json\/wp\/v2\/media?parent=4703"}],"curies":[{"name":"wp","href":"https:\/\/api.w.org\/{rel}","templated":true}]}}