{"id":4416,"date":"2015-06-11T20:09:49","date_gmt":"2015-06-11T18:09:49","guid":{"rendered":"http:\/\/tintenwolf.mrkeks.net\/?page_id=4416"},"modified":"2015-09-29T15:08:19","modified_gmt":"2015-09-29T13:08:19","slug":"2015-07-09-zeit-der-kirschen","status":"publish","type":"page","link":"https:\/\/tintenwolf.mrkeks.net\/en\/live-in-farbe\/2015-3\/2015-07-09-zeit-der-kirschen\/","title":{"rendered":"2015-07-09: Kulturb\u00fchne: Zeit der Kirschen \u00bbMenschenrechte\u00ab"},"content":{"rendered":"<p style=\"text-align: justify;\"><em>Um Menschenrechte werden Kriege begr\u00fcndet. Sie gelten als gro\u00dfe Errungenschaft unserer Gesellschaft. Und sie stehen als moralische Instanz gegen konkurrierende imperiale M\u00e4chte wie Russland, China und den Iran bereit. Doch selbst in jenen Staaten, die sie zur Legitimation ihrer Herrschaftsanspr\u00fcche propagieren, gelten sie h\u00e4ufig mehr auf dem Papier denn als Schutz vor staatlicher Willk\u00fcr und m\u00fcssen durch mutige Aktivist*innen erk\u00e4mpft werden. Immer wieder wird sich von Seiten der Repression daran gemacht, sie nach M\u00f6glichkeit zu demontieren.<\/em><\/p>\n<p style=\"text-align: justify;\"><em>Und auch wenn sie unumschr\u00e4nkt gelten w\u00fcrden, vor den Menschenrechten alle Menschen gleich w\u00e4ren: warum gelten sie eigentlich nicht auch f\u00fcr nichtmenschliche Tiere? Sind diese nicht sogar noch st\u00e4rker von kapitalistischer Willk\u00fcr betroffen, als die zur Ware Arbeitskraft umdeklarierten Menschenmassen? Welches Recht sch\u00fctzt sie vor Ausbeutung und fabrikhaftem Mord?<\/em><\/p>\n<p style=\"text-align: justify;\"><em>Es sind viele Ungereimtheiten, die sich um dieses Wundermittel westlicher Propaganda auftun. In gewohnter k\u00fcnstlerischer Weise, wollen wir diesen auf den Leib r\u00fccken. Mit dabei ist auch Lucia Vargas \u2013 eine kolumbianische Menschenrechtsaktivistin und Rapperin. Mit freundlicher Unterst\u00fctzung der <a href=\"http:\/\/www.interbrigadas.org\/\" target=\"_blank\">Interbrigadas<\/a>.<\/em><\/p>\n<p>&nbsp;<\/p>\n<ul>\n<li><strong>wer?<\/strong><em> Tintenwolf (linksautonome Hippie-Punk-Lyrik) und <a href=\"http:\/\/sahara.mrkeks.net\/\" target=\"_blank\">Sahara B.<\/a> (l\u00e4ngere u. k\u00fcrzere (Kurz-)geschichten)<\/em><\/li>\n<\/ul>\n<ul>\n<li><strong>welche G\u00e4ste?<\/strong><em> <a href=\"https:\/\/www.reverbnation.com\/luciavargas\" target=\"_blank\">Lucia Vargas<\/a> (HipHop &#038; Menschenrechtsaktivismus aus Kolumbien) und <a href=\"https:\/\/twitter.com\/RieschazPanther\" target=\"_blank\">Leopold Rieschaz<\/a> (Gelesenes)<\/em><\/li>\n<\/ul>\n<ul>\n<li><strong>wann?<\/strong> <em>am 09. Juli 2015 ab 19:00 Uhr<\/em><\/li>\n<\/ul>\n<ul>\n<li><strong>wo?<\/strong> <em>in der <a href=\"http:\/\/www.baiz.info\/\" target=\"_blank\">Baiz<\/a>, Sch\u00f6nhauser Allee 26a, 10435 Berlin<\/em><\/li>\n<\/ul>\n<ul>\n<li><a href=\"http:\/\/www.lastfm.de\/event\/4139811\" target=\"_blank\">Veranstaltung bei last.fm<\/a><\/li>\n<\/ul>\n<ul>\n<li><a href=\"https:\/\/tintenwolf.mrkeks.net\/en\/live-in-farbe\/2016-4\/2016-01-14-zeit-der-kirschen\/\">n\u00e4chste Kulturb\u00fchne der Zeit der Kirschen<\/a><\/li>\n<\/ul>\n<ul>\n<li><a href=\"https:\/\/tintenwolf.mrkeks.net\/en\/live-in-farbe\/2015-3\/2015-05-07-zeit-der-kirschen\/\">vorherige Kulturb\u00fchne der Zeit der Kirschen<\/a><\/li>\n<\/ul>\n<p><a href=\"https:\/\/tintenwolf.mrkeks.net\/en\/live-in-farbe\/2015-3\/\">back<\/a><\/p>\n<div class=\"twoclick_social_bookmarks_post_4416 social_share_privacy clearfix 1.6.4 locale-en_GB sprite-de_DE\"><\/div><div class=\"twoclick-js\"><script type=\"text\/javascript\">\/* <![CDATA[ *\/\njQuery(document).ready(function($){if($('.twoclick_social_bookmarks_post_4416')){$('.twoclick_social_bookmarks_post_4416').socialSharePrivacy({\"services\":{\"facebook\":{\"status\":\"on\",\"txt_info\":\"2 Klicks f\\u00fcr mehr Datenschutz: Erst wenn Sie hier klicken, wird der Button aktiv und Sie k\\u00f6nnen Ihre Empfehlung an Facebook senden. Schon beim Aktivieren werden Daten an Dritte \\u00fcbertragen - siehe <em>i<\\\/em>.\",\"perma_option\":\"off\",\"action\":\"recommend\",\"language\":\"de_DE\"},\"twitter\":{\"reply_to\":\"\",\"tweet_text\":\"2015-07-09%3A%20Kulturb%C3%BChne%3A%20Zeit%20der%20Kirschen%20%C2%BBMenschenrechte%C2%AB%20%C2%BB%20Tintenwolf\",\"status\":\"on\",\"txt_info\":\"2 Klicks f\\u00fcr mehr Datenschutz: Erst wenn Sie hier klicken, wird der Button aktiv und Sie k\\u00f6nnen Ihre Empfehlung an Twitter senden. Schon beim Aktivieren werden Daten an Dritte \\u00fcbertragen - siehe <em>i<\\\/em>.\",\"perma_option\":\"off\",\"language\":\"de\",\"referrer_track\":\"\"},\"gplus\":{\"status\":\"on\",\"txt_info\":\"2 Klicks f\\u00fcr mehr Datenschutz: Erst wenn Sie hier klicken, wird der Button aktiv und Sie k\\u00f6nnen Ihre Empfehlung an Google+ senden. Schon beim Aktivieren werden Daten an Dritte \\u00fcbertragen - siehe <em>i<\\\/em>.\",\"perma_option\":\"off\",\"referrer_track\":\"\"}},\"txt_help\":\"Wenn Sie diese Felder durch einen Klick aktivieren, werden Informationen an Facebook, Twitter, Flattr, Xing, t3n, LinkedIn, Pinterest oder Google eventuell ins Ausland \\u00fcbertragen und unter Umst\\u00e4nden auch dort gespeichert. N\\u00e4heres erfahren Sie durch einen Klick auf das <em>i<\\\/em>.\",\"settings_perma\":\"Dauerhaft aktivieren und Daten\\u00fcber-tragung zustimmen:\",\"info_link\":\"http:\\\/\\\/www.heise.de\\\/ct\\\/artikel\\\/2-Klicks-fuer-mehr-Datenschutz-1333879.html\",\"uri\":\"https:\\\/\\\/tintenwolf.mrkeks.net\\\/en\\\/live-in-farbe\\\/2015-3\\\/2015-07-09-zeit-der-kirschen\\\/\",\"post_id\":4416,\"post_title_referrer_track\":\"2015-07-09%3A+Kulturb%C3%BChne%3A+Zeit+der+Kirschen+%C2%BBMenschenrechte%C2%AB\",\"display_infobox\":\"off\"});}});\n\/* ]]> *\/<\/script><\/div>","protected":false},"excerpt":{"rendered":"<p>Um Menschenrechte werden Kriege begr\u00fcndet. Sie gelten als gro\u00dfe Errungenschaft unserer Gesellschaft. Und sie stehen als moralische Instanz gegen konkurrierende imperiale M\u00e4chte wie Russland, China und den Iran bereit. Doch<\/p>\n","protected":false},"author":3,"featured_media":0,"parent":3885,"menu_order":0,"comment_status":"closed","ping_status":"closed","template":"","meta":{"footnotes":""},"class_list":["post-4416","page","type-page","status-publish","hentry"],"_links":{"self":[{"href":"https:\/\/tintenwolf.mrkeks.net\/en\/wp-json\/wp\/v2\/pages\/4416","targetHints":{"allow":["GET"]}}],"collection":[{"href":"https:\/\/tintenwolf.mrkeks.net\/en\/wp-json\/wp\/v2\/pages"}],"about":[{"href":"https:\/\/tintenwolf.mrkeks.net\/en\/wp-json\/wp\/v2\/types\/page"}],"author":[{"embeddable":true,"href":"https:\/\/tintenwolf.mrkeks.net\/en\/wp-json\/wp\/v2\/users\/3"}],"replies":[{"embeddable":true,"href":"https:\/\/tintenwolf.mrkeks.net\/en\/wp-json\/wp\/v2\/comments?post=4416"}],"version-history":[{"count":10,"href":"https:\/\/tintenwolf.mrkeks.net\/en\/wp-json\/wp\/v2\/pages\/4416\/revisions"}],"predecessor-version":[{"id":4714,"href":"https:\/\/tintenwolf.mrkeks.net\/en\/wp-json\/wp\/v2\/pages\/4416\/revisions\/4714"}],"up":[{"embeddable":true,"href":"https:\/\/tintenwolf.mrkeks.net\/en\/wp-json\/wp\/v2\/pages\/3885"}],"wp:attachment":[{"href":"https:\/\/tintenwolf.mrkeks.net\/en\/wp-json\/wp\/v2\/media?parent=4416"}],"curies":[{"name":"wp","href":"https:\/\/api.w.org\/{rel}","templated":true}]}}