{"id":4325,"date":"2015-05-13T20:10:38","date_gmt":"2015-05-13T18:10:38","guid":{"rendered":"http:\/\/tintenwolf.mrkeks.net\/?page_id=4325"},"modified":"2016-09-14T19:41:30","modified_gmt":"2016-09-14T17:41:30","slug":"2015-05-29-anderersaits-tintenwolf-lily","status":"publish","type":"page","link":"https:\/\/tintenwolf.mrkeks.net\/en\/live-in-farbe\/2015-3\/2015-05-29-anderersaits-tintenwolf-lily\/","title":{"rendered":"2015-05-29: anderersaits &#038; Tintenwolf* beim Lieder- und Lyrik-Festival in Eberswalde"},"content":{"rendered":"<ul>\n<li><strong>wer?<\/strong><em> \u00bb<a href=\"http:\/\/anderersaits.wordpress.com\/\" target=\"_blank\">anderersaits<\/a> &#038; Tintenwolf*\u00ab (<a href=\"https:\/\/anderersaitsundtintenwolf.wordpress.com\/auftritte\/\" target=\"_blank\">siehe<\/a>) und <a href=\"http:\/\/geigerzaehler.blogsport.de\/\" target=\"_blank\">Geigerz\u00e4hler<\/a><\/em><\/li>\n<\/ul>\n<ul>\n<li><strong>wann?<\/strong> <em>am 29. Mai 2015<\/em><\/li>\n<\/ul>\n<ul>\n<li><strong>wo?<\/strong> <em>im Amadeu Antonio B\u00fcrgerzentrum Eberswalde (Puschkinstra\u00dfe 13, 16225 Eberswalde)<\/em><\/li>\n<\/ul>\n<ul>\n<li><a href=\"http:\/\/www.lastfm.de\/event\/4128944\" target=\"_blank\">Veranstaltung bei last.fm<\/a><\/li>\n<\/ul>\n<p><a href=\"https:\/\/tintenwolf.mrkeks.net\/en\/live-in-farbe\/2015-3\/\">back<\/a><\/p>\n<div class=\"twoclick_social_bookmarks_post_4325 social_share_privacy clearfix 1.6.4 locale-en_GB sprite-de_DE\"><\/div><div class=\"twoclick-js\"><script type=\"text\/javascript\">\/* <![CDATA[ *\/\njQuery(document).ready(function($){if($('.twoclick_social_bookmarks_post_4325')){$('.twoclick_social_bookmarks_post_4325').socialSharePrivacy({\"services\":{\"facebook\":{\"status\":\"on\",\"txt_info\":\"2 Klicks f\\u00fcr mehr Datenschutz: Erst wenn Sie hier klicken, wird der Button aktiv und Sie k\\u00f6nnen Ihre Empfehlung an Facebook senden. Schon beim Aktivieren werden Daten an Dritte \\u00fcbertragen - siehe <em>i<\\\/em>.\",\"perma_option\":\"off\",\"action\":\"recommend\",\"language\":\"de_DE\"},\"twitter\":{\"reply_to\":\"\",\"tweet_text\":\"%202015-05-29%3A%20anderersaits%20%26%20Tintenwolf%2A%20beim%20Lieder-%20und%20Lyrik-Festival%20in%20Eberswalde%20...\",\"status\":\"on\",\"txt_info\":\"2 Klicks f\\u00fcr mehr Datenschutz: Erst wenn Sie hier klicken, wird der Button aktiv und Sie k\\u00f6nnen Ihre Empfehlung an Twitter senden. Schon beim Aktivieren werden Daten an Dritte \\u00fcbertragen - siehe <em>i<\\\/em>.\",\"perma_option\":\"off\",\"language\":\"de\",\"referrer_track\":\"\"},\"gplus\":{\"status\":\"on\",\"txt_info\":\"2 Klicks f\\u00fcr mehr Datenschutz: Erst wenn Sie hier klicken, wird der Button aktiv und Sie k\\u00f6nnen Ihre Empfehlung an Google+ senden. Schon beim Aktivieren werden Daten an Dritte \\u00fcbertragen - siehe <em>i<\\\/em>.\",\"perma_option\":\"off\",\"referrer_track\":\"\"}},\"txt_help\":\"Wenn Sie diese Felder durch einen Klick aktivieren, werden Informationen an Facebook, Twitter, Flattr, Xing, t3n, LinkedIn, Pinterest oder Google eventuell ins Ausland \\u00fcbertragen und unter Umst\\u00e4nden auch dort gespeichert. N\\u00e4heres erfahren Sie durch einen Klick auf das <em>i<\\\/em>.\",\"settings_perma\":\"Dauerhaft aktivieren und Daten\\u00fcber-tragung zustimmen:\",\"info_link\":\"http:\\\/\\\/www.heise.de\\\/ct\\\/artikel\\\/2-Klicks-fuer-mehr-Datenschutz-1333879.html\",\"uri\":\"https:\\\/\\\/tintenwolf.mrkeks.net\\\/en\\\/live-in-farbe\\\/2015-3\\\/2015-05-29-anderersaits-tintenwolf-lily\\\/\",\"post_id\":4325,\"post_title_referrer_track\":\"2015-05-29%3A+anderersaits+%26%23038%3B+Tintenwolf%2A+beim+Lieder-+und+Lyrik-Festival+in+Eberswalde\",\"display_infobox\":\"off\"});}});\n\/* ]]> *\/<\/script><\/div>","protected":false},"excerpt":{"rendered":"<p>wer? \u00bbanderersaits &#038; Tintenwolf*\u00ab (siehe) und Geigerz\u00e4hler wann? am 29. Mai 2015 wo? im Amadeu Antonio B\u00fcrgerzentrum Eberswalde (Puschkinstra\u00dfe 13, 16225 Eberswalde) Veranstaltung bei last.fm<\/p>\n","protected":false},"author":3,"featured_media":0,"parent":3885,"menu_order":0,"comment_status":"closed","ping_status":"closed","template":"","meta":{"footnotes":""},"class_list":["post-4325","page","type-page","status-publish","hentry"],"_links":{"self":[{"href":"https:\/\/tintenwolf.mrkeks.net\/en\/wp-json\/wp\/v2\/pages\/4325","targetHints":{"allow":["GET"]}}],"collection":[{"href":"https:\/\/tintenwolf.mrkeks.net\/en\/wp-json\/wp\/v2\/pages"}],"about":[{"href":"https:\/\/tintenwolf.mrkeks.net\/en\/wp-json\/wp\/v2\/types\/page"}],"author":[{"embeddable":true,"href":"https:\/\/tintenwolf.mrkeks.net\/en\/wp-json\/wp\/v2\/users\/3"}],"replies":[{"embeddable":true,"href":"https:\/\/tintenwolf.mrkeks.net\/en\/wp-json\/wp\/v2\/comments?post=4325"}],"version-history":[{"count":7,"href":"https:\/\/tintenwolf.mrkeks.net\/en\/wp-json\/wp\/v2\/pages\/4325\/revisions"}],"predecessor-version":[{"id":5487,"href":"https:\/\/tintenwolf.mrkeks.net\/en\/wp-json\/wp\/v2\/pages\/4325\/revisions\/5487"}],"up":[{"embeddable":true,"href":"https:\/\/tintenwolf.mrkeks.net\/en\/wp-json\/wp\/v2\/pages\/3885"}],"wp:attachment":[{"href":"https:\/\/tintenwolf.mrkeks.net\/en\/wp-json\/wp\/v2\/media?parent=4325"}],"curies":[{"name":"wp","href":"https:\/\/api.w.org\/{rel}","templated":true}]}}