{"id":3998,"date":"2015-01-30T19:09:23","date_gmt":"2015-01-30T17:09:23","guid":{"rendered":"http:\/\/tintenwolf.mrkeks.net\/?page_id=3998"},"modified":"2015-01-30T19:17:22","modified_gmt":"2015-01-30T17:17:22","slug":"songtext-strassenmusiksong-hoer-zu","status":"publish","type":"page","link":"https:\/\/tintenwolf.mrkeks.net\/en\/satex\/2014-11-15-wir-stoeren-gern-seminararbeit-straszenmusik\/songtext-strassenmusiksong-hoer-zu\/","title":{"rendered":"Songtext \u2013 Stra\u00dfenmusiksong (von H\u00f6r Zu!)"},"content":{"rendered":"<p><strong><em>H\u00f6r Zu!: Stra\u00dfenmusiksong, bisher nur als Download unter <a href=\"http:\/\/hoerzu.blogsport.de\/\" target=\"_blank\">http:\/\/hoerzu.blogsport.de\/<\/a> (Stand 07.11.2014).<\/em><\/strong><\/p>\n<p>VERS 1<\/p>\n<p>Wisst ihr eigentlich wie das ist hier rumzusitzen<br \/>\nUnd sich f\u00fcr ein m\u00e4\u00dfig interessiertes Publikum<br \/>\nEinen abzuschwitzen und ihr steht hier rum,<br \/>\nwollt weiter flitzen, macht \u2019n Bogen drumrum<\/p>\n<p>Wisst ihr eigentlich wie kalt so ein Hintern werden kann<br \/>\nUnd wie tief die Beine schlafen k\u00f6nnen<br \/>\nKaum einer h\u00e4lt an und die meisten g\u00f6nnen<br \/>\nUns nicht mal das R\u00fcckgeld vom S-Bahn fahr\u2019n<\/p>\n<p>BRIDGE<\/p>\n<p>Nur was bringt es schon euch hier jetzt einen vorzuflenn\u2019<br \/>\nWir ham\u2019s ja selber so gewollt und machen\u2019s gerne denn:<\/p>\n<p>CHORUS:<\/p>\n<p>Wir f\u00fchren Krieg<br \/>\nMit Stra\u00dfenmusik<br \/>\nF\u00fcr ein Leben wo die Leute gerne geben<br \/>\nUnd applaudier\u2019n wenn wir musizier\u2019n<\/p>\n<p>Wir f\u00fchren Krieg<br \/>\nMit Stra\u00dfenmusik<br \/>\nGegen die monotonen Einkaufszonen<br \/>\nDass ihr zuh\u00f6rt ist ein Etappensieg<\/p>\n<p>VERS 2<\/p>\n<p>Aus dem Fenster ruft ne Frau: was soll der Radau<br \/>\nDie Polizei will uns nicht h\u00f6r\u2019n, weil wir st\u00f6r\u2019n<br \/>\nUnd ein nerviger Typ erz\u00e4hlt uns ganz genau<br \/>\nWie er mit seinen krassen Rasseln rasseln kann.<\/p>\n<p>Einer mit \u2019ner Kamera nimmt 5 Lieder auf<br \/>\nSchmei\u00dft nix in den Hut und geht darauf<br \/>\nNe and\u2019re denkt: na klasse, ich schmei\u00df nichts in die Kasse,<br \/>\nihr wollt das Geld f\u00fcr Drogen. Gelogen!<\/p>\n<p>BRIDGE<\/p>\n<p>Nur was bringt es schon euch hier jetzt einen vorzuflenn\u2019<br \/>\nWir ham\u2019s ja selber so gewollt und machen\u2019s gerne denn:<\/p>\n<p>CHORUS<\/p>\n<p>Wir f\u00fchren Krieg<br \/>\nMit Stra\u00dfenmusik\u2026<\/p>\n<p>INTERLUDE<\/p>\n<p>Manchmal k\u00f6nnen die Leute unsere Texte nicht guthei\u00dfen<br \/>\nUnd fangen an mit altem Gem\u00fcse zu schmei\u00dfen.<br \/>\nInteressiert uns nicht, ab in die n\u00e4chste Stadt<br \/>\nWeil da sicherlich noch jemand Kleingeld hat<\/p>\n<p>CHORUS<\/p>\n<p>Wir f\u00fchren Krieg<br \/>\nMit Stra\u00dfenmusik&#8230;<\/p>\n<p><a href=\"https:\/\/tintenwolf.mrkeks.net\/en\/satex\/2014-11-15-wir-stoeren-gern-seminararbeit-straszenmusik\/\">back<\/a><\/p>\n<div class=\"twoclick_social_bookmarks_post_3998 social_share_privacy clearfix 1.6.4 locale-en_GB sprite-de_DE\"><\/div><div class=\"twoclick-js\"><script type=\"text\/javascript\">\/* <![CDATA[ *\/\njQuery(document).ready(function($){if($('.twoclick_social_bookmarks_post_3998')){$('.twoclick_social_bookmarks_post_3998').socialSharePrivacy({\"services\":{\"facebook\":{\"status\":\"on\",\"txt_info\":\"2 Klicks f\\u00fcr mehr Datenschutz: Erst wenn Sie hier klicken, wird der Button aktiv und Sie k\\u00f6nnen Ihre Empfehlung an Facebook senden. Schon beim Aktivieren werden Daten an Dritte \\u00fcbertragen - siehe <em>i<\\\/em>.\",\"perma_option\":\"off\",\"action\":\"recommend\",\"language\":\"de_DE\"},\"twitter\":{\"reply_to\":\"\",\"tweet_text\":\"Songtext%20%E2%80%93%20Stra%C3%9Fenmusiksong%20%28von%20H%C3%B6r%20Zu%21%29%20%C2%BB%20Tintenwolf\",\"status\":\"on\",\"txt_info\":\"2 Klicks f\\u00fcr mehr Datenschutz: Erst wenn Sie hier klicken, wird der Button aktiv und Sie k\\u00f6nnen Ihre Empfehlung an Twitter senden. Schon beim Aktivieren werden Daten an Dritte \\u00fcbertragen - siehe <em>i<\\\/em>.\",\"perma_option\":\"off\",\"language\":\"de\",\"referrer_track\":\"\"},\"gplus\":{\"status\":\"on\",\"txt_info\":\"2 Klicks f\\u00fcr mehr Datenschutz: Erst wenn Sie hier klicken, wird der Button aktiv und Sie k\\u00f6nnen Ihre Empfehlung an Google+ senden. Schon beim Aktivieren werden Daten an Dritte \\u00fcbertragen - siehe <em>i<\\\/em>.\",\"perma_option\":\"off\",\"referrer_track\":\"\"}},\"txt_help\":\"Wenn Sie diese Felder durch einen Klick aktivieren, werden Informationen an Facebook, Twitter, Flattr, Xing, t3n, LinkedIn, Pinterest oder Google eventuell ins Ausland \\u00fcbertragen und unter Umst\\u00e4nden auch dort gespeichert. N\\u00e4heres erfahren Sie durch einen Klick auf das <em>i<\\\/em>.\",\"settings_perma\":\"Dauerhaft aktivieren und Daten\\u00fcber-tragung zustimmen:\",\"info_link\":\"http:\\\/\\\/www.heise.de\\\/ct\\\/artikel\\\/2-Klicks-fuer-mehr-Datenschutz-1333879.html\",\"uri\":\"https:\\\/\\\/tintenwolf.mrkeks.net\\\/en\\\/satex\\\/2014-11-15-wir-stoeren-gern-seminararbeit-straszenmusik\\\/songtext-strassenmusiksong-hoer-zu\\\/\",\"post_id\":3998,\"post_title_referrer_track\":\"Songtext+%E2%80%93+Stra%C3%9Fenmusiksong+%28von+H%C3%B6r+Zu%21%29\",\"display_infobox\":\"off\"});}});\n\/* ]]> *\/<\/script><\/div>","protected":false},"excerpt":{"rendered":"<p>H\u00f6r Zu!: Stra\u00dfenmusiksong, bisher nur als Download unter http:\/\/hoerzu.blogsport.de\/ (Stand 07.11.2014). VERS 1 Wisst ihr eigentlich wie das ist hier rumzusitzen Und sich f\u00fcr ein m\u00e4\u00dfig interessiertes Publikum Einen abzuschwitzen<\/p>\n","protected":false},"author":3,"featured_media":0,"parent":3777,"menu_order":0,"comment_status":"closed","ping_status":"closed","template":"","meta":{"footnotes":""},"class_list":["post-3998","page","type-page","status-publish","hentry"],"_links":{"self":[{"href":"https:\/\/tintenwolf.mrkeks.net\/en\/wp-json\/wp\/v2\/pages\/3998","targetHints":{"allow":["GET"]}}],"collection":[{"href":"https:\/\/tintenwolf.mrkeks.net\/en\/wp-json\/wp\/v2\/pages"}],"about":[{"href":"https:\/\/tintenwolf.mrkeks.net\/en\/wp-json\/wp\/v2\/types\/page"}],"author":[{"embeddable":true,"href":"https:\/\/tintenwolf.mrkeks.net\/en\/wp-json\/wp\/v2\/users\/3"}],"replies":[{"embeddable":true,"href":"https:\/\/tintenwolf.mrkeks.net\/en\/wp-json\/wp\/v2\/comments?post=3998"}],"version-history":[{"count":3,"href":"https:\/\/tintenwolf.mrkeks.net\/en\/wp-json\/wp\/v2\/pages\/3998\/revisions"}],"predecessor-version":[{"id":4016,"href":"https:\/\/tintenwolf.mrkeks.net\/en\/wp-json\/wp\/v2\/pages\/3998\/revisions\/4016"}],"up":[{"embeddable":true,"href":"https:\/\/tintenwolf.mrkeks.net\/en\/wp-json\/wp\/v2\/pages\/3777"}],"wp:attachment":[{"href":"https:\/\/tintenwolf.mrkeks.net\/en\/wp-json\/wp\/v2\/media?parent=3998"}],"curies":[{"name":"wp","href":"https:\/\/api.w.org\/{rel}","templated":true}]}}