{"id":3996,"date":"2015-01-30T19:01:56","date_gmt":"2015-01-30T17:01:56","guid":{"rendered":"http:\/\/tintenwolf.mrkeks.net\/?page_id=3996"},"modified":"2015-01-30T19:17:10","modified_gmt":"2015-01-30T17:17:10","slug":"songtext-goldwatch-blues-rotzfreche-asphaltkultur","status":"publish","type":"page","link":"https:\/\/tintenwolf.mrkeks.net\/en\/satex\/2014-11-15-wir-stoeren-gern-seminararbeit-straszenmusik\/songtext-goldwatch-blues-rotzfreche-asphaltkultur\/","title":{"rendered":"Songtext \u2013 Goldwatch Blues (von Rotzfreche Asphaltkultur)"},"content":{"rendered":"<p><strong><em>Rotzfreche Asphaltkultur: Goldwatch Blues, by Klaus der Geiger, bisher keine Aufnahme vorhanden (Stand 07.11.2014).<\/em><\/strong><\/p>\n<p>Ich kam zur neuen Firma, es war am ersten Juli<br \/>\nDer Personalchef fragt mich gleich, &#8220;Sind sie vielleicht \u2018n Schwuli?<br \/>\nWelche Farbe hat ihr Klopapier, ist ihr Gro\u00dfvater normal?<br \/>\nUnd tausend and\u2019re Fragen auf einem Formular.<\/p>\n<p>Hier sind ihre Handschellen, die Gold\u2019ne Armbanduhr<br \/>\nEin Gutachten vom Psychiater und ein R\u00f6ntgenbild dazu<br \/>\nUnd woll\u2019nsene Karriere, lieber junger Mann<br \/>\nDann hier mal unterschreiben und dann stellen wir sie an<\/p>\n<p>Er fragte mich auch gleich, was mir an diesem Job gef\u00e4llt<br \/>\nUnd kriegte fast nen Schlaganfall, als ich sagte \u201cGeld!!!\u201d<br \/>\nEr sagte, na OK \u2013 dann sei\u2019nse aber auch flei\u00dfig:<br \/>\nEin Euro is normal \u2013 hier gibt es eins drei\u00dfig!<\/p>\n<p>Hier sind ihre Handschellen, die Gold\u2019ne Armbanduhr<br \/>\nEin Gutachten vom Psychiater und ein R\u00f6ntgenbild dazu<br \/>\nUnd woll\u2019nsene Karriere, lieber junger Mann<br \/>\nDann hier mal unterschreiben und dann kriegen wir sie dran<\/p>\n<p>Er f\u00fchrte mich nach drau\u00dfen, wo die Gr\u00e4ber steh\u2019n im Regen<br \/>\n\u201cHier wer\u2019nse mal begraben, gleich neben ihr\u2019n Kollegen<br \/>\nUnd eines, junger Mann, das ist ihnen ja wohl klar:<br \/>\nZum Pinkeln und zum Sterben ist der Feierabend da!<\/p>\n<p>Hier sind ihre Handschellen, die Gold\u2019ne Armbanduhr<br \/>\nEin Gutachten vom Psychiater und ein R\u00f6ntgenbild dazu<br \/>\nUnd woll\u2019nsene Karriere, liebe junge Frau<br \/>\nDann hier mal unterschreiben und wir machen sie zur Sau<\/p>\n<p>Wir wollen keine Stelle bei dieser Firma haben<br \/>\nDen ganzen Tag nur Buckeln und das ein Leben lang<br \/>\nWir woll\u2019n auch kein St\u00fcck Kuchen, oder auch mal zwei<br \/>\nNein, wir woll\u2019n wie immer die ganze B\u00e4ckerei!<\/p>\n<p>Wir brauchen keine Handschellen und keine Armbanduhr<br \/>\nKein Gutachten vom Psychiater und kein R\u00f6ntgenbild dazu<br \/>\nWir schei\u00dfen auf Karriere, ihr stellt uns nicht kalt<br \/>\nWir machen hier Musik \u2013 Rotzfrech auf dem Asphalt!<\/p>\n<p><a href=\"https:\/\/tintenwolf.mrkeks.net\/en\/satex\/2014-11-15-wir-stoeren-gern-seminararbeit-straszenmusik\/\">back<\/a><\/p>\n<div class=\"twoclick_social_bookmarks_post_3996 social_share_privacy clearfix 1.6.4 locale-en_GB sprite-de_DE\"><\/div><div class=\"twoclick-js\"><script type=\"text\/javascript\">\/* <![CDATA[ *\/\njQuery(document).ready(function($){if($('.twoclick_social_bookmarks_post_3996')){$('.twoclick_social_bookmarks_post_3996').socialSharePrivacy({\"services\":{\"facebook\":{\"status\":\"on\",\"txt_info\":\"2 Klicks f\\u00fcr mehr Datenschutz: Erst wenn Sie hier klicken, wird der Button aktiv und Sie k\\u00f6nnen Ihre Empfehlung an Facebook senden. Schon beim Aktivieren werden Daten an Dritte \\u00fcbertragen - siehe <em>i<\\\/em>.\",\"perma_option\":\"off\",\"action\":\"recommend\",\"language\":\"de_DE\"},\"twitter\":{\"reply_to\":\"\",\"tweet_text\":\"Songtext%20%E2%80%93%20Goldwatch%20Blues%20%28von%20Rotzfreche%20Asphaltkultur%29%20%C2%BB%20Tintenwolf\",\"status\":\"on\",\"txt_info\":\"2 Klicks f\\u00fcr mehr Datenschutz: Erst wenn Sie hier klicken, wird der Button aktiv und Sie k\\u00f6nnen Ihre Empfehlung an Twitter senden. Schon beim Aktivieren werden Daten an Dritte \\u00fcbertragen - siehe <em>i<\\\/em>.\",\"perma_option\":\"off\",\"language\":\"de\",\"referrer_track\":\"\"},\"gplus\":{\"status\":\"on\",\"txt_info\":\"2 Klicks f\\u00fcr mehr Datenschutz: Erst wenn Sie hier klicken, wird der Button aktiv und Sie k\\u00f6nnen Ihre Empfehlung an Google+ senden. Schon beim Aktivieren werden Daten an Dritte \\u00fcbertragen - siehe <em>i<\\\/em>.\",\"perma_option\":\"off\",\"referrer_track\":\"\"}},\"txt_help\":\"Wenn Sie diese Felder durch einen Klick aktivieren, werden Informationen an Facebook, Twitter, Flattr, Xing, t3n, LinkedIn, Pinterest oder Google eventuell ins Ausland \\u00fcbertragen und unter Umst\\u00e4nden auch dort gespeichert. N\\u00e4heres erfahren Sie durch einen Klick auf das <em>i<\\\/em>.\",\"settings_perma\":\"Dauerhaft aktivieren und Daten\\u00fcber-tragung zustimmen:\",\"info_link\":\"http:\\\/\\\/www.heise.de\\\/ct\\\/artikel\\\/2-Klicks-fuer-mehr-Datenschutz-1333879.html\",\"uri\":\"https:\\\/\\\/tintenwolf.mrkeks.net\\\/en\\\/satex\\\/2014-11-15-wir-stoeren-gern-seminararbeit-straszenmusik\\\/songtext-goldwatch-blues-rotzfreche-asphaltkultur\\\/\",\"post_id\":3996,\"post_title_referrer_track\":\"Songtext+%E2%80%93+Goldwatch+Blues+%28von+Rotzfreche+Asphaltkultur%29\",\"display_infobox\":\"off\"});}});\n\/* ]]> *\/<\/script><\/div>","protected":false},"excerpt":{"rendered":"<p>Rotzfreche Asphaltkultur: Goldwatch Blues, by Klaus der Geiger, bisher keine Aufnahme vorhanden (Stand 07.11.2014). Ich kam zur neuen Firma, es war am ersten Juli Der Personalchef fragt mich gleich, &#8220;Sind<\/p>\n","protected":false},"author":3,"featured_media":0,"parent":3777,"menu_order":0,"comment_status":"closed","ping_status":"closed","template":"","meta":{"footnotes":""},"class_list":["post-3996","page","type-page","status-publish","hentry"],"_links":{"self":[{"href":"https:\/\/tintenwolf.mrkeks.net\/en\/wp-json\/wp\/v2\/pages\/3996","targetHints":{"allow":["GET"]}}],"collection":[{"href":"https:\/\/tintenwolf.mrkeks.net\/en\/wp-json\/wp\/v2\/pages"}],"about":[{"href":"https:\/\/tintenwolf.mrkeks.net\/en\/wp-json\/wp\/v2\/types\/page"}],"author":[{"embeddable":true,"href":"https:\/\/tintenwolf.mrkeks.net\/en\/wp-json\/wp\/v2\/users\/3"}],"replies":[{"embeddable":true,"href":"https:\/\/tintenwolf.mrkeks.net\/en\/wp-json\/wp\/v2\/comments?post=3996"}],"version-history":[{"count":2,"href":"https:\/\/tintenwolf.mrkeks.net\/en\/wp-json\/wp\/v2\/pages\/3996\/revisions"}],"predecessor-version":[{"id":4015,"href":"https:\/\/tintenwolf.mrkeks.net\/en\/wp-json\/wp\/v2\/pages\/3996\/revisions\/4015"}],"up":[{"embeddable":true,"href":"https:\/\/tintenwolf.mrkeks.net\/en\/wp-json\/wp\/v2\/pages\/3777"}],"wp:attachment":[{"href":"https:\/\/tintenwolf.mrkeks.net\/en\/wp-json\/wp\/v2\/media?parent=3996"}],"curies":[{"name":"wp","href":"https:\/\/api.w.org\/{rel}","templated":true}]}}