{"id":3800,"date":"2014-11-14T13:40:11","date_gmt":"2014-11-14T11:40:11","guid":{"rendered":"http:\/\/tintenwolf.mrkeks.net\/?page_id=3800"},"modified":"2015-01-17T13:44:53","modified_gmt":"2015-01-17T11:44:53","slug":"interview-klaus-der-geiger","status":"publish","type":"page","link":"https:\/\/tintenwolf.mrkeks.net\/en\/satex\/2014-11-15-wir-stoeren-gern-seminararbeit-straszenmusik\/interview-klaus-der-geiger\/","title":{"rendered":"Anhang I \u2013 Interview mit Klaus dem Geiger"},"content":{"rendered":"<p><strong>Klaus dem Geiger sendete ich meine Fragen via E-Mail, nachdem das Vorhaben ihn im Rahmen einer Rundreise in K\u00f6ln zu besuchen, zusammen mit der gesamten Rundreise gescheitert ist. Ich bedanke mich f\u00fcr seine schnelle Antwort. Mir ist bewusst, dass Interviewfragen per Mail und ohne schnell mal nachfragen zu k\u00f6nnen sicher nicht leicht zu beantworten sind.<\/strong><\/p>\n<p><em><strong>Frage 01: Wie bist du zur Stra\u00dfenmusik gekommen?<\/strong><\/em><br \/>\nIch wollte eigentlich schon immer was Sinnvolles mit meinem K\u00f6nnen f\u00fcr die Gesellschaft machen, aber weder im Sinfonieorchester noch an der Uni oder in der Verwertungsindustrie hab ich die M\u00f6glichkeiten daf\u00fcr gefunden. Die hab ich erst als Stra\u00dfenmusiker entdeckt, sozusagen &#8220;ganz unten&#8221;!<\/p>\n<p><em><strong>Frage 02: Das Entstehen der RAK wird auf die Anti-AKW-Bewegung zur\u00fcckgef\u00fchrt. Welche Rolle nahm die Stra\u00dfenmusik (in deinen Augen) f\u00fcr die Proteste in den 1970er Jahren ein?<\/strong><\/em><br \/>\nDer Gedanke entstand Anfang der 70-er Jahre. Gert Altmann (so hie\u00df er, glaub ich) vom Hans-Dampf-Gassentheater Stuttgart, (politische Sketche und Lieder zur Gitarre) wurde gejagt von Ordnungsamt und Polizei, genau wie ich. Und auch andere, die sich mit politischem Anliegen und Liedgut in die Fu\u00dfg\u00e4ngerzonen trauten. Und Gert kam auf den Gedanken, sich zusammenzutun dagegen. Richtig verfestigt hat sich die RAK aber erst durch die Treffen, und das erste war, glaub ich, in Braunschweig in der Brunswiga, und da war Anti-Atom das vorderste Thema.<\/p>\n<p><em><strong>Frage 03: Was f\u00e4llt dir so spontan zu politischer Stra\u00dfenmusik ein?<\/strong><\/em><br \/>\nMusik ist ja nicht eigentlich politisch; und auch die wenigsten Lieder sind es. Die RAK-Musik f\u00e4llt dabei sozusagen aus dem Rahmen. Aber wir RAKIS sind ja nur ein kleines H\u00e4ufchen, verglichen mit all den vielen Buskers und Stra\u00dfenmusikanten, die nat\u00fcrlich auch eine Wirkung auf die jeweiligen Zuh\u00f6rer haben, und wenn es nichts anderes ist, als die Aufmerksamkeit zu wecken und umzulenken (z.B. weg von Konsumsucht oder Gr\u00fcbelei). Und politische Liedermacher als Profis (d.h. solche,  die damit ihren Lebensunterhalt verdienen) werden entweder gesponsert (z.B. von einer Partei oder einem Verlag) oder befinden sich kurz vorm Verhungern (Ich kenn mich aus! Diesbez\u00fcglich). Sie werden aber auch, wenn sie sich durchsetzen, ohne sich zu &#8220;verkaufen&#8221;, sowohl geliebt als auch geha\u00dft,  und das ist schon super! (Ich red von mir grade, wobei ich mir schon bewu\u00dft bin, da\u00df ich mich ohne meine virtuose Geigerei nicht durchgesetzt h\u00e4tte! Und an der ist ja nun nichts politisch! Die ist technisch und musikalisch fundiert.) Und wenn du einem guten und sinnvollen Projekt auf die Spr\u00fcnge helfen kannst mit deinen F\u00e4higkeiten, und kriegst noch paar m\u00fcde Mark dabei, sei gl\u00fccklich!<\/p>\n<p><em>mehr zu Klaus dem Geiger findet sich unter <a href=\"http:\/\/www.klausdergeiger.de\/\" target=\"_blank\">http:\/\/www.klausdergeiger.de\/<\/a>.<\/em><\/p>\n<p><a href=\"https:\/\/tintenwolf.mrkeks.net\/en\/satex\/2014-11-15-wir-stoeren-gern-seminararbeit-straszenmusik\/\">back<\/a><\/p>\n<div class=\"twoclick_social_bookmarks_post_3800 social_share_privacy clearfix 1.6.4 locale-en_GB sprite-de_DE\"><\/div><div class=\"twoclick-js\"><script type=\"text\/javascript\">\/* <![CDATA[ *\/\njQuery(document).ready(function($){if($('.twoclick_social_bookmarks_post_3800')){$('.twoclick_social_bookmarks_post_3800').socialSharePrivacy({\"services\":{\"facebook\":{\"status\":\"on\",\"txt_info\":\"2 Klicks f\\u00fcr mehr Datenschutz: Erst wenn Sie hier klicken, wird der Button aktiv und Sie k\\u00f6nnen Ihre Empfehlung an Facebook senden. Schon beim Aktivieren werden Daten an Dritte \\u00fcbertragen - siehe <em>i<\\\/em>.\",\"perma_option\":\"off\",\"action\":\"recommend\",\"language\":\"de_DE\"},\"twitter\":{\"reply_to\":\"\",\"tweet_text\":\"Anhang%20I%20%E2%80%93%20Interview%20mit%20Klaus%20dem%20Geiger%20%C2%BB%20Tintenwolf\",\"status\":\"on\",\"txt_info\":\"2 Klicks f\\u00fcr mehr Datenschutz: Erst wenn Sie hier klicken, wird der Button aktiv und Sie k\\u00f6nnen Ihre Empfehlung an Twitter senden. Schon beim Aktivieren werden Daten an Dritte \\u00fcbertragen - siehe <em>i<\\\/em>.\",\"perma_option\":\"off\",\"language\":\"de\",\"referrer_track\":\"\"},\"gplus\":{\"status\":\"on\",\"txt_info\":\"2 Klicks f\\u00fcr mehr Datenschutz: Erst wenn Sie hier klicken, wird der Button aktiv und Sie k\\u00f6nnen Ihre Empfehlung an Google+ senden. Schon beim Aktivieren werden Daten an Dritte \\u00fcbertragen - siehe <em>i<\\\/em>.\",\"perma_option\":\"off\",\"referrer_track\":\"\"}},\"txt_help\":\"Wenn Sie diese Felder durch einen Klick aktivieren, werden Informationen an Facebook, Twitter, Flattr, Xing, t3n, LinkedIn, Pinterest oder Google eventuell ins Ausland \\u00fcbertragen und unter Umst\\u00e4nden auch dort gespeichert. N\\u00e4heres erfahren Sie durch einen Klick auf das <em>i<\\\/em>.\",\"settings_perma\":\"Dauerhaft aktivieren und Daten\\u00fcber-tragung zustimmen:\",\"info_link\":\"http:\\\/\\\/www.heise.de\\\/ct\\\/artikel\\\/2-Klicks-fuer-mehr-Datenschutz-1333879.html\",\"uri\":\"https:\\\/\\\/tintenwolf.mrkeks.net\\\/en\\\/satex\\\/2014-11-15-wir-stoeren-gern-seminararbeit-straszenmusik\\\/interview-klaus-der-geiger\\\/\",\"post_id\":3800,\"post_title_referrer_track\":\"Anhang+I+%E2%80%93+Interview+mit+Klaus+dem+Geiger\",\"display_infobox\":\"off\"});}});\n\/* ]]> *\/<\/script><\/div>","protected":false},"excerpt":{"rendered":"<p>Klaus dem Geiger sendete ich meine Fragen via E-Mail, nachdem das Vorhaben ihn im Rahmen einer Rundreise in K\u00f6ln zu besuchen, zusammen mit der gesamten Rundreise gescheitert ist. Ich bedanke<\/p>\n","protected":false},"author":3,"featured_media":0,"parent":3777,"menu_order":0,"comment_status":"closed","ping_status":"closed","template":"","meta":{"footnotes":""},"class_list":["post-3800","page","type-page","status-publish","hentry"],"_links":{"self":[{"href":"https:\/\/tintenwolf.mrkeks.net\/en\/wp-json\/wp\/v2\/pages\/3800","targetHints":{"allow":["GET"]}}],"collection":[{"href":"https:\/\/tintenwolf.mrkeks.net\/en\/wp-json\/wp\/v2\/pages"}],"about":[{"href":"https:\/\/tintenwolf.mrkeks.net\/en\/wp-json\/wp\/v2\/types\/page"}],"author":[{"embeddable":true,"href":"https:\/\/tintenwolf.mrkeks.net\/en\/wp-json\/wp\/v2\/users\/3"}],"replies":[{"embeddable":true,"href":"https:\/\/tintenwolf.mrkeks.net\/en\/wp-json\/wp\/v2\/comments?post=3800"}],"version-history":[{"count":1,"href":"https:\/\/tintenwolf.mrkeks.net\/en\/wp-json\/wp\/v2\/pages\/3800\/revisions"}],"predecessor-version":[{"id":3802,"href":"https:\/\/tintenwolf.mrkeks.net\/en\/wp-json\/wp\/v2\/pages\/3800\/revisions\/3802"}],"up":[{"embeddable":true,"href":"https:\/\/tintenwolf.mrkeks.net\/en\/wp-json\/wp\/v2\/pages\/3777"}],"wp:attachment":[{"href":"https:\/\/tintenwolf.mrkeks.net\/en\/wp-json\/wp\/v2\/media?parent=3800"}],"curies":[{"name":"wp","href":"https:\/\/api.w.org\/{rel}","templated":true}]}}