{"id":2759,"date":"2014-08-30T15:14:59","date_gmt":"2014-08-30T13:14:59","guid":{"rendered":"http:\/\/tintenwolf.mrkeks.net\/?page_id=2759"},"modified":"2015-01-17T19:35:26","modified_gmt":"2015-01-17T17:35:26","slug":"2014-08-29-hiphop-soli-fur-leeroy","status":"publish","type":"page","link":"https:\/\/tintenwolf.mrkeks.net\/en\/live-in-farbe\/2014-2\/2014-08-29-hiphop-soli-fur-leeroy\/","title":{"rendered":"2014-08-29: Gastspiel beim HipHop-Solikonzert f\u00fcr Leeroy"},"content":{"rendered":"<ul>\n<li><strong>wer?<\/strong><em> <a href=\"https:\/\/www.facebook.com\/mcholgerburner\" target=\"_blank\">Holger Burner<\/a>, <a href=\"https:\/\/soundcloud.com\/phuntiuz\" target=\"_blank\">Phuntiuz<\/a>, <a href=\"http:\/\/jillyskid.tk\/\" target=\"_blank\">Jilly Skid<\/a> (feat. Meas Wolfstatze \/ Tintenwolf &amp; <a href=\"http:\/\/sahara.mrkeks.net\/\" target=\"_blank\">Sahara B.<\/a>), <a href=\"https:\/\/de-de.facebook.com\/Autonomal\" target=\"_blank\">Autonomal<\/a> und <a href=\"http:\/\/www.derreimteufel.de\/\" target=\"_blank\">Der Reimteufel feat. Suncalina<\/a><\/em><\/li>\n<\/ul>\n<ul>\n<li><strong>wann?<\/strong> <em>am 29. August 2014 ab 21:00 Uhr<\/em><\/li>\n<\/ul>\n<ul>\n<li><strong>wo?<\/strong> <em>im <a href=\"http:\/\/www.rauchhaus1971.de\/\" target=\"_blank\">Georg von Rauch-Haus<\/a>, Mariannenplatz 1A, 10997 Berlin<\/em><\/li>\n<\/ul>\n<ul>\n<li><strong>Eintritt?<\/strong> <em>Spende (ca. 3 bis 5 Euro)<\/em><\/li>\n<\/ul>\n<ul>\n<li>mit veganer K\u00fcfA (K\u00fcche f\u00fcr Alle)<\/li>\n<\/ul>\n<ul>\n<li>Veranstaltung bei <a href=\"http:\/\/www.lastfm.de\/event\/3943976\" target=\"_blank\">last.fm<\/a> und bei <a href=\"http:\/\/stressfaktor.squat.net\/termine.php?date_id=151059\" target=\"_blank\">Stressfaktor<\/a><\/li>\n<\/ul>\n<p><a href=\"https:\/\/tintenwolf.mrkeks.net\/en\/live-in-farbe\/2014-2\/\">back<\/a><\/p>\n<div class=\"twoclick_social_bookmarks_post_2759 social_share_privacy clearfix 1.6.4 locale-en_GB sprite-de_DE\"><\/div><div class=\"twoclick-js\"><script type=\"text\/javascript\">\/* <![CDATA[ *\/\njQuery(document).ready(function($){if($('.twoclick_social_bookmarks_post_2759')){$('.twoclick_social_bookmarks_post_2759').socialSharePrivacy({\"services\":{\"facebook\":{\"status\":\"on\",\"txt_info\":\"2 Klicks f\\u00fcr mehr Datenschutz: Erst wenn Sie hier klicken, wird der Button aktiv und Sie k\\u00f6nnen Ihre Empfehlung an Facebook senden. Schon beim Aktivieren werden Daten an Dritte \\u00fcbertragen - siehe <em>i<\\\/em>.\",\"perma_option\":\"off\",\"action\":\"recommend\",\"language\":\"de_DE\"},\"twitter\":{\"reply_to\":\"\",\"tweet_text\":\"2014-08-29%3A%20Gastspiel%20beim%20HipHop-Solikonzert%20f%C3%BCr%20Leeroy%20%C2%BB%20Tintenwolf\",\"status\":\"on\",\"txt_info\":\"2 Klicks f\\u00fcr mehr Datenschutz: Erst wenn Sie hier klicken, wird der Button aktiv und Sie k\\u00f6nnen Ihre Empfehlung an Twitter senden. Schon beim Aktivieren werden Daten an Dritte \\u00fcbertragen - siehe <em>i<\\\/em>.\",\"perma_option\":\"off\",\"language\":\"de\",\"referrer_track\":\"\"},\"gplus\":{\"status\":\"on\",\"txt_info\":\"2 Klicks f\\u00fcr mehr Datenschutz: Erst wenn Sie hier klicken, wird der Button aktiv und Sie k\\u00f6nnen Ihre Empfehlung an Google+ senden. Schon beim Aktivieren werden Daten an Dritte \\u00fcbertragen - siehe <em>i<\\\/em>.\",\"perma_option\":\"off\",\"referrer_track\":\"\"}},\"txt_help\":\"Wenn Sie diese Felder durch einen Klick aktivieren, werden Informationen an Facebook, Twitter, Flattr, Xing, t3n, LinkedIn, Pinterest oder Google eventuell ins Ausland \\u00fcbertragen und unter Umst\\u00e4nden auch dort gespeichert. N\\u00e4heres erfahren Sie durch einen Klick auf das <em>i<\\\/em>.\",\"settings_perma\":\"Dauerhaft aktivieren und Daten\\u00fcber-tragung zustimmen:\",\"info_link\":\"http:\\\/\\\/www.heise.de\\\/ct\\\/artikel\\\/2-Klicks-fuer-mehr-Datenschutz-1333879.html\",\"uri\":\"https:\\\/\\\/tintenwolf.mrkeks.net\\\/en\\\/live-in-farbe\\\/2014-2\\\/2014-08-29-hiphop-soli-fur-leeroy\\\/\",\"post_id\":2759,\"post_title_referrer_track\":\"2014-08-29%3A+Gastspiel+beim+HipHop-Solikonzert+f%C3%BCr+Leeroy\",\"display_infobox\":\"off\"});}});\n\/* ]]> *\/<\/script><\/div>","protected":false},"excerpt":{"rendered":"<p>wer? Holger Burner, Phuntiuz, Jilly Skid (feat. Meas Wolfstatze \/ Tintenwolf &amp; Sahara B.), Autonomal und Der Reimteufel feat. Suncalina wann? am 29. August 2014 ab 21:00 Uhr wo? im<\/p>\n","protected":false},"author":3,"featured_media":0,"parent":1298,"menu_order":0,"comment_status":"closed","ping_status":"closed","template":"","meta":{"footnotes":""},"class_list":["post-2759","page","type-page","status-publish","hentry"],"_links":{"self":[{"href":"https:\/\/tintenwolf.mrkeks.net\/en\/wp-json\/wp\/v2\/pages\/2759","targetHints":{"allow":["GET"]}}],"collection":[{"href":"https:\/\/tintenwolf.mrkeks.net\/en\/wp-json\/wp\/v2\/pages"}],"about":[{"href":"https:\/\/tintenwolf.mrkeks.net\/en\/wp-json\/wp\/v2\/types\/page"}],"author":[{"embeddable":true,"href":"https:\/\/tintenwolf.mrkeks.net\/en\/wp-json\/wp\/v2\/users\/3"}],"replies":[{"embeddable":true,"href":"https:\/\/tintenwolf.mrkeks.net\/en\/wp-json\/wp\/v2\/comments?post=2759"}],"version-history":[{"count":9,"href":"https:\/\/tintenwolf.mrkeks.net\/en\/wp-json\/wp\/v2\/pages\/2759\/revisions"}],"predecessor-version":[{"id":3913,"href":"https:\/\/tintenwolf.mrkeks.net\/en\/wp-json\/wp\/v2\/pages\/2759\/revisions\/3913"}],"up":[{"embeddable":true,"href":"https:\/\/tintenwolf.mrkeks.net\/en\/wp-json\/wp\/v2\/pages\/1298"}],"wp:attachment":[{"href":"https:\/\/tintenwolf.mrkeks.net\/en\/wp-json\/wp\/v2\/media?parent=2759"}],"curies":[{"name":"wp","href":"https:\/\/api.w.org\/{rel}","templated":true}]}}