{"id":1980,"date":"2014-04-10T12:05:36","date_gmt":"2014-04-10T10:05:36","guid":{"rendered":"http:\/\/tintenwolf.mrkeks.net\/?page_id=1980"},"modified":"2016-09-14T19:45:22","modified_gmt":"2016-09-14T17:45:22","slug":"2014-08-30-wagenburg-lohmuhle-sommerfest","status":"publish","type":"page","link":"https:\/\/tintenwolf.mrkeks.net\/en\/live-in-farbe\/2014-2\/2014-08-30-wagenburg-lohmuhle-sommerfest\/","title":{"rendered":"2014-08-30: Sommerfest der Wagenburg LohM\u00fchle"},"content":{"rendered":"<ul>\n<li><strong>wer?<\/strong><em> <a href=\"http:\/\/faulenza.blogsport.de\/\" target=\"_blank\">Faulenz*A<\/a>, <a href=\"http:\/\/www.gutspieearshot.de\/\" target=\"_blank\">Guts Pie Earshot<\/a>, <a href=\"http:\/\/anderersaits.wordpress.com\/\" target=\"_blank\">Anderersaits<\/a> &#038; Tintenwolf (<a href=\"https:\/\/anderersaitsundtintenwolf.wordpress.com\/auftritte\/\" target=\"_blank\">siehe<\/a>)<\/em><\/li>\n<\/ul>\n<ul>\n<li><strong>wann?<\/strong> <em>30. August 2014<\/em><\/li>\n<\/ul>\n<ul>\n<li><strong>wo?<\/strong> <em>in der <a href=\"http:\/\/www.lohmuehle-berlin.de\/blubb\/\" target=\"_blank\">Wagenburg LohM\u00fchle<\/a> (Lohm\u00fchlenstra\u00dfe 17, Berlin)<\/em><\/li>\n<\/ul>\n<ul>\n<li><a href=\"http:\/\/www.lastfm.de\/event\/3839323\" target=\"_blank\">Veranstaltung bei last.fm<\/a>\n<\/ul>\n<p><a href=\"https:\/\/tintenwolf.mrkeks.net\/en\/live-in-farbe\/2014-2\/\">back<\/a><\/p>\n<div class=\"twoclick_social_bookmarks_post_1980 social_share_privacy clearfix 1.6.4 locale-en_GB sprite-de_DE\"><\/div><div class=\"twoclick-js\"><script type=\"text\/javascript\">\/* <![CDATA[ *\/\njQuery(document).ready(function($){if($('.twoclick_social_bookmarks_post_1980')){$('.twoclick_social_bookmarks_post_1980').socialSharePrivacy({\"services\":{\"facebook\":{\"status\":\"on\",\"txt_info\":\"2 Klicks f\\u00fcr mehr Datenschutz: Erst wenn Sie hier klicken, wird der Button aktiv und Sie k\\u00f6nnen Ihre Empfehlung an Facebook senden. Schon beim Aktivieren werden Daten an Dritte \\u00fcbertragen - siehe <em>i<\\\/em>.\",\"perma_option\":\"off\",\"action\":\"recommend\",\"language\":\"de_DE\"},\"twitter\":{\"reply_to\":\"\",\"tweet_text\":\"2014-08-30%3A%20Sommerfest%20der%20Wagenburg%20LohM%C3%BChle%20%C2%BB%20Tintenwolf\",\"status\":\"on\",\"txt_info\":\"2 Klicks f\\u00fcr mehr Datenschutz: Erst wenn Sie hier klicken, wird der Button aktiv und Sie k\\u00f6nnen Ihre Empfehlung an Twitter senden. Schon beim Aktivieren werden Daten an Dritte \\u00fcbertragen - siehe <em>i<\\\/em>.\",\"perma_option\":\"off\",\"language\":\"de\",\"referrer_track\":\"\"},\"gplus\":{\"status\":\"on\",\"txt_info\":\"2 Klicks f\\u00fcr mehr Datenschutz: Erst wenn Sie hier klicken, wird der Button aktiv und Sie k\\u00f6nnen Ihre Empfehlung an Google+ senden. Schon beim Aktivieren werden Daten an Dritte \\u00fcbertragen - siehe <em>i<\\\/em>.\",\"perma_option\":\"off\",\"referrer_track\":\"\"}},\"txt_help\":\"Wenn Sie diese Felder durch einen Klick aktivieren, werden Informationen an Facebook, Twitter, Flattr, Xing, t3n, LinkedIn, Pinterest oder Google eventuell ins Ausland \\u00fcbertragen und unter Umst\\u00e4nden auch dort gespeichert. N\\u00e4heres erfahren Sie durch einen Klick auf das <em>i<\\\/em>.\",\"settings_perma\":\"Dauerhaft aktivieren und Daten\\u00fcber-tragung zustimmen:\",\"info_link\":\"http:\\\/\\\/www.heise.de\\\/ct\\\/artikel\\\/2-Klicks-fuer-mehr-Datenschutz-1333879.html\",\"uri\":\"https:\\\/\\\/tintenwolf.mrkeks.net\\\/en\\\/live-in-farbe\\\/2014-2\\\/2014-08-30-wagenburg-lohmuhle-sommerfest\\\/\",\"post_id\":1980,\"post_title_referrer_track\":\"2014-08-30%3A+Sommerfest+der+Wagenburg+LohM%C3%BChle\",\"display_infobox\":\"off\"});}});\n\/* ]]> *\/<\/script><\/div>","protected":false},"excerpt":{"rendered":"<p>wer? Faulenz*A, Guts Pie Earshot, Anderersaits &#038; Tintenwolf (siehe) wann? 30. August 2014 wo? in der Wagenburg LohM\u00fchle (Lohm\u00fchlenstra\u00dfe 17, Berlin) Veranstaltung bei last.fm<\/p>\n","protected":false},"author":3,"featured_media":0,"parent":1298,"menu_order":0,"comment_status":"closed","ping_status":"closed","template":"","meta":{"footnotes":""},"class_list":["post-1980","page","type-page","status-publish","hentry"],"_links":{"self":[{"href":"https:\/\/tintenwolf.mrkeks.net\/en\/wp-json\/wp\/v2\/pages\/1980","targetHints":{"allow":["GET"]}}],"collection":[{"href":"https:\/\/tintenwolf.mrkeks.net\/en\/wp-json\/wp\/v2\/pages"}],"about":[{"href":"https:\/\/tintenwolf.mrkeks.net\/en\/wp-json\/wp\/v2\/types\/page"}],"author":[{"embeddable":true,"href":"https:\/\/tintenwolf.mrkeks.net\/en\/wp-json\/wp\/v2\/users\/3"}],"replies":[{"embeddable":true,"href":"https:\/\/tintenwolf.mrkeks.net\/en\/wp-json\/wp\/v2\/comments?post=1980"}],"version-history":[{"count":16,"href":"https:\/\/tintenwolf.mrkeks.net\/en\/wp-json\/wp\/v2\/pages\/1980\/revisions"}],"predecessor-version":[{"id":5493,"href":"https:\/\/tintenwolf.mrkeks.net\/en\/wp-json\/wp\/v2\/pages\/1980\/revisions\/5493"}],"up":[{"embeddable":true,"href":"https:\/\/tintenwolf.mrkeks.net\/en\/wp-json\/wp\/v2\/pages\/1298"}],"wp:attachment":[{"href":"https:\/\/tintenwolf.mrkeks.net\/en\/wp-json\/wp\/v2\/media?parent=1980"}],"curies":[{"name":"wp","href":"https:\/\/api.w.org\/{rel}","templated":true}]}}